{"id":1433,"date":"2024-05-07T09:35:30","date_gmt":"2024-05-07T09:35:30","guid":{"rendered":"https:\/\/sentaiyuanbio.com\/?post_type=product&#038;p=1433"},"modified":"2025-03-03T06:01:58","modified_gmt":"2025-03-03T06:01:58","slug":"glucomannane-de-konjac-arome-mangue","status":"publish","type":"product","link":"https:\/\/sentaiyuanbio.com\/fr\/produit\/glucomannane-de-konjac-arome-mangue\/","title":{"rendered":"Ar\u00f4me mangue glucomannane de konjac fibres alimentaires sans sucre"},"content":{"rendered":"<h2>Description des fibres alimentaires de glucomannane de konjac \u00e0 saveur de mangue<\/h2>\n<p class=\"translation-block\">La fibre alimentaire glucomannane de konjac est d\u00e9riv\u00e9e de la racine de la plante konjac et constitue un excellent substitut au riz.<\/p>\n<p><strong>En voici quelques caract\u00e9ristiques et particularit\u00e9s :<\/strong><\/p>\n<p><strong>Faible teneur en calories<\/strong>: Extr\u00eamement faible en calories, il constitue un choix id\u00e9al pour les personnes souhaitant r\u00e9duire leur apport calorique. Il ne contient g\u00e9n\u00e9ralement que 5 \u00e0 10 calories par portion.<\/p>\n<p><strong>Faible teneur en glucides<\/strong>: Extr\u00eamement faible en calories, il constitue un choix id\u00e9al pour les personnes souhaitant r\u00e9duire leur apport calorique. Il ne contient g\u00e9n\u00e9ralement que 5 \u00e0 10 calories par portion.<\/p>\n<p class=\"translation-block\"><strong>Riche en fibres<\/strong>: Il est riche en fibres alimentaires, notamment en fibres solubles appel\u00e9es glucomannane. Ces fibres sont b\u00e9n\u00e9fiques pour la digestion, favorisent la sensation de sati\u00e9t\u00e9 et peuvent contribuer \u00e0 la gestion du poids.<\/p>\n<p><strong>Sans gluten<\/strong>: Il est naturellement exempt de gluten, ce qui en fait une option appropri\u00e9e pour les personnes sensibles au gluten ou celles qui suivent un r\u00e9gime sans gluten.<\/p>\n<p><strong>Texture g\u00e9latineuse<\/strong>: Il a une texture g\u00e9latineuse unique qui diff\u00e8re du riz traditionnel. Il est l\u00e9g\u00e8rement moelleux et a une texture ferme, que certaines personnes peuvent trouver diff\u00e9rente de celle du riz ordinaire.<\/p>\n<p><strong>Pratiquement sans go\u00fbt<\/strong>: Il n'a pas de saveur particuli\u00e8re. Il a tendance \u00e0 absorber les saveurs des sauces, des \u00e9pices ou des ingr\u00e9dients avec lesquels il est cuisin\u00e9, ce qui le rend polyvalent et adaptable \u00e0 diverses recettes.<\/p>\n<p><strong>Rapide et facile \u00e0 pr\u00e9parer<\/strong>: Il est g\u00e9n\u00e9ralement vendu pr\u00e9emball\u00e9 et pr\u00eat \u00e0 l'emploi. Il n\u00e9cessite un temps de pr\u00e9paration et de cuisson minimal par rapport au riz traditionnel.<\/p>\n<p><strong>Favorise la sati\u00e9t\u00e9<\/strong>: Gr\u00e2ce \u00e0 sa teneur \u00e9lev\u00e9e en fibres, il peut favoriser les sensations de pl\u00e9nitude et de sati\u00e9t\u00e9, aidant ainsi \u00e0 contr\u00f4ler l'app\u00e9tit et \u00e0 g\u00e9rer la taille des portions.<\/p>\n<p><strong>Convient \u00e0 diverses restrictions alimentaires<\/strong>: Il convient \u00e0 un large \u00e9ventail de restrictions alimentaires, y compris les r\u00e9gimes pauvres en glucides, c\u00e9tog\u00e8nes, sans gluten, v\u00e9g\u00e9taliens et v\u00e9g\u00e9tariens.<\/p>\n<p><strong>Peut contribuer \u00e0 la gestion du poids<\/strong>: Sa faible teneur en calories et en fibres en fait un choix populaire pour les personnes qui souhaitent perdre du poids ou maintenir un poids sain.<\/p>\n<p class=\"translation-block\">Il est important de noter que le <a href=\"https:\/\/sentaiyuanbio.com\/fr\/produit\/riz-shirataki-sec\/\" target=\"_blank\" rel=\"noopener\">riz konjac<\/a> a une texture et une texture en bouche diff\u00e9rentes de celles du riz traditionnel. Certaines personnes peuvent avoir besoin de temps pour s'habituer \u00e0 sa texture et \u00e0 son go\u00fbt uniques. Il est donc recommand\u00e9 d'exp\u00e9rimenter diff\u00e9rentes recettes et m\u00e9thodes de cuisson pour trouver la meilleure fa\u00e7on de les int\u00e9grer \u00e0 vos repas.<\/p>","protected":false},"excerpt":{"rendered":"<p>Applications de la poudre de glucomannane de konjac \u00e0 la mangue\u00a0:\n1. Le konjac dans l'agroalimentaire.\n2. Le konjac dans les boissons.\n3. Le konjac dans l'industrie pharmaceutique.\n4. Le konjac dans les cosm\u00e9tiques.\n5. Le konjac dans l'agriculture et l'alimentation animale.\n6. Le konjac dans d'autres industries.<\/p>\n<div id=\"gtx-trans\" style=\"position: absolute; left: 406px; top: 74.7031px;\">\n<div class=\"gtx-trans-icon\"><\/div>\n<\/div>","protected":false},"featured_media":4507,"template":"","meta":{"site-sidebar-layout":"default","site-content-layout":"","ast-site-content-layout":"default","site-content-style":"default","site-sidebar-style":"default","ast-global-header-display":"","ast-banner-title-visibility":"","ast-main-header-display":"","ast-hfb-above-header-display":"","ast-hfb-below-header-display":"","ast-hfb-mobile-header-display":"","site-post-title":"","ast-breadcrumbs-content":"","ast-featured-img":"","footer-sml-layout":"","ast-disable-related-posts":"","theme-transparent-header-meta":"default","adv-header-id-meta":"","stick-header-meta":"default","header-above-stick-meta":"","header-main-stick-meta":"","header-below-stick-meta":"","astra-migrate-meta-layouts":"set","ast-page-background-enabled":"default","ast-page-background-meta":{"desktop":{"background-color":"","background-image":"","background-repeat":"repeat","background-position":"center center","background-size":"auto","background-attachment":"scroll","background-type":"","background-media":"","overlay-type":"","overlay-color":"","overlay-opacity":"","overlay-gradient":""},"tablet":{"background-color":"","background-image":"","background-repeat":"repeat","background-position":"center center","background-size":"auto","background-attachment":"scroll","background-type":"","background-media":"","overlay-type":"","overlay-color":"","overlay-opacity":"","overlay-gradient":""},"mobile":{"background-color":"","background-image":"","background-repeat":"repeat","background-position":"center center","background-size":"auto","background-attachment":"scroll","background-type":"","background-media":"","overlay-type":"","overlay-color":"","overlay-opacity":"","overlay-gradient":""}},"ast-content-background-meta":{"desktop":{"background-color":"var(--ast-global-color-5)","background-image":"","background-repeat":"repeat","background-position":"center center","background-size":"auto","background-attachment":"scroll","background-type":"","background-media":"","overlay-type":"","overlay-color":"","overlay-opacity":"","overlay-gradient":""},"tablet":{"background-color":"var(--ast-global-color-5)","background-image":"","background-repeat":"repeat","background-position":"center center","background-size":"auto","background-attachment":"scroll","background-type":"","background-media":"","overlay-type":"","overlay-color":"","overlay-opacity":"","overlay-gradient":""},"mobile":{"background-color":"var(--ast-global-color-5)","background-image":"","background-repeat":"repeat","background-position":"center center","background-size":"auto","background-attachment":"scroll","background-type":"","background-media":"","overlay-type":"","overlay-color":"","overlay-opacity":"","overlay-gradient":""}}},"product_brand":[],"product_cat":[24],"product_tag":[41],"class_list":{"0":"post-1433","1":"product","2":"type-product","3":"status-publish","4":"has-post-thumbnail","6":"product_cat-konjac-dietary-fiber","7":"product_tag-konjac-glucomannan","8":"desktop-align-left","9":"tablet-align-left","10":"mobile-align-left","11":"ast-product-gallery-layout-horizontal-slider","12":"ast-product-tabs-layout-horizontal","14":"first","15":"instock","16":"shipping-taxable","17":"product-type-simple"},"_links":{"self":[{"href":"https:\/\/sentaiyuanbio.com\/fr\/wp-json\/wp\/v2\/product\/1433","targetHints":{"allow":["GET"]}}],"collection":[{"href":"https:\/\/sentaiyuanbio.com\/fr\/wp-json\/wp\/v2\/product"}],"about":[{"href":"https:\/\/sentaiyuanbio.com\/fr\/wp-json\/wp\/v2\/types\/product"}],"version-history":[{"count":0,"href":"https:\/\/sentaiyuanbio.com\/fr\/wp-json\/wp\/v2\/product\/1433\/revisions"}],"wp:featuredmedia":[{"embeddable":true,"href":"https:\/\/sentaiyuanbio.com\/fr\/wp-json\/wp\/v2\/media\/4507"}],"wp:attachment":[{"href":"https:\/\/sentaiyuanbio.com\/fr\/wp-json\/wp\/v2\/media?parent=1433"}],"wp:term":[{"taxonomy":"product_brand","embeddable":true,"href":"https:\/\/sentaiyuanbio.com\/fr\/wp-json\/wp\/v2\/product_brand?post=1433"},{"taxonomy":"product_cat","embeddable":true,"href":"https:\/\/sentaiyuanbio.com\/fr\/wp-json\/wp\/v2\/product_cat?post=1433"},{"taxonomy":"product_tag","embeddable":true,"href":"https:\/\/sentaiyuanbio.com\/fr\/wp-json\/wp\/v2\/product_tag?post=1433"}],"curies":[{"name":"wp","href":"https:\/\/api.w.org\/{rel}","templated":true}]}}