{"id":1436,"date":"2024-05-07T09:56:27","date_gmt":"2024-05-07T09:56:27","guid":{"rendered":"https:\/\/sentaiyuanbio.com\/?post_type=product&#038;p=1436"},"modified":"2025-03-03T06:07:07","modified_gmt":"2025-03-03T06:07:07","slug":"poudre-de-konjac","status":"publish","type":"product","link":"https:\/\/sentaiyuanbio.com\/fr\/produit\/poudre-de-konjac\/","title":{"rendered":"Meilleure poudre de konjac perdre du poids riche en fibres alimentaires sans gluten"},"content":{"rendered":"<h2>Description de la poudre de konjac<\/h2>\n<p>La poudre de konjac est une fibre alimentaire hydrosoluble d\u00e9riv\u00e9e de <a href=\"https:\/\/sentaiyuanbio.com\/fr\/konjac\/\" target=\"_blank\" rel=\"noopener\">konjac<\/a> racine. Il peut absorber et retenir l'eau jusqu'\u00e0 100 fois son poids ! Comme d'autres formes de fibres alimentaires, le glucomannane contribue \u00e0 maintenir une fonction intestinale\/colique normale et \u00e0 r\u00e9guler le temps de transit, ainsi qu'\u00e0 favoriser la r\u00e9gularit\u00e9 intestinale et une fonction digestive saine. Cette action de formation de masse a \u00e9galement un effet positif sur les niveaux de sucre dans le sang et aide \u00e0 maintenir et \u00e0 am\u00e9liorer le contr\u00f4le de la glyc\u00e9mie, r\u00e9duisant ainsi les envies de sucre, ce qui le rend \u00e9galement tr\u00e8s utile pour les diab\u00e9tiques. En prenant du volume dans l'estomac, le glucomannane peut \u00eatre utile aux personnes qui essaient de perdre du poids, en contribuant \u00e0 r\u00e9duire l'app\u00e9tit car il procure une sensation de sati\u00e9t\u00e9.<\/p>\n<h2>Konjac Caract\u00e9ristiques :<\/h2>\n<p>-sans gluten<br \/>\n-sans sucre<br \/>\n-faible teneur en calories<br \/>\n-faible teneur en glucides<br \/>\n-Pas de graisse<br \/>\n-riches en fibres alimentaires<\/p>\n<h2>Avantages du konjac :<\/h2>\n<p>1. Aide \u00e0 r\u00e9guler la glyc\u00e9mie observ\u00e9e dans le diab\u00e8te de type 2Aide \u00e0 r\u00e9guler la glyc\u00e9mie observ\u00e9e dans le diab\u00e8te de type 2. <a href=\"https:\/\/www.nhs.uk\/conditions\/type-2-diabetes\/\" target=\"_blank\" rel=\"noopener\">Diab\u00e8te de type 2<\/a><br \/>\n2. Plein de fibres alimentaires, il stimule les intestins et aide \u00e0 \u00e9liminer les toxines nocives de l'organisme.<br \/>\n3. R\u00e9duire le cholest\u00e9rol<br \/>\n4. Excellent pour le c\u0153ur et le cerveau<\/p>\n<h2>Poudre de glucomannane de konjac Application :<\/h2>\n<p>1. Le konjac dans la production alimentaire<br \/>\n2. Le konjac dans les boissons<br \/>\n3. Le konjac dans les produits pharmaceutiques<br \/>\n4. Le konjac dans les cosm\u00e9tiques<br \/>\n5. Le konjac dans l'agriculture\/l'alimentation animale<br \/>\n6. Le konjac dans d'autres secteurs<\/p>","protected":false},"excerpt":{"rendered":"<p>La poudre de konjac est une fibre alimentaire hydrosoluble d\u00e9riv\u00e9e de la racine de konjac. Elle peut absorber et retenir l'eau jusqu'\u00e0 100 fois son propre poids !<\/p>","protected":false},"featured_media":4510,"template":"","meta":{"site-sidebar-layout":"default","site-content-layout":"","ast-site-content-layout":"default","site-content-style":"default","site-sidebar-style":"default","ast-global-header-display":"","ast-banner-title-visibility":"","ast-main-header-display":"","ast-hfb-above-header-display":"","ast-hfb-below-header-display":"","ast-hfb-mobile-header-display":"","site-post-title":"","ast-breadcrumbs-content":"","ast-featured-img":"","footer-sml-layout":"","ast-disable-related-posts":"","theme-transparent-header-meta":"default","adv-header-id-meta":"","stick-header-meta":"default","header-above-stick-meta":"","header-main-stick-meta":"","header-below-stick-meta":"","astra-migrate-meta-layouts":"set","ast-page-background-enabled":"default","ast-page-background-meta":{"desktop":{"background-color":"","background-image":"","background-repeat":"repeat","background-position":"center center","background-size":"auto","background-attachment":"scroll","background-type":"","background-media":"","overlay-type":"","overlay-color":"","overlay-opacity":"","overlay-gradient":""},"tablet":{"background-color":"","background-image":"","background-repeat":"repeat","background-position":"center center","background-size":"auto","background-attachment":"scroll","background-type":"","background-media":"","overlay-type":"","overlay-color":"","overlay-opacity":"","overlay-gradient":""},"mobile":{"background-color":"","background-image":"","background-repeat":"repeat","background-position":"center center","background-size":"auto","background-attachment":"scroll","background-type":"","background-media":"","overlay-type":"","overlay-color":"","overlay-opacity":"","overlay-gradient":""}},"ast-content-background-meta":{"desktop":{"background-color":"var(--ast-global-color-5)","background-image":"","background-repeat":"repeat","background-position":"center center","background-size":"auto","background-attachment":"scroll","background-type":"","background-media":"","overlay-type":"","overlay-color":"","overlay-opacity":"","overlay-gradient":""},"tablet":{"background-color":"var(--ast-global-color-5)","background-image":"","background-repeat":"repeat","background-position":"center center","background-size":"auto","background-attachment":"scroll","background-type":"","background-media":"","overlay-type":"","overlay-color":"","overlay-opacity":"","overlay-gradient":""},"mobile":{"background-color":"var(--ast-global-color-5)","background-image":"","background-repeat":"repeat","background-position":"center center","background-size":"auto","background-attachment":"scroll","background-type":"","background-media":"","overlay-type":"","overlay-color":"","overlay-opacity":"","overlay-gradient":""}}},"product_brand":[],"product_cat":[24],"product_tag":[43],"class_list":{"0":"post-1436","1":"product","2":"type-product","3":"status-publish","4":"has-post-thumbnail","6":"product_cat-konjac-dietary-fiber","7":"product_tag-konjac-flour","8":"desktop-align-left","9":"tablet-align-left","10":"mobile-align-left","11":"ast-product-gallery-layout-horizontal-slider","12":"ast-product-tabs-layout-horizontal","14":"first","15":"instock","16":"shipping-taxable","17":"product-type-simple"},"_links":{"self":[{"href":"https:\/\/sentaiyuanbio.com\/fr\/wp-json\/wp\/v2\/product\/1436","targetHints":{"allow":["GET"]}}],"collection":[{"href":"https:\/\/sentaiyuanbio.com\/fr\/wp-json\/wp\/v2\/product"}],"about":[{"href":"https:\/\/sentaiyuanbio.com\/fr\/wp-json\/wp\/v2\/types\/product"}],"version-history":[{"count":0,"href":"https:\/\/sentaiyuanbio.com\/fr\/wp-json\/wp\/v2\/product\/1436\/revisions"}],"wp:featuredmedia":[{"embeddable":true,"href":"https:\/\/sentaiyuanbio.com\/fr\/wp-json\/wp\/v2\/media\/4510"}],"wp:attachment":[{"href":"https:\/\/sentaiyuanbio.com\/fr\/wp-json\/wp\/v2\/media?parent=1436"}],"wp:term":[{"taxonomy":"product_brand","embeddable":true,"href":"https:\/\/sentaiyuanbio.com\/fr\/wp-json\/wp\/v2\/product_brand?post=1436"},{"taxonomy":"product_cat","embeddable":true,"href":"https:\/\/sentaiyuanbio.com\/fr\/wp-json\/wp\/v2\/product_cat?post=1436"},{"taxonomy":"product_tag","embeddable":true,"href":"https:\/\/sentaiyuanbio.com\/fr\/wp-json\/wp\/v2\/product_tag?post=1436"}],"curies":[{"name":"wp","href":"https:\/\/api.w.org\/{rel}","templated":true}]}}