{"id":1501,"date":"2024-05-08T06:43:31","date_gmt":"2024-05-08T06:43:31","guid":{"rendered":"https:\/\/sentaiyuanbio.com\/?post_type=product&#038;p=1501"},"modified":"2025-06-17T05:36:59","modified_gmt":"2025-06-17T05:36:59","slug":"konjac-fibre-alimentaire-pauvre-en-graisse","status":"publish","type":"product","link":"https:\/\/sentaiyuanbio.com\/fr\/produit\/konjac-fibre-alimentaire-pauvre-en-graisse\/","title":{"rendered":"D\u00e9licieuses fibres alimentaires de Konjac faibles en gras, faibles en calories, sans mati\u00e8res grasses"},"content":{"rendered":"<h3>Fibre alimentaire de konjac Description<\/h3>\n<p>La fibre alimentaire de konjac est une fibre alimentaire hydrosoluble d\u00e9riv\u00e9e de la racine de konjac (<a href=\"https:\/\/sentaiyuanbio.com\/fr\/konjac\/\" target=\"_blank\" rel=\"noopener\">Amorphophallus<\/a> Konjac). Il peut absorber et retenir l'eau jusqu'\u00e0 100 fois son poids ! Comme d'autres formes de fibres alimentaires, le glucomannane contribue \u00e0 maintenir une fonction intestinale\/colique normale et \u00e0 r\u00e9guler le temps de transit, ainsi qu'\u00e0 favoriser la r\u00e9gularit\u00e9 intestinale et une fonction digestive saine. Cette action de formation de masse a \u00e9galement un effet positif sur les niveaux de sucre dans le sang et aide \u00e0 maintenir et \u00e0 am\u00e9liorer le contr\u00f4le de la glyc\u00e9mie, r\u00e9duisant ainsi les envies de sucre, ce qui le rend \u00e9galement tr\u00e8s utile pour les diab\u00e9tiques. En prenant du volume dans l'estomac, le glucomannane peut \u00eatre utile aux personnes qui essaient de perdre du poids, en contribuant \u00e0 r\u00e9duire l'app\u00e9tit car il procure une sensation de sati\u00e9t\u00e9.<\/p>\n<p><strong>Fibre di\u00e9t\u00e9tique de konjac Caract\u00e9ristiques :<\/strong><br \/>\n-sans gluten<br \/>\n-sans sucre<br \/>\n-faible teneur en calories<br \/>\n-faible teneur en glucides<br \/>\n-Pas de graisse<br \/>\n-riches en fibres alimentaires<\/p>\n<p><strong>Avantages :<\/strong><br \/>\n1. Aide \u00e0 r\u00e9guler le taux de sucre dans le sang <a href=\"https:\/\/www.mayoclinic.org\/diseases-conditions\/type-2-diabetes\/symptoms-causes\/syc-20351193\" target=\"_blank\" rel=\"noopener\">Diab\u00e8te de type 2<\/a> aide \u00e0 r\u00e9guler les niveaux de sucre dans le sang observ\u00e9s dans le diab\u00e8te de type 2<br \/>\n2. Plein de fibres alimentaires, il stimule les intestins et aide \u00e0 \u00e9liminer les toxines nocives de l'organisme.<br \/>\n3. R\u00e9duire le cholest\u00e9rol<br \/>\n4. Excellent pour le coeur et le cerveau...<\/p>\n<p><strong>Application :<\/strong><\/p>\n<p>1. Le konjac dans la production alimentaire<\/p>\n<p>2. Le konjac dans les boissons<\/p>\n<p>3. Le konjac dans les produits pharmaceutiques<\/p>\n<p>4. Le konjac dans les cosm\u00e9tiques<\/p>\n<p>5. Le konjac dans l'agriculture\/l'alimentation animale<\/p>\n<p>6. Le konjac dans d'autres secteurs<\/p>\n<p><img fetchpriority=\"high\" decoding=\"async\" class=\"alignnone wp-image-5159 size-full\" title=\"Fibre alimentaire de konjac \u00e0 faible teneur en mati\u00e8res grasses\" src=\"https:\/\/sentaiyuanbio.com\/wp-content\/uploads\/2024\/05\/Konjac-dietary-fiber-low-fat-4.webp\" alt=\"Fibre alimentaire de konjac \u00e0 faible teneur en mati\u00e8res grasses\" width=\"800\" height=\"800\" srcset=\"https:\/\/sentaiyuanbio.com\/wp-content\/uploads\/2024\/05\/Konjac-dietary-fiber-low-fat-4.webp 800w, https:\/\/sentaiyuanbio.com\/wp-content\/uploads\/2024\/05\/Konjac-dietary-fiber-low-fat-4-600x600.webp 600w, https:\/\/sentaiyuanbio.com\/wp-content\/uploads\/2024\/05\/Konjac-dietary-fiber-low-fat-4-100x100.webp 100w, https:\/\/sentaiyuanbio.com\/wp-content\/uploads\/2024\/05\/Konjac-dietary-fiber-low-fat-4-300x300.webp 300w, https:\/\/sentaiyuanbio.com\/wp-content\/uploads\/2024\/05\/Konjac-dietary-fiber-low-fat-4-150x150.webp 150w, https:\/\/sentaiyuanbio.com\/wp-content\/uploads\/2024\/05\/Konjac-dietary-fiber-low-fat-4-768x768.webp 768w\" sizes=\"(max-width: 800px) 100vw, 800px\" \/> <img decoding=\"async\" class=\"alignnone wp-image-5158 size-full\" title=\"Fibre alimentaire de konjac \u00e0 faible teneur en mati\u00e8res grasses\" src=\"https:\/\/sentaiyuanbio.com\/wp-content\/uploads\/2024\/05\/Konjac-dietary-fiber-low-fat-3.webp\" alt=\"Fibre alimentaire de konjac \u00e0 faible teneur en mati\u00e8res grasses\" width=\"800\" height=\"800\" srcset=\"https:\/\/sentaiyuanbio.com\/wp-content\/uploads\/2024\/05\/Konjac-dietary-fiber-low-fat-3.webp 800w, https:\/\/sentaiyuanbio.com\/wp-content\/uploads\/2024\/05\/Konjac-dietary-fiber-low-fat-3-600x600.webp 600w, https:\/\/sentaiyuanbio.com\/wp-content\/uploads\/2024\/05\/Konjac-dietary-fiber-low-fat-3-100x100.webp 100w, https:\/\/sentaiyuanbio.com\/wp-content\/uploads\/2024\/05\/Konjac-dietary-fiber-low-fat-3-300x300.webp 300w, https:\/\/sentaiyuanbio.com\/wp-content\/uploads\/2024\/05\/Konjac-dietary-fiber-low-fat-3-150x150.webp 150w, https:\/\/sentaiyuanbio.com\/wp-content\/uploads\/2024\/05\/Konjac-dietary-fiber-low-fat-3-768x768.webp 768w\" sizes=\"(max-width: 800px) 100vw, 800px\" \/> <img decoding=\"async\" class=\"alignnone wp-image-5157 size-full\" title=\"Fibre alimentaire de konjac \u00e0 faible teneur en mati\u00e8res grasses\" src=\"https:\/\/sentaiyuanbio.com\/wp-content\/uploads\/2024\/05\/Konjac-dietary-fiber-low-fat-2.webp\" alt=\"Fibre alimentaire de konjac \u00e0 faible teneur en mati\u00e8res grasses\" width=\"800\" height=\"800\" srcset=\"https:\/\/sentaiyuanbio.com\/wp-content\/uploads\/2024\/05\/Konjac-dietary-fiber-low-fat-2.webp 800w, https:\/\/sentaiyuanbio.com\/wp-content\/uploads\/2024\/05\/Konjac-dietary-fiber-low-fat-2-600x600.webp 600w, https:\/\/sentaiyuanbio.com\/wp-content\/uploads\/2024\/05\/Konjac-dietary-fiber-low-fat-2-100x100.webp 100w, https:\/\/sentaiyuanbio.com\/wp-content\/uploads\/2024\/05\/Konjac-dietary-fiber-low-fat-2-300x300.webp 300w, https:\/\/sentaiyuanbio.com\/wp-content\/uploads\/2024\/05\/Konjac-dietary-fiber-low-fat-2-150x150.webp 150w, https:\/\/sentaiyuanbio.com\/wp-content\/uploads\/2024\/05\/Konjac-dietary-fiber-low-fat-2-768x768.webp 768w\" sizes=\"(max-width: 800px) 100vw, 800px\" \/> <img loading=\"lazy\" decoding=\"async\" class=\"alignnone wp-image-5156 size-full\" title=\"Fibre alimentaire de konjac \u00e0 faible teneur en mati\u00e8res grasses\" src=\"https:\/\/sentaiyuanbio.com\/wp-content\/uploads\/2024\/05\/Konjac-dietary-fiber-low-fat-1.webp\" alt=\"Fibre alimentaire de konjac \u00e0 faible teneur en mati\u00e8res grasses\" width=\"800\" height=\"800\" srcset=\"https:\/\/sentaiyuanbio.com\/wp-content\/uploads\/2024\/05\/Konjac-dietary-fiber-low-fat-1.webp 800w, https:\/\/sentaiyuanbio.com\/wp-content\/uploads\/2024\/05\/Konjac-dietary-fiber-low-fat-1-600x600.webp 600w, https:\/\/sentaiyuanbio.com\/wp-content\/uploads\/2024\/05\/Konjac-dietary-fiber-low-fat-1-100x100.webp 100w, https:\/\/sentaiyuanbio.com\/wp-content\/uploads\/2024\/05\/Konjac-dietary-fiber-low-fat-1-300x300.webp 300w, https:\/\/sentaiyuanbio.com\/wp-content\/uploads\/2024\/05\/Konjac-dietary-fiber-low-fat-1-150x150.webp 150w, https:\/\/sentaiyuanbio.com\/wp-content\/uploads\/2024\/05\/Konjac-dietary-fiber-low-fat-1-768x768.webp 768w\" sizes=\"(max-width: 800px) 100vw, 800px\" \/><\/p>","protected":false},"excerpt":{"rendered":"<p>Fibre alimentaire de konjac Caract\u00e9ristiques : sans gluten, sans sucre, faible teneur en calories, faible teneur en glucides, sans graisse et riche en fibres alimentaires.  Avantages : Aide \u00e0 r\u00e9guler les niveaux de sucre dans le sang observ\u00e9s dans le diab\u00e8te de type 2Aide \u00e0 r\u00e9guler les niveaux de sucre dans le sang observ\u00e9s dans le diab\u00e8te de type 2.<\/p>\n<div id=\"gtx-trans\" style=\"position: absolute; left: 469px; top: -3px;\">\n<div class=\"gtx-trans-icon\"><\/div>\n<\/div>","protected":false},"featured_media":4504,"template":"","meta":{"site-sidebar-layout":"default","site-content-layout":"","ast-site-content-layout":"default","site-content-style":"default","site-sidebar-style":"default","ast-global-header-display":"","ast-banner-title-visibility":"","ast-main-header-display":"","ast-hfb-above-header-display":"","ast-hfb-below-header-display":"","ast-hfb-mobile-header-display":"","site-post-title":"","ast-breadcrumbs-content":"","ast-featured-img":"","footer-sml-layout":"","ast-disable-related-posts":"","theme-transparent-header-meta":"default","adv-header-id-meta":"","stick-header-meta":"default","header-above-stick-meta":"","header-main-stick-meta":"","header-below-stick-meta":"","astra-migrate-meta-layouts":"set","ast-page-background-enabled":"default","ast-page-background-meta":{"desktop":{"background-color":"","background-image":"","background-repeat":"repeat","background-position":"center center","background-size":"auto","background-attachment":"scroll","background-type":"","background-media":"","overlay-type":"","overlay-color":"","overlay-opacity":"","overlay-gradient":""},"tablet":{"background-color":"","background-image":"","background-repeat":"repeat","background-position":"center center","background-size":"auto","background-attachment":"scroll","background-type":"","background-media":"","overlay-type":"","overlay-color":"","overlay-opacity":"","overlay-gradient":""},"mobile":{"background-color":"","background-image":"","background-repeat":"repeat","background-position":"center center","background-size":"auto","background-attachment":"scroll","background-type":"","background-media":"","overlay-type":"","overlay-color":"","overlay-opacity":"","overlay-gradient":""}},"ast-content-background-meta":{"desktop":{"background-color":"var(--ast-global-color-5)","background-image":"","background-repeat":"repeat","background-position":"center center","background-size":"auto","background-attachment":"scroll","background-type":"","background-media":"","overlay-type":"","overlay-color":"","overlay-opacity":"","overlay-gradient":""},"tablet":{"background-color":"var(--ast-global-color-5)","background-image":"","background-repeat":"repeat","background-position":"center center","background-size":"auto","background-attachment":"scroll","background-type":"","background-media":"","overlay-type":"","overlay-color":"","overlay-opacity":"","overlay-gradient":""},"mobile":{"background-color":"var(--ast-global-color-5)","background-image":"","background-repeat":"repeat","background-position":"center center","background-size":"auto","background-attachment":"scroll","background-type":"","background-media":"","overlay-type":"","overlay-color":"","overlay-opacity":"","overlay-gradient":""}}},"product_brand":[],"product_cat":[24],"product_tag":[43,41],"class_list":{"0":"post-1501","1":"product","2":"type-product","3":"status-publish","4":"has-post-thumbnail","6":"product_cat-konjac-dietary-fiber","7":"product_tag-konjac-flour","8":"product_tag-konjac-glucomannan","9":"desktop-align-left","10":"tablet-align-left","11":"mobile-align-left","12":"ast-product-gallery-layout-horizontal-slider","13":"ast-product-tabs-layout-horizontal","15":"first","16":"instock","17":"shipping-taxable","18":"product-type-simple"},"_links":{"self":[{"href":"https:\/\/sentaiyuanbio.com\/fr\/wp-json\/wp\/v2\/product\/1501","targetHints":{"allow":["GET"]}}],"collection":[{"href":"https:\/\/sentaiyuanbio.com\/fr\/wp-json\/wp\/v2\/product"}],"about":[{"href":"https:\/\/sentaiyuanbio.com\/fr\/wp-json\/wp\/v2\/types\/product"}],"version-history":[{"count":0,"href":"https:\/\/sentaiyuanbio.com\/fr\/wp-json\/wp\/v2\/product\/1501\/revisions"}],"wp:featuredmedia":[{"embeddable":true,"href":"https:\/\/sentaiyuanbio.com\/fr\/wp-json\/wp\/v2\/media\/4504"}],"wp:attachment":[{"href":"https:\/\/sentaiyuanbio.com\/fr\/wp-json\/wp\/v2\/media?parent=1501"}],"wp:term":[{"taxonomy":"product_brand","embeddable":true,"href":"https:\/\/sentaiyuanbio.com\/fr\/wp-json\/wp\/v2\/product_brand?post=1501"},{"taxonomy":"product_cat","embeddable":true,"href":"https:\/\/sentaiyuanbio.com\/fr\/wp-json\/wp\/v2\/product_cat?post=1501"},{"taxonomy":"product_tag","embeddable":true,"href":"https:\/\/sentaiyuanbio.com\/fr\/wp-json\/wp\/v2\/product_tag?post=1501"}],"curies":[{"name":"wp","href":"https:\/\/api.w.org\/{rel}","templated":true}]}}