{"id":1504,"date":"2024-05-08T06:56:50","date_gmt":"2024-05-08T06:56:50","guid":{"rendered":"https:\/\/sentaiyuanbio.com\/?post_type=product&#038;p=1504"},"modified":"2025-07-22T03:05:30","modified_gmt":"2025-07-22T03:05:30","slug":"eponge-konjac-en-forme-de-coeur-au-gingembre-jaune","status":"publish","type":"product","link":"https:\/\/sentaiyuanbio.com\/fr\/produit\/eponge-konjac-en-forme-de-coeur-au-gingembre-jaune\/","title":{"rendered":"\u00c9ponge Konjac en forme de c\u0153ur au gingembre jaune"},"content":{"rendered":"<h3>Eponge Konjac en forme de coeur Description<\/h3>\n<p>\u00c9ponge konjac cosm\u00e9tique \u00e0 ondulations s\u00e8ches<\/p>\n<p><strong>1. qu'est-ce que le konjac ?<\/strong><\/p>\n<p>Le konjac est une plante utilis\u00e9e comme aliment et comme m\u00e9dicament traditionnel en Chine depuis plus de 2 000 ans.<\/p>\n<p>L'\u00e9l\u00e9ment principal du konjac est sa merveilleuse fibre alimentaire hydrosoluble, le glucomannane.<\/p>\n<p>Actuellement, le glucomannane de konjac est largement utilis\u00e9 dans l'industrie alimentaire et l'industrie de la beaut\u00e9.<\/p>\n<p>Le produit de beaut\u00e9 konjac le plus populaire est KONJAC SPONGE.<\/p>\n<p>&nbsp;<\/p>\n<p><strong>2. Qu'est-ce que l'\u00e9ponge konjac en forme de c\u0153ur ?<\/strong><\/p>\n<p>L'\u00e9ponge de Konjac est une sorte d'\u00e9ponge naturelle 100% pour le nettoyage du visage et du corps ! Elle est fabriqu\u00e9e \u00e0 partir de la plante de Konjac.<\/p>\n<p>Incroyablement douce, elle est id\u00e9ale pour tous les types de peau, y compris les nouveau-n\u00e9s. Gr\u00e2ce au glucomannane de konjac qu'elle contient, l'\u00e9ponge de konjac est id\u00e9ale pour nettoyer en profondeur, d\u00e9toxifier, hydrater et \u00e9quilibrer ! Son utilisation quotidienne redonne \u00e0 la peau son \u00e9clat naturel et sa douceur, v\u00e9ritable secret des beaut\u00e9s asiatiques !<\/p>\n<p>Principaux avantages de l'\u00e9ponge de konjac<\/p>\n<p>S\u00e9curit\u00e9 : L'\u00e9ponge est 100% naturelle par fermentation de la fibre de konjac comestible. Aucun additif chimique n'est ajout\u00e9.<\/p>\n<p>Massage doux et exfoliation : Am\u00e9liore la circulation sanguine et \u00e9limine les cuticules mortes.<\/p>\n<p>Nettoyage en profondeur : La surface douce permet d'\u00e9liminer les impuret\u00e9s qui obstruent les pores.<\/p>\n<p>Faible alcalinit\u00e9 naturelle : L'\u00e9ponge konjac poss\u00e8de une faible alcalinit\u00e9 naturelle et peut donc aider \u00e0 maintenir la faible alcalinit\u00e9 de l'eau.<\/p>\n<p>l'\u00e9tat d'alcalinit\u00e9 du corps humain, \u00e9quilibrer le niveau de PH et peut \u00e9galement nettoyer votre visage et votre corps.<\/p>\n<p>sans lait d\u00e9maquillant ni gel douche.<\/p>\n<p>Pas de stimulation : il convient aux peaux sensibles, m\u00eame \u00e0 celles des b\u00e9b\u00e9s.<\/p>\n<p>&nbsp;<\/p>\n<p><strong>3. Utilisation\/Direction<\/strong><\/p>\n<p>1. Pour un usage quotidien, \u00e0 la place des cotons-tiges, gants de toilette, lingettes ou \u00e9ponges artificielles.<\/p>\n<p>2. Avant la premi\u00e8re utilisation, faire tremper l'\u00e9ponge pendant 3 \u00e0 5 minutes dans de l'eau chaude. Laissez toujours l'\u00e9ponge s'hydrater compl\u00e8tement avant de l'utiliser sur la peau.<\/p>\n<p>3. Masser doucement le visage et le corps en effectuant des mouvements circulaires. Si vous utilisez des nettoyants suppl\u00e9mentaires, utilisez la moiti\u00e9 de la quantit\u00e9 habituelle.<\/p>\n<p>4. Apr\u00e8s utilisation, toujours bien nettoyer et rincer l'\u00e9ponge, puis la suspendre \u00e0 l'aide de la ficelle attach\u00e9e pour la faire s\u00e9cher compl\u00e8tement. .<\/p>\n<p>5. St\u00e9riliser \u00e0 l'eau bouillante une fois par semaine.<\/p>\n<p>&nbsp;<\/p>\n<p><strong>4. Attention, il ne faut pas oublier<\/strong><\/p>\n<p>Utiliser UNIQUEMENT lorsque l'\u00e9ponge est compl\u00e8tement hydrat\u00e9e.<\/p>\n<p>Ne l'utilisez pas si la surface est cass\u00e9e.<\/p>\n<p>Pour de meilleurs r\u00e9sultats, remplacer le produit tous les 2 ou 3 mois, et le jeter lorsqu'il commence \u00e0 se d\u00e9grader ou \u00e0 para\u00eetre us\u00e9.<\/p>\n<p>Ne pas consommer.<\/p>\n<p>Tenir \u00e0 l'\u00e9cart des enfants et des animaux.<\/p>\n<p>&nbsp;<\/p>\n<p><strong>5. Mode d'emploi<\/strong><\/p>\n<p>1. Ramollissement par trempage dans l'eau chaude pendant 3 \u00e0 5 minutes.<\/p>\n<p>2. Expulser doucement l'exc\u00e8s d'eau dans l'\u00e9ponge.<\/p>\n<p>3. Massez votre visage\/corps avec l'\u00e9ponge en d\u00e9crivant des cercles, avec ou sans savon nettoyant.<\/p>\n<p>4. Apr\u00e8s utilisation, le rincer et le s\u00e9cher dans un endroit frais pour la prochaine utilisation.<\/p>","protected":false},"excerpt":{"rendered":"<p>Principaux avantages de l'\u00e9ponge Konjac en forme de c\u0153ur : 1. s\u00e9curit\u00e9 : L'\u00e9ponge est 100% naturelle par fermentation de la fibre de konjac comestible. 2. Massage doux et exfoliation : Am\u00e9liore la circulation sanguine et \u00e9limine les cuticules mortes. 3. Nettoyage en profondeur. 4. Faible alcalinit\u00e9 naturelle. 5. Pas de stimulation.<\/p>","protected":false},"featured_media":1505,"template":"","meta":{"site-sidebar-layout":"default","site-content-layout":"","ast-site-content-layout":"default","site-content-style":"default","site-sidebar-style":"default","ast-global-header-display":"","ast-banner-title-visibility":"","ast-main-header-display":"","ast-hfb-above-header-display":"","ast-hfb-below-header-display":"","ast-hfb-mobile-header-display":"","site-post-title":"","ast-breadcrumbs-content":"","ast-featured-img":"","footer-sml-layout":"","ast-disable-related-posts":"","theme-transparent-header-meta":"default","adv-header-id-meta":"","stick-header-meta":"default","header-above-stick-meta":"","header-main-stick-meta":"","header-below-stick-meta":"","astra-migrate-meta-layouts":"set","ast-page-background-enabled":"default","ast-page-background-meta":{"desktop":{"background-color":"","background-image":"","background-repeat":"repeat","background-position":"center center","background-size":"auto","background-attachment":"scroll","background-type":"","background-media":"","overlay-type":"","overlay-color":"","overlay-opacity":"","overlay-gradient":""},"tablet":{"background-color":"","background-image":"","background-repeat":"repeat","background-position":"center center","background-size":"auto","background-attachment":"scroll","background-type":"","background-media":"","overlay-type":"","overlay-color":"","overlay-opacity":"","overlay-gradient":""},"mobile":{"background-color":"","background-image":"","background-repeat":"repeat","background-position":"center center","background-size":"auto","background-attachment":"scroll","background-type":"","background-media":"","overlay-type":"","overlay-color":"","overlay-opacity":"","overlay-gradient":""}},"ast-content-background-meta":{"desktop":{"background-color":"var(--ast-global-color-5)","background-image":"","background-repeat":"repeat","background-position":"center center","background-size":"auto","background-attachment":"scroll","background-type":"","background-media":"","overlay-type":"","overlay-color":"","overlay-opacity":"","overlay-gradient":""},"tablet":{"background-color":"var(--ast-global-color-5)","background-image":"","background-repeat":"repeat","background-position":"center center","background-size":"auto","background-attachment":"scroll","background-type":"","background-media":"","overlay-type":"","overlay-color":"","overlay-opacity":"","overlay-gradient":""},"mobile":{"background-color":"var(--ast-global-color-5)","background-image":"","background-repeat":"repeat","background-position":"center center","background-size":"auto","background-attachment":"scroll","background-type":"","background-media":"","overlay-type":"","overlay-color":"","overlay-opacity":"","overlay-gradient":""}}},"product_brand":[],"product_cat":[25],"product_tag":[44],"class_list":{"0":"post-1504","1":"product","2":"type-product","3":"status-publish","4":"has-post-thumbnail","6":"product_cat-konjac-sponge","7":"product_tag-konjac-sponge","8":"desktop-align-left","9":"tablet-align-left","10":"mobile-align-left","11":"ast-product-gallery-layout-horizontal-slider","12":"ast-product-tabs-layout-horizontal","14":"first","15":"instock","16":"shipping-taxable","17":"product-type-simple"},"_links":{"self":[{"href":"https:\/\/sentaiyuanbio.com\/fr\/wp-json\/wp\/v2\/product\/1504","targetHints":{"allow":["GET"]}}],"collection":[{"href":"https:\/\/sentaiyuanbio.com\/fr\/wp-json\/wp\/v2\/product"}],"about":[{"href":"https:\/\/sentaiyuanbio.com\/fr\/wp-json\/wp\/v2\/types\/product"}],"version-history":[{"count":0,"href":"https:\/\/sentaiyuanbio.com\/fr\/wp-json\/wp\/v2\/product\/1504\/revisions"}],"wp:featuredmedia":[{"embeddable":true,"href":"https:\/\/sentaiyuanbio.com\/fr\/wp-json\/wp\/v2\/media\/1505"}],"wp:attachment":[{"href":"https:\/\/sentaiyuanbio.com\/fr\/wp-json\/wp\/v2\/media?parent=1504"}],"wp:term":[{"taxonomy":"product_brand","embeddable":true,"href":"https:\/\/sentaiyuanbio.com\/fr\/wp-json\/wp\/v2\/product_brand?post=1504"},{"taxonomy":"product_cat","embeddable":true,"href":"https:\/\/sentaiyuanbio.com\/fr\/wp-json\/wp\/v2\/product_cat?post=1504"},{"taxonomy":"product_tag","embeddable":true,"href":"https:\/\/sentaiyuanbio.com\/fr\/wp-json\/wp\/v2\/product_tag?post=1504"}],"curies":[{"name":"wp","href":"https:\/\/api.w.org\/{rel}","templated":true}]}}