{"id":2019,"date":"2024-05-15T03:12:06","date_gmt":"2024-05-15T03:12:06","guid":{"rendered":"https:\/\/sentaiyuanbio.com\/?post_type=product&#038;p=2019"},"modified":"2026-04-20T08:34:00","modified_gmt":"2026-04-20T08:34:00","slug":"chips-de-konjac","status":"publish","type":"product","link":"https:\/\/sentaiyuanbio.com\/fr\/produit\/chips-de-konjac\/","title":{"rendered":"Copeaux de konjac, Copeaux de racine de konjac Commerce de gros"},"content":{"rendered":"<p>Les chips de konjac de la plante Araceae utilisent le rhizome comme mati\u00e8re premi\u00e8re. Apr\u00e8s traitement, le rhizome de cette plante est coup\u00e9 en fines tranches gr\u00e2ce \u00e0 l'exposition au soleil et au s\u00e9chage naturel, puis transform\u00e9 en chips de konjac s\u00e9ch\u00e9es. La toxicit\u00e9 initiale du konjac a \u00e9t\u00e9 enti\u00e8rement \u00e9limin\u00e9e, conservant la plupart des nutriments du konjac. L'eau de konjac fra\u00eeche repr\u00e9sentait environ 80 \u00e0 85 %, le glucomannane environ 7 %, et l'amidon, les fibres et les impuret\u00e9s environ 8 %, apr\u00e8s s\u00e9chage de l'eau jusqu'\u00e0 15 % ou moins.<\/p>\n<h2>Le r\u00f4le et l'efficacit\u00e9 des chips de konjac<\/h2>\n<p><strong>1. Aide \u00e0 la perte de poids :<\/strong> Les chips de konjac sont riches en fibres alimentaires, ce qui peut am\u00e9liorer efficacement la sensation de sati\u00e9t\u00e9, aidant ainsi \u00e0 contr\u00f4ler le r\u00e9gime alimentaire et \u00e0 favoriser l'amincissement.<\/p>\n<p><strong>2. r\u00e9duire le cholest\u00e9rol :<\/strong> Ses fibres solubles peuvent adsorber l'exc\u00e8s de cholest\u00e9rol dans le tractus intestinal, l'aider \u00e0 sortir du corps, favorisant ainsi la gestion des lipides.<\/p>\n<p><strong>3. Pr\u00e9vention du diab\u00e8te :<\/strong> Les propri\u00e9t\u00e9s \u00e0 faible teneur en sucre et \u00e0 faible IG du konjac aident \u00e0 stabiliser la glyc\u00e9mie, ce qui convient aux diab\u00e9tiques et aux personnes qui ont besoin de contr\u00f4ler leur sucre.<\/p>\n<p><strong>4. Renforcer l\u2019immunit\u00e9 :<\/strong> Une alimentation riche en fibres peut non seulement am\u00e9liorer l\u2019environnement intestinal, mais \u00e9galement favoriser la croissance de bact\u00e9ries b\u00e9n\u00e9fiques, renfor\u00e7ant ainsi indirectement l\u2019immunit\u00e9.<\/p>\n<p><strong>Effets :<\/strong> R\u00e9sout les mucosit\u00e9s et disperse la stagnation, favorise la stase sanguine et att\u00e9nue les gonflements.<\/p>\n<p><strong>Utilisation et dosage :<\/strong> Pour un usage interne, faire d\u00e9coction de 10 \u00e0 20 grammes de soupe (il faut faire d\u00e9coction pendant 2 heures et prendre le jus).<\/p>\n<p><strong>Usage externe :<\/strong> Ajoutez du vinaigre et broyez-le en jus ou faites-le bouillir et \u00e9crasez-le pour l'appliquer en externe.<\/p>\n<h2>Rem\u00e8de de physioth\u00e9rapie en m\u00e9decine chinoise aux chips de konjac<\/h2>\n<h3><\/h3>\n<h3>Traitement des tumeurs c\u00e9r\u00e9brales<\/h3>\n<p>1,30 g de flocons de konjac, d'abord infus\u00e9s pendant 2 heures, puis additionn\u00e9s de 9 g de vergerette et de 6 g de d\u00e9coction de r\u00e9glisse crue, une fois par jour. En cas de vomissements, ajouter 9 g de gingembre demi-\u00e9t\u00e9. En cas de congestion nasale, ajouter 9 g de st\u00e9via\u00a0; en cas de saignement, ajouter 15 g de gard\u00e9nia noir. (\u00ab\u00a0Les bases de la m\u00e9decine traditionnelle\u00a0\u00bb)<\/p>\n<p>2 flocons de konjac (pr\u00e9par\u00e9s en d\u00e9coction pendant 2 heures), 30 grammes de Tong Guan San, 10 grammes de Cang Er, 15 grammes de Vigne hexagonale, 30 grammes de Vergerette. Prendre une d\u00e9coction avec de l'eau, 1 fois par jour. (Phytoth\u00e9rapie chinoise anticanc\u00e9reuse du Yunnan)<\/p>\n<h3>Traitement du cancer du nasopharynx<\/h3>\n<p>Flocons de konjac (pr\u00e9par\u00e9s en d\u00e9coction pendant 2 heures), peau d'os broy\u00e9e, 30 grammes d'herbe m\u00e9tatarsienne de canard, 15 grammes de vergerette. L'eau de d\u00e9coction est \u00e0 prendre 3 fois par jour. (Diagnostic et traitement des tumeurs)<\/p>\n<h3>Traitement du cancer de la thyro\u00efde<\/h3>\n<p>30 grammes de konjac, d'abord d\u00e9coct\u00e9 pendant 2 heures, puis ajouter 15 grammes d'algues, de racine de Pueraria, de XuanShen, 30 grammes de CangErGao, de GuanZhong et 60 grammes d'hu\u00eetre crue si la tumeur est dure, et le prendre en d\u00e9coction, une fois par jour. (Diagnostic et pr\u00e9vention des tumeurs)<\/p>\n<h3>Gu\u00e9rir le cancer de la parotide<\/h3>\n<p>Konjac (frit pendant 2 heures au pr\u00e9alable), 30 g de racine d'isatis, 15 g de ch\u00e8vrefeuille et 15 g de racine de haricot de montagne. D\u00e9coction dans l'eau, \u00e0 prendre une fois par jour. (\u00ab\u00a0Pr\u00e9parations chinoises anticanc\u00e9reuses\u00a0\u00bb)<\/p>\n<h3>Traitement du cancer du rectum<\/h3>\n<p>On place 60 grammes de konjac dans des intestins de porc (environ 20 centim\u00e8tres de long), on les ligature aux deux extr\u00e9mit\u00e9s, on les fait cuire pendant 4 heures, on les mange et on boit de la soupe. (\u00ab\u00a0Herbes anticanc\u00e9reuses du Yunnan\u00a0\u00bb)<\/p>\n<h3>Traitement de la leuc\u00e9mie<\/h3>\n<p>Konjac (premi\u00e8re d\u00e9coction de 2 heures), rhubarbe (apr\u00e8s la suivante), pied de porc, demi-lotus, langue de serpent (30 g chacun), strychnine (premi\u00e8re d\u00e9coction) 0,9 g. D\u00e9coctionner avec de l'eau et prendre 2 fois par jour.  (<a href=\"https:\/\/www.zs-hospital.sh.cn\/\" target=\"_blank\" rel=\"noopener\">Ordonnance de l'h\u00f4pital Zhongshan de Shanghai<\/a>)<\/p>\n<p>Remarque sp\u00e9ciale : Ne mangez pas accidentellement les restes du m\u00e9dicament lorsque vous prenez ce produit pour \u00e9viter tout empoisonnement.<\/p>","protected":false},"excerpt":{"rendered":"<p>Les chips de konjac sont fabriqu\u00e9es \u00e0 partir de la plante Arac\u00e9es, dont le rhizome est la mati\u00e8re premi\u00e8re. Le rhizome est trait\u00e9, coup\u00e9 en fines tranches, puis expos\u00e9 au soleil et s\u00e9ch\u00e9 naturellement pour obtenir des chips de konjac s\u00e8ches. La toxicit\u00e9 originelle du konjac a \u00e9t\u00e9 enti\u00e8rement \u00e9limin\u00e9e, conservant ainsi la plupart de ses nutriments.<\/p>","protected":false},"featured_media":2020,"template":"","meta":{"site-sidebar-layout":"default","site-content-layout":"","ast-site-content-layout":"default","site-content-style":"default","site-sidebar-style":"default","ast-global-header-display":"","ast-banner-title-visibility":"","ast-main-header-display":"","ast-hfb-above-header-display":"","ast-hfb-below-header-display":"","ast-hfb-mobile-header-display":"","site-post-title":"","ast-breadcrumbs-content":"","ast-featured-img":"","footer-sml-layout":"","ast-disable-related-posts":"","theme-transparent-header-meta":"default","adv-header-id-meta":"","stick-header-meta":"default","header-above-stick-meta":"","header-main-stick-meta":"","header-below-stick-meta":"","astra-migrate-meta-layouts":"set","ast-page-background-enabled":"default","ast-page-background-meta":{"desktop":{"background-color":"","background-image":"","background-repeat":"repeat","background-position":"center center","background-size":"auto","background-attachment":"scroll","background-type":"","background-media":"","overlay-type":"","overlay-color":"","overlay-opacity":"","overlay-gradient":""},"tablet":{"background-color":"","background-image":"","background-repeat":"repeat","background-position":"center center","background-size":"auto","background-attachment":"scroll","background-type":"","background-media":"","overlay-type":"","overlay-color":"","overlay-opacity":"","overlay-gradient":""},"mobile":{"background-color":"","background-image":"","background-repeat":"repeat","background-position":"center center","background-size":"auto","background-attachment":"scroll","background-type":"","background-media":"","overlay-type":"","overlay-color":"","overlay-opacity":"","overlay-gradient":""}},"ast-content-background-meta":{"desktop":{"background-color":"var(--ast-global-color-5)","background-image":"","background-repeat":"repeat","background-position":"center center","background-size":"auto","background-attachment":"scroll","background-type":"","background-media":"","overlay-type":"","overlay-color":"","overlay-opacity":"","overlay-gradient":""},"tablet":{"background-color":"var(--ast-global-color-5)","background-image":"","background-repeat":"repeat","background-position":"center center","background-size":"auto","background-attachment":"scroll","background-type":"","background-media":"","overlay-type":"","overlay-color":"","overlay-opacity":"","overlay-gradient":""},"mobile":{"background-color":"var(--ast-global-color-5)","background-image":"","background-repeat":"repeat","background-position":"center center","background-size":"auto","background-attachment":"scroll","background-type":"","background-media":"","overlay-type":"","overlay-color":"","overlay-opacity":"","overlay-gradient":""}}},"product_brand":[],"product_cat":[24],"product_tag":[41],"class_list":{"0":"post-2019","1":"product","2":"type-product","3":"status-publish","4":"has-post-thumbnail","6":"product_cat-konjac-dietary-fiber","7":"product_tag-konjac-glucomannan","8":"desktop-align-left","9":"tablet-align-left","10":"mobile-align-left","11":"ast-product-gallery-layout-horizontal-slider","12":"ast-product-tabs-layout-horizontal","14":"first","15":"instock","16":"shipping-taxable","17":"product-type-simple"},"_links":{"self":[{"href":"https:\/\/sentaiyuanbio.com\/fr\/wp-json\/wp\/v2\/product\/2019","targetHints":{"allow":["GET"]}}],"collection":[{"href":"https:\/\/sentaiyuanbio.com\/fr\/wp-json\/wp\/v2\/product"}],"about":[{"href":"https:\/\/sentaiyuanbio.com\/fr\/wp-json\/wp\/v2\/types\/product"}],"version-history":[{"count":1,"href":"https:\/\/sentaiyuanbio.com\/fr\/wp-json\/wp\/v2\/product\/2019\/revisions"}],"predecessor-version":[{"id":6162,"href":"https:\/\/sentaiyuanbio.com\/fr\/wp-json\/wp\/v2\/product\/2019\/revisions\/6162"}],"wp:featuredmedia":[{"embeddable":true,"href":"https:\/\/sentaiyuanbio.com\/fr\/wp-json\/wp\/v2\/media\/2020"}],"wp:attachment":[{"href":"https:\/\/sentaiyuanbio.com\/fr\/wp-json\/wp\/v2\/media?parent=2019"}],"wp:term":[{"taxonomy":"product_brand","embeddable":true,"href":"https:\/\/sentaiyuanbio.com\/fr\/wp-json\/wp\/v2\/product_brand?post=2019"},{"taxonomy":"product_cat","embeddable":true,"href":"https:\/\/sentaiyuanbio.com\/fr\/wp-json\/wp\/v2\/product_cat?post=2019"},{"taxonomy":"product_tag","embeddable":true,"href":"https:\/\/sentaiyuanbio.com\/fr\/wp-json\/wp\/v2\/product_tag?post=2019"}],"curies":[{"name":"wp","href":"https:\/\/api.w.org\/{rel}","templated":true}]}}