{"id":2024,"date":"2024-05-16T03:48:48","date_gmt":"2024-05-16T03:48:48","guid":{"rendered":"https:\/\/sentaiyuanbio.com\/?post_type=product&#038;p=2024"},"modified":"2025-02-26T08:41:42","modified_gmt":"2025-02-26T08:41:42","slug":"riz-shirataki-sec","status":"publish","type":"product","link":"https:\/\/sentaiyuanbio.com\/fr\/produit\/riz-shirataki-sec\/","title":{"rendered":"Riz Shirataki sec en gros, riz Shirataki Konjac en vrac"},"content":{"rendered":"<p>Le riz sec Shirataki de Sentaiyuan est faible en calories, riche en fibres et favorise la digestion.<br \/>\nChaque 100 grammes de riz shirataki contient 2,8 grammes de fibres alimentaires, seulement 6 calories d'\u00e9nergie et aucune graisse.<\/p>\n<p>Sentaiyuan's <a href=\"https:\/\/sentaiyuanbio.com\/fr\/produit-konjac\/\" target=\"_blank\" rel=\"noopener\">Produits \u00e0 base de konjac<\/a> ont re\u00e7u plusieurs certifications, notamment IFS, BRC, KOSHER, HALAL et HACCP, afin de vous garantir des produits de la plus haute qualit\u00e9. L'emballage se compose d'un sac int\u00e9rieur frais et d'une pochette ou d'un carton pour faciliter le stockage.<\/p>\n<p>Avec un d\u00e9lai de livraison de 15 \u00e0 30 jours ouvrables, vous pouvez passer votre commande en toute confiance en sachant que vous la recevrez rapidement. Pour votre commodit\u00e9, nous acceptons divers modes de paiement tels que L\/C, D\/A, D\/P, T\/T, <a href=\"https:\/\/www.westernunion.com\/hk\/en\/home.html\" target=\"_blank\" rel=\"noopener\">Western Union<\/a>, <a href=\"https:\/\/www.moneygram.com\/\" target=\"_blank\" rel=\"noopener\">MoneyGram<\/a>et <a href=\"https:\/\/www.paypal.com\/\" target=\"_blank\" rel=\"noopener\">PayPal<\/a>.<\/p>\n<p>Sentaiyuan est capable de produire 3 000 conteneurs de 20 pieds par an.<\/p>\n<p>Choisissez le riz sec Shirataki de Sentaiyuan comme une alternative d\u00e9licieuse et sans culpabilit\u00e9 au riz traditionnel et am\u00e9liorez votre exp\u00e9rience culinaire tout en donnant la priorit\u00e9 \u00e0 votre sant\u00e9 et \u00e0 votre bien-\u00eatre.<\/p>\n<h2>Sp\u00e9cification du riz sec Shirataki<\/h2>\n<table width=\"100%\" cellspacing=\"0\" cellpadding=\"0\">\n<colgroup>\n<col style=\"width: 180px;\" width=\"215\" \/>\n<col style=\"width: 383px;\" width=\"383\" \/> <\/colgroup>\n<tbody>\n<tr style=\"height: 20px;\">\n<td width=\"180\" height=\"20\">Nom du produit<\/td>\n<td width=\"392\">Riz Shirataki sec<\/td>\n<\/tr>\n<tr style=\"height: 20px;\">\n<td width=\"180\" height=\"21\">Ingr\u00e9dient principal<\/td>\n<td width=\"392\"><a href=\"https:\/\/sentaiyuanbio.com\/fr\/produit\/farine-digname-konjac-poudre-digname-konjac\/\" target=\"_blank\" rel=\"noopener\">Farine de konjac<\/a>, de l'eau<\/td>\n<\/tr>\n<tr style=\"height: 39px;\">\n<td width=\"180\" height=\"39\">Fonctionnalit\u00e9<\/td>\n<td width=\"392\">Sans odeur, faible teneur en calories, faible teneur en glucides, sans gluten, sans sucre, sans graisse, sans OGM, riche en fibres.<\/td>\n<\/tr>\n<tr style=\"height: 41px;\">\n<td width=\"180\" height=\"41\">Fonctions<\/td>\n<td width=\"392\">R\u00e9gime v\u00e9g\u00e9tarien, perte de poids, augmentation de la sati\u00e9t\u00e9<\/td>\n<\/tr>\n<tr style=\"height: 20px;\">\n<td width=\"180\" height=\"21\">Fibres alimentaires<\/td>\n<td width=\"392\">2,8g\/100g<\/td>\n<\/tr>\n<tr style=\"height: 20px;\">\n<td width=\"180\" height=\"21\">Temps de cuisson<\/td>\n<td width=\"392\">8 minutes<\/td>\n<\/tr>\n<tr style=\"height: 20px;\">\n<td width=\"180\" height=\"21\">Teneur en mati\u00e8res grasses<\/td>\n<td width=\"392\">&lt;0,1g\/100g<\/td>\n<\/tr>\n<tr style=\"height: 20px;\">\n<td width=\"180\" height=\"21\">Poids<\/td>\n<td width=\"392\">0,08 kg<\/td>\n<\/tr>\n<tr style=\"height: 20px;\">\n<td width=\"180\" height=\"21\">Dur\u00e9e de conservation<\/td>\n<td width=\"392\">24 mois<\/td>\n<\/tr>\n<tr style=\"height: 20px;\">\n<td width=\"180\" height=\"21\">Certificats<\/td>\n<td width=\"392\">IFS, BRC, KASHER, HALAL, HACCP<\/td>\n<\/tr>\n<tr style=\"height: 20px;\">\n<td width=\"180\" height=\"21\">Paquet<\/td>\n<td width=\"392\">Sac int\u00e9rieur + pochette permanente\/ bo\u00eete en papier<\/td>\n<\/tr>\n<tr style=\"height: 20px;\">\n<td width=\"180\" height=\"21\">Stockage<\/td>\n<td width=\"392\">Temp\u00e9rature ambiante, endroit frais et sec, \u00e9viter la lumi\u00e8re directe du soleil.<\/td>\n<\/tr>\n<tr style=\"height: 20px;\">\n<td width=\"180\" height=\"21\">Service<\/td>\n<td width=\"392\">OEM, ODM, OBM<\/td>\n<\/tr>\n<tr style=\"height: 20px;\">\n<td width=\"180\" height=\"21\">D\u00e9lai de livraison<\/td>\n<td width=\"392\">15-30 jours ouvrables<\/td>\n<\/tr>\n<\/tbody>\n<\/table>\n<h2>Avantages du riz sec Shirataki par rapport au riz traditionnel :<\/h2>\n<p>Adapt\u00e9s aux r\u00e9gimes, favorables \u00e0 la sant\u00e9, relaxants mais rassasiants, faibles en calories et en glucides, riches en fibres, sans gluten, texture g\u00e9lifi\u00e9e, pratiquement insipides, favorisant la sati\u00e9t\u00e9, adapt\u00e9s \u00e0 diverses restrictions alimentaires et pouvant contribuer \u00e0 la gestion du poids.<\/p>\n<h2>Comment cuire le riz shirataki sec ?<\/h2>\n<p>Veuillez suivre les \u00e9tapes suivantes pour vous pr\u00e9parer :<\/p>\n<p>\u00c9GOUTTER ET RINCER : ouvrir l'emballage et \u00e9goutter le liquide qu'il contient. Rincer soigneusement le riz shirataki \u00e0 l'eau froide pendant 1 \u00e0 2 minutes. Placer le m\u00e9lange de riz, de sauce et d'ingr\u00e9dients dans une casserole et chauffer \u00e0 feu doux jusqu'\u00e0 ce qu'il soit chaud. Vous pouvez \u00e9galement faire chauffer le m\u00e9lange au micro-ondes pendant 1 \u00e0 2 minutes ou jusqu'\u00e0 ce qu'il atteigne la temp\u00e9rature souhait\u00e9e.<br \/>\nDresser les assiettes et garnir de garnitures suppl\u00e9mentaires si n\u00e9cessaire.<\/p>\n<style>.embed-container { position: relative; padding-bottom: 56.25%; height: 0; overflow: hidden; max-width: 100%; } .embed-container iframe, .embed-container object, .embed-container embed { position: absolute; top: 0; left: 0; width: 100%; height: 100%; }<\/style>\n<div class=\"embed-container\"><iframe src=\"https:\/\/www.youtube.com\/embed\/vlSLWHphDkk\" frameborder=\"0\" allowfullscreen=\"allowfullscreen\"><\/iframe><\/div>","protected":false},"excerpt":{"rendered":"<p>Le riz sec Shirataki de Sentaiyuan est faible en calories, riche en fibres et favorise la digestion.<br \/>\nChaque 100 grammes de riz shirataki contient 2,8 grammes de fibres alimentaires, seulement 6 calories d'\u00e9nergie et aucune graisse.<\/p>","protected":false},"featured_media":3938,"template":"","meta":{"site-sidebar-layout":"default","site-content-layout":"","ast-site-content-layout":"default","site-content-style":"default","site-sidebar-style":"default","ast-global-header-display":"","ast-banner-title-visibility":"","ast-main-header-display":"","ast-hfb-above-header-display":"","ast-hfb-below-header-display":"","ast-hfb-mobile-header-display":"","site-post-title":"","ast-breadcrumbs-content":"","ast-featured-img":"","footer-sml-layout":"","ast-disable-related-posts":"","theme-transparent-header-meta":"default","adv-header-id-meta":"","stick-header-meta":"default","header-above-stick-meta":"","header-main-stick-meta":"","header-below-stick-meta":"","astra-migrate-meta-layouts":"set","ast-page-background-enabled":"default","ast-page-background-meta":{"desktop":{"background-color":"","background-image":"","background-repeat":"repeat","background-position":"center center","background-size":"auto","background-attachment":"scroll","background-type":"","background-media":"","overlay-type":"","overlay-color":"","overlay-opacity":"","overlay-gradient":""},"tablet":{"background-color":"","background-image":"","background-repeat":"repeat","background-position":"center center","background-size":"auto","background-attachment":"scroll","background-type":"","background-media":"","overlay-type":"","overlay-color":"","overlay-opacity":"","overlay-gradient":""},"mobile":{"background-color":"","background-image":"","background-repeat":"repeat","background-position":"center center","background-size":"auto","background-attachment":"scroll","background-type":"","background-media":"","overlay-type":"","overlay-color":"","overlay-opacity":"","overlay-gradient":""}},"ast-content-background-meta":{"desktop":{"background-color":"var(--ast-global-color-5)","background-image":"","background-repeat":"repeat","background-position":"center center","background-size":"auto","background-attachment":"scroll","background-type":"","background-media":"","overlay-type":"","overlay-color":"","overlay-opacity":"","overlay-gradient":""},"tablet":{"background-color":"var(--ast-global-color-5)","background-image":"","background-repeat":"repeat","background-position":"center center","background-size":"auto","background-attachment":"scroll","background-type":"","background-media":"","overlay-type":"","overlay-color":"","overlay-opacity":"","overlay-gradient":""},"mobile":{"background-color":"var(--ast-global-color-5)","background-image":"","background-repeat":"repeat","background-position":"center center","background-size":"auto","background-attachment":"scroll","background-type":"","background-media":"","overlay-type":"","overlay-color":"","overlay-opacity":"","overlay-gradient":""}}},"product_brand":[],"product_cat":[50],"product_tag":[37],"class_list":{"0":"post-2024","1":"product","2":"type-product","3":"status-publish","4":"has-post-thumbnail","6":"product_cat-shirataki-dried-rice","7":"product_tag-konjac-rice","8":"desktop-align-left","9":"tablet-align-left","10":"mobile-align-left","11":"ast-product-gallery-layout-horizontal-slider","12":"ast-product-tabs-layout-horizontal","14":"first","15":"instock","16":"shipping-taxable","17":"product-type-simple"},"_links":{"self":[{"href":"https:\/\/sentaiyuanbio.com\/fr\/wp-json\/wp\/v2\/product\/2024","targetHints":{"allow":["GET"]}}],"collection":[{"href":"https:\/\/sentaiyuanbio.com\/fr\/wp-json\/wp\/v2\/product"}],"about":[{"href":"https:\/\/sentaiyuanbio.com\/fr\/wp-json\/wp\/v2\/types\/product"}],"version-history":[{"count":0,"href":"https:\/\/sentaiyuanbio.com\/fr\/wp-json\/wp\/v2\/product\/2024\/revisions"}],"wp:featuredmedia":[{"embeddable":true,"href":"https:\/\/sentaiyuanbio.com\/fr\/wp-json\/wp\/v2\/media\/3938"}],"wp:attachment":[{"href":"https:\/\/sentaiyuanbio.com\/fr\/wp-json\/wp\/v2\/media?parent=2024"}],"wp:term":[{"taxonomy":"product_brand","embeddable":true,"href":"https:\/\/sentaiyuanbio.com\/fr\/wp-json\/wp\/v2\/product_brand?post=2024"},{"taxonomy":"product_cat","embeddable":true,"href":"https:\/\/sentaiyuanbio.com\/fr\/wp-json\/wp\/v2\/product_cat?post=2024"},{"taxonomy":"product_tag","embeddable":true,"href":"https:\/\/sentaiyuanbio.com\/fr\/wp-json\/wp\/v2\/product_tag?post=2024"}],"curies":[{"name":"wp","href":"https:\/\/api.w.org\/{rel}","templated":true}]}}