{"id":2062,"date":"2024-06-05T08:54:42","date_gmt":"2024-06-05T08:54:42","guid":{"rendered":"https:\/\/sentaiyuanbio.com\/?post_type=product&#038;p=2062"},"modified":"2025-02-26T08:46:23","modified_gmt":"2025-02-26T08:46:23","slug":"riz-rouge-sec-shirataki","status":"publish","type":"product","link":"https:\/\/sentaiyuanbio.com\/fr\/produit\/riz-rouge-sec-shirataki\/","title":{"rendered":"Riz rouge sec Shirataki , Riz rouge sec Konjac en vrac"},"content":{"rendered":"<p>Le riz rouge sec Shirataki est riche en fibres alimentaires, pauvre en glucides, peu calorique et \u00e0 faible indice glyc\u00e9mique. Ce riz a une grande saveur et ressemble beaucoup au riz \u00e0 grains longs.<\/p>\n<p>Fabriqu\u00e9 \u00e0 partir de produits de haute qualit\u00e9 sans OGM <a href=\"https:\/\/sentaiyuanbio.com\/fr\/produit\/glucomannane-de-racine-de-konjac\/\" target=\"_blank\" rel=\"noopener\">farine de konjac<\/a> et de farine de riz rouge, il se conserve jusqu'\u00e0 24 mois.<\/p>\n<h2>Sp\u00e9cifications<\/h2>\n<p><strong>Ingr\u00e9dient<\/strong>: Poudre de konjac, farine de riz rouge, eau.<\/p>\n<p><strong>Taille<\/strong>: Les dimensions sont les suivantes : 2mm x 5mm.<\/p>\n<p><strong>Poids net<\/strong>: Emballage : 80g\/sachet, 1kg\/sachet, ou taille d'emballage personnalis\u00e9e.<\/p>\n<p><strong>Dur\u00e9e de conservation<\/strong>: Les frais d'inscription sont de 24 mois.<\/p>\n<p><strong>Paquet<\/strong>: Pochette permanente + carton.<\/p>\n<p><img fetchpriority=\"high\" decoding=\"async\" class=\"alignnone wp-image-2074 size-full\" src=\"https:\/\/sentaiyuanbio.com\/wp-content\/uploads\/2024\/06\/dry-shirataki-red-rice-full-page-1.jpg\" alt=\"riz rouge Konjac sec\" width=\"750\" height=\"1045\" srcset=\"https:\/\/sentaiyuanbio.com\/wp-content\/uploads\/2024\/06\/dry-shirataki-red-rice-full-page-1.jpg 750w, https:\/\/sentaiyuanbio.com\/wp-content\/uploads\/2024\/06\/dry-shirataki-red-rice-full-page-1-215x300.jpg 215w, https:\/\/sentaiyuanbio.com\/wp-content\/uploads\/2024\/06\/dry-shirataki-red-rice-full-page-1-735x1024.jpg 735w, https:\/\/sentaiyuanbio.com\/wp-content\/uploads\/2024\/06\/dry-shirataki-red-rice-full-page-1-431x600.jpg 431w, https:\/\/sentaiyuanbio.com\/wp-content\/uploads\/2024\/06\/dry-shirataki-red-rice-full-page-1-600x836.jpg 600w\" sizes=\"(max-width: 750px) 100vw, 750px\" \/><img decoding=\"async\" class=\"alignnone wp-image-2073 size-full\" src=\"https:\/\/sentaiyuanbio.com\/wp-content\/uploads\/2024\/06\/dry-shirataki-red-rice-full-page-2.jpg\" alt=\"konjac sec riz rouge\" width=\"750\" height=\"916\" srcset=\"https:\/\/sentaiyuanbio.com\/wp-content\/uploads\/2024\/06\/dry-shirataki-red-rice-full-page-2.jpg 750w, https:\/\/sentaiyuanbio.com\/wp-content\/uploads\/2024\/06\/dry-shirataki-red-rice-full-page-2-246x300.jpg 246w, https:\/\/sentaiyuanbio.com\/wp-content\/uploads\/2024\/06\/dry-shirataki-red-rice-full-page-2-491x600.jpg 491w, https:\/\/sentaiyuanbio.com\/wp-content\/uploads\/2024\/06\/dry-shirataki-red-rice-full-page-2-600x733.jpg 600w\" sizes=\"(max-width: 750px) 100vw, 750px\" \/><img decoding=\"async\" class=\"alignnone wp-image-2072 size-full\" src=\"https:\/\/sentaiyuanbio.com\/wp-content\/uploads\/2024\/06\/dry-shirataki-red-rice-full-page-3.jpg\" alt=\"riz rouge sec shirataki\" width=\"750\" height=\"1159\" srcset=\"https:\/\/sentaiyuanbio.com\/wp-content\/uploads\/2024\/06\/dry-shirataki-red-rice-full-page-3.jpg 750w, https:\/\/sentaiyuanbio.com\/wp-content\/uploads\/2024\/06\/dry-shirataki-red-rice-full-page-3-194x300.jpg 194w, https:\/\/sentaiyuanbio.com\/wp-content\/uploads\/2024\/06\/dry-shirataki-red-rice-full-page-3-663x1024.jpg 663w, https:\/\/sentaiyuanbio.com\/wp-content\/uploads\/2024\/06\/dry-shirataki-red-rice-full-page-3-388x600.jpg 388w, https:\/\/sentaiyuanbio.com\/wp-content\/uploads\/2024\/06\/dry-shirataki-red-rice-full-page-3-600x927.jpg 600w\" sizes=\"(max-width: 750px) 100vw, 750px\" \/><\/p>\n<h2>Liste des ingr\u00e9dients<\/h2>\n<table cellspacing=\"0\" cellpadding=\"0\">\n<colgroup>\n<col style=\"width: 180px;\" width=\"215\" \/>\n<col style=\"width: 383px;\" width=\"383\" \/> <\/colgroup>\n<tbody>\n<tr>\n<td colspan=\"3\" align=\"center\">Ingr\u00e9dients du riz rouge de konjac s\u00e9ch\u00e9<\/td>\n<\/tr>\n<tr>\n<td align=\"center\">Non.<\/td>\n<td align=\"center\">Mat\u00e9riau<\/td>\n<td align=\"center\">%<\/td>\n<\/tr>\n<tr>\n<td align=\"center\">1<\/td>\n<td align=\"center\">Farine de konjac<\/td>\n<td align=\"center\">46<\/td>\n<\/tr>\n<tr>\n<td align=\"center\">2<\/td>\n<td align=\"center\">Farine de riz rouge<\/td>\n<td align=\"center\">44<\/td>\n<\/tr>\n<tr>\n<td align=\"center\">3<\/td>\n<td align=\"center\">L'eau<\/td>\n<td align=\"center\">10<\/td>\n<\/tr>\n<tr>\n<td colspan=\"2\" align=\"center\">Somme<\/td>\n<td align=\"center\">100<\/td>\n<\/tr>\n<\/tbody>\n<\/table>\n<h2>100 g de riz sec : donn\u00e9es nutritionnelles<\/h2>\n<table cellspacing=\"0\" cellpadding=\"0\">\n<colgroup>\n<col style=\"width: 180px;\" width=\"215\" \/>\n<col style=\"width: 383px;\" width=\"383\" \/> <\/colgroup>\n<tbody>\n<tr>\n<td align=\"center\" width=\"284\"><b>L'\u00e9nergie<\/b><\/td>\n<td align=\"center\" width=\"284\">347 Kcal<\/td>\n<\/tr>\n<tr>\n<td align=\"center\" width=\"284\"><b>Glucides<\/b><\/td>\n<td align=\"center\" width=\"284\">69.2g<\/td>\n<\/tr>\n<tr>\n<td align=\"center\" width=\"284\"><b>Graisses totales<\/b><\/td>\n<td align=\"center\" width=\"284\">2.9g<\/td>\n<\/tr>\n<tr>\n<td align=\"center\" width=\"284\"><b>Prot\u00e9ines<\/b><\/td>\n<td align=\"center\" width=\"284\">7.8g<\/td>\n<\/tr>\n<tr>\n<td align=\"center\" width=\"284\"><b>Fibres alimentaires<\/b><\/td>\n<td align=\"center\" width=\"284\">6.3g<\/td>\n<\/tr>\n<tr>\n<td align=\"center\" width=\"284\"><b>Sodium<\/b><\/td>\n<td align=\"center\" width=\"284\">10 mg<\/td>\n<\/tr>\n<\/tbody>\n<\/table>\n<h2>100 g de riz cuit : donn\u00e9es nutritionnelles<\/h2>\n<table cellspacing=\"0\" cellpadding=\"0\">\n<colgroup>\n<col style=\"width: 180px;\" width=\"215\" \/>\n<col style=\"width: 383px;\" width=\"383\" \/> <\/colgroup>\n<tbody>\n<tr>\n<td align=\"center\" width=\"284\"><b>L'\u00e9nergie<\/b><\/td>\n<td align=\"center\" width=\"284\">70 Kcal<\/td>\n<\/tr>\n<tr>\n<td align=\"center\" width=\"284\"><b>Glucides<\/b><\/td>\n<td align=\"center\" width=\"284\">13.8g<\/td>\n<\/tr>\n<tr>\n<td align=\"center\" width=\"284\"><b>Graisses totales<\/b><\/td>\n<td align=\"center\" width=\"284\">0.6g<\/td>\n<\/tr>\n<tr>\n<td align=\"center\" width=\"284\"><b>Prot\u00e9ines<\/b><\/td>\n<td align=\"center\" width=\"284\">1.6g<\/td>\n<\/tr>\n<tr>\n<td align=\"center\" width=\"284\"><b>Fibres alimentaires<\/b><\/td>\n<td align=\"center\" width=\"284\">1.3g<\/td>\n<\/tr>\n<tr>\n<td align=\"center\" width=\"284\"><b>Sodium<\/b><\/td>\n<td align=\"center\" width=\"284\">2 mg<\/td>\n<\/tr>\n<\/tbody>\n<\/table>\n<h2>L'avantage du riz rouge sec shirataki :<\/h2>\n<ol>\n<li>Moins de glucides<\/li>\n<li>Moins de calories<\/li>\n<li>Indice glyc\u00e9mique faible<\/li>\n<li>Riches en fibres<\/li>\n<li>Dur\u00e9e de conservation plus longue 24 mois<\/li>\n<li>Le go\u00fbt, la saveur et l'aspect sont tr\u00e8s proches de ceux du riz \u00e0 grains longs.<\/li>\n<\/ol>\n<p><img loading=\"lazy\" decoding=\"async\" class=\"alignnone wp-image-2066 size-full\" src=\"https:\/\/sentaiyuanbio.com\/wp-content\/uploads\/2024\/06\/Dry-Shirataki-Red-Rice-3.jpg\" alt=\"Riz rouge de Konjac sec\" width=\"1000\" height=\"1000\" srcset=\"https:\/\/sentaiyuanbio.com\/wp-content\/uploads\/2024\/06\/Dry-Shirataki-Red-Rice-3.jpg 1000w, https:\/\/sentaiyuanbio.com\/wp-content\/uploads\/2024\/06\/Dry-Shirataki-Red-Rice-3-600x600.jpg 600w, https:\/\/sentaiyuanbio.com\/wp-content\/uploads\/2024\/06\/Dry-Shirataki-Red-Rice-3-100x100.jpg 100w, https:\/\/sentaiyuanbio.com\/wp-content\/uploads\/2024\/06\/Dry-Shirataki-Red-Rice-3-300x300.jpg 300w, https:\/\/sentaiyuanbio.com\/wp-content\/uploads\/2024\/06\/Dry-Shirataki-Red-Rice-3-150x150.jpg 150w, https:\/\/sentaiyuanbio.com\/wp-content\/uploads\/2024\/06\/Dry-Shirataki-Red-Rice-3-768x768.jpg 768w\" sizes=\"(max-width: 1000px) 100vw, 1000px\" \/><\/p>\n<h2>Pourquoi choisir notre riz rouge sec shirataki ?<\/h2>\n<ul>\n<li><strong>Plus sain<\/strong>: Que vous contr\u00f4liez votre poids, surveilliez votre glyc\u00e9mie ou recherchiez des aliments plus sains, nos produits sont la combinaison parfaite de la saveur et de la sant\u00e9.<\/li>\n<li><strong>Des ingr\u00e9dients de qualit\u00e9<\/strong>: Notre riz est soigneusement m\u00e9lang\u00e9 avec de la farine de konjac, de la farine de riz rouge et de l'eau pour garantir sa saveur et sa qualit\u00e9.<\/li>\n<li><strong>Polyvalence<\/strong>: Facile \u00e0 servir, micro-ondable et facilement adaptable \u00e0 toutes les recettes.<\/li>\n<li><strong>Satisfaction des clients<\/strong>: Nous mettons tout en \u0153uvre pour que vous achetiez des produits et un service apr\u00e8s-vente de la meilleure qualit\u00e9 aupr\u00e8s de Mori State Source.<\/li>\n<\/ul>\n<h2>Comment cuire le riz rouge sec shirataki ?<\/h2>\n<p>Mettez 40 grammes de riz rouge shirataki s\u00e9ch\u00e9 dans 60-80 grammes d'eau chaude pendant 15 minutes ou au micro-ondes pendant 3-4 minutes. D\u00e9gustez ensuite.<\/p>\n<p><img loading=\"lazy\" decoding=\"async\" class=\"alignleft wp-image-2068 size-full\" src=\"https:\/\/sentaiyuanbio.com\/wp-content\/uploads\/2024\/06\/Cooking-instruction.jpg\" alt=\"Comment cuire le riz rouge sec shirataki ?\" width=\"800\" height=\"800\" srcset=\"https:\/\/sentaiyuanbio.com\/wp-content\/uploads\/2024\/06\/Cooking-instruction.jpg 800w, https:\/\/sentaiyuanbio.com\/wp-content\/uploads\/2024\/06\/Cooking-instruction-600x600.jpg 600w, https:\/\/sentaiyuanbio.com\/wp-content\/uploads\/2024\/06\/Cooking-instruction-100x100.jpg 100w, https:\/\/sentaiyuanbio.com\/wp-content\/uploads\/2024\/06\/Cooking-instruction-300x300.jpg 300w, https:\/\/sentaiyuanbio.com\/wp-content\/uploads\/2024\/06\/Cooking-instruction-150x150.jpg 150w, https:\/\/sentaiyuanbio.com\/wp-content\/uploads\/2024\/06\/Cooking-instruction-768x768.jpg 768w\" sizes=\"(max-width: 800px) 100vw, 800px\" \/><\/p>\n<p>&nbsp;<\/p>","protected":false},"excerpt":{"rendered":"<p>Le riz rouge de konjac s\u00e9ch\u00e9 Sentaiyuan est fabriqu\u00e9 \u00e0 partir de farine de konjac et de farine de riz rouge. Faible en calories, riche en fibres, il favorise la digestion.<br \/>\nChaque 100 grammes de riz rouge konjac cuit contient 1,3 gramme de fibres alimentaires, 14 grammes de glucides, 70 calories d'\u00e9nergie et aucune graisse.<\/p>\n<div id=\"gtx-trans\" style=\"position: absolute; left: 979px; top: -3px;\">\n<div class=\"gtx-trans-icon\"><\/div>\n<\/div>","protected":false},"featured_media":4177,"template":"","meta":{"site-sidebar-layout":"default","site-content-layout":"","ast-site-content-layout":"default","site-content-style":"default","site-sidebar-style":"default","ast-global-header-display":"","ast-banner-title-visibility":"","ast-main-header-display":"","ast-hfb-above-header-display":"","ast-hfb-below-header-display":"","ast-hfb-mobile-header-display":"","site-post-title":"","ast-breadcrumbs-content":"","ast-featured-img":"","footer-sml-layout":"","ast-disable-related-posts":"","theme-transparent-header-meta":"default","adv-header-id-meta":"","stick-header-meta":"default","header-above-stick-meta":"","header-main-stick-meta":"","header-below-stick-meta":"","astra-migrate-meta-layouts":"set","ast-page-background-enabled":"default","ast-page-background-meta":{"desktop":{"background-color":"","background-image":"","background-repeat":"repeat","background-position":"center center","background-size":"auto","background-attachment":"scroll","background-type":"","background-media":"","overlay-type":"","overlay-color":"","overlay-opacity":"","overlay-gradient":""},"tablet":{"background-color":"","background-image":"","background-repeat":"repeat","background-position":"center center","background-size":"auto","background-attachment":"scroll","background-type":"","background-media":"","overlay-type":"","overlay-color":"","overlay-opacity":"","overlay-gradient":""},"mobile":{"background-color":"","background-image":"","background-repeat":"repeat","background-position":"center center","background-size":"auto","background-attachment":"scroll","background-type":"","background-media":"","overlay-type":"","overlay-color":"","overlay-opacity":"","overlay-gradient":""}},"ast-content-background-meta":{"desktop":{"background-color":"var(--ast-global-color-5)","background-image":"","background-repeat":"repeat","background-position":"center center","background-size":"auto","background-attachment":"scroll","background-type":"","background-media":"","overlay-type":"","overlay-color":"","overlay-opacity":"","overlay-gradient":""},"tablet":{"background-color":"var(--ast-global-color-5)","background-image":"","background-repeat":"repeat","background-position":"center center","background-size":"auto","background-attachment":"scroll","background-type":"","background-media":"","overlay-type":"","overlay-color":"","overlay-opacity":"","overlay-gradient":""},"mobile":{"background-color":"var(--ast-global-color-5)","background-image":"","background-repeat":"repeat","background-position":"center center","background-size":"auto","background-attachment":"scroll","background-type":"","background-media":"","overlay-type":"","overlay-color":"","overlay-opacity":"","overlay-gradient":""}}},"product_brand":[],"product_cat":[50],"product_tag":[37],"class_list":{"0":"post-2062","1":"product","2":"type-product","3":"status-publish","4":"has-post-thumbnail","6":"product_cat-shirataki-dried-rice","7":"product_tag-konjac-rice","8":"desktop-align-left","9":"tablet-align-left","10":"mobile-align-left","11":"ast-product-gallery-layout-horizontal-slider","12":"ast-product-tabs-layout-horizontal","14":"first","15":"instock","16":"shipping-taxable","17":"product-type-simple"},"_links":{"self":[{"href":"https:\/\/sentaiyuanbio.com\/fr\/wp-json\/wp\/v2\/product\/2062","targetHints":{"allow":["GET"]}}],"collection":[{"href":"https:\/\/sentaiyuanbio.com\/fr\/wp-json\/wp\/v2\/product"}],"about":[{"href":"https:\/\/sentaiyuanbio.com\/fr\/wp-json\/wp\/v2\/types\/product"}],"version-history":[{"count":0,"href":"https:\/\/sentaiyuanbio.com\/fr\/wp-json\/wp\/v2\/product\/2062\/revisions"}],"wp:featuredmedia":[{"embeddable":true,"href":"https:\/\/sentaiyuanbio.com\/fr\/wp-json\/wp\/v2\/media\/4177"}],"wp:attachment":[{"href":"https:\/\/sentaiyuanbio.com\/fr\/wp-json\/wp\/v2\/media?parent=2062"}],"wp:term":[{"taxonomy":"product_brand","embeddable":true,"href":"https:\/\/sentaiyuanbio.com\/fr\/wp-json\/wp\/v2\/product_brand?post=2062"},{"taxonomy":"product_cat","embeddable":true,"href":"https:\/\/sentaiyuanbio.com\/fr\/wp-json\/wp\/v2\/product_cat?post=2062"},{"taxonomy":"product_tag","embeddable":true,"href":"https:\/\/sentaiyuanbio.com\/fr\/wp-json\/wp\/v2\/product_tag?post=2062"}],"curies":[{"name":"wp","href":"https:\/\/api.w.org\/{rel}","templated":true}]}}