{"id":2080,"date":"2024-06-17T09:44:56","date_gmt":"2024-06-17T09:44:56","guid":{"rendered":"https:\/\/sentaiyuanbio.com\/?post_type=product&#038;p=2080"},"modified":"2025-02-26T08:48:29","modified_gmt":"2025-02-26T08:48:29","slug":"riz-sec-au-mais-shirataki","status":"publish","type":"product","link":"https:\/\/sentaiyuanbio.com\/fr\/produit\/riz-sec-au-mais-shirataki\/","title":{"rendered":"Riz de ma\u00efs Shirataki sec, riz de ma\u00efs Konjac s\u00e9ch\u00e9"},"content":{"rendered":"<p>Nous vous pr\u00e9sentons Riz de ma\u00efs Shirataki sec, un riz konjac con\u00e7u pour r\u00e9pondre aux besoins des consommateurs soucieux de leur sant\u00e9. Ce substitut de riz est fabriqu\u00e9 \u00e0 partir d'un m\u00e9lange unique de <a href=\"https:\/\/sentaiyuanbio.com\/fr\/produit\/glucomannane-de-racine-de-konjac\/\" target=\"_blank\" rel=\"noopener\">farine de konjac<\/a>, Il offre une vari\u00e9t\u00e9 de bienfaits pour la sant\u00e9 tout en conservant la saveur et la texture du riz long grain traditionnel.<\/p>\n<h2>Sp\u00e9cifications<\/h2>\n<p><strong>Ingr\u00e9dient<\/strong>: Farine de konjac, farine de ma\u00efs, eau.<\/p>\n<p><strong>Taille<\/strong>: Les dimensions sont les suivantes : 2mm x 5mm.<\/p>\n<p><strong>Poids net<\/strong>: Emballage : 80g\/sachet, 1kg\/sachet, ou taille d'emballage personnalis\u00e9e.<\/p>\n<p><strong>Dur\u00e9e de conservation<\/strong>: Les frais d'inscription sont de 24 mois.<\/p>\n<p><strong>Paquet<\/strong>: Pochette permanente + carton.<\/p>\n<h2>Liste des ingr\u00e9dients du riz sec Shirataki au ma\u00efs<\/h2>\n<table cellspacing=\"0\" cellpadding=\"0\">\n<colgroup>\n<col style=\"width: 180px;\" width=\"215\" \/>\n<col style=\"width: 383px;\" width=\"383\" \/> <\/colgroup>\n<tbody>\n<tr>\n<td colspan=\"3\" align=\"center\">Ingr\u00e9dients du riz sec au ma\u00efs Shirataki<\/td>\n<\/tr>\n<tr>\n<td align=\"center\">Non.<\/td>\n<td align=\"center\">Mat\u00e9riau<\/td>\n<td align=\"center\">%<\/td>\n<\/tr>\n<tr>\n<td align=\"center\">1<\/td>\n<td align=\"center\">Farine de konjac<\/td>\n<td align=\"center\">46<\/td>\n<\/tr>\n<tr>\n<td align=\"center\">2<\/td>\n<td align=\"center\">Farine de riz rouge<\/td>\n<td align=\"center\">44<\/td>\n<\/tr>\n<tr>\n<td align=\"center\">3<\/td>\n<td align=\"center\">L'eau<\/td>\n<td align=\"center\">10<\/td>\n<\/tr>\n<tr>\n<td colspan=\"2\" align=\"center\">Somme<\/td>\n<td align=\"center\">100<\/td>\n<\/tr>\n<\/tbody>\n<\/table>\n<h2>100 g de riz sec : donn\u00e9es nutritionnelles<\/h2>\n<table cellspacing=\"0\" cellpadding=\"0\">\n<colgroup>\n<col style=\"width: 180px;\" width=\"215\" \/>\n<col style=\"width: 383px;\" width=\"383\" \/> <\/colgroup>\n<tbody>\n<tr>\n<td align=\"center\" width=\"284\"><b>L'\u00e9nergie<\/b><\/td>\n<td align=\"center\" width=\"284\">370 Kcal<\/td>\n<\/tr>\n<tr>\n<td align=\"center\" width=\"284\"><b>Glucides<\/b><\/td>\n<td align=\"center\" width=\"284\">73.6g<\/td>\n<\/tr>\n<tr>\n<td align=\"center\" width=\"284\"><b>Graisses totales<\/b><\/td>\n<td align=\"center\" width=\"284\">3.2g<\/td>\n<\/tr>\n<tr>\n<td align=\"center\" width=\"284\"><b>Prot\u00e9ines<\/b><\/td>\n<td align=\"center\" width=\"284\">7.9g<\/td>\n<\/tr>\n<tr>\n<td align=\"center\" width=\"284\"><b>Fibres alimentaires<\/b><\/td>\n<td align=\"center\" width=\"284\">7.4g<\/td>\n<\/tr>\n<tr>\n<td align=\"center\" width=\"284\"><b>Sodium<\/b><\/td>\n<td align=\"center\" width=\"284\">2 mg<\/td>\n<\/tr>\n<\/tbody>\n<\/table>\n<h2>100 g de riz cuit : donn\u00e9es nutritionnelles<\/h2>\n<table cellspacing=\"0\" cellpadding=\"0\">\n<colgroup>\n<col style=\"width: 180px;\" width=\"215\" \/>\n<col style=\"width: 383px;\" width=\"383\" \/> <\/colgroup>\n<tbody>\n<tr>\n<td align=\"center\" width=\"284\"><b>L'\u00e9nergie<\/b><\/td>\n<td align=\"center\" width=\"284\">70 Kcal<\/td>\n<\/tr>\n<tr>\n<td align=\"center\" width=\"284\"><b>Glucides<\/b><\/td>\n<td align=\"center\" width=\"284\">14.7g<\/td>\n<\/tr>\n<tr>\n<td align=\"center\" width=\"284\"><b>Graisses totales<\/b><\/td>\n<td align=\"center\" width=\"284\">0.6g<\/td>\n<\/tr>\n<tr>\n<td align=\"center\" width=\"284\"><b>Prot\u00e9ines<\/b><\/td>\n<td align=\"center\" width=\"284\">1.6g<\/td>\n<\/tr>\n<tr>\n<td align=\"center\" width=\"284\"><b>Fibres alimentaires<\/b><\/td>\n<td align=\"center\" width=\"284\">1.5g<\/td>\n<\/tr>\n<tr>\n<td align=\"center\" width=\"284\"><b>Sodium<\/b><\/td>\n<td align=\"center\" width=\"284\">0 mg<\/td>\n<\/tr>\n<\/tbody>\n<\/table>\n<p><img fetchpriority=\"high\" decoding=\"async\" class=\"alignnone wp-image-3979 size-full\" src=\"https:\/\/sentaiyuanbio.com\/wp-content\/uploads\/2024\/06\/Dried-Konjac-Corn-Rice-Bulk.webp\" alt=\"Konjac Corn Riz S\u00e9ch\u00e9 Vrac\" width=\"1000\" height=\"1000\" srcset=\"https:\/\/sentaiyuanbio.com\/wp-content\/uploads\/2024\/06\/Dried-Konjac-Corn-Rice-Bulk.webp 1000w, https:\/\/sentaiyuanbio.com\/wp-content\/uploads\/2024\/06\/Dried-Konjac-Corn-Rice-Bulk-600x600.webp 600w, https:\/\/sentaiyuanbio.com\/wp-content\/uploads\/2024\/06\/Dried-Konjac-Corn-Rice-Bulk-100x100.webp 100w, https:\/\/sentaiyuanbio.com\/wp-content\/uploads\/2024\/06\/Dried-Konjac-Corn-Rice-Bulk-300x300.webp 300w, https:\/\/sentaiyuanbio.com\/wp-content\/uploads\/2024\/06\/Dried-Konjac-Corn-Rice-Bulk-150x150.webp 150w, https:\/\/sentaiyuanbio.com\/wp-content\/uploads\/2024\/06\/Dried-Konjac-Corn-Rice-Bulk-768x768.webp 768w\" sizes=\"(max-width: 1000px) 100vw, 1000px\" \/><\/p>\n<h2>Principaux avantages du riz sec au ma\u00efs Shirataki<\/h2>\n<ul>\n<li>1. Moins de glucides : Id\u00e9al pour les r\u00e9gimes pauvres en glucides, il vous aide \u00e0 r\u00e9duire votre consommation de glucides sans sacrifier votre riz pr\u00e9f\u00e9r\u00e9.<\/li>\n<li>2. Moins de calories : Avec seulement 70 kcal pour 100 g de riz cuit, cette alternative au riz est parfaite pour ceux qui veulent contr\u00f4ler leur apport calorique.<\/li>\n<li>3. Faible <a href=\"https:\/\/www.diabetes.ca\/DiabetesCanadaWebsite\/media\/Managing-My-Diabetes\/Tools%20and%20Resources\/glycemic-index-food-guide.pdf\" target=\"_blank\" rel=\"noopener\">Indice glyc\u00e9mique<\/a> (IG) : Aide \u00e0 maintenir une glyc\u00e9mie stable, ce qui en fait un excellent choix pour les diab\u00e9tiques et les contr\u00f4leurs de la glyc\u00e9mie.<\/li>\n<li>4. Riche en fibres : la teneur \u00e9lev\u00e9e en fibres facilite la digestion, favorise la sati\u00e9t\u00e9 et contribue \u00e0 la sant\u00e9 g\u00e9n\u00e9rale de l'intestin.<\/li>\n<li>5. Longue dur\u00e9e de conservation : avec une dur\u00e9e de conservation de 24 mois, vous pouvez stocker cet aliment de base sans craindre qu'il ne se d\u00e9t\u00e9riore.<\/li>\n<li>6. Go\u00fbt et texture exquis : Appr\u00e9ciez le go\u00fbt et l'aspect familiers du riz \u00e0 long grain, qui constitue un compl\u00e9ment polyvalent \u00e0 tous les repas.<\/li>\n<\/ul>\n<p><img decoding=\"async\" class=\"alignnone wp-image-2082 size-full\" src=\"https:\/\/sentaiyuanbio.com\/wp-content\/uploads\/2024\/06\/Dried-Shirataki-Corn-Rice-1.jpg\" alt=\"Konjac Corn Riz S\u00e9ch\u00e9 Vrac\" width=\"750\" height=\"600\" srcset=\"https:\/\/sentaiyuanbio.com\/wp-content\/uploads\/2024\/06\/Dried-Shirataki-Corn-Rice-1.jpg 750w, https:\/\/sentaiyuanbio.com\/wp-content\/uploads\/2024\/06\/Dried-Shirataki-Corn-Rice-1-300x240.jpg 300w, https:\/\/sentaiyuanbio.com\/wp-content\/uploads\/2024\/06\/Dried-Shirataki-Corn-Rice-1-600x480.jpg 600w\" sizes=\"(max-width: 750px) 100vw, 750px\" \/><img decoding=\"async\" class=\"alignnone wp-image-2083 size-full\" style=\"font-style: inherit; font-weight: 600;\" src=\"https:\/\/sentaiyuanbio.com\/wp-content\/uploads\/2024\/06\/Dried-Shirataki-Corn-Rice-2.jpg\" alt=\"Konjac Corn Riz S\u00e9ch\u00e9 Vrac\" width=\"750\" height=\"433\" srcset=\"https:\/\/sentaiyuanbio.com\/wp-content\/uploads\/2024\/06\/Dried-Shirataki-Corn-Rice-2.jpg 750w, https:\/\/sentaiyuanbio.com\/wp-content\/uploads\/2024\/06\/Dried-Shirataki-Corn-Rice-2-300x173.jpg 300w, https:\/\/sentaiyuanbio.com\/wp-content\/uploads\/2024\/06\/Dried-Shirataki-Corn-Rice-2-600x346.jpg 600w\" sizes=\"(max-width: 750px) 100vw, 750px\" \/><img loading=\"lazy\" decoding=\"async\" class=\"alignnone wp-image-2084 size-full\" style=\"font-size: 16px; font-style: inherit; font-weight: 600;\" src=\"https:\/\/sentaiyuanbio.com\/wp-content\/uploads\/2024\/06\/Dried-Shirataki-Corn-Rice-3.jpg\" alt=\"Riz sec au ma\u00efs Shirataki\" width=\"750\" height=\"423\" srcset=\"https:\/\/sentaiyuanbio.com\/wp-content\/uploads\/2024\/06\/Dried-Shirataki-Corn-Rice-3.jpg 750w, https:\/\/sentaiyuanbio.com\/wp-content\/uploads\/2024\/06\/Dried-Shirataki-Corn-Rice-3-300x169.jpg 300w, https:\/\/sentaiyuanbio.com\/wp-content\/uploads\/2024\/06\/Dried-Shirataki-Corn-Rice-3-600x338.jpg 600w\" sizes=\"(max-width: 750px) 100vw, 750px\" \/><img loading=\"lazy\" decoding=\"async\" class=\"alignnone wp-image-2085 size-full\" style=\"font-size: 16px; font-style: inherit; font-weight: 600;\" src=\"https:\/\/sentaiyuanbio.com\/wp-content\/uploads\/2024\/06\/Dried-Shirataki-Corn-Rice-4.jpg\" alt=\"Riz de ma\u00efs konjac s\u00e9ch\u00e9\" width=\"750\" height=\"552\" srcset=\"https:\/\/sentaiyuanbio.com\/wp-content\/uploads\/2024\/06\/Dried-Shirataki-Corn-Rice-4.jpg 750w, https:\/\/sentaiyuanbio.com\/wp-content\/uploads\/2024\/06\/Dried-Shirataki-Corn-Rice-4-300x221.jpg 300w, https:\/\/sentaiyuanbio.com\/wp-content\/uploads\/2024\/06\/Dried-Shirataki-Corn-Rice-4-600x442.jpg 600w\" sizes=\"(max-width: 750px) 100vw, 750px\" \/><img loading=\"lazy\" decoding=\"async\" class=\"alignnone wp-image-2086 size-full\" src=\"https:\/\/sentaiyuanbio.com\/wp-content\/uploads\/2024\/06\/Dried-Shirataki-Corn-Rice-5.jpg\" alt=\"Riz de ma\u00efs konjac s\u00e9ch\u00e9\" width=\"750\" height=\"629\" srcset=\"https:\/\/sentaiyuanbio.com\/wp-content\/uploads\/2024\/06\/Dried-Shirataki-Corn-Rice-5.jpg 750w, https:\/\/sentaiyuanbio.com\/wp-content\/uploads\/2024\/06\/Dried-Shirataki-Corn-Rice-5-300x252.jpg 300w, https:\/\/sentaiyuanbio.com\/wp-content\/uploads\/2024\/06\/Dried-Shirataki-Corn-Rice-5-600x503.jpg 600w\" sizes=\"(max-width: 750px) 100vw, 750px\" \/><img loading=\"lazy\" decoding=\"async\" class=\"alignnone wp-image-2088 size-full\" style=\"font-size: 16px; font-style: inherit; font-weight: 600;\" src=\"https:\/\/sentaiyuanbio.com\/wp-content\/uploads\/2024\/06\/Dried-Shirataki-Corn-Rice-7.jpg\" alt=\"Konjac Corn Riz S\u00e9ch\u00e9 Vrac\" width=\"750\" height=\"728\" srcset=\"https:\/\/sentaiyuanbio.com\/wp-content\/uploads\/2024\/06\/Dried-Shirataki-Corn-Rice-7.jpg 750w, https:\/\/sentaiyuanbio.com\/wp-content\/uploads\/2024\/06\/Dried-Shirataki-Corn-Rice-7-300x291.jpg 300w, https:\/\/sentaiyuanbio.com\/wp-content\/uploads\/2024\/06\/Dried-Shirataki-Corn-Rice-7-600x582.jpg 600w\" sizes=\"(max-width: 750px) 100vw, 750px\" \/><\/p>\n<p>Le riz sec au ma\u00efs Shirataki est facile \u00e0 pr\u00e9parer et peut \u00eatre utilis\u00e9 dans une grande vari\u00e9t\u00e9 de plats, des saut\u00e9s aux salades.<\/p>\n<p>Sa saveur et sa texture sont tr\u00e8s proches de celles du riz \u00e0 grains longs, ce qui en fait une alternative parfaite \u00e0 vos recettes pr\u00e9f\u00e9r\u00e9es.<\/p>","protected":false},"excerpt":{"rendered":"<p>Pr\u00e9sentation du riz sec au ma\u00efs Shirataki, un riz au konjac con\u00e7u pour r\u00e9pondre aux besoins des consommateurs soucieux de leur sant\u00e9.<\/p>\n<p>Le substitut de riz est fabriqu\u00e9 \u00e0 partir d'un m\u00e9lange unique de farine de konjac, d'amidon de ma\u00efs et d'eau, offrant une vari\u00e9t\u00e9 de bienfaits pour la sant\u00e9 tout en conservant la saveur et la texture du riz long traditionnel.<\/p>","protected":false},"featured_media":4178,"template":"","meta":{"site-sidebar-layout":"default","site-content-layout":"","ast-site-content-layout":"default","site-content-style":"default","site-sidebar-style":"default","ast-global-header-display":"","ast-banner-title-visibility":"","ast-main-header-display":"","ast-hfb-above-header-display":"","ast-hfb-below-header-display":"","ast-hfb-mobile-header-display":"","site-post-title":"","ast-breadcrumbs-content":"","ast-featured-img":"","footer-sml-layout":"","ast-disable-related-posts":"","theme-transparent-header-meta":"default","adv-header-id-meta":"","stick-header-meta":"default","header-above-stick-meta":"","header-main-stick-meta":"","header-below-stick-meta":"","astra-migrate-meta-layouts":"set","ast-page-background-enabled":"default","ast-page-background-meta":{"desktop":{"background-color":"","background-image":"","background-repeat":"repeat","background-position":"center center","background-size":"auto","background-attachment":"scroll","background-type":"","background-media":"","overlay-type":"","overlay-color":"","overlay-opacity":"","overlay-gradient":""},"tablet":{"background-color":"","background-image":"","background-repeat":"repeat","background-position":"center center","background-size":"auto","background-attachment":"scroll","background-type":"","background-media":"","overlay-type":"","overlay-color":"","overlay-opacity":"","overlay-gradient":""},"mobile":{"background-color":"","background-image":"","background-repeat":"repeat","background-position":"center center","background-size":"auto","background-attachment":"scroll","background-type":"","background-media":"","overlay-type":"","overlay-color":"","overlay-opacity":"","overlay-gradient":""}},"ast-content-background-meta":{"desktop":{"background-color":"var(--ast-global-color-5)","background-image":"","background-repeat":"repeat","background-position":"center center","background-size":"auto","background-attachment":"scroll","background-type":"","background-media":"","overlay-type":"","overlay-color":"","overlay-opacity":"","overlay-gradient":""},"tablet":{"background-color":"var(--ast-global-color-5)","background-image":"","background-repeat":"repeat","background-position":"center center","background-size":"auto","background-attachment":"scroll","background-type":"","background-media":"","overlay-type":"","overlay-color":"","overlay-opacity":"","overlay-gradient":""},"mobile":{"background-color":"var(--ast-global-color-5)","background-image":"","background-repeat":"repeat","background-position":"center center","background-size":"auto","background-attachment":"scroll","background-type":"","background-media":"","overlay-type":"","overlay-color":"","overlay-opacity":"","overlay-gradient":""}}},"product_brand":[],"product_cat":[50],"product_tag":[37],"class_list":{"0":"post-2080","1":"product","2":"type-product","3":"status-publish","4":"has-post-thumbnail","6":"product_cat-shirataki-dried-rice","7":"product_tag-konjac-rice","8":"desktop-align-left","9":"tablet-align-left","10":"mobile-align-left","11":"ast-product-gallery-layout-horizontal-slider","12":"ast-product-tabs-layout-horizontal","14":"first","15":"instock","16":"shipping-taxable","17":"product-type-simple"},"_links":{"self":[{"href":"https:\/\/sentaiyuanbio.com\/fr\/wp-json\/wp\/v2\/product\/2080","targetHints":{"allow":["GET"]}}],"collection":[{"href":"https:\/\/sentaiyuanbio.com\/fr\/wp-json\/wp\/v2\/product"}],"about":[{"href":"https:\/\/sentaiyuanbio.com\/fr\/wp-json\/wp\/v2\/types\/product"}],"version-history":[{"count":0,"href":"https:\/\/sentaiyuanbio.com\/fr\/wp-json\/wp\/v2\/product\/2080\/revisions"}],"wp:featuredmedia":[{"embeddable":true,"href":"https:\/\/sentaiyuanbio.com\/fr\/wp-json\/wp\/v2\/media\/4178"}],"wp:attachment":[{"href":"https:\/\/sentaiyuanbio.com\/fr\/wp-json\/wp\/v2\/media?parent=2080"}],"wp:term":[{"taxonomy":"product_brand","embeddable":true,"href":"https:\/\/sentaiyuanbio.com\/fr\/wp-json\/wp\/v2\/product_brand?post=2080"},{"taxonomy":"product_cat","embeddable":true,"href":"https:\/\/sentaiyuanbio.com\/fr\/wp-json\/wp\/v2\/product_cat?post=2080"},{"taxonomy":"product_tag","embeddable":true,"href":"https:\/\/sentaiyuanbio.com\/fr\/wp-json\/wp\/v2\/product_tag?post=2080"}],"curies":[{"name":"wp","href":"https:\/\/api.w.org\/{rel}","templated":true}]}}