{"id":2094,"date":"2024-06-18T02:27:19","date_gmt":"2024-06-18T02:27:19","guid":{"rendered":"https:\/\/sentaiyuanbio.com\/?post_type=product&#038;p=2094"},"modified":"2025-02-26T08:51:00","modified_gmt":"2025-02-26T08:51:00","slug":"riz-noir-shirataki-seche","status":"publish","type":"product","link":"https:\/\/sentaiyuanbio.com\/fr\/produit\/riz-noir-shirataki-seche\/","title":{"rendered":"Riz noir Shirataki s\u00e9ch\u00e9, riz noir Konjac s\u00e9ch\u00e9 en vrac"},"content":{"rendered":"<h2>Tr\u00e9sor nutritionnel<\/h2>\n<p>Le riz noir Shirataki s\u00e9ch\u00e9 est riche en nutriments et pr\u00e9sente un profil nutritionnel impressionnant. Il est moins calorique et a une faible teneur en <a href=\"https:\/\/www.healthline.com\/nutrition\/glycemic-index\" target=\"_blank\" rel=\"noopener\">indice glyc\u00e9mique<\/a>, Ce qui en fait un excellent choix pour les personnes qui suivent un r\u00e9gime amaigrissant ou un r\u00e9gime adapt\u00e9 au diab\u00e8te. En outre, il est riche en fibres alimentaires, ce qui favorise une bonne digestion et la sati\u00e9t\u00e9.<\/p>\n<h2>Sp\u00e9cifications<\/h2>\n<p><strong>Ingr\u00e9dient<\/strong>: <a href=\"https:\/\/sentaiyuanbio.com\/fr\/produit\/glucomannane-de-racine-de-konjac\/\" target=\"_blank\" rel=\"noopener\">Farine de konjac<\/a>, farine de riz noir, eau.<\/p>\n<p><strong>Taille<\/strong>: Les dimensions sont les suivantes : 2mm x 5mm.<\/p>\n<p><strong>Poids net<\/strong>: Emballage : 80g\/sachet, 1kg\/sachet, ou taille d'emballage personnalis\u00e9e.<\/p>\n<p><strong>Dur\u00e9e de conservation<\/strong>: Les frais d'inscription sont de 24 mois.<\/p>\n<p><strong>Paquet<\/strong>: Pochette permanente + carton.<\/p>\n<p><img fetchpriority=\"high\" decoding=\"async\" class=\"alignnone wp-image-3972 size-full\" src=\"https:\/\/sentaiyuanbio.com\/wp-content\/uploads\/2024\/06\/Dried-Konjac-Black-Rice-Bulk.webp\" alt=\"Konjac s\u00e9ch\u00e9 Riz noir Vrac\" width=\"1000\" height=\"1000\" srcset=\"https:\/\/sentaiyuanbio.com\/wp-content\/uploads\/2024\/06\/Dried-Konjac-Black-Rice-Bulk.webp 1000w, https:\/\/sentaiyuanbio.com\/wp-content\/uploads\/2024\/06\/Dried-Konjac-Black-Rice-Bulk-600x600.webp 600w, https:\/\/sentaiyuanbio.com\/wp-content\/uploads\/2024\/06\/Dried-Konjac-Black-Rice-Bulk-100x100.webp 100w, https:\/\/sentaiyuanbio.com\/wp-content\/uploads\/2024\/06\/Dried-Konjac-Black-Rice-Bulk-300x300.webp 300w, https:\/\/sentaiyuanbio.com\/wp-content\/uploads\/2024\/06\/Dried-Konjac-Black-Rice-Bulk-150x150.webp 150w, https:\/\/sentaiyuanbio.com\/wp-content\/uploads\/2024\/06\/Dried-Konjac-Black-Rice-Bulk-768x768.webp 768w\" sizes=\"(max-width: 1000px) 100vw, 1000px\" \/><\/p>\n<h2>Liste des ingr\u00e9dients du riz noir Shirataki s\u00e9ch\u00e9<\/h2>\n<table cellspacing=\"0\" cellpadding=\"0\">\n<colgroup>\n<col style=\"width: 180px;\" width=\"215\" \/>\n<col style=\"width: 383px;\" width=\"383\" \/> <\/colgroup>\n<tbody>\n<tr>\n<td colspan=\"3\" align=\"center\">Ingr\u00e9dients du riz sec au ma\u00efs Shirataki<\/td>\n<\/tr>\n<tr>\n<td align=\"center\">Non.<\/td>\n<td align=\"center\">Mat\u00e9riau<\/td>\n<td align=\"center\">%<\/td>\n<\/tr>\n<tr>\n<td align=\"center\">1<\/td>\n<td align=\"center\">Farine de konjac<\/td>\n<td align=\"center\">46<\/td>\n<\/tr>\n<tr>\n<td align=\"center\">2<\/td>\n<td align=\"center\">Farine de riz rouge<\/td>\n<td align=\"center\">44<\/td>\n<\/tr>\n<tr>\n<td align=\"center\">3<\/td>\n<td align=\"center\">L'eau<\/td>\n<td align=\"center\">10<\/td>\n<\/tr>\n<tr>\n<td colspan=\"2\" align=\"center\">Somme<\/td>\n<td align=\"center\">100<\/td>\n<\/tr>\n<\/tbody>\n<\/table>\n<h2>100g de riz noir Shirataki s\u00e9ch\u00e9 Valeur nutritive<\/h2>\n<table cellspacing=\"0\" cellpadding=\"0\">\n<colgroup>\n<col style=\"width: 180px;\" width=\"215\" \/>\n<col style=\"width: 383px;\" width=\"383\" \/> <\/colgroup>\n<tbody>\n<tr>\n<td align=\"center\" width=\"284\"><b>L'\u00e9nergie<\/b><\/td>\n<td align=\"center\" width=\"284\">350 Kcal<\/td>\n<\/tr>\n<tr>\n<td align=\"center\" width=\"284\"><b>Glucides<\/b><\/td>\n<td align=\"center\" width=\"284\">70.1g<\/td>\n<\/tr>\n<tr>\n<td align=\"center\" width=\"284\"><b>Graisses totales<\/b><\/td>\n<td align=\"center\" width=\"284\">2.4g<\/td>\n<\/tr>\n<tr>\n<td align=\"center\" width=\"284\"><b>Prot\u00e9ines<\/b><\/td>\n<td align=\"center\" width=\"284\">9.2g<\/td>\n<\/tr>\n<tr>\n<td align=\"center\" width=\"284\"><b>Fibres alimentaires<\/b><\/td>\n<td align=\"center\" width=\"284\">5.7g<\/td>\n<\/tr>\n<tr>\n<td align=\"center\" width=\"284\"><b>Sodium<\/b><\/td>\n<td align=\"center\" width=\"284\">7 mg<\/td>\n<\/tr>\n<\/tbody>\n<\/table>\n<h2>100g de riz noir Shirataki s\u00e9ch\u00e9 et cuit Valeur nutritive<\/h2>\n<table cellspacing=\"0\" cellpadding=\"0\">\n<colgroup>\n<col style=\"width: 180px;\" width=\"215\" \/>\n<col style=\"width: 383px;\" width=\"383\" \/> <\/colgroup>\n<tbody>\n<tr>\n<td align=\"center\" width=\"284\"><b>L'\u00e9nergie<\/b><\/td>\n<td align=\"center\" width=\"284\">70 Kcal<\/td>\n<\/tr>\n<tr>\n<td align=\"center\" width=\"284\"><b>Glucides<\/b><\/td>\n<td align=\"center\" width=\"284\">14.1g<\/td>\n<\/tr>\n<tr>\n<td align=\"center\" width=\"284\"><b>Graisses totales<\/b><\/td>\n<td align=\"center\" width=\"284\">0.5g<\/td>\n<\/tr>\n<tr>\n<td align=\"center\" width=\"284\"><b>Prot\u00e9ines<\/b><\/td>\n<td align=\"center\" width=\"284\">1.8g<\/td>\n<\/tr>\n<tr>\n<td align=\"center\" width=\"284\"><b>Fibres alimentaires<\/b><\/td>\n<td align=\"center\" width=\"284\">1.1g<\/td>\n<\/tr>\n<tr>\n<td align=\"center\" width=\"284\"><b>Sodium<\/b><\/td>\n<td align=\"center\" width=\"284\">1 mg<\/td>\n<\/tr>\n<\/tbody>\n<\/table>\n<h2>Pratique et durable<\/h2>\n<p>Avec une dur\u00e9e de conservation allant jusqu'\u00e0 24 mois, vous pouvez stocker ce substitut de riz en toute confiance. Son emballage compact le rend facile \u00e0 stocker et \u00e0 transporter, vous garantissant une option nutritive o\u00f9 que vous alliez.<\/p>\n<h2>Facile \u00e0 pr\u00e9parer<\/h2>\n<p>Faites-le tremper dans de l'eau chaude pendant 15 minutes ou passez-le au micro-ondes pendant 3 \u00e0 4 minutes, et vous \u00eates pr\u00eat \u00e0 d\u00e9guster un d\u00e9licieux plat d'accompagnement sain. Sa polyvalence vous permet de l'incorporer dans diverses recettes, des saut\u00e9s aux salades, en passant par les desserts.<\/p>\n<p><img decoding=\"async\" class=\"alignnone wp-image-2100 size-full\" src=\"https:\/\/sentaiyuanbio.com\/wp-content\/uploads\/2024\/06\/Dried-Shirataki-Black-Rice-1.jpg\" alt=\"Konjac s\u00e9ch\u00e9 Riz noir Vrac\" width=\"750\" height=\"600\" srcset=\"https:\/\/sentaiyuanbio.com\/wp-content\/uploads\/2024\/06\/Dried-Shirataki-Black-Rice-1.jpg 750w, https:\/\/sentaiyuanbio.com\/wp-content\/uploads\/2024\/06\/Dried-Shirataki-Black-Rice-1-300x240.jpg 300w, https:\/\/sentaiyuanbio.com\/wp-content\/uploads\/2024\/06\/Dried-Shirataki-Black-Rice-1-600x480.jpg 600w\" sizes=\"(max-width: 750px) 100vw, 750px\" \/><img decoding=\"async\" class=\"alignnone wp-image-2101 size-full\" src=\"https:\/\/sentaiyuanbio.com\/wp-content\/uploads\/2024\/06\/Dried-Shirataki-Black-Rice-2.jpg\" alt=\"Konjac s\u00e9ch\u00e9 Riz noir Vrac\" width=\"750\" height=\"433\" srcset=\"https:\/\/sentaiyuanbio.com\/wp-content\/uploads\/2024\/06\/Dried-Shirataki-Black-Rice-2.jpg 750w, https:\/\/sentaiyuanbio.com\/wp-content\/uploads\/2024\/06\/Dried-Shirataki-Black-Rice-2-300x173.jpg 300w, https:\/\/sentaiyuanbio.com\/wp-content\/uploads\/2024\/06\/Dried-Shirataki-Black-Rice-2-600x346.jpg 600w\" sizes=\"(max-width: 750px) 100vw, 750px\" \/> <img loading=\"lazy\" decoding=\"async\" class=\"alignnone wp-image-2102 size-full\" src=\"https:\/\/sentaiyuanbio.com\/wp-content\/uploads\/2024\/06\/Dried-Shirataki-Black-Rice-3.jpg\" alt=\"Konjac s\u00e9ch\u00e9 Riz noir Vrac\" width=\"750\" height=\"423\" srcset=\"https:\/\/sentaiyuanbio.com\/wp-content\/uploads\/2024\/06\/Dried-Shirataki-Black-Rice-3.jpg 750w, https:\/\/sentaiyuanbio.com\/wp-content\/uploads\/2024\/06\/Dried-Shirataki-Black-Rice-3-300x169.jpg 300w, https:\/\/sentaiyuanbio.com\/wp-content\/uploads\/2024\/06\/Dried-Shirataki-Black-Rice-3-600x338.jpg 600w\" sizes=\"(max-width: 750px) 100vw, 750px\" \/> <img loading=\"lazy\" decoding=\"async\" class=\"alignnone wp-image-2103 size-full\" src=\"https:\/\/sentaiyuanbio.com\/wp-content\/uploads\/2024\/06\/Dried-Shirataki-Black-Rice-4.jpg\" alt=\"Konjac s\u00e9ch\u00e9 Riz noir Vrac\" width=\"750\" height=\"552\" srcset=\"https:\/\/sentaiyuanbio.com\/wp-content\/uploads\/2024\/06\/Dried-Shirataki-Black-Rice-4.jpg 750w, https:\/\/sentaiyuanbio.com\/wp-content\/uploads\/2024\/06\/Dried-Shirataki-Black-Rice-4-300x221.jpg 300w, https:\/\/sentaiyuanbio.com\/wp-content\/uploads\/2024\/06\/Dried-Shirataki-Black-Rice-4-600x442.jpg 600w\" sizes=\"(max-width: 750px) 100vw, 750px\" \/> <img loading=\"lazy\" decoding=\"async\" class=\"alignnone wp-image-2104 size-full\" src=\"https:\/\/sentaiyuanbio.com\/wp-content\/uploads\/2024\/06\/Dried-Shirataki-Black-Rice-5.jpg\" alt=\"Konjac s\u00e9ch\u00e9 Riz noir Vrac\" width=\"750\" height=\"629\" srcset=\"https:\/\/sentaiyuanbio.com\/wp-content\/uploads\/2024\/06\/Dried-Shirataki-Black-Rice-5.jpg 750w, https:\/\/sentaiyuanbio.com\/wp-content\/uploads\/2024\/06\/Dried-Shirataki-Black-Rice-5-300x252.jpg 300w, https:\/\/sentaiyuanbio.com\/wp-content\/uploads\/2024\/06\/Dried-Shirataki-Black-Rice-5-600x503.jpg 600w\" sizes=\"(max-width: 750px) 100vw, 750px\" \/> <img loading=\"lazy\" decoding=\"async\" class=\"alignnone wp-image-2105 size-full\" src=\"https:\/\/sentaiyuanbio.com\/wp-content\/uploads\/2024\/06\/Dried-Shirataki-Black-Rice-6.jpg\" alt=\"Konjac s\u00e9ch\u00e9 Riz noir Vrac\" width=\"750\" height=\"557\" srcset=\"https:\/\/sentaiyuanbio.com\/wp-content\/uploads\/2024\/06\/Dried-Shirataki-Black-Rice-6.jpg 750w, https:\/\/sentaiyuanbio.com\/wp-content\/uploads\/2024\/06\/Dried-Shirataki-Black-Rice-6-300x223.jpg 300w, https:\/\/sentaiyuanbio.com\/wp-content\/uploads\/2024\/06\/Dried-Shirataki-Black-Rice-6-600x446.jpg 600w\" sizes=\"(max-width: 750px) 100vw, 750px\" \/> <img loading=\"lazy\" decoding=\"async\" class=\"alignnone wp-image-2106 size-full\" src=\"https:\/\/sentaiyuanbio.com\/wp-content\/uploads\/2024\/06\/Dried-Shirataki-Black-Rice-7.jpg\" alt=\"Consommation journali\u00e8re 80g par portion\" width=\"750\" height=\"728\" srcset=\"https:\/\/sentaiyuanbio.com\/wp-content\/uploads\/2024\/06\/Dried-Shirataki-Black-Rice-7.jpg 750w, https:\/\/sentaiyuanbio.com\/wp-content\/uploads\/2024\/06\/Dried-Shirataki-Black-Rice-7-300x291.jpg 300w, https:\/\/sentaiyuanbio.com\/wp-content\/uploads\/2024\/06\/Dried-Shirataki-Black-Rice-7-600x582.jpg 600w\" sizes=\"(max-width: 750px) 100vw, 750px\" \/><\/p>\n<p>Cette alternative au riz sans fioritures r\u00e9pond \u00e0 vos besoins nutritionnels sans compromettre la saveur. D\u00e9couvrez l'\u00e9quilibre parfait entre sant\u00e9 et saveur \u00e0 chaque bouch\u00e9e.<\/p>\n<div id=\"gtx-trans\" style=\"position: absolute; left: 712px; top: 2179.92px;\">\n<div class=\"gtx-trans-icon\"><\/div>\n<\/div>","protected":false},"excerpt":{"rendered":"<p>Le riz noir Shirataki s\u00e9ch\u00e9 est un produit nouvellement lanc\u00e9 qui combine les avantages de la farine de konjac et de la farine de riz noir pour offrir une alternative au riz traditionnel, pauvre en glucides et en calories et riche en fibres.<\/p>\n<p>Ce produit innovant est parfait pour les personnes soucieuses de leur sant\u00e9 qui recherchent une friandise sans poids, sans compromis sur le go\u00fbt ou la texture.<\/p>","protected":false},"featured_media":4179,"template":"","meta":{"site-sidebar-layout":"default","site-content-layout":"","ast-site-content-layout":"default","site-content-style":"default","site-sidebar-style":"default","ast-global-header-display":"","ast-banner-title-visibility":"","ast-main-header-display":"","ast-hfb-above-header-display":"","ast-hfb-below-header-display":"","ast-hfb-mobile-header-display":"","site-post-title":"","ast-breadcrumbs-content":"","ast-featured-img":"","footer-sml-layout":"","ast-disable-related-posts":"","theme-transparent-header-meta":"default","adv-header-id-meta":"","stick-header-meta":"default","header-above-stick-meta":"","header-main-stick-meta":"","header-below-stick-meta":"","astra-migrate-meta-layouts":"set","ast-page-background-enabled":"default","ast-page-background-meta":{"desktop":{"background-color":"","background-image":"","background-repeat":"repeat","background-position":"center center","background-size":"auto","background-attachment":"scroll","background-type":"","background-media":"","overlay-type":"","overlay-color":"","overlay-opacity":"","overlay-gradient":""},"tablet":{"background-color":"","background-image":"","background-repeat":"repeat","background-position":"center center","background-size":"auto","background-attachment":"scroll","background-type":"","background-media":"","overlay-type":"","overlay-color":"","overlay-opacity":"","overlay-gradient":""},"mobile":{"background-color":"","background-image":"","background-repeat":"repeat","background-position":"center center","background-size":"auto","background-attachment":"scroll","background-type":"","background-media":"","overlay-type":"","overlay-color":"","overlay-opacity":"","overlay-gradient":""}},"ast-content-background-meta":{"desktop":{"background-color":"var(--ast-global-color-5)","background-image":"","background-repeat":"repeat","background-position":"center center","background-size":"auto","background-attachment":"scroll","background-type":"","background-media":"","overlay-type":"","overlay-color":"","overlay-opacity":"","overlay-gradient":""},"tablet":{"background-color":"var(--ast-global-color-5)","background-image":"","background-repeat":"repeat","background-position":"center center","background-size":"auto","background-attachment":"scroll","background-type":"","background-media":"","overlay-type":"","overlay-color":"","overlay-opacity":"","overlay-gradient":""},"mobile":{"background-color":"var(--ast-global-color-5)","background-image":"","background-repeat":"repeat","background-position":"center center","background-size":"auto","background-attachment":"scroll","background-type":"","background-media":"","overlay-type":"","overlay-color":"","overlay-opacity":"","overlay-gradient":""}}},"product_brand":[],"product_cat":[50],"product_tag":[37],"class_list":{"0":"post-2094","1":"product","2":"type-product","3":"status-publish","4":"has-post-thumbnail","6":"product_cat-shirataki-dried-rice","7":"product_tag-konjac-rice","8":"desktop-align-left","9":"tablet-align-left","10":"mobile-align-left","11":"ast-product-gallery-layout-horizontal-slider","12":"ast-product-tabs-layout-horizontal","14":"first","15":"instock","16":"shipping-taxable","17":"product-type-simple"},"_links":{"self":[{"href":"https:\/\/sentaiyuanbio.com\/fr\/wp-json\/wp\/v2\/product\/2094","targetHints":{"allow":["GET"]}}],"collection":[{"href":"https:\/\/sentaiyuanbio.com\/fr\/wp-json\/wp\/v2\/product"}],"about":[{"href":"https:\/\/sentaiyuanbio.com\/fr\/wp-json\/wp\/v2\/types\/product"}],"version-history":[{"count":0,"href":"https:\/\/sentaiyuanbio.com\/fr\/wp-json\/wp\/v2\/product\/2094\/revisions"}],"wp:featuredmedia":[{"embeddable":true,"href":"https:\/\/sentaiyuanbio.com\/fr\/wp-json\/wp\/v2\/media\/4179"}],"wp:attachment":[{"href":"https:\/\/sentaiyuanbio.com\/fr\/wp-json\/wp\/v2\/media?parent=2094"}],"wp:term":[{"taxonomy":"product_brand","embeddable":true,"href":"https:\/\/sentaiyuanbio.com\/fr\/wp-json\/wp\/v2\/product_brand?post=2094"},{"taxonomy":"product_cat","embeddable":true,"href":"https:\/\/sentaiyuanbio.com\/fr\/wp-json\/wp\/v2\/product_cat?post=2094"},{"taxonomy":"product_tag","embeddable":true,"href":"https:\/\/sentaiyuanbio.com\/fr\/wp-json\/wp\/v2\/product_tag?post=2094"}],"curies":[{"name":"wp","href":"https:\/\/api.w.org\/{rel}","templated":true}]}}