{"id":2167,"date":"2024-07-04T02:21:05","date_gmt":"2024-07-04T02:21:05","guid":{"rendered":"https:\/\/sentaiyuanbio.com\/?post_type=product&#038;p=2167"},"modified":"2025-02-27T02:23:03","modified_gmt":"2025-02-27T02:23:03","slug":"nouilles-shirataki-ramen-au-curry-rouge","status":"publish","type":"product","link":"https:\/\/sentaiyuanbio.com\/fr\/produit\/nouilles-shirataki-ramen-au-curry-rouge\/","title":{"rendered":"Nouilles Shirataki Ramen au curry rouge"},"content":{"rendered":"<h2>Nouilles Shirataki Ramen Saveur Curry Rouge Ingr\u00e9dients :<\/h2>\n<p><strong>Sauce<\/strong>: Eau, sucre blanc, huile v\u00e9g\u00e9tale, sel comestible, oignon, ail, curry en poudre, gingembre, concentr\u00e9 de tomates, poivron rouge en poudre, extrait de levure, poivre en poudre, \u00e9pices (poivre noir en poudre, oignon en poudre), essence comestible, sel disodique <a href=\"https:\/\/www.sciencedirect.com\/topics\/agricultural-and-biological-sciences\/ribonucleotide\" target=\"_blank\" rel=\"noopener\">5'-ribonucl\u00e9otide<\/a>, Acide citrique.<br \/>\n<strong>Ramen<\/strong>: Farine de riz brun, farine de sarrasin,<a href=\"https:\/\/sentaiyuanbio.com\/fr\/produit\/poudre-de-konjac\/\" target=\"_blank\" rel=\"noopener\"> farine de konjac<\/a>, de l'eau.<br \/>\n<strong>Allerg\u00e8nes<\/strong>: Contient du bl\u00e9 et des produits d\u00e9riv\u00e9s.<br \/>\n<strong>Poids net<\/strong>: 20g(Sauce)+50g(Ramen)<br \/>\n<strong>Dur\u00e9e de conservation<\/strong>: 14 mois<br \/>\n<strong>Stockage<\/strong>: Stocker dans un endroit frais et sec. Conserver \u00e0 l'abri de la lumi\u00e8re et de la chaleur. Conserver \u00e0 l'abri de la lumi\u00e8re et de la chaleur. Apr\u00e8s ouverture, conserver au r\u00e9frig\u00e9rateur et consommer dans les 24 heures.<\/p>\n<h2>Shirataki Noodles Ramen Red Curry Saveur Caract\u00e9ristiques :<\/h2>\n<p>-sans gluten<br \/>\n-sans sucre<br \/>\n-faible teneur en calories<br \/>\n-faible teneur en glucides<br \/>\n-faible teneur en sodium<br \/>\n-Faible teneur en mati\u00e8res grasses, seulement 1,71 gramme de mati\u00e8res grasses totales par portion<br \/>\n-sans OGM et sans allerg\u00e8nes<br \/>\n-R\u00e9gime alimentaire respectueux de l'environnement<br \/>\n-rapide et facile<\/p>\n<table border=\"1\" cellspacing=\"1\">\n<tbody>\n<tr>\n<td width=\"284\"><b>Valeurs nutritives<\/b><\/td>\n<td width=\"284\"><b>Par portion<\/b><\/td>\n<\/tr>\n<tr>\n<td width=\"284\"><b>L'\u00e9nergie<\/b><\/td>\n<td width=\"284\">235Kcal<\/td>\n<\/tr>\n<tr>\n<td width=\"284\"><b>Prot\u00e9ines<\/b><\/td>\n<td width=\"284\">4.17g<\/td>\n<\/tr>\n<tr>\n<td width=\"284\"><b>Graisses totales<\/b><\/td>\n<td width=\"284\">3.53g<\/td>\n<\/tr>\n<tr>\n<td width=\"284\"><b>Glucides totaux<\/b><\/td>\n<td width=\"284\">46g<\/td>\n<\/tr>\n<tr>\n<td width=\"284\"><b>Fibres alimentaires<\/b><\/td>\n<td width=\"284\">2g<\/td>\n<\/tr>\n<tr>\n<td width=\"284\"><b>Sodium<\/b><\/td>\n<td width=\"284\">724 mg<\/td>\n<\/tr>\n<\/tbody>\n<\/table>\n<p><img fetchpriority=\"high\" decoding=\"async\" class=\"alignnone wp-image-2183 size-full\" src=\"https:\/\/sentaiyuanbio.com\/wp-content\/uploads\/2024\/07\/Konjac-Noodles-Ramen-1.jpg\" alt=\"ramen shirataki\" width=\"750\" height=\"601\" srcset=\"https:\/\/sentaiyuanbio.com\/wp-content\/uploads\/2024\/07\/Konjac-Noodles-Ramen-1.jpg 750w, https:\/\/sentaiyuanbio.com\/wp-content\/uploads\/2024\/07\/Konjac-Noodles-Ramen-1-300x240.jpg 300w, https:\/\/sentaiyuanbio.com\/wp-content\/uploads\/2024\/07\/Konjac-Noodles-Ramen-1-600x481.jpg 600w\" sizes=\"(max-width: 750px) 100vw, 750px\" \/><img decoding=\"async\" class=\"alignnone wp-image-2184 size-full\" src=\"https:\/\/sentaiyuanbio.com\/wp-content\/uploads\/2024\/07\/Konjac-Noodles-Ramen-2.jpg\" alt=\"ramen shirataki\" width=\"750\" height=\"656\" srcset=\"https:\/\/sentaiyuanbio.com\/wp-content\/uploads\/2024\/07\/Konjac-Noodles-Ramen-2.jpg 750w, https:\/\/sentaiyuanbio.com\/wp-content\/uploads\/2024\/07\/Konjac-Noodles-Ramen-2-300x262.jpg 300w, https:\/\/sentaiyuanbio.com\/wp-content\/uploads\/2024\/07\/Konjac-Noodles-Ramen-2-600x525.jpg 600w\" sizes=\"(max-width: 750px) 100vw, 750px\" \/><img decoding=\"async\" class=\"alignnone wp-image-2185 size-full\" src=\"https:\/\/sentaiyuanbio.com\/wp-content\/uploads\/2024\/07\/Konjac-Noodles-Ramen-3.jpg\" alt=\"ramen shirataki\" width=\"750\" height=\"712\" srcset=\"https:\/\/sentaiyuanbio.com\/wp-content\/uploads\/2024\/07\/Konjac-Noodles-Ramen-3.jpg 750w, https:\/\/sentaiyuanbio.com\/wp-content\/uploads\/2024\/07\/Konjac-Noodles-Ramen-3-300x285.jpg 300w, https:\/\/sentaiyuanbio.com\/wp-content\/uploads\/2024\/07\/Konjac-Noodles-Ramen-3-600x570.jpg 600w\" sizes=\"(max-width: 750px) 100vw, 750px\" \/><img loading=\"lazy\" decoding=\"async\" class=\"alignnone wp-image-2186 size-full\" src=\"https:\/\/sentaiyuanbio.com\/wp-content\/uploads\/2024\/07\/Konjac-Noodles-Ramen-4.jpg\" alt=\"ramen shirataki\" width=\"750\" height=\"619\" srcset=\"https:\/\/sentaiyuanbio.com\/wp-content\/uploads\/2024\/07\/Konjac-Noodles-Ramen-4.jpg 750w, https:\/\/sentaiyuanbio.com\/wp-content\/uploads\/2024\/07\/Konjac-Noodles-Ramen-4-300x248.jpg 300w, https:\/\/sentaiyuanbio.com\/wp-content\/uploads\/2024\/07\/Konjac-Noodles-Ramen-4-600x495.jpg 600w\" sizes=\"(max-width: 750px) 100vw, 750px\" \/><img loading=\"lazy\" decoding=\"async\" class=\"alignnone wp-image-2187 size-full\" src=\"https:\/\/sentaiyuanbio.com\/wp-content\/uploads\/2024\/07\/Konjac-Noodles-Ramen-5.jpg\" alt=\"ramen shirataki\" width=\"750\" height=\"664\" srcset=\"https:\/\/sentaiyuanbio.com\/wp-content\/uploads\/2024\/07\/Konjac-Noodles-Ramen-5.jpg 750w, https:\/\/sentaiyuanbio.com\/wp-content\/uploads\/2024\/07\/Konjac-Noodles-Ramen-5-300x266.jpg 300w, https:\/\/sentaiyuanbio.com\/wp-content\/uploads\/2024\/07\/Konjac-Noodles-Ramen-5-600x531.jpg 600w\" sizes=\"(max-width: 750px) 100vw, 750px\" \/><img loading=\"lazy\" decoding=\"async\" class=\"alignnone wp-image-2188 size-full\" src=\"https:\/\/sentaiyuanbio.com\/wp-content\/uploads\/2024\/07\/Konjac-Noodles-Ramen-6.jpg\" alt=\"Ramen aux nouilles de konjac\" width=\"750\" height=\"748\" srcset=\"https:\/\/sentaiyuanbio.com\/wp-content\/uploads\/2024\/07\/Konjac-Noodles-Ramen-6.jpg 750w, https:\/\/sentaiyuanbio.com\/wp-content\/uploads\/2024\/07\/Konjac-Noodles-Ramen-6-100x100.jpg 100w, https:\/\/sentaiyuanbio.com\/wp-content\/uploads\/2024\/07\/Konjac-Noodles-Ramen-6-300x300.jpg 300w, https:\/\/sentaiyuanbio.com\/wp-content\/uploads\/2024\/07\/Konjac-Noodles-Ramen-6-150x150.jpg 150w, https:\/\/sentaiyuanbio.com\/wp-content\/uploads\/2024\/07\/Konjac-Noodles-Ramen-6-600x598.jpg 600w\" sizes=\"(max-width: 750px) 100vw, 750px\" \/><\/p>","protected":false},"excerpt":{"rendered":"<p>Nos nouilles shirataki au curry rouge sont pauvres en mati\u00e8res grasses, riches en nutriments et r\u00e9pondent aux besoins des consommateurs soucieux de leur sant\u00e9 et de leur go\u00fbt. Chaque portion de ramen contient 235 calories, 4 g de prot\u00e9ines et 46 g de glucides.<\/p>","protected":false},"featured_media":4237,"template":"","meta":{"site-sidebar-layout":"default","site-content-layout":"","ast-site-content-layout":"default","site-content-style":"default","site-sidebar-style":"default","ast-global-header-display":"","ast-banner-title-visibility":"","ast-main-header-display":"","ast-hfb-above-header-display":"","ast-hfb-below-header-display":"","ast-hfb-mobile-header-display":"","site-post-title":"","ast-breadcrumbs-content":"","ast-featured-img":"","footer-sml-layout":"","ast-disable-related-posts":"","theme-transparent-header-meta":"default","adv-header-id-meta":"","stick-header-meta":"default","header-above-stick-meta":"","header-main-stick-meta":"","header-below-stick-meta":"","astra-migrate-meta-layouts":"set","ast-page-background-enabled":"default","ast-page-background-meta":{"desktop":{"background-color":"","background-image":"","background-repeat":"repeat","background-position":"center center","background-size":"auto","background-attachment":"scroll","background-type":"","background-media":"","overlay-type":"","overlay-color":"","overlay-opacity":"","overlay-gradient":""},"tablet":{"background-color":"","background-image":"","background-repeat":"repeat","background-position":"center center","background-size":"auto","background-attachment":"scroll","background-type":"","background-media":"","overlay-type":"","overlay-color":"","overlay-opacity":"","overlay-gradient":""},"mobile":{"background-color":"","background-image":"","background-repeat":"repeat","background-position":"center center","background-size":"auto","background-attachment":"scroll","background-type":"","background-media":"","overlay-type":"","overlay-color":"","overlay-opacity":"","overlay-gradient":""}},"ast-content-background-meta":{"desktop":{"background-color":"var(--ast-global-color-5)","background-image":"","background-repeat":"repeat","background-position":"center center","background-size":"auto","background-attachment":"scroll","background-type":"","background-media":"","overlay-type":"","overlay-color":"","overlay-opacity":"","overlay-gradient":""},"tablet":{"background-color":"var(--ast-global-color-5)","background-image":"","background-repeat":"repeat","background-position":"center center","background-size":"auto","background-attachment":"scroll","background-type":"","background-media":"","overlay-type":"","overlay-color":"","overlay-opacity":"","overlay-gradient":""},"mobile":{"background-color":"var(--ast-global-color-5)","background-image":"","background-repeat":"repeat","background-position":"center center","background-size":"auto","background-attachment":"scroll","background-type":"","background-media":"","overlay-type":"","overlay-color":"","overlay-opacity":"","overlay-gradient":""}}},"product_brand":[],"product_cat":[51],"product_tag":[40],"class_list":{"0":"post-2167","1":"product","2":"type-product","3":"status-publish","4":"has-post-thumbnail","6":"product_cat-konjac-ramen","7":"product_tag-konjac-cup-noodles","8":"desktop-align-left","9":"tablet-align-left","10":"mobile-align-left","11":"ast-product-gallery-layout-horizontal-slider","12":"ast-product-tabs-layout-horizontal","14":"first","15":"instock","16":"shipping-taxable","17":"product-type-simple"},"_links":{"self":[{"href":"https:\/\/sentaiyuanbio.com\/fr\/wp-json\/wp\/v2\/product\/2167","targetHints":{"allow":["GET"]}}],"collection":[{"href":"https:\/\/sentaiyuanbio.com\/fr\/wp-json\/wp\/v2\/product"}],"about":[{"href":"https:\/\/sentaiyuanbio.com\/fr\/wp-json\/wp\/v2\/types\/product"}],"version-history":[{"count":0,"href":"https:\/\/sentaiyuanbio.com\/fr\/wp-json\/wp\/v2\/product\/2167\/revisions"}],"wp:featuredmedia":[{"embeddable":true,"href":"https:\/\/sentaiyuanbio.com\/fr\/wp-json\/wp\/v2\/media\/4237"}],"wp:attachment":[{"href":"https:\/\/sentaiyuanbio.com\/fr\/wp-json\/wp\/v2\/media?parent=2167"}],"wp:term":[{"taxonomy":"product_brand","embeddable":true,"href":"https:\/\/sentaiyuanbio.com\/fr\/wp-json\/wp\/v2\/product_brand?post=2167"},{"taxonomy":"product_cat","embeddable":true,"href":"https:\/\/sentaiyuanbio.com\/fr\/wp-json\/wp\/v2\/product_cat?post=2167"},{"taxonomy":"product_tag","embeddable":true,"href":"https:\/\/sentaiyuanbio.com\/fr\/wp-json\/wp\/v2\/product_tag?post=2167"}],"curies":[{"name":"wp","href":"https:\/\/api.w.org\/{rel}","templated":true}]}}