{"id":2233,"date":"2024-07-08T07:51:22","date_gmt":"2024-07-08T07:51:22","guid":{"rendered":"https:\/\/sentaiyuanbio.com\/?post_type=product&#038;p=2233"},"modified":"2025-06-05T05:41:12","modified_gmt":"2025-06-05T05:41:12","slug":"gelee-de-konjac-saveur-collagene-orange","status":"publish","type":"product","link":"https:\/\/sentaiyuanbio.com\/fr\/produit\/gelee-de-konjac-saveur-collagene-orange\/","title":{"rendered":"Gel\u00e9e de Konjac Go\u00fbt Collag\u00e8ne Orange"},"content":{"rendered":"<p>Savourez la douce saveur de collag\u00e8ne orange de la gel\u00e9e de Konjac \u00e0 l'orange conditionn\u00e9e dans des sachets \u00e0 fond plat. Avec une texture douce et fondante dans la bouche, ces gel\u00e9es ne manqueront pas de ravir votre humeur tout au long de la journ\u00e9e !<\/p>\n<h2>1. Ingr\u00e9dients de la gel\u00e9e de konjac \u00e0 l'orange<\/h2>\n<p>Eau, jus d'orange concentr\u00e9, <a href=\"https:\/\/www.healthline.com\/nutrition\/erythritol\" target=\"_blank\" rel=\"noopener\">Erythritol<\/a>, <a href=\"https:\/\/sentaiyuanbio.com\/fr\/produit\/poudre-de-konjac\/\" target=\"_blank\" rel=\"noopener\">Poudre de konjac<\/a>, Carragh\u00e9nane, acide citrique, <a href=\"https:\/\/www.drugs.com\/potassium_chloride.html\" target=\"_blank\" rel=\"noopener\">Chlorure de potassium<\/a>, Sorbate de potassium, vitamine C et peptide de collag\u00e8ne.<\/p>\n<h2>2. Sp\u00e9cifications du poids et de la taille de la gel\u00e9e de konjac orange<\/h2>\n<p>Taille du produit : \u00e0 personnaliser<br \/>\nPoids net : 150g<br \/>\nPoids brut : 155g<br \/>\nType d'emballage : Sachet debout<\/p>\n<h2>3. Caract\u00e9ristiques physiques de Konnyaku jelly orange<\/h2>\n<p>Couleur : jaune<br \/>\nGo\u00fbt : Go\u00fbt d'orange<br \/>\nTexture : Douce et lisse<br \/>\nAspect physique : Gel semi-fluide<\/p>\n<h2>4. Caract\u00e9ristiques du produit<\/h2>\n<p><strong>\u00a0Texture g\u00e9latineuse<\/strong>: L'inclusion de <a href=\"https:\/\/sentaiyuanbio.com\/fr\/product-category\/fibres-alimentaires-de-konjac\/\" target=\"_blank\" rel=\"noopener\">fibres alimentaires de konjac<\/a>, Le konjac, produit \u00e0 partir de la racine de la plante, contribue \u00e0 sa texture g\u00e9latineuse. Il a une texture un peu moelleuse et rebondissante, ce qui en fait une boisson agr\u00e9able et inhabituelle.<\/p>\n<p><strong>Faible teneur en calories<\/strong>: Elle est souvent pr\u00e9sent\u00e9e comme une boisson \u00e0 faible teneur en calories. Elle est largement utilis\u00e9e comme alternative aux boissons riches en calories telles que les sodas et les jus de fruits. Cette caract\u00e9ristique la rend id\u00e9ale pour les personnes qui font attention \u00e0 leur consommation de calories.<\/p>\n<p><strong>Teneur en fibres alimentaires<\/strong>: Il est riche en fibres alimentaires, en particulier en fibres solubles connues sous le nom de glucomannane, qui provient de la plante Konjac. Le glucomannane est reconnu pour sa capacit\u00e9 \u00e0 absorber l'eau et \u00e0 produire une mati\u00e8re g\u00e9latineuse dans le syst\u00e8me digestif, ce qui favorise la sensation de sati\u00e9t\u00e9 et peut aider \u00e0 contr\u00f4ler le poids.<\/p>\n<p><strong>Avantages potentiels pour la sant\u00e9<\/strong>: La gel\u00e9e de konjac est souvent associ\u00e9e \u00e0 une vari\u00e9t\u00e9 de bienfaits pour la sant\u00e9. Gr\u00e2ce \u00e0 sa teneur \u00e9lev\u00e9e en fibres, elle peut aider \u00e0 r\u00e9guler le taux de sucre dans le sang, faciliter la digestion et favoriser un transit intestinal r\u00e9gulier. En outre, on pense que cette boisson am\u00e9liore le taux de cholest\u00e9rol en abaissant le taux de cholest\u00e9rol dans le sang. <a href=\"https:\/\/medlineplus.gov\/ldlthebadcholesterol.html\" target=\"_blank\" rel=\"noopener\">LDL (mauvais cholest\u00e9rol)<\/a>.<\/p>\n<p><strong>Faible teneur en mati\u00e8res grasses et en sucre<\/strong>: Globalement, il a une faible teneur en graisses et en sucres. Cela peut \u00eatre b\u00e9n\u00e9fique pour les personnes qui suivent un r\u00e9gime pauvre en graisses ou en sucres ou qui cherchent \u00e0 r\u00e9duire leur consommation globale de sucres.<\/p>\n<p><strong>Variations de go\u00fbt<\/strong>: Il est disponible en plusieurs go\u00fbts, y compris de d\u00e9licieuses alternatives comme le raisin, la pomme et la p\u00eache, ainsi que des go\u00fbts plus exotiques comme le th\u00e9 vert ou l'aloe vera. Cet assortiment vari\u00e9 de go\u00fbts permet aux clients de choisir celui qu'ils pr\u00e9f\u00e8rent.<\/p>\n<p><strong>V\u00e9g\u00e9tarien et v\u00e9g\u00e9talien<\/strong>: Parce qu'il est souvent cr\u00e9\u00e9 \u00e0 partir de composants d'origine v\u00e9g\u00e9tale, il est id\u00e9al pour les personnes qui suivent un r\u00e9gime v\u00e9g\u00e9tarien ou v\u00e9g\u00e9talien. Toutefois, il est essentiel de v\u00e9rifier le contenu exact du produit pour s'assurer qu'il est compatible avec vos exigences alimentaires.<\/p>\n<p><strong>Rafra\u00eechissant et hydratant<\/strong>: Elle est couramment utilis\u00e9e comme boisson rafra\u00eechissante et hydratante. Elle peut \u00eatre servie fra\u00eeche et savour\u00e9e comme une boisson rafra\u00eechissante, en particulier par temps chaud.<\/p>\n<p><img fetchpriority=\"high\" decoding=\"async\" class=\"alignnone wp-image-3597 size-full\" src=\"https:\/\/sentaiyuanbio.com\/wp-content\/uploads\/2024\/07\/konjac-orange-jelly1_1.webp\" alt=\"gel\u00e9e d&#039;orange konjac\" width=\"750\" height=\"612\" srcset=\"https:\/\/sentaiyuanbio.com\/wp-content\/uploads\/2024\/07\/konjac-orange-jelly1_1.webp 750w, https:\/\/sentaiyuanbio.com\/wp-content\/uploads\/2024\/07\/konjac-orange-jelly1_1-300x245.webp 300w, https:\/\/sentaiyuanbio.com\/wp-content\/uploads\/2024\/07\/konjac-orange-jelly1_1-600x490.webp 600w\" sizes=\"(max-width: 750px) 100vw, 750px\" \/><img decoding=\"async\" class=\"alignnone wp-image-3598 size-full\" src=\"https:\/\/sentaiyuanbio.com\/wp-content\/uploads\/2024\/07\/konjac-orange-jelly2_2.webp\" alt=\"gel\u00e9e d&#039;orange konjac\" width=\"750\" height=\"631\" srcset=\"https:\/\/sentaiyuanbio.com\/wp-content\/uploads\/2024\/07\/konjac-orange-jelly2_2.webp 750w, https:\/\/sentaiyuanbio.com\/wp-content\/uploads\/2024\/07\/konjac-orange-jelly2_2-300x252.webp 300w, https:\/\/sentaiyuanbio.com\/wp-content\/uploads\/2024\/07\/konjac-orange-jelly2_2-600x505.webp 600w\" sizes=\"(max-width: 750px) 100vw, 750px\" \/><img decoding=\"async\" class=\"alignnone wp-image-3599 size-full\" src=\"https:\/\/sentaiyuanbio.com\/wp-content\/uploads\/2024\/07\/konjac-orange-jelly3_3.webp\" alt=\"gel\u00e9e d&#039;orange konjac\" width=\"750\" height=\"619\" srcset=\"https:\/\/sentaiyuanbio.com\/wp-content\/uploads\/2024\/07\/konjac-orange-jelly3_3.webp 750w, https:\/\/sentaiyuanbio.com\/wp-content\/uploads\/2024\/07\/konjac-orange-jelly3_3-300x248.webp 300w, https:\/\/sentaiyuanbio.com\/wp-content\/uploads\/2024\/07\/konjac-orange-jelly3_3-600x495.webp 600w\" sizes=\"(max-width: 750px) 100vw, 750px\" \/><img loading=\"lazy\" decoding=\"async\" class=\"alignnone wp-image-3600 size-full\" src=\"https:\/\/sentaiyuanbio.com\/wp-content\/uploads\/2024\/07\/konjac-orange-jelly4_4.webp\" alt=\"gel\u00e9e d&#039;orange konjac\" width=\"750\" height=\"613\" srcset=\"https:\/\/sentaiyuanbio.com\/wp-content\/uploads\/2024\/07\/konjac-orange-jelly4_4.webp 750w, https:\/\/sentaiyuanbio.com\/wp-content\/uploads\/2024\/07\/konjac-orange-jelly4_4-300x245.webp 300w, https:\/\/sentaiyuanbio.com\/wp-content\/uploads\/2024\/07\/konjac-orange-jelly4_4-600x490.webp 600w\" sizes=\"(max-width: 750px) 100vw, 750px\" \/><img loading=\"lazy\" decoding=\"async\" class=\"alignnone wp-image-3601 size-full\" src=\"https:\/\/sentaiyuanbio.com\/wp-content\/uploads\/2024\/07\/konjac-orange-jelly5_5.webp\" alt=\"gel\u00e9e d&#039;orange konjac\" width=\"750\" height=\"530\" srcset=\"https:\/\/sentaiyuanbio.com\/wp-content\/uploads\/2024\/07\/konjac-orange-jelly5_5.webp 750w, https:\/\/sentaiyuanbio.com\/wp-content\/uploads\/2024\/07\/konjac-orange-jelly5_5-300x212.webp 300w, https:\/\/sentaiyuanbio.com\/wp-content\/uploads\/2024\/07\/konjac-orange-jelly5_5-600x424.webp 600w\" sizes=\"(max-width: 750px) 100vw, 750px\" \/><\/p>\n<h2>5. Autres sp\u00e9cifications<\/h2>\n<p>Dur\u00e9e de conservation : 18 mois<br \/>\nStockage : Conserver dans un endroit frais et sec. Servir de pr\u00e9f\u00e9rence frais. R\u00e9frig\u00e9rer apr\u00e8s ouverture et consommer dans la journ\u00e9e.<\/p>\n<table border=\"1\" cellspacing=\"1\">\n<tbody>\n<tr>\n<td align=\"center\" width=\"284\">Donn\u00e9es nutritionnelles<\/td>\n<td align=\"center\" width=\"284\">Par 100ml<\/td>\n<td align=\"center\" width=\"284\">Par portion de 150 ml<\/td>\n<\/tr>\n<tr>\n<td align=\"center\" width=\"284\">L'\u00e9nergie<\/td>\n<td align=\"center\" width=\"284\">6Kcal<\/td>\n<td align=\"center\" width=\"284\">7Kcal<\/td>\n<\/tr>\n<tr>\n<td align=\"center\" width=\"284\">Prot\u00e9ines<\/td>\n<td align=\"center\" width=\"284\">1.03g<\/td>\n<td align=\"center\" width=\"284\">2g<\/td>\n<\/tr>\n<tr>\n<td align=\"center\" width=\"284\">Graisses totales<\/td>\n<td align=\"center\" width=\"284\">0g<\/td>\n<td align=\"center\" width=\"284\">0g<\/td>\n<\/tr>\n<tr>\n<td align=\"center\" width=\"284\">Graisses trans<\/td>\n<td align=\"center\" width=\"284\">0g<\/td>\n<td align=\"center\" width=\"284\">0g<\/td>\n<\/tr>\n<tr>\n<td align=\"center\" width=\"284\">Glucides totaux<\/td>\n<td align=\"center\" width=\"284\">0.6g<\/td>\n<td align=\"center\" width=\"284\">0.9g<\/td>\n<\/tr>\n<tr>\n<td align=\"center\" width=\"284\">Fibres alimentaires<\/td>\n<td align=\"center\" width=\"284\">0g<\/td>\n<td align=\"center\" width=\"284\">0g<\/td>\n<\/tr>\n<tr>\n<td align=\"center\" width=\"284\">Sodium<\/td>\n<td align=\"center\" width=\"284\">13 mg<\/td>\n<td align=\"center\" width=\"284\">20 mg<\/td>\n<\/tr>\n<tr>\n<td align=\"center\" width=\"284\">Sucre<\/td>\n<td align=\"center\" width=\"284\">0g<\/td>\n<td align=\"center\" width=\"284\">0g<\/td>\n<\/tr>\n<tr>\n<td align=\"center\" width=\"284\">Vitamine C<\/td>\n<td align=\"center\" width=\"284\">265 mg<\/td>\n<td align=\"center\" width=\"284\">400 mg<\/td>\n<\/tr>\n<\/tbody>\n<\/table>\n<p>&nbsp;<\/p>\n<h2>Rapport d'essai sur les peptides de collag\u00e8ne<\/h2>\n<table border=\"1\" cellspacing=\"1\">\n<tbody>\n<tr>\n<td width=\"284\"><b>Test ltem(s)<\/b><\/td>\n<td width=\"284\">Unit\u00e9<\/td>\n<td width=\"284\">M\u00e9thode(s) d'essai<\/td>\n<td width=\"284\">R\u00e9sultat(s) du test<br \/>\n003<\/td>\n<td width=\"284\">LOQ<\/td>\n<\/tr>\n<tr>\n<td width=\"284\"><b>Cholest\u00e9rol<\/b><\/td>\n<td width=\"284\">mg\/100 g<\/td>\n<td width=\"284\">AOAC 994.10<\/td>\n<td width=\"284\">ND<\/td>\n<td width=\"284\">1<\/td>\n<\/tr>\n<tr>\n<td width=\"284\"><b>Prot\u00e9ines<\/b><\/td>\n<td width=\"284\">%<\/td>\n<td width=\"284\">AOAC 2001.11<\/td>\n<td width=\"284\">2<\/td>\n<td width=\"284\">-<\/td>\n<\/tr>\n<tr>\n<td width=\"284\"><b>lron(Fe)<\/b><\/td>\n<td width=\"284\">mg\/100 g<\/td>\n<td width=\"284\">AOAC 984.27<\/td>\n<td width=\"284\">ND<\/td>\n<td width=\"284\">0.10<\/td>\n<\/tr>\n<tr>\n<td width=\"284\"><b>Potassium(K)<\/b><\/td>\n<td width=\"284\">mg\/100 g<\/td>\n<td width=\"284\">AOAC 984.27<\/td>\n<td width=\"284\">41.98<\/td>\n<td width=\"284\">0.10<\/td>\n<\/tr>\n<tr>\n<td width=\"284\"><b>Calcium(Ca)<\/b><\/td>\n<td width=\"284\">mg\/100 g<\/td>\n<td width=\"284\">AOAC 984.27<\/td>\n<td width=\"284\">12.89<\/td>\n<td width=\"284\">0.10<\/td>\n<\/tr>\n<tr>\n<td width=\"284\"><b>Sodium(Na)<\/b><\/td>\n<td width=\"284\">mg\/100 g<\/td>\n<td width=\"284\">AOAC 984.27<\/td>\n<td width=\"284\">14.20<\/td>\n<td width=\"284\">0.10<\/td>\n<\/tr>\n<tr>\n<td width=\"284\"><b>*Humidit\u00e9<\/b><\/td>\n<td width=\"284\">%<\/td>\n<td width=\"284\">AOAC 930.04<\/td>\n<td width=\"284\">98.1<\/td>\n<td width=\"284\">-<\/td>\n<\/tr>\n<tr>\n<td width=\"284\"><b>*Ash<\/b><\/td>\n<td width=\"284\">g\/100 g<\/td>\n<td width=\"284\">AOAC 930.05<\/td>\n<td width=\"284\">0.20<\/td>\n<td width=\"284\">-<\/td>\n<\/tr>\n<tr>\n<td width=\"284\"><b>Fibres alimentaires<\/b><\/td>\n<td width=\"284\">g\/100 g<\/td>\n<td width=\"284\">AOAC 991.43<\/td>\n<td width=\"284\">0.3<\/td>\n<td width=\"284\">-<\/td>\n<\/tr>\n<tr>\n<td width=\"284\"><b>Graisses totales<\/b><\/td>\n<td width=\"284\">g\/100 g<\/td>\n<td width=\"284\">AOAC 996.06<\/td>\n<td width=\"284\">ND<\/td>\n<td width=\"284\">0.01<\/td>\n<\/tr>\n<tr>\n<td width=\"284\"><b>Graisses satur\u00e9es<\/b><\/td>\n<td width=\"284\">g\/100 g<\/td>\n<td width=\"284\">AOAC 996.06<\/td>\n<td width=\"284\">ND<\/td>\n<td width=\"284\">0.01<\/td>\n<\/tr>\n<tr>\n<td width=\"284\"><b>Graisses trans<\/b><\/td>\n<td width=\"284\">g\/100 g<\/td>\n<td width=\"284\">AOAC 996.06<\/td>\n<td width=\"284\">ND<\/td>\n<td width=\"284\">0.01<\/td>\n<\/tr>\n<tr>\n<td width=\"284\"><b>Fructose<\/b><\/td>\n<td width=\"284\">g\/100 g<\/td>\n<td width=\"284\">AOAC 982.14<\/td>\n<td width=\"284\">ND<\/td>\n<td width=\"284\">0.4<\/td>\n<\/tr>\n<tr>\n<td width=\"284\"><b>Glucose<\/b><\/td>\n<td width=\"284\">g\/100 g<\/td>\n<td width=\"284\">AOAC 982.14<\/td>\n<td width=\"284\">ND<\/td>\n<td width=\"284\">0.4<\/td>\n<\/tr>\n<tr>\n<td width=\"284\"><b>Saccharose<\/b><\/td>\n<td width=\"284\">g\/100 g<\/td>\n<td width=\"284\">AOAC 982.14<\/td>\n<td width=\"284\">ND<\/td>\n<td width=\"284\">0.4<\/td>\n<\/tr>\n<tr>\n<td width=\"284\"><b>Maltose<\/b><\/td>\n<td width=\"284\">g\/100 g<\/td>\n<td width=\"284\">AOAC 982.14<\/td>\n<td width=\"284\">ND<\/td>\n<td width=\"284\">0.4<\/td>\n<\/tr>\n<tr>\n<td width=\"284\"><b>Lactose<\/b><\/td>\n<td width=\"284\">g\/100 g<\/td>\n<td width=\"284\">AOAC 982.14<\/td>\n<td width=\"284\">ND<\/td>\n<td width=\"284\">0.4<\/td>\n<\/tr>\n<tr>\n<td width=\"284\"><b>Total (Fructose+ Glucose+ Saccharose+ Altose+ Lactose)<\/b><\/td>\n<td width=\"284\">g\/100 g<\/td>\n<td width=\"284\">AOAC 982.14<\/td>\n<td width=\"284\">ND<\/td>\n<td width=\"284\">-<\/td>\n<\/tr>\n<tr>\n<td width=\"284\"><b>Vitamine D2<\/b><\/td>\n<td width=\"284\">ug\/100 g<\/td>\n<td width=\"284\">BS EN 12821:2009<\/td>\n<td width=\"284\">ND<\/td>\n<td width=\"284\">2<\/td>\n<\/tr>\n<tr>\n<td width=\"284\"><b>Vitamine D3<\/b><\/td>\n<td width=\"284\">ug\/100 g<\/td>\n<td width=\"284\">BS EN 12821:2009<\/td>\n<td width=\"284\">ND<\/td>\n<td width=\"284\">2<\/td>\n<\/tr>\n<\/tbody>\n<\/table>\n<p><b><a href=\"https:\/\/sentaiyuanbio.com\/wp-content\/uploads\/woocommerce_uploads\/2024\/07\/Konjac-Jelly-Orange-Collagen-Flavor-Test-Report-z9ovq1.pdf\" target=\"_blank\" rel=\"noopener\">T\u00e9l\u00e9charger le rapport d'analyse de la gel\u00e9e de konjac<\/a><\/b><\/p>\n<h2>Conna\u00eetre l'ar\u00f4me de collag\u00e8ne orange de la gel\u00e9e de konjac<\/h2>\n<p><iframe title=\"gel\u00e9e de konjac saveur collag\u00e8ne orange\" src=\"https:\/\/www.youtube.com\/embed\/Gi5mnMBQEVc?si=4G23kY_ubh36Lyul\" width=\"750\" height=\"500\" frameborder=\"0\" allowfullscreen=\"allowfullscreen\"><span data-mce-type=\"bookmark\" style=\"display: inline-block; width: 0px; overflow: hidden; line-height: 0;\" class=\"mce_SELRES_start\"><\/span><\/iframe><\/p>","protected":false},"excerpt":{"rendered":"<p>Il s'agit d'une gel\u00e9e de Konjac au collag\u00e8ne d'orange qui incorpore la douceur de l'orange. Faible en calories, sans sucre et riche en vitamine C et en peptides de collag\u00e8ne, c'est une alternative saine aux sucreries traditionnelles. C'est un en-cas \u00e0 base de gel\u00e9e de konjac qui vous donnera une sensation de sati\u00e9t\u00e9 lorsque vous avez faim sans vous soucier de l'ob\u00e9sit\u00e9.<\/p>","protected":false},"featured_media":4275,"template":"","meta":{"site-sidebar-layout":"default","site-content-layout":"","ast-site-content-layout":"default","site-content-style":"default","site-sidebar-style":"default","ast-global-header-display":"","ast-banner-title-visibility":"","ast-main-header-display":"","ast-hfb-above-header-display":"","ast-hfb-below-header-display":"","ast-hfb-mobile-header-display":"","site-post-title":"","ast-breadcrumbs-content":"","ast-featured-img":"","footer-sml-layout":"","ast-disable-related-posts":"","theme-transparent-header-meta":"default","adv-header-id-meta":"","stick-header-meta":"default","header-above-stick-meta":"","header-main-stick-meta":"","header-below-stick-meta":"","astra-migrate-meta-layouts":"set","ast-page-background-enabled":"default","ast-page-background-meta":{"desktop":{"background-color":"","background-image":"","background-repeat":"repeat","background-position":"center center","background-size":"auto","background-attachment":"scroll","background-type":"","background-media":"","overlay-type":"","overlay-color":"","overlay-opacity":"","overlay-gradient":""},"tablet":{"background-color":"","background-image":"","background-repeat":"repeat","background-position":"center center","background-size":"auto","background-attachment":"scroll","background-type":"","background-media":"","overlay-type":"","overlay-color":"","overlay-opacity":"","overlay-gradient":""},"mobile":{"background-color":"","background-image":"","background-repeat":"repeat","background-position":"center center","background-size":"auto","background-attachment":"scroll","background-type":"","background-media":"","overlay-type":"","overlay-color":"","overlay-opacity":"","overlay-gradient":""}},"ast-content-background-meta":{"desktop":{"background-color":"var(--ast-global-color-5)","background-image":"","background-repeat":"repeat","background-position":"center center","background-size":"auto","background-attachment":"scroll","background-type":"","background-media":"","overlay-type":"","overlay-color":"","overlay-opacity":"","overlay-gradient":""},"tablet":{"background-color":"var(--ast-global-color-5)","background-image":"","background-repeat":"repeat","background-position":"center center","background-size":"auto","background-attachment":"scroll","background-type":"","background-media":"","overlay-type":"","overlay-color":"","overlay-opacity":"","overlay-gradient":""},"mobile":{"background-color":"var(--ast-global-color-5)","background-image":"","background-repeat":"repeat","background-position":"center center","background-size":"auto","background-attachment":"scroll","background-type":"","background-media":"","overlay-type":"","overlay-color":"","overlay-opacity":"","overlay-gradient":""}}},"product_brand":[],"product_cat":[52],"product_tag":[53],"class_list":{"0":"post-2233","1":"product","2":"type-product","3":"status-publish","4":"has-post-thumbnail","6":"product_cat-konjac-powder-jelly","7":"product_tag-konjac-jelly-snack","8":"desktop-align-left","9":"tablet-align-left","10":"mobile-align-left","11":"ast-product-gallery-layout-horizontal-slider","12":"ast-product-tabs-layout-horizontal","14":"first","15":"instock","16":"downloadable","17":"shipping-taxable","18":"product-type-simple"},"_links":{"self":[{"href":"https:\/\/sentaiyuanbio.com\/fr\/wp-json\/wp\/v2\/product\/2233","targetHints":{"allow":["GET"]}}],"collection":[{"href":"https:\/\/sentaiyuanbio.com\/fr\/wp-json\/wp\/v2\/product"}],"about":[{"href":"https:\/\/sentaiyuanbio.com\/fr\/wp-json\/wp\/v2\/types\/product"}],"version-history":[{"count":0,"href":"https:\/\/sentaiyuanbio.com\/fr\/wp-json\/wp\/v2\/product\/2233\/revisions"}],"wp:featuredmedia":[{"embeddable":true,"href":"https:\/\/sentaiyuanbio.com\/fr\/wp-json\/wp\/v2\/media\/4275"}],"wp:attachment":[{"href":"https:\/\/sentaiyuanbio.com\/fr\/wp-json\/wp\/v2\/media?parent=2233"}],"wp:term":[{"taxonomy":"product_brand","embeddable":true,"href":"https:\/\/sentaiyuanbio.com\/fr\/wp-json\/wp\/v2\/product_brand?post=2233"},{"taxonomy":"product_cat","embeddable":true,"href":"https:\/\/sentaiyuanbio.com\/fr\/wp-json\/wp\/v2\/product_cat?post=2233"},{"taxonomy":"product_tag","embeddable":true,"href":"https:\/\/sentaiyuanbio.com\/fr\/wp-json\/wp\/v2\/product_tag?post=2233"}],"curies":[{"name":"wp","href":"https:\/\/api.w.org\/{rel}","templated":true}]}}