{"id":2263,"date":"2024-07-10T06:07:44","date_gmt":"2024-07-10T06:07:44","guid":{"rendered":"https:\/\/sentaiyuanbio.com\/?post_type=product&#038;p=2263"},"modified":"2025-05-08T07:11:22","modified_gmt":"2025-05-08T07:11:22","slug":"salade-de-konjac-au-sesame","status":"publish","type":"product","link":"https:\/\/sentaiyuanbio.com\/fr\/produit\/salade-de-konjac-au-sesame\/","title":{"rendered":"Salade de konjac saveur s\u00e9same, Salade de konnyaku saveur s\u00e9same"},"content":{"rendered":"<h2>Ingr\u00e9dients de la salade de konjac saveur s\u00e9same :<\/h2>\n<p><strong>Sauce<\/strong>: Eau, huile de soja sans OGM, sucre, s\u00e9same, sel, jus de champignons concentr\u00e9 (champignons, eau, sel comestible), jaune d'oeuf glac\u00e9, MSG (exhausteur de go\u00fbt E621), colorant caramel (colorant E150a), poudre de moutarde, acide ac\u00e9tique glacial (<a href=\"https:\/\/www.aceingredients.com\/products\/e260-acetic-acid.html\" target=\"_blank\" rel=\"noopener\">r\u00e9gulateur d'acidit\u00e9 E260<\/a>), extrait de levure, gomme xanthane (<a href=\"https:\/\/www.naturalspices.com\/xanthan-gum-e415\" target=\"_blank\" rel=\"noopener\">\u00e9paississant E415<\/a>), ar\u00f4me, sorbate de potassium (conservateur E202), EDTA de calcium disodique (antioxydant E385).<\/p>\n<p><strong>Nouilles de konjac<\/strong>: L'eau, <a href=\"https:\/\/sentaiyuanbio.com\/fr\/produit\/poudre-de-konjac\/\" target=\"_blank\" rel=\"noopener\">poudre de konjac<\/a>, acide citrique.<br \/>\n<strong>Allerg\u00e8nes<\/strong>: Contient des produits \u00e0 base de soja, des produits \u00e0 base d'\u0153ufs et de la moutarde.<br \/>\n<strong>Poids net<\/strong>: 20g (sauce)+120g (nouilles de konjac)<br \/>\n<strong>Dur\u00e9e de conservation<\/strong>: 12 mois<br \/>\n<strong>Stockage<\/strong>: Stocker dans un endroit frais et sec. Conserver \u00e0 l'abri de la lumi\u00e8re et de la chaleur. Conserver \u00e0 l'abri de la lumi\u00e8re et de la chaleur. Apr\u00e8s ouverture, conserver au r\u00e9frig\u00e9rateur et consommer dans les 24 heures.<\/p>\n<h2><b>Valeurs nutritionnelles de la salade de konjac au s\u00e9same<\/b><strong><b>(par portion)<\/b><\/strong><\/h2>\n<table>\n<tbody>\n<tr>\n<td colspan=\"2\" width=\"630\"><strong><b>Donn\u00e9es nutritionnelles<\/b><\/strong><\/td>\n<\/tr>\n<tr>\n<td width=\"319\">L'\u00e9nergie<\/td>\n<td width=\"311\">68,6Kcal<\/td>\n<\/tr>\n<tr>\n<td width=\"319\">Graisses totales<\/td>\n<td width=\"311\">5.73g<\/td>\n<\/tr>\n<tr>\n<td width=\"319\">Acide gras satur\u00e9<\/td>\n<td width=\"311\">0.88<\/td>\n<\/tr>\n<tr>\n<td width=\"319\">Sodium<\/td>\n<td width=\"311\">283,55 mg<\/td>\n<\/tr>\n<tr>\n<td width=\"319\">Sel<\/td>\n<td width=\"311\">0.7g<\/td>\n<\/tr>\n<tr>\n<td width=\"319\">Glucides totaux<\/td>\n<td width=\"311\">3.94g<\/td>\n<\/tr>\n<tr>\n<td width=\"319\">Fibre<\/td>\n<td width=\"311\">0.8g<\/td>\n<\/tr>\n<tr>\n<td width=\"319\">Sucre<\/td>\n<td width=\"311\">2.1g<\/td>\n<\/tr>\n<tr>\n<td width=\"319\">Prot\u00e9ines<\/td>\n<td width=\"311\">0.48g<\/td>\n<\/tr>\n<\/tbody>\n<\/table>\n<p><strong><b>Instructions de cuisson <\/b><\/strong><\/p>\n<ol>\n<li>\u00c9goutter l'eau du sachet et vider le contenu du sac de nouilles.<\/li>\n<li>Ajouter la vinaigrette<\/li>\n<li>Apr\u00e8s avoir \u00e9t\u00e9 bien m\u00e9lang\u00e9, il est pr\u00eat \u00e0 \u00eatre consomm\u00e9.<\/li>\n<\/ol>\n<p><img fetchpriority=\"high\" decoding=\"async\" class=\"alignnone wp-image-2268 size-full\" src=\"https:\/\/sentaiyuanbio.com\/wp-content\/uploads\/2024\/07\/konnyaku-salad-sesame-1.jpg\" alt=\"salade konnyaku s\u00e9same\" width=\"750\" height=\"562\" srcset=\"https:\/\/sentaiyuanbio.com\/wp-content\/uploads\/2024\/07\/konnyaku-salad-sesame-1.jpg 750w, https:\/\/sentaiyuanbio.com\/wp-content\/uploads\/2024\/07\/konnyaku-salad-sesame-1-300x225.jpg 300w, https:\/\/sentaiyuanbio.com\/wp-content\/uploads\/2024\/07\/konnyaku-salad-sesame-1-600x450.jpg 600w\" sizes=\"(max-width: 750px) 100vw, 750px\" \/> <img decoding=\"async\" class=\"alignnone wp-image-2269 size-full\" src=\"https:\/\/sentaiyuanbio.com\/wp-content\/uploads\/2024\/07\/konnyaku-salad-sesame-2.jpg\" alt=\"salade konnyaku s\u00e9same\" width=\"750\" height=\"533\" srcset=\"https:\/\/sentaiyuanbio.com\/wp-content\/uploads\/2024\/07\/konnyaku-salad-sesame-2.jpg 750w, https:\/\/sentaiyuanbio.com\/wp-content\/uploads\/2024\/07\/konnyaku-salad-sesame-2-300x213.jpg 300w, https:\/\/sentaiyuanbio.com\/wp-content\/uploads\/2024\/07\/konnyaku-salad-sesame-2-600x426.jpg 600w\" sizes=\"(max-width: 750px) 100vw, 750px\" \/> <img decoding=\"async\" class=\"alignnone wp-image-2270 size-full\" src=\"https:\/\/sentaiyuanbio.com\/wp-content\/uploads\/2024\/07\/konnyaku-salad-sesame-3.jpg\" alt=\"salade konnyaku s\u00e9same\" width=\"750\" height=\"517\" srcset=\"https:\/\/sentaiyuanbio.com\/wp-content\/uploads\/2024\/07\/konnyaku-salad-sesame-3.jpg 750w, https:\/\/sentaiyuanbio.com\/wp-content\/uploads\/2024\/07\/konnyaku-salad-sesame-3-300x207.jpg 300w, https:\/\/sentaiyuanbio.com\/wp-content\/uploads\/2024\/07\/konnyaku-salad-sesame-3-600x414.jpg 600w\" sizes=\"(max-width: 750px) 100vw, 750px\" \/> <img loading=\"lazy\" decoding=\"async\" class=\"alignnone wp-image-2271 size-full\" src=\"https:\/\/sentaiyuanbio.com\/wp-content\/uploads\/2024\/07\/konnyaku-salad-sesame-4.jpg\" alt=\"salade konnyaku s\u00e9same\" width=\"750\" height=\"513\" srcset=\"https:\/\/sentaiyuanbio.com\/wp-content\/uploads\/2024\/07\/konnyaku-salad-sesame-4.jpg 750w, https:\/\/sentaiyuanbio.com\/wp-content\/uploads\/2024\/07\/konnyaku-salad-sesame-4-300x205.jpg 300w, https:\/\/sentaiyuanbio.com\/wp-content\/uploads\/2024\/07\/konnyaku-salad-sesame-4-600x410.jpg 600w\" sizes=\"(max-width: 750px) 100vw, 750px\" \/> <img loading=\"lazy\" decoding=\"async\" class=\"alignnone wp-image-2272 size-full\" src=\"https:\/\/sentaiyuanbio.com\/wp-content\/uploads\/2024\/07\/konnyaku-salad-sesame-5.jpg\" alt=\"salade konnyaku s\u00e9same\" width=\"750\" height=\"485\" srcset=\"https:\/\/sentaiyuanbio.com\/wp-content\/uploads\/2024\/07\/konnyaku-salad-sesame-5.jpg 750w, https:\/\/sentaiyuanbio.com\/wp-content\/uploads\/2024\/07\/konnyaku-salad-sesame-5-300x194.jpg 300w, https:\/\/sentaiyuanbio.com\/wp-content\/uploads\/2024\/07\/konnyaku-salad-sesame-5-600x388.jpg 600w\" sizes=\"(max-width: 750px) 100vw, 750px\" \/><\/p>","protected":false},"excerpt":{"rendered":"<p>Une salade de konjac sans gluten, faible en calories et en glucides, au go\u00fbt de s\u00e9same, avec seulement 68 calories pour 100 grammes. Le konjac, croquant et rafra\u00eechissant, accompagn\u00e9 de sa vinaigrette, vous offre une exp\u00e9rience rafra\u00eechissante en plein \u00e9t\u00e9.<\/p>","protected":false},"featured_media":4808,"template":"","meta":{"site-sidebar-layout":"default","site-content-layout":"","ast-site-content-layout":"default","site-content-style":"default","site-sidebar-style":"default","ast-global-header-display":"","ast-banner-title-visibility":"","ast-main-header-display":"","ast-hfb-above-header-display":"","ast-hfb-below-header-display":"","ast-hfb-mobile-header-display":"","site-post-title":"","ast-breadcrumbs-content":"","ast-featured-img":"","footer-sml-layout":"","ast-disable-related-posts":"","theme-transparent-header-meta":"default","adv-header-id-meta":"","stick-header-meta":"default","header-above-stick-meta":"","header-main-stick-meta":"","header-below-stick-meta":"","astra-migrate-meta-layouts":"set","ast-page-background-enabled":"default","ast-page-background-meta":{"desktop":{"background-color":"","background-image":"","background-repeat":"repeat","background-position":"center center","background-size":"auto","background-attachment":"scroll","background-type":"","background-media":"","overlay-type":"","overlay-color":"","overlay-opacity":"","overlay-gradient":""},"tablet":{"background-color":"","background-image":"","background-repeat":"repeat","background-position":"center center","background-size":"auto","background-attachment":"scroll","background-type":"","background-media":"","overlay-type":"","overlay-color":"","overlay-opacity":"","overlay-gradient":""},"mobile":{"background-color":"","background-image":"","background-repeat":"repeat","background-position":"center center","background-size":"auto","background-attachment":"scroll","background-type":"","background-media":"","overlay-type":"","overlay-color":"","overlay-opacity":"","overlay-gradient":""}},"ast-content-background-meta":{"desktop":{"background-color":"var(--ast-global-color-5)","background-image":"","background-repeat":"repeat","background-position":"center center","background-size":"auto","background-attachment":"scroll","background-type":"","background-media":"","overlay-type":"","overlay-color":"","overlay-opacity":"","overlay-gradient":""},"tablet":{"background-color":"var(--ast-global-color-5)","background-image":"","background-repeat":"repeat","background-position":"center center","background-size":"auto","background-attachment":"scroll","background-type":"","background-media":"","overlay-type":"","overlay-color":"","overlay-opacity":"","overlay-gradient":""},"mobile":{"background-color":"var(--ast-global-color-5)","background-image":"","background-repeat":"repeat","background-position":"center center","background-size":"auto","background-attachment":"scroll","background-type":"","background-media":"","overlay-type":"","overlay-color":"","overlay-opacity":"","overlay-gradient":""}}},"product_brand":[],"product_cat":[54],"product_tag":[32],"class_list":{"0":"post-2263","1":"product","2":"type-product","3":"status-publish","4":"has-post-thumbnail","6":"product_cat-shirataki-noodle-salad","7":"product_tag-konjac-pasta","8":"desktop-align-left","9":"tablet-align-left","10":"mobile-align-left","11":"ast-product-gallery-layout-horizontal-slider","12":"ast-product-tabs-layout-horizontal","14":"first","15":"instock","16":"shipping-taxable","17":"product-type-simple"},"_links":{"self":[{"href":"https:\/\/sentaiyuanbio.com\/fr\/wp-json\/wp\/v2\/product\/2263","targetHints":{"allow":["GET"]}}],"collection":[{"href":"https:\/\/sentaiyuanbio.com\/fr\/wp-json\/wp\/v2\/product"}],"about":[{"href":"https:\/\/sentaiyuanbio.com\/fr\/wp-json\/wp\/v2\/types\/product"}],"version-history":[{"count":0,"href":"https:\/\/sentaiyuanbio.com\/fr\/wp-json\/wp\/v2\/product\/2263\/revisions"}],"wp:featuredmedia":[{"embeddable":true,"href":"https:\/\/sentaiyuanbio.com\/fr\/wp-json\/wp\/v2\/media\/4808"}],"wp:attachment":[{"href":"https:\/\/sentaiyuanbio.com\/fr\/wp-json\/wp\/v2\/media?parent=2263"}],"wp:term":[{"taxonomy":"product_brand","embeddable":true,"href":"https:\/\/sentaiyuanbio.com\/fr\/wp-json\/wp\/v2\/product_brand?post=2263"},{"taxonomy":"product_cat","embeddable":true,"href":"https:\/\/sentaiyuanbio.com\/fr\/wp-json\/wp\/v2\/product_cat?post=2263"},{"taxonomy":"product_tag","embeddable":true,"href":"https:\/\/sentaiyuanbio.com\/fr\/wp-json\/wp\/v2\/product_tag?post=2263"}],"curies":[{"name":"wp","href":"https:\/\/api.w.org\/{rel}","templated":true}]}}