{"id":2274,"date":"2024-07-10T07:25:14","date_gmt":"2024-07-10T07:25:14","guid":{"rendered":"https:\/\/sentaiyuanbio.com\/?post_type=product&#038;p=2274"},"modified":"2025-05-30T05:58:23","modified_gmt":"2025-05-30T05:58:23","slug":"salade-de-konjac-saveur-vinaigrette","status":"publish","type":"product","link":"https:\/\/sentaiyuanbio.com\/fr\/produit\/salade-de-konjac-saveur-vinaigrette\/","title":{"rendered":"Salade de konjac saveur vinaigrette, nouilles shirataki Konnyaku"},"content":{"rendered":"<h2>Vinaigrette pour salade de konjac Ingr\u00e9dients aromatiques :<\/h2>\n<p><strong>Sauce<\/strong>: Eau, sorbitol (<a href=\"https:\/\/blog.chemondis.com\/7267\/sorbitol-e420-a-comprehensive-guide-to-its-uses-properties-and-impact\/\" target=\"_blank\" rel=\"noopener\">\u00e9dulcorant E420<\/a>), vinaigre, huile de soja non OGM, sel, huile de s\u00e9same, jus de champignon concentr\u00e9 (champignons shiitake, eau, sel), MSG (<a href=\"https:\/\/healthhub.hif.com.au\/nutrition\/should-you-avoid-eating-msg-flavour-enhancer-621\" target=\"_blank\" rel=\"noopener\">exhausteur de go\u00fbt E621<\/a>), extrait de levure, acide lactique, couleur caramel (<a href=\"https:\/\/foodadditives.net\/colors\/caramel-color\/\" target=\"_blank\" rel=\"noopener\">colorant E150a<\/a>), acide citrique (agent aromatisant acide E330), gingembre, s\u00e9same, \u00e9pices, gomme xanthane (\u00e9paississant E415), 5\u2032-nucl\u00e9otide disodique (<a href=\"https:\/\/www.mishry.com\/flavor-enhancer-635-what-you-need-to-know\" target=\"_blank\" rel=\"noopener\">exhausteur de go\u00fbt E635<\/a>).<br \/>\n<strong>Nouilles de konjac<\/strong>: L'eau, <a href=\"https:\/\/sentaiyuanbio.com\/fr\/produit\/poudre-de-konjac\/\" target=\"_blank\" rel=\"noopener\">farine de konjac<\/a>, acide citrique.<br \/>\n<strong>Allerg\u00e8nes<\/strong>: Contient des produits \u00e0 base de soja.<br \/>\n<strong>Poids net<\/strong>: 20g (sauce)+120g (nouilles de konjac)<br \/>\n<strong>Dur\u00e9e de conservation<\/strong>: 12 mois<br \/>\n<strong>Stockage<\/strong>: Stocker dans un endroit frais et sec. Conserver \u00e0 l'abri de la lumi\u00e8re et de la chaleur. Conserver \u00e0 l'abri de la lumi\u00e8re et de la chaleur. Apr\u00e8s ouverture, conserver au r\u00e9frig\u00e9rateur et consommer dans les 24 heures.<\/p>\n<h2><b>Konjac Salade Saveur Vinaigrette Valeurs nutritionnelles<\/b><b>(par portion)<\/b><\/h2>\n<table>\n<tbody>\n<tr>\n<td colspan=\"2\" width=\"630\"><strong><b>Donn\u00e9es nutritionnelles<\/b><\/strong><\/td>\n<\/tr>\n<tr>\n<td width=\"319\">L'\u00e9nergie<\/td>\n<td width=\"311\">37,8 Kcal<\/td>\n<\/tr>\n<tr>\n<td width=\"319\">Graisses totales<\/td>\n<td width=\"311\">2.05g<\/td>\n<\/tr>\n<tr>\n<td width=\"319\">Acide gras satur\u00e9<\/td>\n<td width=\"311\">0.32g<\/td>\n<\/tr>\n<tr>\n<td width=\"319\">Sodium<\/td>\n<td width=\"311\">445,75 mg<\/td>\n<\/tr>\n<tr>\n<td width=\"319\">Sel<\/td>\n<td width=\"311\">1.12g<\/td>\n<\/tr>\n<tr>\n<td width=\"319\">Glucides totaux<\/td>\n<td width=\"311\">4.5g<\/td>\n<\/tr>\n<tr>\n<td width=\"319\">Fibre<\/td>\n<td width=\"311\">0.6g<\/td>\n<\/tr>\n<tr>\n<td width=\"319\">Sucre<\/td>\n<td width=\"311\">0g<\/td>\n<\/tr>\n<tr>\n<td width=\"319\">Prot\u00e9ines<\/td>\n<td width=\"311\">0.28g<\/td>\n<\/tr>\n<\/tbody>\n<\/table>\n<p><strong><b>Instructions de cuisson <\/b><\/strong><\/p>\n<ol>\n<li>\u00c9goutter l'eau du sachet et vider le contenu du sac de nouilles.<\/li>\n<li>Ajouter la vinaigrette<\/li>\n<li>Apr\u00e8s avoir \u00e9t\u00e9 bien m\u00e9lang\u00e9, il est pr\u00eat \u00e0 \u00eatre consomm\u00e9.<\/li>\n<\/ol>\n<p><img fetchpriority=\"high\" decoding=\"async\" class=\"alignnone wp-image-5001 size-full\" title=\"Ar\u00f4me de vinaigrette pour salade de konjac\" src=\"https:\/\/sentaiyuanbio.com\/wp-content\/uploads\/2024\/07\/Konjac-Salad-Vinaigrette-Flavor_1.webp\" alt=\"Ar\u00f4me de vinaigrette pour salade de konjac\" width=\"750\" height=\"451\" srcset=\"https:\/\/sentaiyuanbio.com\/wp-content\/uploads\/2024\/07\/Konjac-Salad-Vinaigrette-Flavor_1.webp 750w, https:\/\/sentaiyuanbio.com\/wp-content\/uploads\/2024\/07\/Konjac-Salad-Vinaigrette-Flavor_1-300x180.webp 300w, https:\/\/sentaiyuanbio.com\/wp-content\/uploads\/2024\/07\/Konjac-Salad-Vinaigrette-Flavor_1-600x361.webp 600w\" sizes=\"(max-width: 750px) 100vw, 750px\" \/> <img decoding=\"async\" class=\"alignnone wp-image-5002 size-full\" title=\"Ar\u00f4me de vinaigrette pour salade de konjac\" src=\"https:\/\/sentaiyuanbio.com\/wp-content\/uploads\/2024\/07\/Konjac-Salad-Vinaigrette-Flavor_2.webp\" alt=\"Ar\u00f4me de vinaigrette pour salade de konjac\" width=\"750\" height=\"471\" srcset=\"https:\/\/sentaiyuanbio.com\/wp-content\/uploads\/2024\/07\/Konjac-Salad-Vinaigrette-Flavor_2.webp 750w, https:\/\/sentaiyuanbio.com\/wp-content\/uploads\/2024\/07\/Konjac-Salad-Vinaigrette-Flavor_2-300x188.webp 300w, https:\/\/sentaiyuanbio.com\/wp-content\/uploads\/2024\/07\/Konjac-Salad-Vinaigrette-Flavor_2-600x377.webp 600w\" sizes=\"(max-width: 750px) 100vw, 750px\" \/> <img decoding=\"async\" class=\"alignnone wp-image-5003 size-full\" title=\"Ar\u00f4me de vinaigrette pour salade de konjac\" src=\"https:\/\/sentaiyuanbio.com\/wp-content\/uploads\/2024\/07\/Konjac-Salad-Vinaigrette-Flavor_3.webp\" alt=\"Ar\u00f4me de vinaigrette pour salade de konjac\" width=\"750\" height=\"556\" srcset=\"https:\/\/sentaiyuanbio.com\/wp-content\/uploads\/2024\/07\/Konjac-Salad-Vinaigrette-Flavor_3.webp 750w, https:\/\/sentaiyuanbio.com\/wp-content\/uploads\/2024\/07\/Konjac-Salad-Vinaigrette-Flavor_3-300x222.webp 300w, https:\/\/sentaiyuanbio.com\/wp-content\/uploads\/2024\/07\/Konjac-Salad-Vinaigrette-Flavor_3-600x445.webp 600w\" sizes=\"(max-width: 750px) 100vw, 750px\" \/> <img loading=\"lazy\" decoding=\"async\" class=\"alignnone wp-image-5004 size-full\" title=\"Ar\u00f4me de vinaigrette pour salade de konjac\" src=\"https:\/\/sentaiyuanbio.com\/wp-content\/uploads\/2024\/07\/Konjac-Salad-Vinaigrette-Flavor_4.webp\" alt=\"Ar\u00f4me de vinaigrette pour salade de konjac\" width=\"750\" height=\"543\" srcset=\"https:\/\/sentaiyuanbio.com\/wp-content\/uploads\/2024\/07\/Konjac-Salad-Vinaigrette-Flavor_4.webp 750w, https:\/\/sentaiyuanbio.com\/wp-content\/uploads\/2024\/07\/Konjac-Salad-Vinaigrette-Flavor_4-300x217.webp 300w, https:\/\/sentaiyuanbio.com\/wp-content\/uploads\/2024\/07\/Konjac-Salad-Vinaigrette-Flavor_4-600x434.webp 600w\" sizes=\"(max-width: 750px) 100vw, 750px\" \/> <img loading=\"lazy\" decoding=\"async\" class=\"alignnone wp-image-5005 size-full\" title=\"Ar\u00f4me de vinaigrette pour salade de konjac\" src=\"https:\/\/sentaiyuanbio.com\/wp-content\/uploads\/2024\/07\/Konjac-Salad-Vinaigrette-Flavor_5.webp\" alt=\"Nouilles Konnyaku shirataki\" width=\"750\" height=\"322\" srcset=\"https:\/\/sentaiyuanbio.com\/wp-content\/uploads\/2024\/07\/Konjac-Salad-Vinaigrette-Flavor_5.webp 750w, https:\/\/sentaiyuanbio.com\/wp-content\/uploads\/2024\/07\/Konjac-Salad-Vinaigrette-Flavor_5-300x129.webp 300w, https:\/\/sentaiyuanbio.com\/wp-content\/uploads\/2024\/07\/Konjac-Salad-Vinaigrette-Flavor_5-600x258.webp 600w\" sizes=\"(max-width: 750px) 100vw, 750px\" \/> <img loading=\"lazy\" decoding=\"async\" class=\"alignnone wp-image-5006 size-full\" title=\"Ar\u00f4me de vinaigrette pour salade de konjac\" src=\"https:\/\/sentaiyuanbio.com\/wp-content\/uploads\/2024\/07\/Konnyaku-shirataki-noodles_6.webp\" alt=\"Nouilles Konnyaku shirataki\" width=\"750\" height=\"375\" srcset=\"https:\/\/sentaiyuanbio.com\/wp-content\/uploads\/2024\/07\/Konnyaku-shirataki-noodles_6.webp 750w, https:\/\/sentaiyuanbio.com\/wp-content\/uploads\/2024\/07\/Konnyaku-shirataki-noodles_6-300x150.webp 300w, https:\/\/sentaiyuanbio.com\/wp-content\/uploads\/2024\/07\/Konnyaku-shirataki-noodles_6-600x300.webp 600w\" sizes=\"(max-width: 750px) 100vw, 750px\" \/> <img loading=\"lazy\" decoding=\"async\" class=\"alignnone wp-image-5007 size-full\" title=\"Ar\u00f4me de vinaigrette pour salade de konjac\" src=\"https:\/\/sentaiyuanbio.com\/wp-content\/uploads\/2024\/07\/Konnyaku-shirataki-noodles_7.webp\" alt=\"Nouilles Konnyaku shirataki\" width=\"750\" height=\"526\" srcset=\"https:\/\/sentaiyuanbio.com\/wp-content\/uploads\/2024\/07\/Konnyaku-shirataki-noodles_7.webp 750w, https:\/\/sentaiyuanbio.com\/wp-content\/uploads\/2024\/07\/Konnyaku-shirataki-noodles_7-300x210.webp 300w, https:\/\/sentaiyuanbio.com\/wp-content\/uploads\/2024\/07\/Konnyaku-shirataki-noodles_7-600x421.webp 600w\" sizes=\"(max-width: 750px) 100vw, 750px\" \/><\/p>","protected":false},"excerpt":{"rendered":"<p>La salade de konjac Sentaiyuan saveur vinaigrette est faible en calories (seulement 37 calories pour 120 grammes). Elle est rapide \u00e0 pr\u00e9parer, favorise la perte de poids et convient parfaitement aux r\u00e9gimes pauvres en glucides. Il s'agit de p\u00e2tes de konjac de qualit\u00e9 sup\u00e9rieure pour les citadins \u00e0 la recherche d'une qualit\u00e9 de vie.<\/p>","protected":false},"featured_media":5010,"template":"","meta":{"site-sidebar-layout":"default","site-content-layout":"","ast-site-content-layout":"default","site-content-style":"default","site-sidebar-style":"default","ast-global-header-display":"","ast-banner-title-visibility":"","ast-main-header-display":"","ast-hfb-above-header-display":"","ast-hfb-below-header-display":"","ast-hfb-mobile-header-display":"","site-post-title":"","ast-breadcrumbs-content":"","ast-featured-img":"","footer-sml-layout":"","ast-disable-related-posts":"","theme-transparent-header-meta":"default","adv-header-id-meta":"","stick-header-meta":"default","header-above-stick-meta":"","header-main-stick-meta":"","header-below-stick-meta":"","astra-migrate-meta-layouts":"set","ast-page-background-enabled":"default","ast-page-background-meta":{"desktop":{"background-color":"","background-image":"","background-repeat":"repeat","background-position":"center center","background-size":"auto","background-attachment":"scroll","background-type":"","background-media":"","overlay-type":"","overlay-color":"","overlay-opacity":"","overlay-gradient":""},"tablet":{"background-color":"","background-image":"","background-repeat":"repeat","background-position":"center center","background-size":"auto","background-attachment":"scroll","background-type":"","background-media":"","overlay-type":"","overlay-color":"","overlay-opacity":"","overlay-gradient":""},"mobile":{"background-color":"","background-image":"","background-repeat":"repeat","background-position":"center center","background-size":"auto","background-attachment":"scroll","background-type":"","background-media":"","overlay-type":"","overlay-color":"","overlay-opacity":"","overlay-gradient":""}},"ast-content-background-meta":{"desktop":{"background-color":"var(--ast-global-color-5)","background-image":"","background-repeat":"repeat","background-position":"center center","background-size":"auto","background-attachment":"scroll","background-type":"","background-media":"","overlay-type":"","overlay-color":"","overlay-opacity":"","overlay-gradient":""},"tablet":{"background-color":"var(--ast-global-color-5)","background-image":"","background-repeat":"repeat","background-position":"center center","background-size":"auto","background-attachment":"scroll","background-type":"","background-media":"","overlay-type":"","overlay-color":"","overlay-opacity":"","overlay-gradient":""},"mobile":{"background-color":"var(--ast-global-color-5)","background-image":"","background-repeat":"repeat","background-position":"center center","background-size":"auto","background-attachment":"scroll","background-type":"","background-media":"","overlay-type":"","overlay-color":"","overlay-opacity":"","overlay-gradient":""}}},"product_brand":[],"product_cat":[54],"product_tag":[32],"class_list":{"0":"post-2274","1":"product","2":"type-product","3":"status-publish","4":"has-post-thumbnail","6":"product_cat-shirataki-noodle-salad","7":"product_tag-konjac-pasta","8":"desktop-align-left","9":"tablet-align-left","10":"mobile-align-left","11":"ast-product-gallery-layout-horizontal-slider","12":"ast-product-tabs-layout-horizontal","14":"first","15":"instock","16":"shipping-taxable","17":"product-type-simple"},"_links":{"self":[{"href":"https:\/\/sentaiyuanbio.com\/fr\/wp-json\/wp\/v2\/product\/2274","targetHints":{"allow":["GET"]}}],"collection":[{"href":"https:\/\/sentaiyuanbio.com\/fr\/wp-json\/wp\/v2\/product"}],"about":[{"href":"https:\/\/sentaiyuanbio.com\/fr\/wp-json\/wp\/v2\/types\/product"}],"version-history":[{"count":0,"href":"https:\/\/sentaiyuanbio.com\/fr\/wp-json\/wp\/v2\/product\/2274\/revisions"}],"wp:featuredmedia":[{"embeddable":true,"href":"https:\/\/sentaiyuanbio.com\/fr\/wp-json\/wp\/v2\/media\/5010"}],"wp:attachment":[{"href":"https:\/\/sentaiyuanbio.com\/fr\/wp-json\/wp\/v2\/media?parent=2274"}],"wp:term":[{"taxonomy":"product_brand","embeddable":true,"href":"https:\/\/sentaiyuanbio.com\/fr\/wp-json\/wp\/v2\/product_brand?post=2274"},{"taxonomy":"product_cat","embeddable":true,"href":"https:\/\/sentaiyuanbio.com\/fr\/wp-json\/wp\/v2\/product_cat?post=2274"},{"taxonomy":"product_tag","embeddable":true,"href":"https:\/\/sentaiyuanbio.com\/fr\/wp-json\/wp\/v2\/product_tag?post=2274"}],"curies":[{"name":"wp","href":"https:\/\/api.w.org\/{rel}","templated":true}]}}