{"id":2290,"date":"2024-07-11T03:51:13","date_gmt":"2024-07-11T03:51:13","guid":{"rendered":"https:\/\/sentaiyuanbio.com\/?post_type=product&#038;p=2290"},"modified":"2025-05-30T08:19:47","modified_gmt":"2025-05-30T08:19:47","slug":"salade-de-nouilles-au-konjac-saveur-wasabi","status":"publish","type":"product","link":"https:\/\/sentaiyuanbio.com\/fr\/produit\/salade-de-nouilles-au-konjac-saveur-wasabi\/","title":{"rendered":"Salade de nouilles de konjac, fettuccine Konnyaku go\u00fbt Wasabi"},"content":{"rendered":"<h2>Qu'est-ce que les nouilles de Konjac ?<\/h2>\n<p>Les nouilles de konjac sont \u00e9galement connues sous le nom de \"Konjac\", \"Konnyaku\" ou \"Yam\" et ont une texture l\u00e9g\u00e8rement moelleuse. Fabriqu\u00e9es \u00e0 partir d'un l\u00e9gume asiatique appel\u00e9 \"Konjac\", les nouilles Shirataki n'ont pas beaucoup de saveur en elles-m\u00eames, elles sont donc excellentes pour absorber la saveur d'autres ingr\u00e9dients et sauces. Excellentes dans les hotpots.<\/p>\n<p>Les nouilles Konnyaku \"Shirataki\" sont des nouilles extr\u00eamement saines, riches en fibres, faibles en calories et en cholest\u00e9rol. C'est pourquoi elles sont \u00e9galement connues sous le nom de nouilles \"z\u00e9ro\" ou \"miracle\".<\/p>\n<h2>Salade de nouilles Konjac Saveur Wasabi Ingr\u00e9dients :<\/h2>\n<p><strong>Sauce<\/strong>: Eau, huile de soja non OGM, sucre, s\u00e9same, sel, jus concentr\u00e9 de champignons (champignons, eau, sel comestible), jaune d'\u0153uf glac\u00e9, MSG (exhausteur de go\u00fbt E621), acide lactique, colorant caramel (<a href=\"https:\/\/healthypig.com.hk\/en\/blogs\/healthypigmagazine\/e150-%E7%84%A6%E7%B3%96%E8%89%B2\" target=\"_blank\" rel=\"noopener\">colorant E150a<\/a>), poudre de moutarde, acide ac\u00e9tique glacial (r\u00e9gulateur d'acidit\u00e9 E260), extrait de levure, gomme xanthane (\u00e9paississant E415), sorbate de potassium (conservateur E202), Calcium Disodium EDTA (antioxydant E385).<br \/>\n<strong>Nouilles de konjac<\/strong>: L'eau, <a href=\"https:\/\/sentaiyuanbio.com\/fr\/produit\/poudre-de-konjac\/\" target=\"_blank\" rel=\"noopener\">Farine de konnyaku<\/a>, acide citrique.<br \/>\n<strong>Allerg\u00e8nes<\/strong>: Contient des produits \u00e0 base de soja, des produits \u00e0 base d'\u0153ufs et de la moutarde.<br \/>\n<strong>Poids net<\/strong>: 20g (sauce)+120g (nouilles de konjac)<br \/>\n<strong>Dur\u00e9e de conservation<\/strong>: 12 mois<br \/>\n<strong>Stockage<\/strong>: Stocker dans un endroit frais et sec. Conserver \u00e0 l'abri de la lumi\u00e8re et de la chaleur. Conserver \u00e0 l'abri de la lumi\u00e8re et de la chaleur. Apr\u00e8s ouverture, conserver au r\u00e9frig\u00e9rateur et consommer dans les 24 heures.<\/p>\n<h2>Valeurs nutritionnelles de la salade de nouilles Konjac au wasabi<b>(par portion)<\/b><\/h2>\n<table>\n<tbody>\n<tr>\n<td colspan=\"2\" width=\"630\"><strong><b>Donn\u00e9es nutritionnelles<\/b><\/strong><\/td>\n<\/tr>\n<tr>\n<td width=\"319\">L'\u00e9nergie<\/td>\n<td width=\"311\">68,4 Kcal<\/td>\n<\/tr>\n<tr>\n<td width=\"319\">Graisses totales<\/td>\n<td width=\"311\">5.73g<\/td>\n<\/tr>\n<tr>\n<td width=\"319\">Acide gras satur\u00e9<\/td>\n<td width=\"311\">0.88<\/td>\n<\/tr>\n<tr>\n<td width=\"319\">Sodium<\/td>\n<td width=\"311\">282,35 mg<\/td>\n<\/tr>\n<tr>\n<td width=\"319\">Sel<\/td>\n<td width=\"311\">0.7g<\/td>\n<\/tr>\n<tr>\n<td width=\"319\">Glucides totaux<\/td>\n<td width=\"311\">3.94g<\/td>\n<\/tr>\n<tr>\n<td width=\"319\">Fibre<\/td>\n<td width=\"311\">0.8g<\/td>\n<\/tr>\n<tr>\n<td width=\"319\">Sucre<\/td>\n<td width=\"311\">2.1g<\/td>\n<\/tr>\n<tr>\n<td width=\"319\">Prot\u00e9ines<\/td>\n<td width=\"311\">0.48g<\/td>\n<\/tr>\n<\/tbody>\n<\/table>\n<h2>Voici quelques caract\u00e9ristiques de la salade de nouilles de konjac :<\/h2>\n<p><strong>Faible teneur en calories :<\/strong> Il est extr\u00eamement pauvre en calories, ce qui en fait un choix appropri\u00e9 pour les personnes qui cherchent \u00e0 r\u00e9duire leur apport calorique. Il ne contient g\u00e9n\u00e9ralement que 5 \u00e0 10 calories par portion.<\/p>\n<p><strong>Faible teneur en glucides :<\/strong> Il est tr\u00e8s pauvre en glucides, ce qui en fait une excellente alternative au riz traditionnel pour les personnes suivant un r\u00e9gime pauvre en glucides. Il ne contient qu'une fraction des glucides pr\u00e9sents dans le riz ordinaire.<\/p>\n<p class=\"translation-block\"><strong>Riche en fibres<\/strong>: Il est riche en fibres alimentaires, notamment en fibres solubles appel\u00e9es glucomannane. Ces fibres sont b\u00e9n\u00e9fiques pour la digestion, favorisent la sensation de sati\u00e9t\u00e9 et peuvent contribuer \u00e0 la gestion du poids.<\/p>\n<p><strong>Sans gluten<\/strong>: Il est naturellement exempt de gluten, ce qui en fait une option appropri\u00e9e pour les personnes sensibles au gluten ou celles qui suivent un r\u00e9gime sans gluten.<\/p>\n<p><strong>Texture g\u00e9latineuse<\/strong>: Il a une texture g\u00e9latineuse unique qui diff\u00e8re du riz traditionnel. Il est l\u00e9g\u00e8rement moelleux et a une texture ferme, que certaines personnes peuvent trouver diff\u00e9rente de celle du riz ordinaire.<\/p>\n<p><strong>Pratiquement sans go\u00fbt<\/strong>: Il n'a pas de saveur propre. Il a tendance \u00e0 absorber les saveurs des sauces, des \u00e9pices ou des ingr\u00e9dients avec lesquels il est cuisin\u00e9, ce qui le rend polyvalent et adaptable \u00e0 une vari\u00e9t\u00e9 de recettes.<\/p>\n<p><strong>Rapide et facile \u00e0 pr\u00e9parer<\/strong>: Il est g\u00e9n\u00e9ralement vendu pr\u00e9emball\u00e9 et pr\u00eat \u00e0 l'emploi. Il n\u00e9cessite un temps de pr\u00e9paration et de cuisson minimal par rapport au riz traditionnel.<\/p>\n<p><strong>Favorise la sati\u00e9t\u00e9<\/strong>: Gr\u00e2ce \u00e0 sa teneur \u00e9lev\u00e9e en fibres, il peut favoriser les sensations de pl\u00e9nitude et de sati\u00e9t\u00e9, aidant ainsi \u00e0 contr\u00f4ler l'app\u00e9tit et \u00e0 g\u00e9rer la taille des portions.<\/p>\n<p><strong>Convient \u00e0 diverses restrictions alimentaires<\/strong>: Il convient \u00e0 un large \u00e9ventail de restrictions alimentaires, y compris les r\u00e9gimes pauvres en glucides, c\u00e9tog\u00e8nes, sans gluten, v\u00e9g\u00e9taliens et v\u00e9g\u00e9tariens.<\/p>\n<p><strong>Peut contribuer \u00e0 la gestion du poids<\/strong>: Sa faible teneur en calories et en fibres en fait un choix populaire pour les personnes qui souhaitent perdre du poids ou maintenir un poids sain.<\/p>\n<p><img fetchpriority=\"high\" decoding=\"async\" class=\"alignnone wp-image-5014 size-full\" title=\"Salade de fettuccine de konnyaku, salade de konjac\" src=\"https:\/\/sentaiyuanbio.com\/wp-content\/uploads\/2024\/07\/Konnyaku-Fettuccine-Salad_1.webp\" alt=\"Salade de fettuccine de konnyaku, salade de konjac\" width=\"750\" height=\"451\" srcset=\"https:\/\/sentaiyuanbio.com\/wp-content\/uploads\/2024\/07\/Konnyaku-Fettuccine-Salad_1.webp 750w, https:\/\/sentaiyuanbio.com\/wp-content\/uploads\/2024\/07\/Konnyaku-Fettuccine-Salad_1-300x180.webp 300w, https:\/\/sentaiyuanbio.com\/wp-content\/uploads\/2024\/07\/Konnyaku-Fettuccine-Salad_1-600x361.webp 600w\" sizes=\"(max-width: 750px) 100vw, 750px\" \/> <img decoding=\"async\" class=\"alignnone wp-image-5015 size-full\" title=\"Salade de fettuccine de konnyaku, salade de konjac\" src=\"https:\/\/sentaiyuanbio.com\/wp-content\/uploads\/2024\/07\/Konnyaku-Fettuccine-Salad_2.webp\" alt=\"Salade de fettuccine de konnyaku, salade de konjac\" width=\"750\" height=\"471\" srcset=\"https:\/\/sentaiyuanbio.com\/wp-content\/uploads\/2024\/07\/Konnyaku-Fettuccine-Salad_2.webp 750w, https:\/\/sentaiyuanbio.com\/wp-content\/uploads\/2024\/07\/Konnyaku-Fettuccine-Salad_2-300x188.webp 300w, https:\/\/sentaiyuanbio.com\/wp-content\/uploads\/2024\/07\/Konnyaku-Fettuccine-Salad_2-600x377.webp 600w\" sizes=\"(max-width: 750px) 100vw, 750px\" \/> <img decoding=\"async\" class=\"alignnone wp-image-5016 size-full\" title=\"Salade de fettuccine de konnyaku, salade de konjac\" src=\"https:\/\/sentaiyuanbio.com\/wp-content\/uploads\/2024\/07\/Konnyaku-Fettuccine-Salad_3.webp\" alt=\"Salade de fettuccine de konnyaku, salade de konjac\" width=\"750\" height=\"556\" srcset=\"https:\/\/sentaiyuanbio.com\/wp-content\/uploads\/2024\/07\/Konnyaku-Fettuccine-Salad_3.webp 750w, https:\/\/sentaiyuanbio.com\/wp-content\/uploads\/2024\/07\/Konnyaku-Fettuccine-Salad_3-300x222.webp 300w, https:\/\/sentaiyuanbio.com\/wp-content\/uploads\/2024\/07\/Konnyaku-Fettuccine-Salad_3-600x445.webp 600w\" sizes=\"(max-width: 750px) 100vw, 750px\" \/> <img loading=\"lazy\" decoding=\"async\" class=\"alignnone wp-image-5017 size-full\" title=\"Salade de fettuccine de konnyaku, salade de konjac\" src=\"https:\/\/sentaiyuanbio.com\/wp-content\/uploads\/2024\/07\/Konnyaku-Fettuccine-Salad_4.webp\" alt=\"Salade de fettuccine de konnyaku, salade de konjac\" width=\"750\" height=\"543\" srcset=\"https:\/\/sentaiyuanbio.com\/wp-content\/uploads\/2024\/07\/Konnyaku-Fettuccine-Salad_4.webp 750w, https:\/\/sentaiyuanbio.com\/wp-content\/uploads\/2024\/07\/Konnyaku-Fettuccine-Salad_4-300x217.webp 300w, https:\/\/sentaiyuanbio.com\/wp-content\/uploads\/2024\/07\/Konnyaku-Fettuccine-Salad_4-600x434.webp 600w\" sizes=\"(max-width: 750px) 100vw, 750px\" \/> <img loading=\"lazy\" decoding=\"async\" class=\"alignnone wp-image-5018 size-full\" title=\"Salade de fettuccine de konnyaku, salade de konjac\" src=\"https:\/\/sentaiyuanbio.com\/wp-content\/uploads\/2024\/07\/Konnyaku-Fettuccine-Salad_5.webp\" alt=\"Salade de fettuccine de konnyaku, salade de konjac\" width=\"750\" height=\"322\" srcset=\"https:\/\/sentaiyuanbio.com\/wp-content\/uploads\/2024\/07\/Konnyaku-Fettuccine-Salad_5.webp 750w, https:\/\/sentaiyuanbio.com\/wp-content\/uploads\/2024\/07\/Konnyaku-Fettuccine-Salad_5-300x129.webp 300w, https:\/\/sentaiyuanbio.com\/wp-content\/uploads\/2024\/07\/Konnyaku-Fettuccine-Salad_5-600x258.webp 600w\" sizes=\"(max-width: 750px) 100vw, 750px\" \/> <img loading=\"lazy\" decoding=\"async\" class=\"alignnone wp-image-5019 size-full\" title=\"Salade de fettuccine de konnyaku, salade de konjac\" src=\"https:\/\/sentaiyuanbio.com\/wp-content\/uploads\/2024\/07\/Konnyaku-Fettuccine-Salad_6.webp\" alt=\"Salade de fettuccine de konnyaku, salade de konjac\" width=\"750\" height=\"375\" srcset=\"https:\/\/sentaiyuanbio.com\/wp-content\/uploads\/2024\/07\/Konnyaku-Fettuccine-Salad_6.webp 750w, https:\/\/sentaiyuanbio.com\/wp-content\/uploads\/2024\/07\/Konnyaku-Fettuccine-Salad_6-300x150.webp 300w, https:\/\/sentaiyuanbio.com\/wp-content\/uploads\/2024\/07\/Konnyaku-Fettuccine-Salad_6-600x300.webp 600w\" sizes=\"(max-width: 750px) 100vw, 750px\" \/> <img loading=\"lazy\" decoding=\"async\" class=\"alignnone wp-image-5020 size-full\" title=\"Salade de fettuccine de konnyaku, salade de konjac\" src=\"https:\/\/sentaiyuanbio.com\/wp-content\/uploads\/2024\/07\/Konnyaku-Fettuccine-Salad_7.webp\" alt=\"Salade de fettuccine de konnyaku, salade de konjac\" width=\"750\" height=\"526\" srcset=\"https:\/\/sentaiyuanbio.com\/wp-content\/uploads\/2024\/07\/Konnyaku-Fettuccine-Salad_7.webp 750w, https:\/\/sentaiyuanbio.com\/wp-content\/uploads\/2024\/07\/Konnyaku-Fettuccine-Salad_7-300x210.webp 300w, https:\/\/sentaiyuanbio.com\/wp-content\/uploads\/2024\/07\/Konnyaku-Fettuccine-Salad_7-600x421.webp 600w\" sizes=\"(max-width: 750px) 100vw, 750px\" \/><\/p>","protected":false},"excerpt":{"rendered":"<p>Notre salade de nouilles de konjac est fabriqu\u00e9e \u00e0 partir des fibres solubles de la racine de konnyaku et est faible en glucides et en calories, avec seulement 68 calories par portion. Les fettuccine Konnyaku sont parfaites pour les salades et ont une texture similaire \u00e0 celle des nouilles de riz. Cette salade l\u00e9g\u00e8re, saine, v\u00e9g\u00e9talienne et sans gluten est compos\u00e9e de nouilles Shirataki et est agr\u00e9ment\u00e9e de d\u00e9licieuses graines de s\u00e9same et de wasabi.<\/p>","protected":false},"featured_media":5011,"template":"","meta":{"site-sidebar-layout":"default","site-content-layout":"","ast-site-content-layout":"default","site-content-style":"default","site-sidebar-style":"default","ast-global-header-display":"","ast-banner-title-visibility":"","ast-main-header-display":"","ast-hfb-above-header-display":"","ast-hfb-below-header-display":"","ast-hfb-mobile-header-display":"","site-post-title":"","ast-breadcrumbs-content":"","ast-featured-img":"","footer-sml-layout":"","ast-disable-related-posts":"","theme-transparent-header-meta":"default","adv-header-id-meta":"","stick-header-meta":"default","header-above-stick-meta":"","header-main-stick-meta":"","header-below-stick-meta":"","astra-migrate-meta-layouts":"set","ast-page-background-enabled":"default","ast-page-background-meta":{"desktop":{"background-color":"","background-image":"","background-repeat":"repeat","background-position":"center center","background-size":"auto","background-attachment":"scroll","background-type":"","background-media":"","overlay-type":"","overlay-color":"","overlay-opacity":"","overlay-gradient":""},"tablet":{"background-color":"","background-image":"","background-repeat":"repeat","background-position":"center center","background-size":"auto","background-attachment":"scroll","background-type":"","background-media":"","overlay-type":"","overlay-color":"","overlay-opacity":"","overlay-gradient":""},"mobile":{"background-color":"","background-image":"","background-repeat":"repeat","background-position":"center center","background-size":"auto","background-attachment":"scroll","background-type":"","background-media":"","overlay-type":"","overlay-color":"","overlay-opacity":"","overlay-gradient":""}},"ast-content-background-meta":{"desktop":{"background-color":"var(--ast-global-color-5)","background-image":"","background-repeat":"repeat","background-position":"center center","background-size":"auto","background-attachment":"scroll","background-type":"","background-media":"","overlay-type":"","overlay-color":"","overlay-opacity":"","overlay-gradient":""},"tablet":{"background-color":"var(--ast-global-color-5)","background-image":"","background-repeat":"repeat","background-position":"center center","background-size":"auto","background-attachment":"scroll","background-type":"","background-media":"","overlay-type":"","overlay-color":"","overlay-opacity":"","overlay-gradient":""},"mobile":{"background-color":"var(--ast-global-color-5)","background-image":"","background-repeat":"repeat","background-position":"center center","background-size":"auto","background-attachment":"scroll","background-type":"","background-media":"","overlay-type":"","overlay-color":"","overlay-opacity":"","overlay-gradient":""}}},"product_brand":[],"product_cat":[54],"product_tag":[32],"class_list":{"0":"post-2290","1":"product","2":"type-product","3":"status-publish","4":"has-post-thumbnail","6":"product_cat-shirataki-noodle-salad","7":"product_tag-konjac-pasta","8":"desktop-align-left","9":"tablet-align-left","10":"mobile-align-left","11":"ast-product-gallery-layout-horizontal-slider","12":"ast-product-tabs-layout-horizontal","14":"first","15":"instock","16":"shipping-taxable","17":"product-type-simple"},"_links":{"self":[{"href":"https:\/\/sentaiyuanbio.com\/fr\/wp-json\/wp\/v2\/product\/2290","targetHints":{"allow":["GET"]}}],"collection":[{"href":"https:\/\/sentaiyuanbio.com\/fr\/wp-json\/wp\/v2\/product"}],"about":[{"href":"https:\/\/sentaiyuanbio.com\/fr\/wp-json\/wp\/v2\/types\/product"}],"version-history":[{"count":0,"href":"https:\/\/sentaiyuanbio.com\/fr\/wp-json\/wp\/v2\/product\/2290\/revisions"}],"wp:featuredmedia":[{"embeddable":true,"href":"https:\/\/sentaiyuanbio.com\/fr\/wp-json\/wp\/v2\/media\/5011"}],"wp:attachment":[{"href":"https:\/\/sentaiyuanbio.com\/fr\/wp-json\/wp\/v2\/media?parent=2290"}],"wp:term":[{"taxonomy":"product_brand","embeddable":true,"href":"https:\/\/sentaiyuanbio.com\/fr\/wp-json\/wp\/v2\/product_brand?post=2290"},{"taxonomy":"product_cat","embeddable":true,"href":"https:\/\/sentaiyuanbio.com\/fr\/wp-json\/wp\/v2\/product_cat?post=2290"},{"taxonomy":"product_tag","embeddable":true,"href":"https:\/\/sentaiyuanbio.com\/fr\/wp-json\/wp\/v2\/product_tag?post=2290"}],"curies":[{"name":"wp","href":"https:\/\/api.w.org\/{rel}","templated":true}]}}