{"id":2439,"date":"2024-07-16T03:31:04","date_gmt":"2024-07-16T03:31:04","guid":{"rendered":"https:\/\/sentaiyuanbio.com\/?post_type=product&#038;p=2439"},"modified":"2025-05-08T07:31:56","modified_gmt":"2025-05-08T07:31:56","slug":"nouilles-instantanees-shirataki-tom-yum","status":"publish","type":"product","link":"https:\/\/sentaiyuanbio.com\/fr\/produit\/nouilles-instantanees-shirataki-tom-yum\/","title":{"rendered":"Nouilles instantan\u00e9es Shirataki, saveur tom yum, nouilles konnyaku"},"content":{"rendered":"<h2>Description de la saveur des nouilles instantan\u00e9es Shirataki tom yum :<\/h2>\n<p>Les nouilles Konnyaku \"Shirataki\" sont des nouilles extr\u00eamement saines, riches en fibres, faibles en calories et en cholest\u00e9rol. C'est pourquoi elles sont \u00e9galement connues sous le nom de \"nouilles z\u00e9ro\" ou \"nouilles miracle\".<\/p>\n<p>Les nouilles Shirataki sont \u00e9galement connues sous le nom de \"Konjac\", \"Konnyaku\" ou \"Yam\" et ont une texture l\u00e9g\u00e8rement moelleuse. Fabriqu\u00e9es \u00e0 partir d'un l\u00e9gume asiatique appel\u00e9 \"Konjac\", les nouilles Shirataki n'ont pas beaucoup de saveur en elles-m\u00eames - elles sont donc excellentes pour absorber la saveur d'autres ingr\u00e9dients et sauces. Parfaites dans les Hotpots.<\/p>\n<p>En voici quelques caract\u00e9ristiques et particularit\u00e9s :<\/p>\n<ul>\n<li>Faible teneur en calories<\/li>\n<li>Riche en fibres<\/li>\n<li>Sans gluten<\/li>\n<li>Texture g\u00e9latineuse<\/li>\n<li>Pratiquement sans go\u00fbt<\/li>\n<li>Rapide et facile \u00e0 pr\u00e9parer<\/li>\n<li>Favorise la sati\u00e9t\u00e9<\/li>\n<li>Convient \u00e0 diverses restrictions alimentaires<\/li>\n<li>Peut contribuer \u00e0 la gestion du poids<\/li>\n<\/ul>\n<h2>Ingr\u00e9dients des nouilles instantan\u00e9es Shirataki saveur tom yum :<\/h2>\n<p><strong>Sauce<\/strong>: Eau, sucre blanc, huile v\u00e9g\u00e9tale, sel comestible, ail, poudre de noix de coco, gingembre, sauce tomate, sauce soja ferment\u00e9e, oignon, vinaigre ferment\u00e9, extrait de levure, poudre de poivre, essence comestible, vin de riz, poudre de poivron rouge, acide citrique, \u00e9pices (gingembre, oignon, graines de coriandre, ail), ar\u00f4me 5'-. <a href=\"https:\/\/www.chemicalbook.com\/ChemicalProductProperty_EN_CB92083301.htm\" target=\"_blank\" rel=\"noopener\">nucl\u00e9otide disodique<\/a>Poudre de curry.<\/p>\n<p><strong>Nouilles Konnyaku<\/strong>: L'eau, <a href=\"https:\/\/sentaiyuanbio.com\/fr\/produit\/poudre-de-konjac\/\" target=\"_blank\" rel=\"noopener\">Poudre de konjac<\/a>, Acide citrique.<\/p>\n<p><strong>L\u00e9gumes<\/strong>: Oignon, Carotte.<\/p>\n<p><b>Allerg\u00e8ne : <\/b>Contient des produits \u00e0 base de soja.<\/p>\n<p><b>Poids net : <\/b>30g (sauce)+120g (nouilles de konjac)+2g (l\u00e9gumes)<\/p>\n<p><b>Dur\u00e9e de conservation : <\/b>14 mois<\/p>\n<p><b>Stockage : <\/b>Stocker dans un endroit frais et sec. Conserver \u00e0 l'abri de la lumi\u00e8re et de la chaleur. Conserver \u00e0 l'abri de la lumi\u00e8re et de la chaleur. Apr\u00e8s ouverture, conserver au r\u00e9frig\u00e9rateur et consommer dans les 24 heures.<\/p>\n<h2>Les nouilles d'igname Shirataki : informations nutritionnelles<\/h2>\n<table border=\"1\" cellspacing=\"1\">\n<tbody>\n<tr>\n<td colspan=\"2\" align=\"center\">Donn\u00e9es nutritionnelles (100g)<\/td>\n<\/tr>\n<tr>\n<td align=\"center\" width=\"284\"><b>L'\u00e9nergie<\/b><\/td>\n<td align=\"center\" width=\"284\">25kcal<\/td>\n<\/tr>\n<tr>\n<td align=\"center\" width=\"284\"><b>Prot\u00e9ines<\/b><\/td>\n<td align=\"center\" width=\"284\">0.41g<\/td>\n<\/tr>\n<tr>\n<td align=\"center\" width=\"284\"><b>Graisses totales<\/b><\/td>\n<td align=\"center\" width=\"284\">1.56g<\/td>\n<\/tr>\n<tr>\n<td align=\"center\" width=\"284\"><b>Glucides totaux<\/b><\/td>\n<td align=\"center\" width=\"284\">3g<\/td>\n<\/tr>\n<tr>\n<td align=\"center\" width=\"284\"><b>Fibres alimentaires<\/b><\/td>\n<td align=\"center\" width=\"284\">1.5g<\/td>\n<\/tr>\n<tr>\n<td align=\"center\" width=\"284\"><b>Sodium<\/b><\/td>\n<td align=\"center\" width=\"284\">550 mg<\/td>\n<\/tr>\n<\/tbody>\n<\/table>\n<p><img fetchpriority=\"high\" decoding=\"async\" class=\"alignnone wp-image-3702 size-full\" src=\"https:\/\/sentaiyuanbio.com\/wp-content\/uploads\/2024\/07\/konnyaku-yam-noodles01.webp\" alt=\"nouilles d&#039;igname konnyaku\" width=\"750\" height=\"812\" srcset=\"https:\/\/sentaiyuanbio.com\/wp-content\/uploads\/2024\/07\/konnyaku-yam-noodles01.webp 750w, https:\/\/sentaiyuanbio.com\/wp-content\/uploads\/2024\/07\/konnyaku-yam-noodles01-277x300.webp 277w, https:\/\/sentaiyuanbio.com\/wp-content\/uploads\/2024\/07\/konnyaku-yam-noodles01-554x600.webp 554w, https:\/\/sentaiyuanbio.com\/wp-content\/uploads\/2024\/07\/konnyaku-yam-noodles01-600x650.webp 600w\" sizes=\"(max-width: 750px) 100vw, 750px\" \/><img decoding=\"async\" class=\"alignnone wp-image-3701 size-full\" src=\"https:\/\/sentaiyuanbio.com\/wp-content\/uploads\/2024\/07\/konnyaku-yam-noodles02.webp\" alt=\"nouilles d&#039;igname konnyaku\" width=\"750\" height=\"1147\" srcset=\"https:\/\/sentaiyuanbio.com\/wp-content\/uploads\/2024\/07\/konnyaku-yam-noodles02.webp 750w, https:\/\/sentaiyuanbio.com\/wp-content\/uploads\/2024\/07\/konnyaku-yam-noodles02-196x300.webp 196w, https:\/\/sentaiyuanbio.com\/wp-content\/uploads\/2024\/07\/konnyaku-yam-noodles02-670x1024.webp 670w, https:\/\/sentaiyuanbio.com\/wp-content\/uploads\/2024\/07\/konnyaku-yam-noodles02-392x600.webp 392w, https:\/\/sentaiyuanbio.com\/wp-content\/uploads\/2024\/07\/konnyaku-yam-noodles02-600x918.webp 600w\" sizes=\"(max-width: 750px) 100vw, 750px\" \/><img decoding=\"async\" class=\"alignnone wp-image-3700 size-full\" src=\"https:\/\/sentaiyuanbio.com\/wp-content\/uploads\/2024\/07\/konnyaku-yam-noodles04.webp\" alt=\"nouilles d&#039;igname konnyaku\" width=\"750\" height=\"471\" srcset=\"https:\/\/sentaiyuanbio.com\/wp-content\/uploads\/2024\/07\/konnyaku-yam-noodles04.webp 750w, https:\/\/sentaiyuanbio.com\/wp-content\/uploads\/2024\/07\/konnyaku-yam-noodles04-300x188.webp 300w, https:\/\/sentaiyuanbio.com\/wp-content\/uploads\/2024\/07\/konnyaku-yam-noodles04-600x377.webp 600w\" sizes=\"(max-width: 750px) 100vw, 750px\" \/><img loading=\"lazy\" decoding=\"async\" class=\"alignnone wp-image-3699 size-full\" src=\"https:\/\/sentaiyuanbio.com\/wp-content\/uploads\/2024\/07\/konnyaku-yam-noodles03.webp\" alt=\"nouilles d&#039;igname konnyaku\" width=\"750\" height=\"876\" srcset=\"https:\/\/sentaiyuanbio.com\/wp-content\/uploads\/2024\/07\/konnyaku-yam-noodles03.webp 750w, https:\/\/sentaiyuanbio.com\/wp-content\/uploads\/2024\/07\/konnyaku-yam-noodles03-257x300.webp 257w, https:\/\/sentaiyuanbio.com\/wp-content\/uploads\/2024\/07\/konnyaku-yam-noodles03-514x600.webp 514w, https:\/\/sentaiyuanbio.com\/wp-content\/uploads\/2024\/07\/konnyaku-yam-noodles03-600x701.webp 600w\" sizes=\"(max-width: 750px) 100vw, 750px\" \/><img loading=\"lazy\" decoding=\"async\" class=\"alignnone wp-image-2449 size-full\" src=\"https:\/\/sentaiyuanbio.com\/wp-content\/uploads\/2024\/07\/konnyaku-yam-noodles-5.jpg\" alt=\"nouilles d&#039;igname konnyaku\" width=\"750\" height=\"779\" srcset=\"https:\/\/sentaiyuanbio.com\/wp-content\/uploads\/2024\/07\/konnyaku-yam-noodles-5.jpg 750w, https:\/\/sentaiyuanbio.com\/wp-content\/uploads\/2024\/07\/konnyaku-yam-noodles-5-289x300.jpg 289w, https:\/\/sentaiyuanbio.com\/wp-content\/uploads\/2024\/07\/konnyaku-yam-noodles-5-578x600.jpg 578w, https:\/\/sentaiyuanbio.com\/wp-content\/uploads\/2024\/07\/konnyaku-yam-noodles-5-600x623.jpg 600w\" sizes=\"(max-width: 750px) 100vw, 750px\" \/><\/p>\n<h2>Nouilles instantan\u00e9es Shirataki saveur tom yum Instructions de cuisson<\/h2>\n<p>1. \u00c9goutter l'eau du sachet et vider le contenu du sachet de nouilles dans la tasse.<\/p>\n<p>2. Ajouter la sauce et les l\u00e9gumes, verser de l'eau froide dans la ligne d'eau et passer au micro-ondes pendant 2 minutes (ou verser directement 120 g d'eau bouillante).<\/p>\n<p>3. Bien m\u00e9langer pour servir.<\/p>\n<p><a href=\"https:\/\/sentaiyuanbio.com\/wp-content\/uploads\/woocommerce_uploads\/2024\/07\/Specification-TOM-YUM-FLAVORwith-konjac-noodles-kboq0l.pdf\" target=\"_blank\" rel=\"noopener\"><b>T\u00e9l\u00e9charger TOM YUM FLAVOR (avec des nouilles de konjac)<\/b><\/a><\/p>","protected":false},"excerpt":{"rendered":"<p>Nouilles instantan\u00e9es Shirataki saveur tom yum, faibles en calories, faibles en glucides, seulement 25 calories par portion. Les nouilles d'igname konnyaku sans gluten, fabriqu\u00e9es \u00e0 partir de la racine de la plante konjac et d'eau, peuvent \u00eatre pass\u00e9es au micro-ondes en seulement 2 minutes pour une alternative pratique \u00e0 la restauration rapide.<\/p>","protected":false},"featured_media":4208,"template":"","meta":{"site-sidebar-layout":"default","site-content-layout":"","ast-site-content-layout":"default","site-content-style":"default","site-sidebar-style":"default","ast-global-header-display":"","ast-banner-title-visibility":"","ast-main-header-display":"","ast-hfb-above-header-display":"","ast-hfb-below-header-display":"","ast-hfb-mobile-header-display":"","site-post-title":"","ast-breadcrumbs-content":"","ast-featured-img":"","footer-sml-layout":"","ast-disable-related-posts":"","theme-transparent-header-meta":"default","adv-header-id-meta":"","stick-header-meta":"default","header-above-stick-meta":"","header-main-stick-meta":"","header-below-stick-meta":"","astra-migrate-meta-layouts":"set","ast-page-background-enabled":"default","ast-page-background-meta":{"desktop":{"background-color":"","background-image":"","background-repeat":"repeat","background-position":"center center","background-size":"auto","background-attachment":"scroll","background-type":"","background-media":"","overlay-type":"","overlay-color":"","overlay-opacity":"","overlay-gradient":""},"tablet":{"background-color":"","background-image":"","background-repeat":"repeat","background-position":"center center","background-size":"auto","background-attachment":"scroll","background-type":"","background-media":"","overlay-type":"","overlay-color":"","overlay-opacity":"","overlay-gradient":""},"mobile":{"background-color":"","background-image":"","background-repeat":"repeat","background-position":"center center","background-size":"auto","background-attachment":"scroll","background-type":"","background-media":"","overlay-type":"","overlay-color":"","overlay-opacity":"","overlay-gradient":""}},"ast-content-background-meta":{"desktop":{"background-color":"var(--ast-global-color-5)","background-image":"","background-repeat":"repeat","background-position":"center center","background-size":"auto","background-attachment":"scroll","background-type":"","background-media":"","overlay-type":"","overlay-color":"","overlay-opacity":"","overlay-gradient":""},"tablet":{"background-color":"var(--ast-global-color-5)","background-image":"","background-repeat":"repeat","background-position":"center center","background-size":"auto","background-attachment":"scroll","background-type":"","background-media":"","overlay-type":"","overlay-color":"","overlay-opacity":"","overlay-gradient":""},"mobile":{"background-color":"var(--ast-global-color-5)","background-image":"","background-repeat":"repeat","background-position":"center center","background-size":"auto","background-attachment":"scroll","background-type":"","background-media":"","overlay-type":"","overlay-color":"","overlay-opacity":"","overlay-gradient":""}}},"product_brand":[],"product_cat":[23],"product_tag":[40],"class_list":{"0":"post-2439","1":"product","2":"type-product","3":"status-publish","4":"has-post-thumbnail","6":"product_cat-instant-konjac-noodles","7":"product_tag-konjac-cup-noodles","8":"desktop-align-left","9":"tablet-align-left","10":"mobile-align-left","11":"ast-product-gallery-layout-horizontal-slider","12":"ast-product-tabs-layout-horizontal","14":"first","15":"instock","16":"shipping-taxable","17":"product-type-simple"},"_links":{"self":[{"href":"https:\/\/sentaiyuanbio.com\/fr\/wp-json\/wp\/v2\/product\/2439","targetHints":{"allow":["GET"]}}],"collection":[{"href":"https:\/\/sentaiyuanbio.com\/fr\/wp-json\/wp\/v2\/product"}],"about":[{"href":"https:\/\/sentaiyuanbio.com\/fr\/wp-json\/wp\/v2\/types\/product"}],"version-history":[{"count":0,"href":"https:\/\/sentaiyuanbio.com\/fr\/wp-json\/wp\/v2\/product\/2439\/revisions"}],"wp:featuredmedia":[{"embeddable":true,"href":"https:\/\/sentaiyuanbio.com\/fr\/wp-json\/wp\/v2\/media\/4208"}],"wp:attachment":[{"href":"https:\/\/sentaiyuanbio.com\/fr\/wp-json\/wp\/v2\/media?parent=2439"}],"wp:term":[{"taxonomy":"product_brand","embeddable":true,"href":"https:\/\/sentaiyuanbio.com\/fr\/wp-json\/wp\/v2\/product_brand?post=2439"},{"taxonomy":"product_cat","embeddable":true,"href":"https:\/\/sentaiyuanbio.com\/fr\/wp-json\/wp\/v2\/product_cat?post=2439"},{"taxonomy":"product_tag","embeddable":true,"href":"https:\/\/sentaiyuanbio.com\/fr\/wp-json\/wp\/v2\/product_tag?post=2439"}],"curies":[{"name":"wp","href":"https:\/\/api.w.org\/{rel}","templated":true}]}}