{"id":2475,"date":"2024-07-16T09:08:53","date_gmt":"2024-07-16T09:08:53","guid":{"rendered":"https:\/\/sentaiyuanbio.com\/?post_type=product&#038;p=2475"},"modified":"2025-02-26T09:04:03","modified_gmt":"2025-02-26T09:04:03","slug":"nouilles-shirataki-au-konjac-sans-calorie","status":"publish","type":"product","link":"https:\/\/sentaiyuanbio.com\/fr\/produit\/nouilles-shirataki-au-konjac-sans-calorie\/","title":{"rendered":"Nouilles shirataki au konjac sans caloless, saveur miso, nouilles shirataki"},"content":{"rendered":"<h2>Description des nouilles shirataki de konjac<\/h2>\n<p>Les nouilles Konnyaku \"Shirataki\" sont extr\u00eamement saines, riches en fibres, faibles en calories et en cholest\u00e9rol. C'est pourquoi elles sont \u00e9galement connues sous le nom de \"nouilles z\u00e9ro\" ou \"nouilles miracle\".<\/p>\n<p>Les nouilles Shirataki sont \u00e9galement connues sous le nom de \"Konjac\", \"Konnyaku\" ou \"Yam\" et ont une texture l\u00e9g\u00e8rement moelleuse. Fabriqu\u00e9es \u00e0 partir d'un l\u00e9gume asiatique appel\u00e9 \"Konjac\", les nouilles Shirataki n'ont pas beaucoup de saveur en elles-m\u00eames - elles sont donc excellentes pour absorber la saveur d'autres ingr\u00e9dients et sauces. Parfaites dans les Hotpots.<\/p>\n<h2>Nouilles konjac shirataki sans calorie ingr\u00e9dients de la saveur miso :<\/h2>\n<p><strong>Sauce<\/strong>: Sauce miso (eau, soja (sans OGM), riz, sel comestible, alcool comestible), eau, sucre blanc cristallis\u00e9, sauce kunbu (eau, varech s\u00e9ch\u00e9, sel comestible), prot\u00e9ines v\u00e9g\u00e9tales hydrolys\u00e9es, sel comestible, exhausteur de go\u00fbt (<a href=\"https:\/\/foodadditives.net\/flavor-enhancer\/disodium-5-ribonucleotides\/\" target=\"_blank\" rel=\"noopener\">5'-ribonucl\u00e9otide disodique<\/a>)<br \/>\n<strong>Les meilleures nouilles shirataki<\/strong>: L'eau, <a href=\"https:\/\/sentaiyuanbio.com\/fr\/product-category\/fibres-alimentaires-de-konjac\/\" target=\"_blank\" rel=\"noopener\">Poudre de konjac<\/a>, Acide citrique.<br \/>\n<strong>L\u00e9gumes<\/strong>: Oignon, Carotte.<br \/>\n<strong>Allerg\u00e8ne<\/strong>: Contient des produits \u00e0 base de soja.<br \/>\n<strong>Poids net<\/strong>: 40g(sauce)+120g(nouilles konjac shirataki)+2g(l\u00e9gumes)<br \/>\n<strong>Dur\u00e9e de conservation<\/strong>: 14 mois<br \/>\n<strong>Stockage<\/strong>: Stocker dans un endroit frais et sec. Conserver \u00e0 l'abri de la lumi\u00e8re et de la chaleur. Conserver \u00e0 l'abri de la lumi\u00e8re et de la chaleur. Apr\u00e8s ouverture, conserver au r\u00e9frig\u00e9rateur et consommer dans les 24 heures.<\/p>\n<h2>Nouilles konjac shirataki sans calorie saveur miso informations nutritionnelles<\/h2>\n<table border=\"1\" cellspacing=\"1\">\n<tbody>\n<tr>\n<td colspan=\"2\" align=\"center\">Donn\u00e9es nutritionnelles (100g)<\/td>\n<\/tr>\n<tr>\n<td align=\"center\" width=\"284\"><b>L'\u00e9nergie<\/b><\/td>\n<td align=\"center\" width=\"284\">20kcal<\/td>\n<\/tr>\n<tr>\n<td align=\"center\" width=\"284\"><b>Prot\u00e9ines<\/b><\/td>\n<td align=\"center\" width=\"284\">1.2g<\/td>\n<\/tr>\n<tr>\n<td align=\"center\" width=\"284\"><b>Graisses totales<\/b><\/td>\n<td align=\"center\" width=\"284\">0.29g<\/td>\n<\/tr>\n<tr>\n<td align=\"center\" width=\"284\"><b>Glucides totaux<\/b><\/td>\n<td align=\"center\" width=\"284\">3g<\/td>\n<\/tr>\n<tr>\n<td align=\"center\" width=\"284\"><b>Fibres alimentaires<\/b><\/td>\n<td align=\"center\" width=\"284\">1g<\/td>\n<\/tr>\n<tr>\n<td align=\"center\" width=\"284\"><b>Sodium<\/b><\/td>\n<td align=\"center\" width=\"284\">660 mg<\/td>\n<\/tr>\n<\/tbody>\n<\/table>\n<p><img fetchpriority=\"high\" decoding=\"async\" class=\"alignnone wp-image-3690 size-full\" src=\"https:\/\/sentaiyuanbio.com\/wp-content\/uploads\/2024\/07\/best-shirataki-noodles_01.webp\" alt=\"les meilleures nouilles shirataki\" width=\"750\" height=\"793\" srcset=\"https:\/\/sentaiyuanbio.com\/wp-content\/uploads\/2024\/07\/best-shirataki-noodles_01.webp 750w, https:\/\/sentaiyuanbio.com\/wp-content\/uploads\/2024\/07\/best-shirataki-noodles_01-284x300.webp 284w, https:\/\/sentaiyuanbio.com\/wp-content\/uploads\/2024\/07\/best-shirataki-noodles_01-567x600.webp 567w, https:\/\/sentaiyuanbio.com\/wp-content\/uploads\/2024\/07\/best-shirataki-noodles_01-600x634.webp 600w\" sizes=\"(max-width: 750px) 100vw, 750px\" \/><img decoding=\"async\" class=\"alignnone wp-image-3691 size-full\" src=\"https:\/\/sentaiyuanbio.com\/wp-content\/uploads\/2024\/07\/best-shirataki-noodles_02.webp\" alt=\"les meilleures nouilles shirataki\" width=\"750\" height=\"911\" srcset=\"https:\/\/sentaiyuanbio.com\/wp-content\/uploads\/2024\/07\/best-shirataki-noodles_02.webp 750w, https:\/\/sentaiyuanbio.com\/wp-content\/uploads\/2024\/07\/best-shirataki-noodles_02-247x300.webp 247w, https:\/\/sentaiyuanbio.com\/wp-content\/uploads\/2024\/07\/best-shirataki-noodles_02-494x600.webp 494w, https:\/\/sentaiyuanbio.com\/wp-content\/uploads\/2024\/07\/best-shirataki-noodles_02-600x729.webp 600w\" sizes=\"(max-width: 750px) 100vw, 750px\" \/><img decoding=\"async\" class=\"alignnone wp-image-2483 size-full\" src=\"https:\/\/sentaiyuanbio.com\/wp-content\/uploads\/2024\/07\/best-shirataki-noodles-3.jpg\" alt=\"les meilleures nouilles shirataki\" width=\"750\" height=\"1068\" srcset=\"https:\/\/sentaiyuanbio.com\/wp-content\/uploads\/2024\/07\/best-shirataki-noodles-3.jpg 750w, https:\/\/sentaiyuanbio.com\/wp-content\/uploads\/2024\/07\/best-shirataki-noodles-3-211x300.jpg 211w, https:\/\/sentaiyuanbio.com\/wp-content\/uploads\/2024\/07\/best-shirataki-noodles-3-719x1024.jpg 719w, https:\/\/sentaiyuanbio.com\/wp-content\/uploads\/2024\/07\/best-shirataki-noodles-3-421x600.jpg 421w, https:\/\/sentaiyuanbio.com\/wp-content\/uploads\/2024\/07\/best-shirataki-noodles-3-600x854.jpg 600w\" sizes=\"(max-width: 750px) 100vw, 750px\" \/><img loading=\"lazy\" decoding=\"async\" class=\"alignnone wp-image-3725 size-full\" src=\"https:\/\/sentaiyuanbio.com\/wp-content\/uploads\/2024\/07\/best-shirataki-noodles.webp\" alt=\"les meilleures nouilles shirataki\" width=\"750\" height=\"497\" srcset=\"https:\/\/sentaiyuanbio.com\/wp-content\/uploads\/2024\/07\/best-shirataki-noodles.webp 750w, https:\/\/sentaiyuanbio.com\/wp-content\/uploads\/2024\/07\/best-shirataki-noodles-300x199.webp 300w, https:\/\/sentaiyuanbio.com\/wp-content\/uploads\/2024\/07\/best-shirataki-noodles-600x398.webp 600w\" sizes=\"(max-width: 750px) 100vw, 750px\" \/><img loading=\"lazy\" decoding=\"async\" class=\"alignnone wp-image-2485 size-full\" src=\"https:\/\/sentaiyuanbio.com\/wp-content\/uploads\/2024\/07\/best-shirataki-noodles-5.jpg\" alt=\"les meilleures nouilles shirataki\" width=\"750\" height=\"821\" srcset=\"https:\/\/sentaiyuanbio.com\/wp-content\/uploads\/2024\/07\/best-shirataki-noodles-5.jpg 750w, https:\/\/sentaiyuanbio.com\/wp-content\/uploads\/2024\/07\/best-shirataki-noodles-5-274x300.jpg 274w, https:\/\/sentaiyuanbio.com\/wp-content\/uploads\/2024\/07\/best-shirataki-noodles-5-548x600.jpg 548w, https:\/\/sentaiyuanbio.com\/wp-content\/uploads\/2024\/07\/best-shirataki-noodles-5-600x657.jpg 600w\" sizes=\"(max-width: 750px) 100vw, 750px\" \/><\/p>\n<p><a href=\"https:\/\/sentaiyuanbio.com\/wp-content\/uploads\/woocommerce_uploads\/2024\/07\/Specification-MISO-FLAVORwith-konjac-noodles-1ichx0.pdf\" target=\"_blank\" rel=\"noopener\">T\u00e9l\u00e9charger la SP\u00c9CIFICATION - SAVEUR DE MISO (avec des nouilles de konjac)<\/a><\/p>","protected":false},"excerpt":{"rendered":"<p>Les nouilles konjac shirataki sans calorie saveur miso sont un type de nouilles fabriqu\u00e9es \u00e0 partir des racines du konjac. Ces nouilles sans gluten sont riches en fibres mais pauvres en calories et en glucides.<br \/>\nElles peuvent vous aider \u00e0 perdre du poids et \u00e0 am\u00e9liorer votre glyc\u00e9mie. Le fabricant de konjac Sentaiyuan produit des nouilles shirataki en extrayant la farine de konjac des racines de konjac.<\/p>","protected":false},"featured_media":4201,"template":"","meta":{"site-sidebar-layout":"default","site-content-layout":"","ast-site-content-layout":"default","site-content-style":"default","site-sidebar-style":"default","ast-global-header-display":"","ast-banner-title-visibility":"","ast-main-header-display":"","ast-hfb-above-header-display":"","ast-hfb-below-header-display":"","ast-hfb-mobile-header-display":"","site-post-title":"","ast-breadcrumbs-content":"","ast-featured-img":"","footer-sml-layout":"","ast-disable-related-posts":"","theme-transparent-header-meta":"default","adv-header-id-meta":"","stick-header-meta":"default","header-above-stick-meta":"","header-main-stick-meta":"","header-below-stick-meta":"","astra-migrate-meta-layouts":"set","ast-page-background-enabled":"default","ast-page-background-meta":{"desktop":{"background-color":"","background-image":"","background-repeat":"repeat","background-position":"center center","background-size":"auto","background-attachment":"scroll","background-type":"","background-media":"","overlay-type":"","overlay-color":"","overlay-opacity":"","overlay-gradient":""},"tablet":{"background-color":"","background-image":"","background-repeat":"repeat","background-position":"center center","background-size":"auto","background-attachment":"scroll","background-type":"","background-media":"","overlay-type":"","overlay-color":"","overlay-opacity":"","overlay-gradient":""},"mobile":{"background-color":"","background-image":"","background-repeat":"repeat","background-position":"center center","background-size":"auto","background-attachment":"scroll","background-type":"","background-media":"","overlay-type":"","overlay-color":"","overlay-opacity":"","overlay-gradient":""}},"ast-content-background-meta":{"desktop":{"background-color":"var(--ast-global-color-5)","background-image":"","background-repeat":"repeat","background-position":"center center","background-size":"auto","background-attachment":"scroll","background-type":"","background-media":"","overlay-type":"","overlay-color":"","overlay-opacity":"","overlay-gradient":""},"tablet":{"background-color":"var(--ast-global-color-5)","background-image":"","background-repeat":"repeat","background-position":"center center","background-size":"auto","background-attachment":"scroll","background-type":"","background-media":"","overlay-type":"","overlay-color":"","overlay-opacity":"","overlay-gradient":""},"mobile":{"background-color":"var(--ast-global-color-5)","background-image":"","background-repeat":"repeat","background-position":"center center","background-size":"auto","background-attachment":"scroll","background-type":"","background-media":"","overlay-type":"","overlay-color":"","overlay-opacity":"","overlay-gradient":""}}},"product_brand":[],"product_cat":[23],"product_tag":[40],"class_list":{"0":"post-2475","1":"product","2":"type-product","3":"status-publish","4":"has-post-thumbnail","6":"product_cat-instant-konjac-noodles","7":"product_tag-konjac-cup-noodles","8":"desktop-align-left","9":"tablet-align-left","10":"mobile-align-left","11":"ast-product-gallery-layout-horizontal-slider","12":"ast-product-tabs-layout-horizontal","14":"first","15":"instock","16":"downloadable","17":"shipping-taxable","18":"product-type-simple"},"_links":{"self":[{"href":"https:\/\/sentaiyuanbio.com\/fr\/wp-json\/wp\/v2\/product\/2475","targetHints":{"allow":["GET"]}}],"collection":[{"href":"https:\/\/sentaiyuanbio.com\/fr\/wp-json\/wp\/v2\/product"}],"about":[{"href":"https:\/\/sentaiyuanbio.com\/fr\/wp-json\/wp\/v2\/types\/product"}],"version-history":[{"count":0,"href":"https:\/\/sentaiyuanbio.com\/fr\/wp-json\/wp\/v2\/product\/2475\/revisions"}],"wp:featuredmedia":[{"embeddable":true,"href":"https:\/\/sentaiyuanbio.com\/fr\/wp-json\/wp\/v2\/media\/4201"}],"wp:attachment":[{"href":"https:\/\/sentaiyuanbio.com\/fr\/wp-json\/wp\/v2\/media?parent=2475"}],"wp:term":[{"taxonomy":"product_brand","embeddable":true,"href":"https:\/\/sentaiyuanbio.com\/fr\/wp-json\/wp\/v2\/product_brand?post=2475"},{"taxonomy":"product_cat","embeddable":true,"href":"https:\/\/sentaiyuanbio.com\/fr\/wp-json\/wp\/v2\/product_cat?post=2475"},{"taxonomy":"product_tag","embeddable":true,"href":"https:\/\/sentaiyuanbio.com\/fr\/wp-json\/wp\/v2\/product_tag?post=2475"}],"curies":[{"name":"wp","href":"https:\/\/api.w.org\/{rel}","templated":true}]}}