{"id":2489,"date":"2024-07-17T03:52:40","date_gmt":"2024-07-17T03:52:40","guid":{"rendered":"https:\/\/sentaiyuanbio.com\/?post_type=product&#038;p=2489"},"modified":"2025-02-26T09:00:50","modified_gmt":"2025-02-26T09:00:50","slug":"nouilles-instantanees-konnyaku-shirataki","status":"publish","type":"product","link":"https:\/\/sentaiyuanbio.com\/fr\/produit\/nouilles-instantanees-konnyaku-shirataki\/","title":{"rendered":"Nouilles instantan\u00e9es Konnyaku shirataki go\u00fbt kimchi en chinois"},"content":{"rendered":"<h2>Description des nouilles instantan\u00e9es Konnyaku shirataki<\/h2>\n<p>Les nouilles Konnyaku \"Shirataki\" sont incroyablement nutritives, riches en fibres, pauvres en calories et en cholest\u00e9rol. C'est pourquoi elles sont \u00e9galement appel\u00e9es \"nouilles z\u00e9ro\" ou \"nouilles miracle\".<br \/>\nLes nouilles Shirataki, \u00e9galement connues sous le nom de \"Konjac\", \"Konnyaku\" ou \"Yam\", ont une texture l\u00e9g\u00e8rement moelleuse. Les nouilles Shirataki sont fabriqu\u00e9es \u00e0 partir d'un l\u00e9gume asiatique connu sous le nom de \"Konjac\" et ont peu de go\u00fbt en elles-m\u00eames, ce qui les rend id\u00e9ales pour absorber la saveur d'autres aliments et sauces. Elles sont id\u00e9ales pour les hotpots.<\/p>\n<p><strong>En voici quelques caract\u00e9ristiques et particularit\u00e9s :<\/strong><\/p>\n<ul>\n<li>Faible teneur en calories<\/li>\n<li>Faible teneur en glucides<\/li>\n<li>Riche en fibres<\/li>\n<li>Sans gluten<\/li>\n<li>Texture g\u00e9latineuse<\/li>\n<li>Pratiquement sans go\u00fbt<\/li>\n<li>Rapide et facile \u00e0 pr\u00e9parer<\/li>\n<li>Favorise la sati\u00e9t\u00e9<\/li>\n<li>Convient \u00e0 diverses restrictions alimentaires<\/li>\n<li>Peut contribuer \u00e0 la gestion du poids<\/li>\n<\/ul>\n<h2>Ingr\u00e9dients des nouilles instantan\u00e9es Konnyaku shirataki au go\u00fbt de kimchi :<\/h2>\n<p><strong>Sauce<\/strong>: Eau, sirop de glucose, sauce chili (poivre, sel comestible), ail, essence comestible, huile v\u00e9g\u00e9tale, sucre blanc cristallis\u00e9, sel comestible, sauce tomate, extrait de levure, \u00e9paississant (adipate d'amidon double ac\u00e9tyl\u00e9), \u00e9pice, exhausteur de go\u00fbt (nucl\u00e9otide disodique aromatis\u00e9 5'-), <a href=\"https:\/\/www.eufic.org\/en\/whats-in-food\/article\/acidity-regulators-the-multi-task-players\" target=\"_blank\" rel=\"noopener\">R\u00e9gulateur d'acidit\u00e9<\/a> (acide citrique).<br \/>\n<strong>Nouilles Shirataki<\/strong>: L'eau, <a href=\"https:\/\/sentaiyuanbio.com\/fr\/product-category\/fibres-alimentaires-de-konjac\/\" target=\"_blank\" rel=\"noopener\">Poudre de konjac<\/a>, Acide citrique.<br \/>\n<strong>L\u00e9gumes<\/strong>: Oignon, Carotte. Allerg\u00e8nes : Contient des produits \u00e0 base de soja.<br \/>\n<strong>Poids net<\/strong>: 40g(Sauce)+120g(Nouilles de konjac)+2g(L\u00e9gumes)<br \/>\n<strong>Dur\u00e9e de conservation<\/strong>: 14 mois<br \/>\n<strong>Stockage<\/strong>: Stocker dans un endroit frais et sec. Conserver \u00e0 l'abri de la lumi\u00e8re et de la chaleur. Conserver \u00e0 l'abri de la lumi\u00e8re et de la chaleur. Apr\u00e8s ouverture, conserver au r\u00e9frig\u00e9rateur et consommer dans les 24 heures.<\/p>\n<h2>Konnyaku shirataki nouilles instantan\u00e9es saveur kimchi informations nutritionnelles :<\/h2>\n<table border=\"1\" cellspacing=\"1\">\n<tbody>\n<tr>\n<td colspan=\"2\" align=\"center\">Donn\u00e9es nutritionnelles (100g)<\/td>\n<\/tr>\n<tr>\n<td align=\"center\" width=\"284\"><b>L'\u00e9nergie<\/b><\/td>\n<td align=\"center\" width=\"284\">25kcal<\/td>\n<\/tr>\n<tr>\n<td align=\"center\" width=\"284\"><b>Prot\u00e9ines<\/b><\/td>\n<td align=\"center\" width=\"284\">0.29g<\/td>\n<\/tr>\n<tr>\n<td align=\"center\" width=\"284\"><b>Graisses totales<\/b><\/td>\n<td align=\"center\" width=\"284\">0.5g<\/td>\n<\/tr>\n<tr>\n<td align=\"center\" width=\"284\"><b>Glucides totaux<\/b><\/td>\n<td align=\"center\" width=\"284\">5g<\/td>\n<\/tr>\n<tr>\n<td align=\"center\" width=\"284\"><b>Fibres alimentaires<\/b><\/td>\n<td align=\"center\" width=\"284\">1g<\/td>\n<\/tr>\n<tr>\n<td align=\"center\" width=\"284\"><b>Sodium<\/b><\/td>\n<td align=\"center\" width=\"284\">680 mg<\/td>\n<\/tr>\n<\/tbody>\n<\/table>\n<h2><a href=\"https:\/\/sentaiyuanbio.com\/wp-content\/uploads\/woocommerce_uploads\/2024\/07\/Specification-KIMCHI-FLAVORwith-konjac-noodles-74mje3.pdf\" target=\"_blank\" rel=\"noopener\">T\u00e9l\u00e9charger la SPECIFICATION - SAVEUR DE KIMCHI (avec des nouilles de konjac)<\/a><\/h2>\n<p><!--more--><\/p>\n<p><img fetchpriority=\"high\" decoding=\"async\" class=\"alignnone wp-image-3722 size-full\" src=\"https:\/\/sentaiyuanbio.com\/wp-content\/uploads\/2024\/07\/Shirataki-noodles-in-Chinese1.webp\" alt=\"Les nouilles Shirataki en chinois\" width=\"750\" height=\"778\" srcset=\"https:\/\/sentaiyuanbio.com\/wp-content\/uploads\/2024\/07\/Shirataki-noodles-in-Chinese1.webp 750w, https:\/\/sentaiyuanbio.com\/wp-content\/uploads\/2024\/07\/Shirataki-noodles-in-Chinese1-289x300.webp 289w, https:\/\/sentaiyuanbio.com\/wp-content\/uploads\/2024\/07\/Shirataki-noodles-in-Chinese1-578x600.webp 578w, https:\/\/sentaiyuanbio.com\/wp-content\/uploads\/2024\/07\/Shirataki-noodles-in-Chinese1-600x622.webp 600w\" sizes=\"(max-width: 750px) 100vw, 750px\" \/> <img decoding=\"async\" class=\"alignnone wp-image-3721 size-full\" src=\"https:\/\/sentaiyuanbio.com\/wp-content\/uploads\/2024\/07\/Shirataki-noodles-in-Chinese2.webp\" alt=\"Les nouilles Shirataki en chinois\" width=\"750\" height=\"798\" srcset=\"https:\/\/sentaiyuanbio.com\/wp-content\/uploads\/2024\/07\/Shirataki-noodles-in-Chinese2.webp 750w, https:\/\/sentaiyuanbio.com\/wp-content\/uploads\/2024\/07\/Shirataki-noodles-in-Chinese2-282x300.webp 282w, https:\/\/sentaiyuanbio.com\/wp-content\/uploads\/2024\/07\/Shirataki-noodles-in-Chinese2-564x600.webp 564w, https:\/\/sentaiyuanbio.com\/wp-content\/uploads\/2024\/07\/Shirataki-noodles-in-Chinese2-600x638.webp 600w\" sizes=\"(max-width: 750px) 100vw, 750px\" \/> <img decoding=\"async\" class=\"alignnone wp-image-3723 size-full\" src=\"https:\/\/sentaiyuanbio.com\/wp-content\/uploads\/2024\/07\/Shirataki-noodles-in-Chinese4.webp\" alt=\"Les nouilles Shirataki en chinois\" width=\"750\" height=\"817\" srcset=\"https:\/\/sentaiyuanbio.com\/wp-content\/uploads\/2024\/07\/Shirataki-noodles-in-Chinese4.webp 750w, https:\/\/sentaiyuanbio.com\/wp-content\/uploads\/2024\/07\/Shirataki-noodles-in-Chinese4-275x300.webp 275w, https:\/\/sentaiyuanbio.com\/wp-content\/uploads\/2024\/07\/Shirataki-noodles-in-Chinese4-551x600.webp 551w, https:\/\/sentaiyuanbio.com\/wp-content\/uploads\/2024\/07\/Shirataki-noodles-in-Chinese4-600x654.webp 600w\" sizes=\"(max-width: 750px) 100vw, 750px\" \/> <img loading=\"lazy\" decoding=\"async\" class=\"alignnone wp-image-3724 size-full\" src=\"https:\/\/sentaiyuanbio.com\/wp-content\/uploads\/2024\/07\/Shirataki-noodles-in-Chinese3.webp\" alt=\"Les nouilles Shirataki en chinois\" width=\"750\" height=\"437\" srcset=\"https:\/\/sentaiyuanbio.com\/wp-content\/uploads\/2024\/07\/Shirataki-noodles-in-Chinese3.webp 750w, https:\/\/sentaiyuanbio.com\/wp-content\/uploads\/2024\/07\/Shirataki-noodles-in-Chinese3-300x175.webp 300w, https:\/\/sentaiyuanbio.com\/wp-content\/uploads\/2024\/07\/Shirataki-noodles-in-Chinese3-600x350.webp 600w\" sizes=\"(max-width: 750px) 100vw, 750px\" \/><img loading=\"lazy\" decoding=\"async\" class=\"alignnone wp-image-2499 size-full\" src=\"https:\/\/sentaiyuanbio.com\/wp-content\/uploads\/2024\/07\/Shirataki-noodles-in-Chinese-5.jpg\" alt=\"Les nouilles Shirataki en chinois\" width=\"750\" height=\"779\" srcset=\"https:\/\/sentaiyuanbio.com\/wp-content\/uploads\/2024\/07\/Shirataki-noodles-in-Chinese-5.jpg 750w, https:\/\/sentaiyuanbio.com\/wp-content\/uploads\/2024\/07\/Shirataki-noodles-in-Chinese-5-289x300.jpg 289w, https:\/\/sentaiyuanbio.com\/wp-content\/uploads\/2024\/07\/Shirataki-noodles-in-Chinese-5-578x600.jpg 578w, https:\/\/sentaiyuanbio.com\/wp-content\/uploads\/2024\/07\/Shirataki-noodles-in-Chinese-5-600x623.jpg 600w\" sizes=\"(max-width: 750px) 100vw, 750px\" \/><\/p>","protected":false},"excerpt":{"rendered":"<p>Konnyaku shirataki nouilles instantan\u00e9es saveur kimchi, \u00e9galement connues sous le nom de nouilles Shirataki. Les nouilles Shirataki en chinois sont c\u00e9to, faibles en glucides, faibles en calories (25Kcal\/100g), sans gluten, \u00e0 base de plantes, riches en fibres alimentaires et en acides amin\u00e9s multiples. Les nouilles de konjac sont faibles en calories, sans additifs, sans mati\u00e8res grasses et sans cholest\u00e9rol ! Les nouilles instantan\u00e9es Shirataki rendent la cuisine plus pratique et plus efficace.<\/p>","protected":false},"featured_media":4194,"template":"","meta":{"site-sidebar-layout":"default","site-content-layout":"","ast-site-content-layout":"default","site-content-style":"default","site-sidebar-style":"default","ast-global-header-display":"","ast-banner-title-visibility":"","ast-main-header-display":"","ast-hfb-above-header-display":"","ast-hfb-below-header-display":"","ast-hfb-mobile-header-display":"","site-post-title":"","ast-breadcrumbs-content":"","ast-featured-img":"","footer-sml-layout":"","ast-disable-related-posts":"","theme-transparent-header-meta":"default","adv-header-id-meta":"","stick-header-meta":"default","header-above-stick-meta":"","header-main-stick-meta":"","header-below-stick-meta":"","astra-migrate-meta-layouts":"set","ast-page-background-enabled":"default","ast-page-background-meta":{"desktop":{"background-color":"","background-image":"","background-repeat":"repeat","background-position":"center center","background-size":"auto","background-attachment":"scroll","background-type":"","background-media":"","overlay-type":"","overlay-color":"","overlay-opacity":"","overlay-gradient":""},"tablet":{"background-color":"","background-image":"","background-repeat":"repeat","background-position":"center center","background-size":"auto","background-attachment":"scroll","background-type":"","background-media":"","overlay-type":"","overlay-color":"","overlay-opacity":"","overlay-gradient":""},"mobile":{"background-color":"","background-image":"","background-repeat":"repeat","background-position":"center center","background-size":"auto","background-attachment":"scroll","background-type":"","background-media":"","overlay-type":"","overlay-color":"","overlay-opacity":"","overlay-gradient":""}},"ast-content-background-meta":{"desktop":{"background-color":"var(--ast-global-color-5)","background-image":"","background-repeat":"repeat","background-position":"center center","background-size":"auto","background-attachment":"scroll","background-type":"","background-media":"","overlay-type":"","overlay-color":"","overlay-opacity":"","overlay-gradient":""},"tablet":{"background-color":"var(--ast-global-color-5)","background-image":"","background-repeat":"repeat","background-position":"center center","background-size":"auto","background-attachment":"scroll","background-type":"","background-media":"","overlay-type":"","overlay-color":"","overlay-opacity":"","overlay-gradient":""},"mobile":{"background-color":"var(--ast-global-color-5)","background-image":"","background-repeat":"repeat","background-position":"center center","background-size":"auto","background-attachment":"scroll","background-type":"","background-media":"","overlay-type":"","overlay-color":"","overlay-opacity":"","overlay-gradient":""}}},"product_brand":[],"product_cat":[23],"product_tag":[40],"class_list":{"0":"post-2489","1":"product","2":"type-product","3":"status-publish","4":"has-post-thumbnail","6":"product_cat-instant-konjac-noodles","7":"product_tag-konjac-cup-noodles","8":"desktop-align-left","9":"tablet-align-left","10":"mobile-align-left","11":"ast-product-gallery-layout-horizontal-slider","12":"ast-product-tabs-layout-horizontal","14":"first","15":"instock","16":"downloadable","17":"shipping-taxable","18":"product-type-simple"},"_links":{"self":[{"href":"https:\/\/sentaiyuanbio.com\/fr\/wp-json\/wp\/v2\/product\/2489","targetHints":{"allow":["GET"]}}],"collection":[{"href":"https:\/\/sentaiyuanbio.com\/fr\/wp-json\/wp\/v2\/product"}],"about":[{"href":"https:\/\/sentaiyuanbio.com\/fr\/wp-json\/wp\/v2\/types\/product"}],"version-history":[{"count":0,"href":"https:\/\/sentaiyuanbio.com\/fr\/wp-json\/wp\/v2\/product\/2489\/revisions"}],"wp:featuredmedia":[{"embeddable":true,"href":"https:\/\/sentaiyuanbio.com\/fr\/wp-json\/wp\/v2\/media\/4194"}],"wp:attachment":[{"href":"https:\/\/sentaiyuanbio.com\/fr\/wp-json\/wp\/v2\/media?parent=2489"}],"wp:term":[{"taxonomy":"product_brand","embeddable":true,"href":"https:\/\/sentaiyuanbio.com\/fr\/wp-json\/wp\/v2\/product_brand?post=2489"},{"taxonomy":"product_cat","embeddable":true,"href":"https:\/\/sentaiyuanbio.com\/fr\/wp-json\/wp\/v2\/product_cat?post=2489"},{"taxonomy":"product_tag","embeddable":true,"href":"https:\/\/sentaiyuanbio.com\/fr\/wp-json\/wp\/v2\/product_tag?post=2489"}],"curies":[{"name":"wp","href":"https:\/\/api.w.org\/{rel}","templated":true}]}}