{"id":2521,"date":"2024-07-22T07:18:27","date_gmt":"2024-07-22T07:18:27","guid":{"rendered":"https:\/\/sentaiyuanbio.com\/?post_type=product&#038;p=2521"},"modified":"2025-10-23T08:08:16","modified_gmt":"2025-10-23T08:08:16","slug":"pates-de-soja-konjac","status":"publish","type":"product","link":"https:\/\/sentaiyuanbio.com\/fr\/produit\/pates-de-soja-konjac\/","title":{"rendered":"P\u00e2tes de pois chiches Konjac riches en prot\u00e9ines, p\u00e2tes Konjac 43g de prot\u00e9ines\/100g"},"content":{"rendered":"<h2>Ingr\u00e9dients des p\u00e2tes de pois chiches au konjac :<\/h2>\n<p>Gluten de bl\u00e9 vital, poudre de prot\u00e9ines de pois, farine de bl\u00e9, farine de pois chiches, farine de sarrasin, poudre de fibres de pois, amidon de tapioca, <a href=\"https:\/\/sentaiyuanbio.com\/fr\/product-category\/fibres-alimentaires-de-konjac\/\" target=\"_blank\" rel=\"noopener\">Poudre de konjac<\/a>, gomme xanthane (stabilisant, E 415), carbonate de sodium (<a href=\"https:\/\/www.specialtyfoodingredients.eu\/ingredients_cat\/acidity-regulators\/\" target=\"_blank\" rel=\"noopener\">R\u00e9gulateur d'acidit\u00e9<\/a>, E 500).<\/p>\n<table border=\"1\" cellspacing=\"1\">\n<tbody>\n<tr>\n<td width=\"284\"><b>Objet<\/b><\/td>\n<td width=\"284\">%<\/td>\n<\/tr>\n<tr>\n<td width=\"284\"><strong>Gluten de bl\u00e9 vital<\/strong><\/td>\n<td width=\"284\">39.5<\/td>\n<\/tr>\n<tr>\n<td width=\"284\"><b>Farine de bl\u00e9<\/b><\/td>\n<td width=\"284\">18.5<\/td>\n<\/tr>\n<tr>\n<td width=\"284\"><b>Prot\u00e9ines de pois en poudre<\/b><\/td>\n<td width=\"284\">18.5<\/td>\n<\/tr>\n<tr>\n<td width=\"284\"><b>Fibre de pois en poudre<\/b><\/td>\n<td width=\"284\">6.5<\/td>\n<\/tr>\n<tr>\n<td width=\"284\"><strong>Farine de pois chiches<\/strong><\/td>\n<td width=\"284\">6.2<\/td>\n<\/tr>\n<tr>\n<td width=\"284\"><strong>Farine de sarrasin<\/strong><\/td>\n<td width=\"284\">5<\/td>\n<\/tr>\n<tr>\n<td width=\"284\"><strong>F\u00e9cule de tapioca<\/strong><\/td>\n<td width=\"284\">4.5<\/td>\n<\/tr>\n<tr>\n<td width=\"284\"><strong>Gomme xanthane<\/strong><\/td>\n<td width=\"284\">0.6<\/td>\n<\/tr>\n<tr>\n<td width=\"284\"><b>Poudre de konjac<\/b><\/td>\n<td width=\"284\">0.5<\/td>\n<\/tr>\n<tr>\n<td width=\"284\"><b>Carbonate de sodium<\/b><\/td>\n<td width=\"284\">0.2<\/td>\n<\/tr>\n<tr>\n<td width=\"284\"><b>Sel<\/b><\/td>\n<td width=\"284\">1<\/td>\n<\/tr>\n<\/tbody>\n<\/table>\n<h2>P\u00e2tes de pois chiches au konjac : nutrition :<\/h2>\n<table border=\"1\">\n<tbody>\n<tr>\n<td width=\"100\"><b>Valeurs nutritives<\/b><\/td>\n<td width=\"100\">Par portion (100g)<\/td>\n<td width=\"100\">Par portion (40g)<\/td>\n<\/tr>\n<tr>\n<td width=\"100\"><b>L'\u00e9nergie<\/b><\/td>\n<td width=\"100\">344Kcal<\/td>\n<td width=\"100\">141,6Kcal<\/td>\n<\/tr>\n<tr>\n<td width=\"100\"><b>Prot\u00e9ines<\/b><\/td>\n<td width=\"100\">43g<\/td>\n<td width=\"100\">20g<\/td>\n<\/tr>\n<tr>\n<td width=\"100\"><b>Graisses totales<\/b><\/td>\n<td width=\"100\">0.3g<\/td>\n<td width=\"100\">0.12g<\/td>\n<\/tr>\n<tr>\n<td width=\"100\"><b>Glucides totaux<\/b><\/td>\n<td width=\"100\">32g<\/td>\n<td width=\"100\">12g<\/td>\n<\/tr>\n<tr>\n<td width=\"100\"><b>Fibres alimentaires<\/b><\/td>\n<td width=\"100\">4.6g<\/td>\n<td width=\"100\">1.84g<\/td>\n<\/tr>\n<tr>\n<td width=\"100\"><b>Sodium<\/b><\/td>\n<td width=\"100\">308 mg<\/td>\n<td width=\"100\">78,8 mg<\/td>\n<\/tr>\n<\/tbody>\n<\/table>\n<p><strong>Contient<\/strong>: Produits \u00e0 base de gluten de bl\u00e9.<br \/>\n<strong>Stockage<\/strong>:Conserver dans un endroit frais et sec. Tenir \u00e0 l'abri de la lumi\u00e8re et de la chaleur.<\/p>\n<h2>Pourquoi des pois chiches ?<\/h2>\n<p>Les pois chiches sont riches en prot\u00e9ines v\u00e9g\u00e9tales. Pour 100 grammes de pois chiches s\u00e9ch\u00e9s, la teneur en prot\u00e9ines atteint 21,2 grammes, soit environ sept fois celle d'une quantit\u00e9 \u00e9quivalente de lait. Elle d\u00e9passe m\u00eame celle du b\u0153uf (20 grammes) et des crevettes (18,2 grammes), ce qui fait des pois chiches un substitut direct \u00e0 certaines viandes dans l'alimentation quotidienne.<\/p>\n<p>La teneur en calcium des pois chiches est particuli\u00e8rement impressionnante et n'a rien \u00e0 envier \u00e0 d'autres aliments riches en calcium ! Pour 100 grammes, les pois chiches contiennent 150 milligrammes de calcium, soit environ 1,5 fois la quantit\u00e9 contenue dans un poids \u00e9gal de lait ordinaire.<\/p>\n<p>Les pois chiches contiennent environ sept fois plus de fibres alimentaires que les \u00e9pinards en poids ! Leurs prot\u00e9ines sont \u00e9galement riches en divers acides amin\u00e9s, dont les huit acides amin\u00e9s essentiels que le corps humain ne peut synth\u00e9tiser lui-m\u00eame.<\/p>\n<h2>Pourquoi le konjac ?<\/h2>\n<p>Les avantages naturels des aliments \u00e0 base de konjac (par exemple, sans gluten, \u00e0 faible teneur en glucides, \u00e0 faible teneur en calories, adapt\u00e9s aux diab\u00e9tiques, etc.<\/p>\n<p><img fetchpriority=\"high\" decoding=\"async\" class=\"alignnone wp-image-5312 size-full\" src=\"https:\/\/sentaiyuanbio.com\/wp-content\/uploads\/2024\/07\/high-protein-konjac-pasta.webp\" alt=\"p\u00e2tes au konjac riches en prot\u00e9ines\" width=\"750\" height=\"626\" srcset=\"https:\/\/sentaiyuanbio.com\/wp-content\/uploads\/2024\/07\/high-protein-konjac-pasta.webp 750w, https:\/\/sentaiyuanbio.com\/wp-content\/uploads\/2024\/07\/high-protein-konjac-pasta-300x250.webp 300w, https:\/\/sentaiyuanbio.com\/wp-content\/uploads\/2024\/07\/high-protein-konjac-pasta-14x12.webp 14w, https:\/\/sentaiyuanbio.com\/wp-content\/uploads\/2024\/07\/high-protein-konjac-pasta-600x501.webp 600w\" sizes=\"(max-width: 750px) 100vw, 750px\" \/>\u00a0<img decoding=\"async\" class=\"alignnone wp-image-3641 size-full\" src=\"https:\/\/sentaiyuanbio.com\/wp-content\/uploads\/2024\/07\/high-protein-konjac-pasta2.webp\" alt=\"p\u00e2tes au konjac riches en prot\u00e9ines\" width=\"750\" height=\"637\" srcset=\"https:\/\/sentaiyuanbio.com\/wp-content\/uploads\/2024\/07\/high-protein-konjac-pasta2.webp 750w, https:\/\/sentaiyuanbio.com\/wp-content\/uploads\/2024\/07\/high-protein-konjac-pasta2-300x255.webp 300w, https:\/\/sentaiyuanbio.com\/wp-content\/uploads\/2024\/07\/high-protein-konjac-pasta2-600x510.webp 600w\" sizes=\"(max-width: 750px) 100vw, 750px\" \/> <img decoding=\"async\" class=\"alignnone wp-image-3642 size-full\" src=\"https:\/\/sentaiyuanbio.com\/wp-content\/uploads\/2024\/07\/high-protein-konjac-pasta3.webp\" alt=\"p\u00e2tes au konjac riches en prot\u00e9ines\" width=\"750\" height=\"713\" srcset=\"https:\/\/sentaiyuanbio.com\/wp-content\/uploads\/2024\/07\/high-protein-konjac-pasta3.webp 750w, https:\/\/sentaiyuanbio.com\/wp-content\/uploads\/2024\/07\/high-protein-konjac-pasta3-300x285.webp 300w, https:\/\/sentaiyuanbio.com\/wp-content\/uploads\/2024\/07\/high-protein-konjac-pasta3-600x570.webp 600w\" sizes=\"(max-width: 750px) 100vw, 750px\" \/>\u00a0<img loading=\"lazy\" decoding=\"async\" class=\"alignnone wp-image-5311 size-full\" src=\"https:\/\/sentaiyuanbio.com\/wp-content\/uploads\/2024\/07\/Konjac-chickpea-pasta.webp\" alt=\"P\u00e2tes de pois chiches au konjac\" width=\"750\" height=\"543\" srcset=\"https:\/\/sentaiyuanbio.com\/wp-content\/uploads\/2024\/07\/Konjac-chickpea-pasta.webp 750w, https:\/\/sentaiyuanbio.com\/wp-content\/uploads\/2024\/07\/Konjac-chickpea-pasta-300x217.webp 300w, https:\/\/sentaiyuanbio.com\/wp-content\/uploads\/2024\/07\/Konjac-chickpea-pasta-18x12.webp 18w, https:\/\/sentaiyuanbio.com\/wp-content\/uploads\/2024\/07\/Konjac-chickpea-pasta-600x434.webp 600w\" sizes=\"(max-width: 750px) 100vw, 750px\" \/><\/p>","protected":false},"excerpt":{"rendered":"<p>Vous cherchez des p\u00e2tes de konjac \u00e0 haute teneur en prot\u00e9ines ? Nos p\u00e2tes \u00e0 base de pois chiches Konjac, riches en prot\u00e9ines, sont pauvres en glucides, en graisses, adapt\u00e9es au r\u00e9gime alimentaire et sans gluten, et sont fabriqu\u00e9es \u00e0 partir de Konjac. 43 g de prot\u00e9ines par portion, parfaites pour les personnes en forme. Sentaiyuan est une soci\u00e9t\u00e9 de production et de vente d'aliments \u00e0 base de konjac qui compte plus de 30 ans d'exp\u00e9rience. Notre MOQ pour les nouilles de konjac est aussi bas que 100 cartons !<\/p>","protected":false},"featured_media":4111,"template":"","meta":{"site-sidebar-layout":"default","site-content-layout":"","ast-site-content-layout":"default","site-content-style":"default","site-sidebar-style":"default","ast-global-header-display":"","ast-banner-title-visibility":"","ast-main-header-display":"","ast-hfb-above-header-display":"","ast-hfb-below-header-display":"","ast-hfb-mobile-header-display":"","site-post-title":"","ast-breadcrumbs-content":"","ast-featured-img":"","footer-sml-layout":"","ast-disable-related-posts":"","theme-transparent-header-meta":"default","adv-header-id-meta":"","stick-header-meta":"default","header-above-stick-meta":"","header-main-stick-meta":"","header-below-stick-meta":"","astra-migrate-meta-layouts":"set","ast-page-background-enabled":"default","ast-page-background-meta":{"desktop":{"background-color":"","background-image":"","background-repeat":"repeat","background-position":"center center","background-size":"auto","background-attachment":"scroll","background-type":"","background-media":"","overlay-type":"","overlay-color":"","overlay-opacity":"","overlay-gradient":""},"tablet":{"background-color":"","background-image":"","background-repeat":"repeat","background-position":"center center","background-size":"auto","background-attachment":"scroll","background-type":"","background-media":"","overlay-type":"","overlay-color":"","overlay-opacity":"","overlay-gradient":""},"mobile":{"background-color":"","background-image":"","background-repeat":"repeat","background-position":"center center","background-size":"auto","background-attachment":"scroll","background-type":"","background-media":"","overlay-type":"","overlay-color":"","overlay-opacity":"","overlay-gradient":""}},"ast-content-background-meta":{"desktop":{"background-color":"var(--ast-global-color-5)","background-image":"","background-repeat":"repeat","background-position":"center center","background-size":"auto","background-attachment":"scroll","background-type":"","background-media":"","overlay-type":"","overlay-color":"","overlay-opacity":"","overlay-gradient":""},"tablet":{"background-color":"var(--ast-global-color-5)","background-image":"","background-repeat":"repeat","background-position":"center center","background-size":"auto","background-attachment":"scroll","background-type":"","background-media":"","overlay-type":"","overlay-color":"","overlay-opacity":"","overlay-gradient":""},"mobile":{"background-color":"var(--ast-global-color-5)","background-image":"","background-repeat":"repeat","background-position":"center center","background-size":"auto","background-attachment":"scroll","background-type":"","background-media":"","overlay-type":"","overlay-color":"","overlay-opacity":"","overlay-gradient":""}}},"product_brand":[],"product_cat":[248],"product_tag":[],"class_list":{"0":"post-2521","1":"product","2":"type-product","3":"status-publish","4":"has-post-thumbnail","6":"product_cat-low-carb-high-protein-noodles","7":"desktop-align-left","8":"tablet-align-left","9":"mobile-align-left","10":"ast-product-gallery-layout-horizontal-slider","11":"ast-product-tabs-layout-horizontal","13":"first","14":"instock","15":"shipping-taxable","16":"product-type-simple"},"_links":{"self":[{"href":"https:\/\/sentaiyuanbio.com\/fr\/wp-json\/wp\/v2\/product\/2521","targetHints":{"allow":["GET"]}}],"collection":[{"href":"https:\/\/sentaiyuanbio.com\/fr\/wp-json\/wp\/v2\/product"}],"about":[{"href":"https:\/\/sentaiyuanbio.com\/fr\/wp-json\/wp\/v2\/types\/product"}],"version-history":[{"count":0,"href":"https:\/\/sentaiyuanbio.com\/fr\/wp-json\/wp\/v2\/product\/2521\/revisions"}],"wp:featuredmedia":[{"embeddable":true,"href":"https:\/\/sentaiyuanbio.com\/fr\/wp-json\/wp\/v2\/media\/4111"}],"wp:attachment":[{"href":"https:\/\/sentaiyuanbio.com\/fr\/wp-json\/wp\/v2\/media?parent=2521"}],"wp:term":[{"taxonomy":"product_brand","embeddable":true,"href":"https:\/\/sentaiyuanbio.com\/fr\/wp-json\/wp\/v2\/product_brand?post=2521"},{"taxonomy":"product_cat","embeddable":true,"href":"https:\/\/sentaiyuanbio.com\/fr\/wp-json\/wp\/v2\/product_cat?post=2521"},{"taxonomy":"product_tag","embeddable":true,"href":"https:\/\/sentaiyuanbio.com\/fr\/wp-json\/wp\/v2\/product_tag?post=2521"}],"curies":[{"name":"wp","href":"https:\/\/api.w.org\/{rel}","templated":true}]}}