{"id":2530,"date":"2024-07-23T06:15:06","date_gmt":"2024-07-23T06:15:06","guid":{"rendered":"https:\/\/sentaiyuanbio.com\/?post_type=product&#038;p=2530"},"modified":"2026-02-13T08:57:36","modified_gmt":"2026-02-13T08:57:36","slug":"nouilles-aux-proteines-de-pois","status":"publish","type":"product","link":"https:\/\/sentaiyuanbio.com\/fr\/produit\/nouilles-aux-proteines-de-pois\/","title":{"rendered":"Nouilles aux prot\u00e9ines de pois, 63 g de prot\u00e9ines par portion P\u00e2tes aux pois de Konjac"},"content":{"rendered":"<h2>Ingr\u00e9dients des nouilles aux prot\u00e9ines de pois :<\/h2>\n<p>Farine de bl\u00e9, farine de sarrasin, farine de bl\u00e9 complet, poudre de fibre de pois, poudre de gluten, <a href=\"https:\/\/sentaiyuanbio.com\/fr\/product-category\/fibres-alimentaires-de-konjac\/\" target=\"_blank\" rel=\"noopener\">poudre de konjac<\/a>, Inuline, poudre d'\u0153uf entier, sel, carbonate de sodium, et Inuline.<\/p>\n<table border=\"1\" cellspacing=\"1\">\n<tbody>\n<tr>\n<td width=\"284\"><b>Objet<\/b><\/td>\n<td width=\"284\">%<\/td>\n<\/tr>\n<tr>\n<td width=\"284\"><b>Prot\u00e9ines de pois en poudre<\/b><\/td>\n<td width=\"284\">31<\/td>\n<\/tr>\n<tr>\n<td width=\"284\"><b>Gluten en poudre<\/b><\/td>\n<td width=\"284\">10<\/td>\n<\/tr>\n<tr>\n<td width=\"284\"><b>Farine de bl\u00e9<\/b><\/td>\n<td width=\"284\">28<\/td>\n<\/tr>\n<tr>\n<td width=\"284\"><b>Poudre de konjac<\/b><\/td>\n<td width=\"284\">5<\/td>\n<\/tr>\n<tr>\n<td width=\"284\"><b>Poudre de cosse de psyllium<\/b><\/td>\n<td width=\"284\">5<\/td>\n<\/tr>\n<tr>\n<td width=\"284\"><b>Extrait de feuille de m\u00fbrier<\/b><\/td>\n<td width=\"284\">4<\/td>\n<\/tr>\n<tr>\n<td width=\"284\"><b>Fibre de pois en poudre<\/b><\/td>\n<td width=\"284\">2<\/td>\n<\/tr>\n<tr>\n<td width=\"284\"><b>Dextrine r\u00e9sistante<\/b><\/td>\n<td width=\"284\">2<\/td>\n<\/tr>\n<tr>\n<td width=\"284\"><b>Carbonate de sodium<\/b><\/td>\n<td width=\"284\">1<\/td>\n<\/tr>\n<tr>\n<td width=\"284\"><b>Inuline<\/b><\/td>\n<td width=\"284\">1<\/td>\n<\/tr>\n<tr>\n<td width=\"284\"><b>Sel<\/b><\/td>\n<td width=\"284\">1<\/td>\n<\/tr>\n<\/tbody>\n<\/table>\n<p><strong>Contient<\/strong>: Gluten de bl\u00e9 et \u0153uf.<br \/>\n<strong>Stockage<\/strong>: Conserver dans un endroit frais et sec. Conserver \u00e0 l'abri de la lumi\u00e8re et de la chaleur.<\/p>\n<h2>Nutrition des nouilles aux prot\u00e9ines de pois<\/h2>\n<table border=\"1\" cellspacing=\"1\">\n<tbody>\n<tr>\n<td width=\"284\"><b>Valeurs nutritives<\/b><\/td>\n<td width=\"284\">Par portion (100g)<\/td>\n<td width=\"284\">Par portion (40g)<\/td>\n<\/tr>\n<tr>\n<td width=\"284\"><b>L'\u00e9nergie<\/b><\/td>\n<td width=\"284\">358,99Kcal<\/td>\n<td width=\"284\">141,6Kcal<\/td>\n<\/tr>\n<tr>\n<td width=\"284\"><b>Prot\u00e9ines<\/b><\/td>\n<td width=\"284\">63g<\/td>\n<td width=\"284\">25g<\/td>\n<\/tr>\n<tr>\n<td width=\"284\"><b>Graisses totales<\/b><\/td>\n<td width=\"284\">0.2g<\/td>\n<td width=\"284\">0.08g<\/td>\n<\/tr>\n<tr>\n<td width=\"284\"><b>Glucides totaux<\/b><\/td>\n<td width=\"284\">23.9g<\/td>\n<td width=\"284\">9.56g<\/td>\n<\/tr>\n<tr>\n<td width=\"284\"><b>Fibres alimentaires<\/b><\/td>\n<td width=\"284\">3.9g<\/td>\n<td width=\"284\">1.56g<\/td>\n<\/tr>\n<tr>\n<td width=\"284\"><b>Sodium<\/b><\/td>\n<td width=\"284\">0,5 mg<\/td>\n<td width=\"284\">0,2 mg<\/td>\n<\/tr>\n<\/tbody>\n<\/table>\n<p><img fetchpriority=\"high\" decoding=\"async\" class=\"alignnone wp-image-3634 size-full\" src=\"https:\/\/sentaiyuanbio.com\/wp-content\/uploads\/2024\/07\/High-protein-Konjac-pea-pasta-01.webp\" alt=\"P\u00e2tes de pois konjac riches en prot\u00e9ines\" width=\"750\" height=\"686\" srcset=\"https:\/\/sentaiyuanbio.com\/wp-content\/uploads\/2024\/07\/High-protein-Konjac-pea-pasta-01.webp 750w, https:\/\/sentaiyuanbio.com\/wp-content\/uploads\/2024\/07\/High-protein-Konjac-pea-pasta-01-300x274.webp 300w, https:\/\/sentaiyuanbio.com\/wp-content\/uploads\/2024\/07\/High-protein-Konjac-pea-pasta-01-600x549.webp 600w\" sizes=\"(max-width: 750px) 100vw, 750px\" \/> <img decoding=\"async\" class=\"alignnone wp-image-3635 size-full\" src=\"https:\/\/sentaiyuanbio.com\/wp-content\/uploads\/2024\/07\/High-protein-Konjac-pea-pasta-02.webp\" alt=\"P\u00e2tes de pois konjac riches en prot\u00e9ines\" width=\"750\" height=\"552\" srcset=\"https:\/\/sentaiyuanbio.com\/wp-content\/uploads\/2024\/07\/High-protein-Konjac-pea-pasta-02.webp 750w, https:\/\/sentaiyuanbio.com\/wp-content\/uploads\/2024\/07\/High-protein-Konjac-pea-pasta-02-300x221.webp 300w, https:\/\/sentaiyuanbio.com\/wp-content\/uploads\/2024\/07\/High-protein-Konjac-pea-pasta-02-600x442.webp 600w\" sizes=\"(max-width: 750px) 100vw, 750px\" \/> <img decoding=\"async\" class=\"alignnone wp-image-3636 size-full\" src=\"https:\/\/sentaiyuanbio.com\/wp-content\/uploads\/2024\/07\/High-protein-Konjac-pea-pasta-03.webp\" alt=\"P\u00e2tes de pois konjac riches en prot\u00e9ines\" width=\"750\" height=\"462\" srcset=\"https:\/\/sentaiyuanbio.com\/wp-content\/uploads\/2024\/07\/High-protein-Konjac-pea-pasta-03.webp 750w, https:\/\/sentaiyuanbio.com\/wp-content\/uploads\/2024\/07\/High-protein-Konjac-pea-pasta-03-300x185.webp 300w, https:\/\/sentaiyuanbio.com\/wp-content\/uploads\/2024\/07\/High-protein-Konjac-pea-pasta-03-600x370.webp 600w\" sizes=\"(max-width: 750px) 100vw, 750px\" \/> <img loading=\"lazy\" decoding=\"async\" class=\"alignnone wp-image-3637 size-full\" src=\"https:\/\/sentaiyuanbio.com\/wp-content\/uploads\/2024\/07\/High-protein-Konjac-pea-pasta-04.webp\" alt=\"P\u00e2tes de pois konjac riches en prot\u00e9ines\" width=\"750\" height=\"415\" srcset=\"https:\/\/sentaiyuanbio.com\/wp-content\/uploads\/2024\/07\/High-protein-Konjac-pea-pasta-04.webp 750w, https:\/\/sentaiyuanbio.com\/wp-content\/uploads\/2024\/07\/High-protein-Konjac-pea-pasta-04-300x166.webp 300w, https:\/\/sentaiyuanbio.com\/wp-content\/uploads\/2024\/07\/High-protein-Konjac-pea-pasta-04-600x332.webp 600w\" sizes=\"(max-width: 750px) 100vw, 750px\" \/> <img loading=\"lazy\" decoding=\"async\" class=\"alignnone wp-image-3638 size-full\" src=\"https:\/\/sentaiyuanbio.com\/wp-content\/uploads\/2024\/07\/High-protein-Konjac-pea-pasta-05.webp\" alt=\"P\u00e2tes de pois konjac riches en prot\u00e9ines\" width=\"750\" height=\"571\" srcset=\"https:\/\/sentaiyuanbio.com\/wp-content\/uploads\/2024\/07\/High-protein-Konjac-pea-pasta-05.webp 750w, https:\/\/sentaiyuanbio.com\/wp-content\/uploads\/2024\/07\/High-protein-Konjac-pea-pasta-05-300x228.webp 300w, https:\/\/sentaiyuanbio.com\/wp-content\/uploads\/2024\/07\/High-protein-Konjac-pea-pasta-05-600x457.webp 600w\" sizes=\"(max-width: 750px) 100vw, 750px\" \/><\/p>","protected":false},"excerpt":{"rendered":"<p>Combin\u00e9s, les pois verts et la farine de konjac offrent un profil d'acides amin\u00e9s optimal, sup\u00e9rieur \u00e0 celui de n'importe quelle source de prot\u00e9ines v\u00e9g\u00e9tales. Les nouilles aux prot\u00e9ines de pois \u00e0 faible teneur en glucides sont une excellente alternative aux p\u00e2tes traditionnelles. Elles sont riches en prot\u00e9ines v\u00e9g\u00e9tales de haute qualit\u00e9, en fibres et ne contiennent aucun additif. Le MOQ des nouilles de konjac Sentaiyuan est aussi bas que 100 cartons !<\/p>","protected":false},"featured_media":4109,"template":"","meta":{"site-sidebar-layout":"default","site-content-layout":"","ast-site-content-layout":"default","site-content-style":"default","site-sidebar-style":"default","ast-global-header-display":"","ast-banner-title-visibility":"","ast-main-header-display":"","ast-hfb-above-header-display":"","ast-hfb-below-header-display":"","ast-hfb-mobile-header-display":"","site-post-title":"","ast-breadcrumbs-content":"","ast-featured-img":"","footer-sml-layout":"","ast-disable-related-posts":"","theme-transparent-header-meta":"default","adv-header-id-meta":"","stick-header-meta":"default","header-above-stick-meta":"","header-main-stick-meta":"","header-below-stick-meta":"","astra-migrate-meta-layouts":"set","ast-page-background-enabled":"default","ast-page-background-meta":{"desktop":{"background-color":"","background-image":"","background-repeat":"repeat","background-position":"center center","background-size":"auto","background-attachment":"scroll","background-type":"","background-media":"","overlay-type":"","overlay-color":"","overlay-opacity":"","overlay-gradient":""},"tablet":{"background-color":"","background-image":"","background-repeat":"repeat","background-position":"center center","background-size":"auto","background-attachment":"scroll","background-type":"","background-media":"","overlay-type":"","overlay-color":"","overlay-opacity":"","overlay-gradient":""},"mobile":{"background-color":"","background-image":"","background-repeat":"repeat","background-position":"center center","background-size":"auto","background-attachment":"scroll","background-type":"","background-media":"","overlay-type":"","overlay-color":"","overlay-opacity":"","overlay-gradient":""}},"ast-content-background-meta":{"desktop":{"background-color":"var(--ast-global-color-5)","background-image":"","background-repeat":"repeat","background-position":"center center","background-size":"auto","background-attachment":"scroll","background-type":"","background-media":"","overlay-type":"","overlay-color":"","overlay-opacity":"","overlay-gradient":""},"tablet":{"background-color":"var(--ast-global-color-5)","background-image":"","background-repeat":"repeat","background-position":"center center","background-size":"auto","background-attachment":"scroll","background-type":"","background-media":"","overlay-type":"","overlay-color":"","overlay-opacity":"","overlay-gradient":""},"mobile":{"background-color":"var(--ast-global-color-5)","background-image":"","background-repeat":"repeat","background-position":"center center","background-size":"auto","background-attachment":"scroll","background-type":"","background-media":"","overlay-type":"","overlay-color":"","overlay-opacity":"","overlay-gradient":""}}},"product_brand":[],"product_cat":[248],"product_tag":[],"class_list":{"0":"post-2530","1":"product","2":"type-product","3":"status-publish","4":"has-post-thumbnail","6":"product_cat-low-carb-high-protein-noodles","7":"desktop-align-left","8":"tablet-align-left","9":"mobile-align-left","10":"ast-product-gallery-layout-horizontal-slider","11":"ast-product-tabs-layout-horizontal","13":"first","14":"instock","15":"shipping-taxable","16":"product-type-simple"},"_links":{"self":[{"href":"https:\/\/sentaiyuanbio.com\/fr\/wp-json\/wp\/v2\/product\/2530","targetHints":{"allow":["GET"]}}],"collection":[{"href":"https:\/\/sentaiyuanbio.com\/fr\/wp-json\/wp\/v2\/product"}],"about":[{"href":"https:\/\/sentaiyuanbio.com\/fr\/wp-json\/wp\/v2\/types\/product"}],"version-history":[{"count":0,"href":"https:\/\/sentaiyuanbio.com\/fr\/wp-json\/wp\/v2\/product\/2530\/revisions"}],"wp:featuredmedia":[{"embeddable":true,"href":"https:\/\/sentaiyuanbio.com\/fr\/wp-json\/wp\/v2\/media\/4109"}],"wp:attachment":[{"href":"https:\/\/sentaiyuanbio.com\/fr\/wp-json\/wp\/v2\/media?parent=2530"}],"wp:term":[{"taxonomy":"product_brand","embeddable":true,"href":"https:\/\/sentaiyuanbio.com\/fr\/wp-json\/wp\/v2\/product_brand?post=2530"},{"taxonomy":"product_cat","embeddable":true,"href":"https:\/\/sentaiyuanbio.com\/fr\/wp-json\/wp\/v2\/product_cat?post=2530"},{"taxonomy":"product_tag","embeddable":true,"href":"https:\/\/sentaiyuanbio.com\/fr\/wp-json\/wp\/v2\/product_tag?post=2530"}],"curies":[{"name":"wp","href":"https:\/\/api.w.org\/{rel}","templated":true}]}}