{"id":2541,"date":"2024-07-25T03:41:32","date_gmt":"2024-07-25T03:41:32","guid":{"rendered":"https:\/\/sentaiyuanbio.com\/?post_type=product&#038;p=2541"},"modified":"2025-02-26T08:36:33","modified_gmt":"2025-02-26T08:36:33","slug":"farine-de-pain-en-vrac-fournisseur-de-farine-de-pain","status":"publish","type":"product","link":"https:\/\/sentaiyuanbio.com\/fr\/produit\/farine-de-pain-en-vrac-fournisseur-de-farine-de-pain\/","title":{"rendered":"Farine de pain en vrac, fournisseur de farine de pain, farine de pain en gros"},"content":{"rendered":"<h2>Farine de pain ingr\u00e9dient en vrac :<\/h2>\n<p>Poudre de gluten, poudre de prot\u00e9ines de pois, farine de fibres de pois, <a href=\"https:\/\/sentaiyuanbio.com\/fr\/produit\/poudre-de-konjac\/\" target=\"_blank\" rel=\"noopener\">Farine de konjac<\/a>, Inuline, farine d'avoine, farine de tapioca, sel.<\/p>\n<table border=\"1\" cellspacing=\"1\">\n<tbody>\n<tr>\n<td align=\"center\" width=\"284\"><b>Objet<\/b><\/td>\n<td align=\"center\" width=\"284\">%<\/td>\n<\/tr>\n<tr>\n<td align=\"center\" width=\"284\"><b>Gluten en poudre<\/b><\/td>\n<td align=\"center\" width=\"284\">47.89<\/td>\n<\/tr>\n<tr>\n<td align=\"center\" width=\"284\"><b>Poudre de prot\u00e9ines de pois<\/b><\/td>\n<td align=\"center\" width=\"284\">25<\/td>\n<\/tr>\n<tr>\n<td align=\"center\" width=\"284\"><a href=\"https:\/\/gumstabilizer.com\/resistant-dextrin-benefits\/\" target=\"_blank\" rel=\"noopener\"><b>Dextrine r\u00e9sistante<\/b><\/a><\/td>\n<td align=\"center\" width=\"284\">10<\/td>\n<\/tr>\n<tr>\n<td align=\"center\" width=\"284\"><b>Fibre de pois<\/b><\/td>\n<td align=\"center\" width=\"284\">7.3<\/td>\n<\/tr>\n<tr>\n<td align=\"center\" width=\"284\"><b>Poudre d'avoine<\/b><\/td>\n<td align=\"center\" width=\"284\">3<\/td>\n<\/tr>\n<tr>\n<td align=\"center\" width=\"284\"><b>Farine de tapioca<\/b><\/td>\n<td align=\"center\" width=\"284\">3<\/td>\n<\/tr>\n<tr>\n<td align=\"center\" width=\"284\"><b>Poudre de konjac<\/b><\/td>\n<td align=\"center\" width=\"284\">3<\/td>\n<\/tr>\n<tr>\n<td align=\"center\" width=\"284\"><b>Inuline<\/b><\/td>\n<td align=\"center\" width=\"284\">0.5<\/td>\n<\/tr>\n<tr>\n<td align=\"center\" width=\"284\"><b>Flavono\u00efdes de la feuille de m\u00fbrier<\/b><\/td>\n<td align=\"center\" width=\"284\">0.1<\/td>\n<\/tr>\n<tr>\n<td align=\"center\" width=\"284\"><b>Extrait de haricot blanc<\/b><\/td>\n<td align=\"center\" width=\"284\">0.1<\/td>\n<\/tr>\n<tr>\n<td align=\"center\" width=\"284\"><b>Sucre<\/b><\/td>\n<td align=\"center\" width=\"284\">0.1<\/td>\n<\/tr>\n<tr>\n<td align=\"center\" width=\"284\"><b>Sel<\/b><\/td>\n<td align=\"center\" width=\"284\">0.01<\/td>\n<\/tr>\n<\/tbody>\n<\/table>\n<p><strong>Poids net<\/strong>: 200g\/paquet<br \/>\n<strong>Apparence<\/strong>: Poudre<br \/>\n<strong>Dur\u00e9e de conservation<\/strong>: 12 mois<br \/>\n<strong>Stockage<\/strong>: Stocker dans un endroit frais et sec. A l'abri de la lumi\u00e8re et de la chaleur.<\/p>\n<h2>La farine de pain en vrac : donn\u00e9es nutritionnelles :<\/h2>\n<table border=\"1\" cellspacing=\"1\">\n<tbody>\n<tr>\n<td width=\"284\"><b>Valeurs nutritives<\/b><\/td>\n<td width=\"284\">Par portion (200g)<\/td>\n<\/tr>\n<tr>\n<td width=\"284\"><b>L'\u00e9nergie<\/b><\/td>\n<td width=\"284\">340Kcal<\/td>\n<\/tr>\n<tr>\n<td width=\"284\"><b>Prot\u00e9ines<\/b><\/td>\n<td width=\"284\"><i>54g<\/i><\/td>\n<\/tr>\n<tr>\n<td width=\"284\"><b>Graisses totales<\/b><\/td>\n<td width=\"284\">4g<\/td>\n<\/tr>\n<tr>\n<td width=\"284\"><b>Glucides totaux<\/b><\/td>\n<td width=\"284\">12g<\/td>\n<\/tr>\n<tr>\n<td width=\"284\"><b>Fibres alimentaires<\/b><\/td>\n<td width=\"284\">0.252g<\/td>\n<\/tr>\n<tr>\n<td width=\"284\"><b>Sodium<\/b><\/td>\n<td width=\"284\">860 mg<\/td>\n<\/tr>\n<\/tbody>\n<\/table>\n<h2>Pr\u00e9paration de la cuisson :<\/h2>\n<table border=\"1\" cellspacing=\"1\">\n<tbody>\n<tr>\n<td width=\"284\"><b>Farine pour pain \u00e0 faible teneur en glucides<\/b><\/td>\n<td width=\"284\">200g<\/td>\n<\/tr>\n<tr>\n<td width=\"284\"><b>Levure<\/b><\/td>\n<td width=\"284\">3g<\/td>\n<\/tr>\n<tr>\n<td width=\"284\"><b>Beurre<\/b><\/td>\n<td width=\"284\"><i>25g<\/i><\/td>\n<\/tr>\n<tr>\n<td width=\"284\"><b>L'eau<\/b><\/td>\n<td width=\"284\">200g<\/td>\n<\/tr>\n<\/tbody>\n<\/table>\n<p><img fetchpriority=\"high\" decoding=\"async\" class=\"alignnone wp-image-2546 size-full\" src=\"https:\/\/sentaiyuanbio.com\/wp-content\/uploads\/2024\/07\/Bread-flour-supplier-1.jpg\" alt=\"Fournisseur de farine de pain, grossiste en farine de pain\" width=\"750\" height=\"550\" srcset=\"https:\/\/sentaiyuanbio.com\/wp-content\/uploads\/2024\/07\/Bread-flour-supplier-1.jpg 750w, https:\/\/sentaiyuanbio.com\/wp-content\/uploads\/2024\/07\/Bread-flour-supplier-1-300x220.jpg 300w, https:\/\/sentaiyuanbio.com\/wp-content\/uploads\/2024\/07\/Bread-flour-supplier-1-600x440.jpg 600w\" sizes=\"(max-width: 750px) 100vw, 750px\" \/><img decoding=\"async\" class=\"alignnone wp-image-2547 size-full\" src=\"https:\/\/sentaiyuanbio.com\/wp-content\/uploads\/2024\/07\/Bread-flour-supplier-2.jpg\" alt=\"Fournisseur de farine de pain, grossiste en farine de pain\" width=\"750\" height=\"499\" srcset=\"https:\/\/sentaiyuanbio.com\/wp-content\/uploads\/2024\/07\/Bread-flour-supplier-2.jpg 750w, https:\/\/sentaiyuanbio.com\/wp-content\/uploads\/2024\/07\/Bread-flour-supplier-2-300x200.jpg 300w, https:\/\/sentaiyuanbio.com\/wp-content\/uploads\/2024\/07\/Bread-flour-supplier-2-600x399.jpg 600w\" sizes=\"(max-width: 750px) 100vw, 750px\" \/><img decoding=\"async\" class=\"alignnone wp-image-2548 size-full\" src=\"https:\/\/sentaiyuanbio.com\/wp-content\/uploads\/2024\/07\/Bread-flour-supplier-3.jpg\" alt=\"Fournisseur de farine de pain, grossiste en farine de pain\" width=\"750\" height=\"437\" srcset=\"https:\/\/sentaiyuanbio.com\/wp-content\/uploads\/2024\/07\/Bread-flour-supplier-3.jpg 750w, https:\/\/sentaiyuanbio.com\/wp-content\/uploads\/2024\/07\/Bread-flour-supplier-3-300x175.jpg 300w, https:\/\/sentaiyuanbio.com\/wp-content\/uploads\/2024\/07\/Bread-flour-supplier-3-600x350.jpg 600w\" sizes=\"(max-width: 750px) 100vw, 750px\" \/><img loading=\"lazy\" decoding=\"async\" class=\"alignnone wp-image-2549 size-full\" src=\"https:\/\/sentaiyuanbio.com\/wp-content\/uploads\/2024\/07\/Bread-flour-supplier-4.jpg\" alt=\"Fournisseur de farine de pain, grossiste en farine de pain\" width=\"750\" height=\"603\" srcset=\"https:\/\/sentaiyuanbio.com\/wp-content\/uploads\/2024\/07\/Bread-flour-supplier-4.jpg 750w, https:\/\/sentaiyuanbio.com\/wp-content\/uploads\/2024\/07\/Bread-flour-supplier-4-300x241.jpg 300w, https:\/\/sentaiyuanbio.com\/wp-content\/uploads\/2024\/07\/Bread-flour-supplier-4-600x482.jpg 600w\" sizes=\"(max-width: 750px) 100vw, 750px\" \/><img loading=\"lazy\" decoding=\"async\" class=\"alignnone wp-image-2550 size-full\" src=\"https:\/\/sentaiyuanbio.com\/wp-content\/uploads\/2024\/07\/Bread-flour-supplier-5.jpg\" alt=\"Fournisseur de farine de pain, grossiste en farine de pain\" width=\"750\" height=\"362\" srcset=\"https:\/\/sentaiyuanbio.com\/wp-content\/uploads\/2024\/07\/Bread-flour-supplier-5.jpg 750w, https:\/\/sentaiyuanbio.com\/wp-content\/uploads\/2024\/07\/Bread-flour-supplier-5-300x145.jpg 300w, https:\/\/sentaiyuanbio.com\/wp-content\/uploads\/2024\/07\/Bread-flour-supplier-5-600x290.jpg 600w\" sizes=\"(max-width: 750px) 100vw, 750px\" \/><img loading=\"lazy\" decoding=\"async\" class=\"alignnone wp-image-2551 size-full\" src=\"https:\/\/sentaiyuanbio.com\/wp-content\/uploads\/2024\/07\/Bread-flour-supplier-6.jpg\" alt=\"Fournisseur de farine de pain, grossiste en farine de pain\" width=\"750\" height=\"472\" srcset=\"https:\/\/sentaiyuanbio.com\/wp-content\/uploads\/2024\/07\/Bread-flour-supplier-6.jpg 750w, https:\/\/sentaiyuanbio.com\/wp-content\/uploads\/2024\/07\/Bread-flour-supplier-6-300x189.jpg 300w, https:\/\/sentaiyuanbio.com\/wp-content\/uploads\/2024\/07\/Bread-flour-supplier-6-600x378.jpg 600w\" sizes=\"(max-width: 750px) 100vw, 750px\" \/><\/p>","protected":false},"excerpt":{"rendered":"<p>Notre farine de pain en vrac est riche en prot\u00e9ines et peut \u00eatre utilis\u00e9e pour fabriquer du pain fran\u00e7ais, des baguettes, etc. Notre MOQ de farine de pain est aussi bas que 100 cartons pour un usage professionnel seulement !<br \/>\nSentaiyuan est une soci\u00e9t\u00e9 de production et de vente d'aliments \u00e0 base de konjac qui compte plus de 30 ans d'exp\u00e9rience. Sentaiyuan est un fournisseur de farine en gros et de farine de pain de confiance, et notre farine ne fait jamais de compromis sur la qualit\u00e9.<\/p>","protected":false},"featured_media":4165,"template":"","meta":{"site-sidebar-layout":"default","site-content-layout":"","ast-site-content-layout":"default","site-content-style":"default","site-sidebar-style":"default","ast-global-header-display":"","ast-banner-title-visibility":"","ast-main-header-display":"","ast-hfb-above-header-display":"","ast-hfb-below-header-display":"","ast-hfb-mobile-header-display":"","site-post-title":"","ast-breadcrumbs-content":"","ast-featured-img":"","footer-sml-layout":"","ast-disable-related-posts":"","theme-transparent-header-meta":"default","adv-header-id-meta":"","stick-header-meta":"default","header-above-stick-meta":"","header-main-stick-meta":"","header-below-stick-meta":"","astra-migrate-meta-layouts":"set","ast-page-background-enabled":"default","ast-page-background-meta":{"desktop":{"background-color":"","background-image":"","background-repeat":"repeat","background-position":"center center","background-size":"auto","background-attachment":"scroll","background-type":"","background-media":"","overlay-type":"","overlay-color":"","overlay-opacity":"","overlay-gradient":""},"tablet":{"background-color":"","background-image":"","background-repeat":"repeat","background-position":"center center","background-size":"auto","background-attachment":"scroll","background-type":"","background-media":"","overlay-type":"","overlay-color":"","overlay-opacity":"","overlay-gradient":""},"mobile":{"background-color":"","background-image":"","background-repeat":"repeat","background-position":"center center","background-size":"auto","background-attachment":"scroll","background-type":"","background-media":"","overlay-type":"","overlay-color":"","overlay-opacity":"","overlay-gradient":""}},"ast-content-background-meta":{"desktop":{"background-color":"var(--ast-global-color-5)","background-image":"","background-repeat":"repeat","background-position":"center center","background-size":"auto","background-attachment":"scroll","background-type":"","background-media":"","overlay-type":"","overlay-color":"","overlay-opacity":"","overlay-gradient":""},"tablet":{"background-color":"var(--ast-global-color-5)","background-image":"","background-repeat":"repeat","background-position":"center center","background-size":"auto","background-attachment":"scroll","background-type":"","background-media":"","overlay-type":"","overlay-color":"","overlay-opacity":"","overlay-gradient":""},"mobile":{"background-color":"var(--ast-global-color-5)","background-image":"","background-repeat":"repeat","background-position":"center center","background-size":"auto","background-attachment":"scroll","background-type":"","background-media":"","overlay-type":"","overlay-color":"","overlay-opacity":"","overlay-gradient":""}}},"product_brand":[],"product_cat":[24],"product_tag":[],"class_list":{"0":"post-2541","1":"product","2":"type-product","3":"status-publish","4":"has-post-thumbnail","6":"product_cat-konjac-dietary-fiber","7":"desktop-align-left","8":"tablet-align-left","9":"mobile-align-left","10":"ast-product-gallery-layout-horizontal-slider","11":"ast-product-tabs-layout-horizontal","13":"first","14":"instock","15":"shipping-taxable","16":"product-type-simple"},"_links":{"self":[{"href":"https:\/\/sentaiyuanbio.com\/fr\/wp-json\/wp\/v2\/product\/2541","targetHints":{"allow":["GET"]}}],"collection":[{"href":"https:\/\/sentaiyuanbio.com\/fr\/wp-json\/wp\/v2\/product"}],"about":[{"href":"https:\/\/sentaiyuanbio.com\/fr\/wp-json\/wp\/v2\/types\/product"}],"version-history":[{"count":0,"href":"https:\/\/sentaiyuanbio.com\/fr\/wp-json\/wp\/v2\/product\/2541\/revisions"}],"wp:featuredmedia":[{"embeddable":true,"href":"https:\/\/sentaiyuanbio.com\/fr\/wp-json\/wp\/v2\/media\/4165"}],"wp:attachment":[{"href":"https:\/\/sentaiyuanbio.com\/fr\/wp-json\/wp\/v2\/media?parent=2541"}],"wp:term":[{"taxonomy":"product_brand","embeddable":true,"href":"https:\/\/sentaiyuanbio.com\/fr\/wp-json\/wp\/v2\/product_brand?post=2541"},{"taxonomy":"product_cat","embeddable":true,"href":"https:\/\/sentaiyuanbio.com\/fr\/wp-json\/wp\/v2\/product_cat?post=2541"},{"taxonomy":"product_tag","embeddable":true,"href":"https:\/\/sentaiyuanbio.com\/fr\/wp-json\/wp\/v2\/product_tag?post=2541"}],"curies":[{"name":"wp","href":"https:\/\/api.w.org\/{rel}","templated":true}]}}