{"id":2627,"date":"2024-07-26T07:34:26","date_gmt":"2024-07-26T07:34:26","guid":{"rendered":"https:\/\/sentaiyuanbio.com\/?post_type=product&#038;p=2627"},"modified":"2025-02-26T08:40:38","modified_gmt":"2025-02-26T08:40:38","slug":"melange-pour-crepes-a-haute-teneur-en-proteines","status":"publish","type":"product","link":"https:\/\/sentaiyuanbio.com\/fr\/produit\/melange-pour-crepes-a-haute-teneur-en-proteines\/","title":{"rendered":"M\u00e9lange pour cr\u00eapes \u00e0 haute teneur en prot\u00e9ines, fournisseur de m\u00e9lange pour cr\u00eapes en gros"},"content":{"rendered":"<h2>Ingr\u00e9dient du m\u00e9lange pour cr\u00eapes \u00e0 haute teneur en prot\u00e9ines :<\/h2>\n<p><a href=\"https:\/\/www.healthline.com\/nutrition\/erythritol\" target=\"_blank\" rel=\"noopener\">Erythritol<\/a>Poudre de prot\u00e9ines de pois, poudre de gluten, farine d'avoine, dextrine r\u00e9sistante, lait en poudre, lactate de calcium, <a href=\"https:\/\/sentaiyuanbio.com\/fr\/produit\/poudre-de-konjac\/\" target=\"_blank\" rel=\"noopener\">Poudre de konjac<\/a>, Inuline, gluconate de zinc et pyrophosphate de fer.<\/p>\n<table border=\"1\" cellspacing=\"1\">\n<tbody>\n<tr>\n<td width=\"284\"><b>Objet<\/b><\/td>\n<td width=\"284\">%<\/td>\n<\/tr>\n<tr>\n<td width=\"284\"><b>Erythritol<\/b><\/td>\n<td width=\"284\">34.88<\/td>\n<\/tr>\n<tr>\n<td width=\"284\"><b>Prot\u00e9ines de pois en poudre<\/b><\/td>\n<td width=\"284\">20<\/td>\n<\/tr>\n<tr>\n<td width=\"284\"><b>Gluten en poudre<\/b><\/td>\n<td width=\"284\">15<\/td>\n<\/tr>\n<tr>\n<td width=\"284\"><b>Farine d'avoine<\/b><\/td>\n<td width=\"284\">15<\/td>\n<\/tr>\n<tr>\n<td width=\"284\"><b>Lait en poudre<\/b><\/td>\n<td width=\"284\">8<\/td>\n<\/tr>\n<tr>\n<td width=\"284\"><b>Dextrine r\u00e9sistante<\/b><\/td>\n<td width=\"284\">3<\/td>\n<\/tr>\n<tr>\n<td width=\"284\"><b>Poudre de konjac<\/b><\/td>\n<td width=\"284\">3<\/td>\n<\/tr>\n<tr>\n<td width=\"284\"><b>Inuline<\/b><\/td>\n<td width=\"284\">1<\/td>\n<\/tr>\n<tr>\n<td width=\"284\"><b>Lactate de calcium<\/b><\/td>\n<td width=\"284\">0.1<\/td>\n<\/tr>\n<tr>\n<td width=\"284\"><b>Gluconate de zinc<\/b><\/td>\n<td width=\"284\">0.01<\/td>\n<\/tr>\n<tr>\n<td width=\"284\"><b>Pyrophosphate de fer<\/b><\/td>\n<td width=\"284\">0.01<\/td>\n<\/tr>\n<\/tbody>\n<\/table>\n<p><strong>Poids net<\/strong>: 150g\/paquet<br \/>\n<strong>Apparence<\/strong>: Poudre<br \/>\n<strong>Dur\u00e9e de conservation<\/strong>: 12 mois<br \/>\n<strong>Stockage<\/strong>: Stocker dans un endroit frais et sec, \u00e0 l'abri de la lumi\u00e8re et de la chaleur.<\/p>\n<h2>Informations nutritionnelles sur le m\u00e9lange pour cr\u00eapes \u00e0 haute teneur en prot\u00e9ines :<\/h2>\n<table border=\"1\" cellspacing=\"1\">\n<tbody>\n<tr>\n<td width=\"284\"><b>Valeurs nutritives<\/b><\/td>\n<td width=\"284\">Par portion<\/td>\n<\/tr>\n<tr>\n<td width=\"284\"><b>L'\u00e9nergie<\/b><\/td>\n<td width=\"284\">211Kcal<\/td>\n<\/tr>\n<tr>\n<td width=\"284\"><b>Prot\u00e9ines<\/b><\/td>\n<td width=\"284\">25g<\/td>\n<\/tr>\n<tr>\n<td width=\"284\"><b>Graisses totales<\/b><\/td>\n<td width=\"284\">1.1g<\/td>\n<\/tr>\n<tr>\n<td width=\"284\"><b>Glucides totaux<\/b><\/td>\n<td width=\"284\">20g<\/td>\n<\/tr>\n<tr>\n<td width=\"284\"><b>Fibres alimentaires<\/b><\/td>\n<td width=\"284\">9.1g<\/td>\n<\/tr>\n<\/tbody>\n<\/table>\n<h2>Pr\u00e9paration de la cuisson<\/h2>\n<table border=\"1\" cellspacing=\"1\">\n<tbody>\n<tr>\n<td width=\"284\"><b>M\u00e9lange pour cr\u00eapes prot\u00e9in\u00e9es \u00e0 faible teneur en glucides<\/b><\/td>\n<td width=\"284\">150g<\/td>\n<\/tr>\n<tr>\n<td width=\"284\"><b>Lait<\/b><\/td>\n<td width=\"284\">150g<\/td>\n<\/tr>\n<tr>\n<td width=\"284\"><b>\u0152uf<\/b><\/td>\n<td width=\"284\">1pcs<\/td>\n<\/tr>\n<\/tbody>\n<\/table>\n<p><img fetchpriority=\"high\" decoding=\"async\" class=\"alignnone wp-image-2632 size-full\" src=\"https:\/\/sentaiyuanbio.com\/wp-content\/uploads\/2024\/07\/Wholesale-pancake-mix-1.jpg\" alt=\"Fournisseur en gros de m\u00e9lange pour cr\u00eapes\" width=\"750\" height=\"649\" srcset=\"https:\/\/sentaiyuanbio.com\/wp-content\/uploads\/2024\/07\/Wholesale-pancake-mix-1.jpg 750w, https:\/\/sentaiyuanbio.com\/wp-content\/uploads\/2024\/07\/Wholesale-pancake-mix-1-300x260.jpg 300w, https:\/\/sentaiyuanbio.com\/wp-content\/uploads\/2024\/07\/Wholesale-pancake-mix-1-600x519.jpg 600w\" sizes=\"(max-width: 750px) 100vw, 750px\" \/><img decoding=\"async\" class=\"alignnone wp-image-2633 size-full\" src=\"https:\/\/sentaiyuanbio.com\/wp-content\/uploads\/2024\/07\/Wholesale-pancake-mix-2.jpg\" alt=\"Fournisseur en gros de m\u00e9lange pour cr\u00eapes\" width=\"750\" height=\"342\" srcset=\"https:\/\/sentaiyuanbio.com\/wp-content\/uploads\/2024\/07\/Wholesale-pancake-mix-2.jpg 750w, https:\/\/sentaiyuanbio.com\/wp-content\/uploads\/2024\/07\/Wholesale-pancake-mix-2-300x137.jpg 300w, https:\/\/sentaiyuanbio.com\/wp-content\/uploads\/2024\/07\/Wholesale-pancake-mix-2-600x274.jpg 600w\" sizes=\"(max-width: 750px) 100vw, 750px\" \/><img decoding=\"async\" class=\"alignnone wp-image-2634 size-full\" src=\"https:\/\/sentaiyuanbio.com\/wp-content\/uploads\/2024\/07\/Wholesale-pancake-mix-3.jpg\" alt=\"Fournisseur en gros de m\u00e9lange pour cr\u00eapes\" width=\"750\" height=\"604\" srcset=\"https:\/\/sentaiyuanbio.com\/wp-content\/uploads\/2024\/07\/Wholesale-pancake-mix-3.jpg 750w, https:\/\/sentaiyuanbio.com\/wp-content\/uploads\/2024\/07\/Wholesale-pancake-mix-3-300x242.jpg 300w, https:\/\/sentaiyuanbio.com\/wp-content\/uploads\/2024\/07\/Wholesale-pancake-mix-3-600x483.jpg 600w\" sizes=\"(max-width: 750px) 100vw, 750px\" \/><img loading=\"lazy\" decoding=\"async\" class=\"alignnone wp-image-2635 size-full\" src=\"https:\/\/sentaiyuanbio.com\/wp-content\/uploads\/2024\/07\/Wholesale-pancake-mix-4.jpg\" alt=\"Fournisseur en gros de m\u00e9lange pour cr\u00eapes\" width=\"750\" height=\"606\" srcset=\"https:\/\/sentaiyuanbio.com\/wp-content\/uploads\/2024\/07\/Wholesale-pancake-mix-4.jpg 750w, https:\/\/sentaiyuanbio.com\/wp-content\/uploads\/2024\/07\/Wholesale-pancake-mix-4-300x242.jpg 300w, https:\/\/sentaiyuanbio.com\/wp-content\/uploads\/2024\/07\/Wholesale-pancake-mix-4-600x485.jpg 600w\" sizes=\"(max-width: 750px) 100vw, 750px\" \/><img loading=\"lazy\" decoding=\"async\" class=\"alignnone wp-image-2636 size-full\" src=\"https:\/\/sentaiyuanbio.com\/wp-content\/uploads\/2024\/07\/Wholesale-pancake-mix-5.jpg\" alt=\"Fournisseur en gros de m\u00e9lange pour cr\u00eapes\" width=\"750\" height=\"627\" srcset=\"https:\/\/sentaiyuanbio.com\/wp-content\/uploads\/2024\/07\/Wholesale-pancake-mix-5.jpg 750w, https:\/\/sentaiyuanbio.com\/wp-content\/uploads\/2024\/07\/Wholesale-pancake-mix-5-300x251.jpg 300w, https:\/\/sentaiyuanbio.com\/wp-content\/uploads\/2024\/07\/Wholesale-pancake-mix-5-600x502.jpg 600w\" sizes=\"(max-width: 750px) 100vw, 750px\" \/><img loading=\"lazy\" decoding=\"async\" class=\"alignnone wp-image-2637 size-full\" style=\"font-style: inherit; font-weight: 600;\" src=\"https:\/\/sentaiyuanbio.com\/wp-content\/uploads\/2024\/07\/Wholesale-pancake-mix-6.jpg\" alt=\"Fournisseur en gros de m\u00e9lange pour cr\u00eapes\" width=\"750\" height=\"814\" srcset=\"https:\/\/sentaiyuanbio.com\/wp-content\/uploads\/2024\/07\/Wholesale-pancake-mix-6.jpg 750w, https:\/\/sentaiyuanbio.com\/wp-content\/uploads\/2024\/07\/Wholesale-pancake-mix-6-276x300.jpg 276w, https:\/\/sentaiyuanbio.com\/wp-content\/uploads\/2024\/07\/Wholesale-pancake-mix-6-553x600.jpg 553w, https:\/\/sentaiyuanbio.com\/wp-content\/uploads\/2024\/07\/Wholesale-pancake-mix-6-600x651.jpg 600w\" sizes=\"(max-width: 750px) 100vw, 750px\" \/><\/p>","protected":false},"excerpt":{"rendered":"<p>Notre m\u00e9lange de cr\u00eapes \u00e0 haute teneur en prot\u00e9ines est un m\u00e9lange de cr\u00eapes et de gaufres. Un m\u00e9lange de poudre de prot\u00e9ines de pois, de farine d'avoine et de farine de konjac fournit 25 grammes de prot\u00e9ines par portion. Ce m\u00e9lange de cr\u00eapes prot\u00e9in\u00e9es fait maison est compos\u00e9 de 7 ingr\u00e9dients et ne contient que 20 grammes de glucides par portion ! Sentaiyuan est un fournisseur de confiance de m\u00e9langes pour cr\u00eapes, et nos m\u00e9langes pour cr\u00eapes prot\u00e9in\u00e9es ne font jamais de compromis sur la qualit\u00e9.<\/p>","protected":false},"featured_media":4164,"template":"","meta":{"site-sidebar-layout":"default","site-content-layout":"","ast-site-content-layout":"default","site-content-style":"default","site-sidebar-style":"default","ast-global-header-display":"","ast-banner-title-visibility":"","ast-main-header-display":"","ast-hfb-above-header-display":"","ast-hfb-below-header-display":"","ast-hfb-mobile-header-display":"","site-post-title":"","ast-breadcrumbs-content":"","ast-featured-img":"","footer-sml-layout":"","ast-disable-related-posts":"","theme-transparent-header-meta":"default","adv-header-id-meta":"","stick-header-meta":"default","header-above-stick-meta":"","header-main-stick-meta":"","header-below-stick-meta":"","astra-migrate-meta-layouts":"set","ast-page-background-enabled":"default","ast-page-background-meta":{"desktop":{"background-color":"","background-image":"","background-repeat":"repeat","background-position":"center center","background-size":"auto","background-attachment":"scroll","background-type":"","background-media":"","overlay-type":"","overlay-color":"","overlay-opacity":"","overlay-gradient":""},"tablet":{"background-color":"","background-image":"","background-repeat":"repeat","background-position":"center center","background-size":"auto","background-attachment":"scroll","background-type":"","background-media":"","overlay-type":"","overlay-color":"","overlay-opacity":"","overlay-gradient":""},"mobile":{"background-color":"","background-image":"","background-repeat":"repeat","background-position":"center center","background-size":"auto","background-attachment":"scroll","background-type":"","background-media":"","overlay-type":"","overlay-color":"","overlay-opacity":"","overlay-gradient":""}},"ast-content-background-meta":{"desktop":{"background-color":"var(--ast-global-color-5)","background-image":"","background-repeat":"repeat","background-position":"center center","background-size":"auto","background-attachment":"scroll","background-type":"","background-media":"","overlay-type":"","overlay-color":"","overlay-opacity":"","overlay-gradient":""},"tablet":{"background-color":"var(--ast-global-color-5)","background-image":"","background-repeat":"repeat","background-position":"center center","background-size":"auto","background-attachment":"scroll","background-type":"","background-media":"","overlay-type":"","overlay-color":"","overlay-opacity":"","overlay-gradient":""},"mobile":{"background-color":"var(--ast-global-color-5)","background-image":"","background-repeat":"repeat","background-position":"center center","background-size":"auto","background-attachment":"scroll","background-type":"","background-media":"","overlay-type":"","overlay-color":"","overlay-opacity":"","overlay-gradient":""}}},"product_brand":[],"product_cat":[24],"product_tag":[],"class_list":{"0":"post-2627","1":"product","2":"type-product","3":"status-publish","4":"has-post-thumbnail","6":"product_cat-konjac-dietary-fiber","7":"desktop-align-left","8":"tablet-align-left","9":"mobile-align-left","10":"ast-product-gallery-layout-horizontal-slider","11":"ast-product-tabs-layout-horizontal","13":"first","14":"instock","15":"shipping-taxable","16":"product-type-simple"},"_links":{"self":[{"href":"https:\/\/sentaiyuanbio.com\/fr\/wp-json\/wp\/v2\/product\/2627","targetHints":{"allow":["GET"]}}],"collection":[{"href":"https:\/\/sentaiyuanbio.com\/fr\/wp-json\/wp\/v2\/product"}],"about":[{"href":"https:\/\/sentaiyuanbio.com\/fr\/wp-json\/wp\/v2\/types\/product"}],"version-history":[{"count":0,"href":"https:\/\/sentaiyuanbio.com\/fr\/wp-json\/wp\/v2\/product\/2627\/revisions"}],"wp:featuredmedia":[{"embeddable":true,"href":"https:\/\/sentaiyuanbio.com\/fr\/wp-json\/wp\/v2\/media\/4164"}],"wp:attachment":[{"href":"https:\/\/sentaiyuanbio.com\/fr\/wp-json\/wp\/v2\/media?parent=2627"}],"wp:term":[{"taxonomy":"product_brand","embeddable":true,"href":"https:\/\/sentaiyuanbio.com\/fr\/wp-json\/wp\/v2\/product_brand?post=2627"},{"taxonomy":"product_cat","embeddable":true,"href":"https:\/\/sentaiyuanbio.com\/fr\/wp-json\/wp\/v2\/product_cat?post=2627"},{"taxonomy":"product_tag","embeddable":true,"href":"https:\/\/sentaiyuanbio.com\/fr\/wp-json\/wp\/v2\/product_tag?post=2627"}],"curies":[{"name":"wp","href":"https:\/\/api.w.org\/{rel}","templated":true}]}}