{"id":2786,"date":"2024-09-24T06:47:49","date_gmt":"2024-09-24T06:47:49","guid":{"rendered":"https:\/\/sentaiyuanbio.com\/?post_type=product&#038;p=2786"},"modified":"2025-12-05T06:00:26","modified_gmt":"2025-12-05T06:00:26","slug":"ramen-instantanees-a-haute-teneur-en-proteines-saveur-boeuf","status":"publish","type":"product","link":"https:\/\/sentaiyuanbio.com\/fr\/produit\/ramen-instantanees-a-haute-teneur-en-proteines-saveur-boeuf\/","title":{"rendered":"Ramen instantan\u00e9s hyperprot\u00e9in\u00e9s saveur b\u0153uf, Ramen \u00e0 base de prot\u00e9ines v\u00e9g\u00e9tales"},"content":{"rendered":"<h2>Ramen instantan\u00e9s \u00e0 haute teneur en prot\u00e9ines, ingr\u00e9dients pour ramen \u00e0 base de prot\u00e9ines v\u00e9g\u00e9tales<\/h2>\n<p>Ingr\u00e9dients du Ramen : Gluten de bl\u00e9 vital, prot\u00e9ines de pois, farine de bl\u00e9, farine de sarrasin, poudre de fibre de pois, farine de riz glutineux, feuille de m\u00fbrier, <a href=\"https:\/\/sentaiyuanbio.com\/fr\/produit\/poudre-de-konjac\/\" target=\"_blank\" rel=\"noopener\">Poudre de konjac<\/a>, <a href=\"https:\/\/hethstia.com\/konjac-powder-vs-xanthan-gum\/\" target=\"_blank\" rel=\"noopener\">Gomme xanthane<\/a>, Carbonate de sodium.<\/p>\n<p>Assaisonnement pour b\u0153uf : Maltodextrine, sel, sucre blanc cristallis\u00e9, poudre de noix de coco, essence comestible, 5'-ribonucl\u00e9otide disodique, prot\u00e9ines v\u00e9g\u00e9tales hydrolys\u00e9es, poudre d'oignon, poudre de piment, poudre d'ail, extrait de levure, condiment (poudre de curry, poivre moulu), <a href=\"https:\/\/www.healthline.com\/health\/food-nutrition\/is-silicon-dioxide-in-supplements-safe\" target=\"_blank\" rel=\"noopener\">Dioxyde de silicium<\/a>.<\/p>\n<p>L\u00e9gumes : Oignon vert, carotte.<\/p>\n<p>Contient : Produits \u00e0 base de soja<\/p>\n<h2>Ramen instantan\u00e9s hyperprot\u00e9in\u00e9s Valeur nutritive<\/h2>\n<table border=\"1\" cellspacing=\"1\">\n<tbody>\n<tr>\n<td colspan=\"2\" align=\"center\">Donn\u00e9es nutritionnelles (62g)<\/td>\n<\/tr>\n<tr>\n<td align=\"center\" width=\"284\"><b>L'\u00e9nergie<\/b><\/td>\n<td align=\"center\" width=\"284\">230kcal<\/td>\n<\/tr>\n<tr>\n<td align=\"center\" width=\"284\"><b>Prot\u00e9ines<\/b><\/td>\n<td align=\"center\" width=\"284\">32g<\/td>\n<\/tr>\n<tr>\n<td align=\"center\" width=\"284\"><b>Graisses totales<\/b><\/td>\n<td align=\"center\" width=\"284\">3g<\/td>\n<\/tr>\n<tr>\n<td align=\"center\" width=\"284\"><b>Glucides totaux<\/b><\/td>\n<td align=\"center\" width=\"284\">21g<\/td>\n<\/tr>\n<tr>\n<td align=\"center\" width=\"284\"><b>Fibres alimentaires<\/b><\/td>\n<td align=\"center\" width=\"284\">5g<\/td>\n<\/tr>\n<tr>\n<td align=\"center\" width=\"284\"><b>Sodium<\/b><\/td>\n<td align=\"center\" width=\"284\">630 mg<\/td>\n<\/tr>\n<\/tbody>\n<\/table>\n<p><img fetchpriority=\"high\" decoding=\"async\" class=\"alignnone wp-image-2793 size-full\" title=\"Ramen instantan\u00e9s hyperprot\u00e9in\u00e9s saveur b\u0153uf\" src=\"https:\/\/sentaiyuanbio.com\/wp-content\/uploads\/2024\/09\/high-protein-noodles-ramen-1.jpg\" alt=\"nouilles hyperprot\u00e9in\u00e9es ramen\" width=\"750\" height=\"604\" srcset=\"https:\/\/sentaiyuanbio.com\/wp-content\/uploads\/2024\/09\/high-protein-noodles-ramen-1.jpg 750w, https:\/\/sentaiyuanbio.com\/wp-content\/uploads\/2024\/09\/high-protein-noodles-ramen-1-300x242.jpg 300w, https:\/\/sentaiyuanbio.com\/wp-content\/uploads\/2024\/09\/high-protein-noodles-ramen-1-600x483.jpg 600w\" sizes=\"(max-width: 750px) 100vw, 750px\" \/> <img decoding=\"async\" class=\"alignnone wp-image-2794 size-full\" title=\"Ramen instantan\u00e9s hyperprot\u00e9in\u00e9s saveur b\u0153uf\" src=\"https:\/\/sentaiyuanbio.com\/wp-content\/uploads\/2024\/09\/high-protein-noodles-ramen-2.jpg\" alt=\"Ramen instantan\u00e9s hyperprot\u00e9in\u00e9s saveur b\u0153uf\" width=\"750\" height=\"589\" srcset=\"https:\/\/sentaiyuanbio.com\/wp-content\/uploads\/2024\/09\/high-protein-noodles-ramen-2.jpg 750w, https:\/\/sentaiyuanbio.com\/wp-content\/uploads\/2024\/09\/high-protein-noodles-ramen-2-300x236.jpg 300w, https:\/\/sentaiyuanbio.com\/wp-content\/uploads\/2024\/09\/high-protein-noodles-ramen-2-600x471.jpg 600w\" sizes=\"(max-width: 750px) 100vw, 750px\" \/> <img decoding=\"async\" class=\"alignnone wp-image-2795 size-full\" title=\"Ramen instantan\u00e9s hyperprot\u00e9in\u00e9s saveur b\u0153uf\" src=\"https:\/\/sentaiyuanbio.com\/wp-content\/uploads\/2024\/09\/high-protein-noodles-ramen-3.jpg\" alt=\"Ramen instantan\u00e9s hyperprot\u00e9in\u00e9s saveur b\u0153uf\" width=\"750\" height=\"451\" srcset=\"https:\/\/sentaiyuanbio.com\/wp-content\/uploads\/2024\/09\/high-protein-noodles-ramen-3.jpg 750w, https:\/\/sentaiyuanbio.com\/wp-content\/uploads\/2024\/09\/high-protein-noodles-ramen-3-300x180.jpg 300w, https:\/\/sentaiyuanbio.com\/wp-content\/uploads\/2024\/09\/high-protein-noodles-ramen-3-600x361.jpg 600w\" sizes=\"(max-width: 750px) 100vw, 750px\" \/> <img loading=\"lazy\" decoding=\"async\" class=\"alignnone wp-image-2796 size-full\" title=\"Ramen instantan\u00e9s hyperprot\u00e9in\u00e9s saveur b\u0153uf\" src=\"https:\/\/sentaiyuanbio.com\/wp-content\/uploads\/2024\/09\/high-protein-noodles-ramen-4.jpg\" alt=\"nouilles hyperprot\u00e9in\u00e9es ramen\" width=\"750\" height=\"569\" srcset=\"https:\/\/sentaiyuanbio.com\/wp-content\/uploads\/2024\/09\/high-protein-noodles-ramen-4.jpg 750w, https:\/\/sentaiyuanbio.com\/wp-content\/uploads\/2024\/09\/high-protein-noodles-ramen-4-300x228.jpg 300w, https:\/\/sentaiyuanbio.com\/wp-content\/uploads\/2024\/09\/high-protein-noodles-ramen-4-600x455.jpg 600w\" sizes=\"(max-width: 750px) 100vw, 750px\" \/> <img loading=\"lazy\" decoding=\"async\" class=\"alignnone wp-image-2797 size-full\" title=\"Ramen instantan\u00e9s hyperprot\u00e9in\u00e9s saveur b\u0153uf\" src=\"https:\/\/sentaiyuanbio.com\/wp-content\/uploads\/2024\/09\/high-protein-noodles-ramen-5.jpg\" alt=\"nouilles hyperprot\u00e9in\u00e9es ramen\" width=\"750\" height=\"818\" srcset=\"https:\/\/sentaiyuanbio.com\/wp-content\/uploads\/2024\/09\/high-protein-noodles-ramen-5.jpg 750w, https:\/\/sentaiyuanbio.com\/wp-content\/uploads\/2024\/09\/high-protein-noodles-ramen-5-275x300.jpg 275w, https:\/\/sentaiyuanbio.com\/wp-content\/uploads\/2024\/09\/high-protein-noodles-ramen-5-550x600.jpg 550w, https:\/\/sentaiyuanbio.com\/wp-content\/uploads\/2024\/09\/high-protein-noodles-ramen-5-600x654.jpg 600w\" sizes=\"(max-width: 750px) 100vw, 750px\" \/> <img loading=\"lazy\" decoding=\"async\" class=\"alignnone wp-image-2798 size-full\" title=\"Ramen instantan\u00e9s hyperprot\u00e9in\u00e9s saveur b\u0153uf\" src=\"https:\/\/sentaiyuanbio.com\/wp-content\/uploads\/2024\/09\/high-protein-noodles-ramen-6.jpg\" alt=\"Ramen instantan\u00e9s hyperprot\u00e9in\u00e9s saveur b\u0153uf\" width=\"750\" height=\"531\" srcset=\"https:\/\/sentaiyuanbio.com\/wp-content\/uploads\/2024\/09\/high-protein-noodles-ramen-6.jpg 750w, https:\/\/sentaiyuanbio.com\/wp-content\/uploads\/2024\/09\/high-protein-noodles-ramen-6-300x212.jpg 300w, https:\/\/sentaiyuanbio.com\/wp-content\/uploads\/2024\/09\/high-protein-noodles-ramen-6-600x425.jpg 600w\" sizes=\"(max-width: 750px) 100vw, 750px\" \/><\/p>\n<h2>Mode de cuisson des nouilles hyperprot\u00e9in\u00e9es Ramen saveur b\u0153uf<\/h2>\n<ul>\n<li>Mettre les ramens aux prot\u00e9ines v\u00e9g\u00e9tales et les sachets d'assaisonnement dans un bol.<\/li>\n<li>Verser de l'eau bouillante sur les ramens jusqu'\u00e0 ce qu'ils atteignent une position mod\u00e9r\u00e9e.<\/li>\n<li>Attendez environ 5 minutes et d\u00e9gustez !<\/li>\n<\/ul>\n<p><a href=\"https:\/\/sentaiyuanbio.com\/wp-content\/uploads\/woocommerce_uploads\/2024\/09\/Instant-high-protein-ramen-spicy-beef-flavor-yytbao.pdf\" target=\"_blank\" rel=\"noopener\"><b>T\u00e9l\u00e9charger le rapport SGS sur les ramens instantan\u00e9s \u00e0 haute teneur en prot\u00e9ines (saveur de b\u0153uf \u00e9pic\u00e9)<\/b><\/a><\/p>","protected":false},"excerpt":{"rendered":"<p>Les nouilles ramen instantan\u00e9es Sentaiyuan \u00e0 haute teneur en prot\u00e9ines sont pauvres en mati\u00e8res grasses et riches en nutriments. Elles contiennent 30% de glucides en moins et 80% de prot\u00e9ines en plus par rapport aux autres nouilles. Avec un poids net de 2,19 onces (62 grammes) par portion, chaque portion de ramen contient 32 g de prot\u00e9ines.<\/p>","protected":false},"featured_media":5511,"template":"","meta":{"site-sidebar-layout":"default","site-content-layout":"","ast-site-content-layout":"default","site-content-style":"default","site-sidebar-style":"default","ast-global-header-display":"","ast-banner-title-visibility":"","ast-main-header-display":"","ast-hfb-above-header-display":"","ast-hfb-below-header-display":"","ast-hfb-mobile-header-display":"","site-post-title":"","ast-breadcrumbs-content":"","ast-featured-img":"","footer-sml-layout":"","ast-disable-related-posts":"","theme-transparent-header-meta":"default","adv-header-id-meta":"","stick-header-meta":"default","header-above-stick-meta":"","header-main-stick-meta":"","header-below-stick-meta":"","astra-migrate-meta-layouts":"set","ast-page-background-enabled":"default","ast-page-background-meta":{"desktop":{"background-color":"","background-image":"","background-repeat":"repeat","background-position":"center center","background-size":"auto","background-attachment":"scroll","background-type":"","background-media":"","overlay-type":"","overlay-color":"","overlay-opacity":"","overlay-gradient":""},"tablet":{"background-color":"","background-image":"","background-repeat":"repeat","background-position":"center center","background-size":"auto","background-attachment":"scroll","background-type":"","background-media":"","overlay-type":"","overlay-color":"","overlay-opacity":"","overlay-gradient":""},"mobile":{"background-color":"","background-image":"","background-repeat":"repeat","background-position":"center center","background-size":"auto","background-attachment":"scroll","background-type":"","background-media":"","overlay-type":"","overlay-color":"","overlay-opacity":"","overlay-gradient":""}},"ast-content-background-meta":{"desktop":{"background-color":"var(--ast-global-color-5)","background-image":"","background-repeat":"repeat","background-position":"center center","background-size":"auto","background-attachment":"scroll","background-type":"","background-media":"","overlay-type":"","overlay-color":"","overlay-opacity":"","overlay-gradient":""},"tablet":{"background-color":"var(--ast-global-color-5)","background-image":"","background-repeat":"repeat","background-position":"center center","background-size":"auto","background-attachment":"scroll","background-type":"","background-media":"","overlay-type":"","overlay-color":"","overlay-opacity":"","overlay-gradient":""},"mobile":{"background-color":"var(--ast-global-color-5)","background-image":"","background-repeat":"repeat","background-position":"center center","background-size":"auto","background-attachment":"scroll","background-type":"","background-media":"","overlay-type":"","overlay-color":"","overlay-opacity":"","overlay-gradient":""}}},"product_brand":[],"product_cat":[248],"product_tag":[],"class_list":{"0":"post-2786","1":"product","2":"type-product","3":"status-publish","4":"has-post-thumbnail","6":"product_cat-low-carb-high-protein-noodles","7":"desktop-align-left","8":"tablet-align-left","9":"mobile-align-left","10":"ast-product-gallery-layout-horizontal-slider","11":"ast-product-tabs-layout-horizontal","13":"first","14":"instock","15":"shipping-taxable","16":"product-type-simple"},"_links":{"self":[{"href":"https:\/\/sentaiyuanbio.com\/fr\/wp-json\/wp\/v2\/product\/2786","targetHints":{"allow":["GET"]}}],"collection":[{"href":"https:\/\/sentaiyuanbio.com\/fr\/wp-json\/wp\/v2\/product"}],"about":[{"href":"https:\/\/sentaiyuanbio.com\/fr\/wp-json\/wp\/v2\/types\/product"}],"version-history":[{"count":0,"href":"https:\/\/sentaiyuanbio.com\/fr\/wp-json\/wp\/v2\/product\/2786\/revisions"}],"wp:featuredmedia":[{"embeddable":true,"href":"https:\/\/sentaiyuanbio.com\/fr\/wp-json\/wp\/v2\/media\/5511"}],"wp:attachment":[{"href":"https:\/\/sentaiyuanbio.com\/fr\/wp-json\/wp\/v2\/media?parent=2786"}],"wp:term":[{"taxonomy":"product_brand","embeddable":true,"href":"https:\/\/sentaiyuanbio.com\/fr\/wp-json\/wp\/v2\/product_brand?post=2786"},{"taxonomy":"product_cat","embeddable":true,"href":"https:\/\/sentaiyuanbio.com\/fr\/wp-json\/wp\/v2\/product_cat?post=2786"},{"taxonomy":"product_tag","embeddable":true,"href":"https:\/\/sentaiyuanbio.com\/fr\/wp-json\/wp\/v2\/product_tag?post=2786"}],"curies":[{"name":"wp","href":"https:\/\/api.w.org\/{rel}","templated":true}]}}