{"id":2800,"date":"2024-09-25T06:46:45","date_gmt":"2024-09-25T06:46:45","guid":{"rendered":"https:\/\/sentaiyuanbio.com\/?post_type=product&#038;p=2800"},"modified":"2026-02-13T08:56:19","modified_gmt":"2026-02-13T08:56:19","slug":"ramen-instantanes-au-porc-tonkotsu","status":"publish","type":"product","link":"https:\/\/sentaiyuanbio.com\/fr\/produit\/ramen-instantanes-au-porc-tonkotsu\/","title":{"rendered":"Ramen saveur porc Tonkotsu, Ramen prot\u00e9ines v\u00e9g\u00e9tales"},"content":{"rendered":"<h2>Porc Tonkotsu Instant Ramen, Ingr\u00e9dients pour Ramen \u00e0 base de prot\u00e9ines v\u00e9g\u00e9tales<\/h2>\n<p><strong>Ramen Ingr\u00e9dients :<\/strong> Gluten de bl\u00e9 vital, prot\u00e9ines de pois, farine de bl\u00e9, farine de sarrasin, poudre de fibres de pois, farine de riz glutineux, <a href=\"https:\/\/sentaiyuanbio.com\/fr\/produit\/poudre-de-konjac\/\" target=\"_blank\" rel=\"noopener\">Poudre de konjac<\/a>, gomme xanthane, carbonate de sodium.<\/p>\n<p><strong>Assaisonnement pour porc Tonkotsu Ingr\u00e9dients :<\/strong> Sucre blanc cristallis\u00e9, sel, maltodextrine, oignon en poudre, essence comestible, <a href=\"https:\/\/www.atamanchemicals.com\/disodium-5--ribonucleotide_u26322\/\" target=\"_blank\" rel=\"noopener\">5'-ribonucl\u00e9otide disodique<\/a>, prot\u00e9ines v\u00e9g\u00e9tales hydrolys\u00e9es, poudre d'ail, poudre de gingembre, extrait de levure, poivre moulu, dioxyde de silicium.<\/p>\n<p><strong>L\u00e9gumes<\/strong>: Oignon vert, Carotte<\/p>\n<p><strong>Contient<\/strong>: F\u00e8ves de soja et produits \u00e0 base de soja.<\/p>\n<h2>Nouilles instantan\u00e9es \u00e0 l'os de porc Valeur nutritive<\/h2>\n<p>&nbsp;<\/p>\n<table border=\"1\" cellspacing=\"1\">\n<tbody>\n<tr>\n<td colspan=\"2\" align=\"center\">Donn\u00e9es nutritionnelles (62g)<\/td>\n<\/tr>\n<tr>\n<td align=\"center\" width=\"284\"><b>L'\u00e9nergie<\/b><\/td>\n<td align=\"center\" width=\"284\">220kcal<\/td>\n<\/tr>\n<tr>\n<td align=\"center\" width=\"284\"><b>Prot\u00e9ines<\/b><\/td>\n<td align=\"center\" width=\"284\">31g<\/td>\n<\/tr>\n<tr>\n<td align=\"center\" width=\"284\"><b>Graisses totales<\/b><\/td>\n<td align=\"center\" width=\"284\">2.5g<\/td>\n<\/tr>\n<tr>\n<td align=\"center\" width=\"284\"><b>Glucides totaux<\/b><\/td>\n<td align=\"center\" width=\"284\">21g<\/td>\n<\/tr>\n<tr>\n<td align=\"center\" width=\"284\"><b>Fibres alimentaires<\/b><\/td>\n<td align=\"center\" width=\"284\">5g<\/td>\n<\/tr>\n<tr>\n<td align=\"center\" width=\"284\"><strong>Calcium<\/strong><\/td>\n<td align=\"center\" width=\"284\">50,3 mg<\/td>\n<\/tr>\n<tr>\n<td align=\"center\" width=\"284\"><b>Le fer<\/b><\/td>\n<td align=\"center\" width=\"284\">5,1 mg<\/td>\n<\/tr>\n<tr>\n<td align=\"center\" width=\"284\"><b>Potassium <\/b><\/td>\n<td align=\"center\" width=\"284\">172 mg<\/td>\n<\/tr>\n<tr>\n<td align=\"center\" width=\"284\"><b>Sodium<\/b><\/td>\n<td align=\"center\" width=\"284\">620 mg<\/td>\n<\/tr>\n<\/tbody>\n<\/table>\n<p><img fetchpriority=\"high\" decoding=\"async\" class=\"alignnone wp-image-2809 size-full\" src=\"https:\/\/sentaiyuanbio.com\/wp-content\/uploads\/2024\/09\/Pork-Bone-Instant-Noodle-1.jpg\" alt=\"Nouilles instantan\u00e9es \u00e0 l&#039;os de porc (1)\" width=\"750\" height=\"600\" srcset=\"https:\/\/sentaiyuanbio.com\/wp-content\/uploads\/2024\/09\/Pork-Bone-Instant-Noodle-1.jpg 750w, https:\/\/sentaiyuanbio.com\/wp-content\/uploads\/2024\/09\/Pork-Bone-Instant-Noodle-1-300x240.jpg 300w, https:\/\/sentaiyuanbio.com\/wp-content\/uploads\/2024\/09\/Pork-Bone-Instant-Noodle-1-600x480.jpg 600w\" sizes=\"(max-width: 750px) 100vw, 750px\" \/><img decoding=\"async\" class=\"alignnone wp-image-2805 size-full\" src=\"https:\/\/sentaiyuanbio.com\/wp-content\/uploads\/2024\/09\/Pork-Bone-Instant-Noodle-2.jpg\" alt=\"Nouilles instantan\u00e9es \u00e0 l&#039;os de porc 6\" width=\"750\" height=\"413\" srcset=\"https:\/\/sentaiyuanbio.com\/wp-content\/uploads\/2024\/09\/Pork-Bone-Instant-Noodle-2.jpg 750w, https:\/\/sentaiyuanbio.com\/wp-content\/uploads\/2024\/09\/Pork-Bone-Instant-Noodle-2-300x165.jpg 300w, https:\/\/sentaiyuanbio.com\/wp-content\/uploads\/2024\/09\/Pork-Bone-Instant-Noodle-2-600x330.jpg 600w\" sizes=\"(max-width: 750px) 100vw, 750px\" \/><img decoding=\"async\" class=\"alignnone wp-image-2806 size-full\" src=\"https:\/\/sentaiyuanbio.com\/wp-content\/uploads\/2024\/09\/Pork-Bone-Instant-Noodle-3.jpg\" alt=\"Nouilles instantan\u00e9es \u00e0 l&#039;os de porc 6\" width=\"750\" height=\"630\" srcset=\"https:\/\/sentaiyuanbio.com\/wp-content\/uploads\/2024\/09\/Pork-Bone-Instant-Noodle-3.jpg 750w, https:\/\/sentaiyuanbio.com\/wp-content\/uploads\/2024\/09\/Pork-Bone-Instant-Noodle-3-300x252.jpg 300w, https:\/\/sentaiyuanbio.com\/wp-content\/uploads\/2024\/09\/Pork-Bone-Instant-Noodle-3-600x504.jpg 600w\" sizes=\"(max-width: 750px) 100vw, 750px\" \/><img loading=\"lazy\" decoding=\"async\" class=\"alignnone wp-image-2807 size-full\" src=\"https:\/\/sentaiyuanbio.com\/wp-content\/uploads\/2024\/09\/Pork-Bone-Instant-Noodle-4.jpg\" alt=\"Nouilles instantan\u00e9es \u00e0 l&#039;os de porc 6\" width=\"750\" height=\"450\" srcset=\"https:\/\/sentaiyuanbio.com\/wp-content\/uploads\/2024\/09\/Pork-Bone-Instant-Noodle-4.jpg 750w, https:\/\/sentaiyuanbio.com\/wp-content\/uploads\/2024\/09\/Pork-Bone-Instant-Noodle-4-300x180.jpg 300w, https:\/\/sentaiyuanbio.com\/wp-content\/uploads\/2024\/09\/Pork-Bone-Instant-Noodle-4-600x360.jpg 600w\" sizes=\"(max-width: 750px) 100vw, 750px\" \/><img loading=\"lazy\" decoding=\"async\" class=\"alignnone wp-image-2801 size-full\" src=\"https:\/\/sentaiyuanbio.com\/wp-content\/uploads\/2024\/09\/Pork-Bone-Instant-Noodle-6.jpg\" alt=\"Nouilles instantan\u00e9es \u00e0 l&#039;os de porc (6)\" width=\"750\" height=\"525\" srcset=\"https:\/\/sentaiyuanbio.com\/wp-content\/uploads\/2024\/09\/Pork-Bone-Instant-Noodle-6.jpg 750w, https:\/\/sentaiyuanbio.com\/wp-content\/uploads\/2024\/09\/Pork-Bone-Instant-Noodle-6-300x210.jpg 300w, https:\/\/sentaiyuanbio.com\/wp-content\/uploads\/2024\/09\/Pork-Bone-Instant-Noodle-6-600x420.jpg 600w\" sizes=\"(max-width: 750px) 100vw, 750px\" \/><img loading=\"lazy\" decoding=\"async\" class=\"alignnone wp-image-2808 size-full\" src=\"https:\/\/sentaiyuanbio.com\/wp-content\/uploads\/2024\/09\/Pork-Bone-Instant-Noodle-5.jpg\" alt=\"Nouilles instantan\u00e9es \u00e0 l&#039;os de porc 6\" width=\"750\" height=\"528\" srcset=\"https:\/\/sentaiyuanbio.com\/wp-content\/uploads\/2024\/09\/Pork-Bone-Instant-Noodle-5.jpg 750w, https:\/\/sentaiyuanbio.com\/wp-content\/uploads\/2024\/09\/Pork-Bone-Instant-Noodle-5-300x211.jpg 300w, https:\/\/sentaiyuanbio.com\/wp-content\/uploads\/2024\/09\/Pork-Bone-Instant-Noodle-5-600x422.jpg 600w\" sizes=\"(max-width: 750px) 100vw, 750px\" \/><img loading=\"lazy\" decoding=\"async\" class=\"wp-image-2804 size-full\" style=\"font-style: inherit; font-weight: 600;\" src=\"https:\/\/sentaiyuanbio.com\/wp-content\/uploads\/2024\/09\/Pork-Bone-Instant-Noodle-6-1.jpg\" alt=\"Nouilles instantan\u00e9es \u00e0 l&#039;os de porc 6\" width=\"750\" height=\"440\" srcset=\"https:\/\/sentaiyuanbio.com\/wp-content\/uploads\/2024\/09\/Pork-Bone-Instant-Noodle-6-1.jpg 750w, https:\/\/sentaiyuanbio.com\/wp-content\/uploads\/2024\/09\/Pork-Bone-Instant-Noodle-6-1-300x176.jpg 300w, https:\/\/sentaiyuanbio.com\/wp-content\/uploads\/2024\/09\/Pork-Bone-Instant-Noodle-6-1-600x352.jpg 600w\" sizes=\"(max-width: 750px) 100vw, 750px\" \/><\/p>\n<h2>Mode de cuisson des nouilles instantan\u00e9es \u00e0 base d'os de porc riches en prot\u00e9ines<\/h2>\n<ul>\n<li>Mettre les ramens aux prot\u00e9ines v\u00e9g\u00e9tales et les sachets d'assaisonnement dans un bol.<\/li>\n<li>Verser de l'eau bouillante sur les ramens jusqu'\u00e0 ce qu'ils atteignent une position mod\u00e9r\u00e9e.<\/li>\n<li>Attendez environ 5 minutes et d\u00e9gustez !<\/li>\n<\/ul>\n<p><a href=\"https:\/\/sentaiyuanbio.com\/wp-content\/uploads\/woocommerce_uploads\/2024\/09\/Instant-high-protein-ramen-Roasted-Pork-Tonkotsu-flavor-vjumjw.pdf\" target=\"_blank\" rel=\"noopener\"><b>T\u00e9l\u00e9charger le rapport SGS sur les ramens instantan\u00e9s \u00e0 haute teneur en prot\u00e9ines (saveur tonkatsu de porc r\u00f4ti)<\/b><\/a><\/p>","protected":false},"excerpt":{"rendered":"<p>Les nouilles instantan\u00e9es \u00e0 l'os de porc contiennent les prot\u00e9ines de 5 \u0153ufs dans une seule de nos nouilles instantan\u00e9es \u00e0 haute teneur en prot\u00e9ines. 55g de ramen + 5g d'assaisonnement + 2g de l\u00e9gumes, 31g de prot\u00e9ines pour un poids de 62 grammes. Caract\u00e9ristiques : S\u00c9CH\u00c9 \u00c0 L'AIR, FAIBLE TENEUR EN MATI\u00c8RES GRASSES, NON FRIT, NON OGM, FAIBLE TENEUR EN GLUCIDES.<\/p>","protected":false},"featured_media":5512,"template":"","meta":{"site-sidebar-layout":"default","site-content-layout":"","ast-site-content-layout":"default","site-content-style":"default","site-sidebar-style":"default","ast-global-header-display":"","ast-banner-title-visibility":"","ast-main-header-display":"","ast-hfb-above-header-display":"","ast-hfb-below-header-display":"","ast-hfb-mobile-header-display":"","site-post-title":"","ast-breadcrumbs-content":"","ast-featured-img":"","footer-sml-layout":"","ast-disable-related-posts":"","theme-transparent-header-meta":"default","adv-header-id-meta":"","stick-header-meta":"default","header-above-stick-meta":"","header-main-stick-meta":"","header-below-stick-meta":"","astra-migrate-meta-layouts":"set","ast-page-background-enabled":"default","ast-page-background-meta":{"desktop":{"background-color":"","background-image":"","background-repeat":"repeat","background-position":"center center","background-size":"auto","background-attachment":"scroll","background-type":"","background-media":"","overlay-type":"","overlay-color":"","overlay-opacity":"","overlay-gradient":""},"tablet":{"background-color":"","background-image":"","background-repeat":"repeat","background-position":"center center","background-size":"auto","background-attachment":"scroll","background-type":"","background-media":"","overlay-type":"","overlay-color":"","overlay-opacity":"","overlay-gradient":""},"mobile":{"background-color":"","background-image":"","background-repeat":"repeat","background-position":"center center","background-size":"auto","background-attachment":"scroll","background-type":"","background-media":"","overlay-type":"","overlay-color":"","overlay-opacity":"","overlay-gradient":""}},"ast-content-background-meta":{"desktop":{"background-color":"var(--ast-global-color-5)","background-image":"","background-repeat":"repeat","background-position":"center center","background-size":"auto","background-attachment":"scroll","background-type":"","background-media":"","overlay-type":"","overlay-color":"","overlay-opacity":"","overlay-gradient":""},"tablet":{"background-color":"var(--ast-global-color-5)","background-image":"","background-repeat":"repeat","background-position":"center center","background-size":"auto","background-attachment":"scroll","background-type":"","background-media":"","overlay-type":"","overlay-color":"","overlay-opacity":"","overlay-gradient":""},"mobile":{"background-color":"var(--ast-global-color-5)","background-image":"","background-repeat":"repeat","background-position":"center center","background-size":"auto","background-attachment":"scroll","background-type":"","background-media":"","overlay-type":"","overlay-color":"","overlay-opacity":"","overlay-gradient":""}}},"product_brand":[],"product_cat":[248],"product_tag":[],"class_list":{"0":"post-2800","1":"product","2":"type-product","3":"status-publish","4":"has-post-thumbnail","6":"product_cat-low-carb-high-protein-noodles","7":"desktop-align-left","8":"tablet-align-left","9":"mobile-align-left","10":"ast-product-gallery-layout-horizontal-slider","11":"ast-product-tabs-layout-horizontal","13":"first","14":"instock","15":"shipping-taxable","16":"product-type-simple"},"_links":{"self":[{"href":"https:\/\/sentaiyuanbio.com\/fr\/wp-json\/wp\/v2\/product\/2800","targetHints":{"allow":["GET"]}}],"collection":[{"href":"https:\/\/sentaiyuanbio.com\/fr\/wp-json\/wp\/v2\/product"}],"about":[{"href":"https:\/\/sentaiyuanbio.com\/fr\/wp-json\/wp\/v2\/types\/product"}],"version-history":[{"count":0,"href":"https:\/\/sentaiyuanbio.com\/fr\/wp-json\/wp\/v2\/product\/2800\/revisions"}],"wp:featuredmedia":[{"embeddable":true,"href":"https:\/\/sentaiyuanbio.com\/fr\/wp-json\/wp\/v2\/media\/5512"}],"wp:attachment":[{"href":"https:\/\/sentaiyuanbio.com\/fr\/wp-json\/wp\/v2\/media?parent=2800"}],"wp:term":[{"taxonomy":"product_brand","embeddable":true,"href":"https:\/\/sentaiyuanbio.com\/fr\/wp-json\/wp\/v2\/product_brand?post=2800"},{"taxonomy":"product_cat","embeddable":true,"href":"https:\/\/sentaiyuanbio.com\/fr\/wp-json\/wp\/v2\/product_cat?post=2800"},{"taxonomy":"product_tag","embeddable":true,"href":"https:\/\/sentaiyuanbio.com\/fr\/wp-json\/wp\/v2\/product_tag?post=2800"}],"curies":[{"name":"wp","href":"https:\/\/api.w.org\/{rel}","templated":true}]}}