{"id":2821,"date":"2024-09-26T06:30:43","date_gmt":"2024-09-26T06:30:43","guid":{"rendered":"https:\/\/sentaiyuanbio.com\/?post_type=product&#038;p=2821"},"modified":"2026-02-13T08:55:59","modified_gmt":"2026-02-13T08:55:59","slug":"paquet-de-nouilles-ramen-au-poulet","status":"publish","type":"product","link":"https:\/\/sentaiyuanbio.com\/fr\/produit\/paquet-de-nouilles-ramen-au-poulet\/","title":{"rendered":"Ramen saveur poulet, nouilles instantan\u00e9es prot\u00e9in\u00e9es"},"content":{"rendered":"<h2>Paquet de nouilles Ramen au poulet, nouilles instantan\u00e9es prot\u00e9in\u00e9es Ingr\u00e9dients<\/h2>\n<p><strong>Ingr\u00e9dients du ramen<\/strong>: Gluten de bl\u00e9 vital, prot\u00e9ines de pois, farine de bl\u00e9, farine de sarrasin, poudre de fibres de pois, farine de riz glutineux, <a href=\"https:\/\/sentaiyuanbio.com\/fr\/produit\/poudre-de-konjac\/\" target=\"_blank\" rel=\"noopener\">Poudre de konjac<\/a>, gomme xanthane, carbonate de sodium.<\/p>\n<p><strong>Ingr\u00e9dients de l'assaisonnement pour poulet<\/strong>: Maltodextrine, sucre blanc cristallis\u00e9, sel, essence comestible, 5'-ribonucl\u00e9otide disodique, poudre d'ail, poudre d'oignon, poudre de gingembre, prot\u00e9ines v\u00e9g\u00e9tales hydrolys\u00e9es, <a href=\"https:\/\/biospringer.com\/en\/yeast-extract\/\" target=\"_blank\" rel=\"noopener\">Extrait de levure<\/a>, Condiment (poivre blanc, poudre de piment, poudre de curry, poudre de curcuma), dioxyde de silicium.<\/p>\n<p><strong>L\u00e9gumes<\/strong>: Oignon vert, Carotte.<\/p>\n<p><strong>Contient<\/strong>: Produits \u00e0 base de soja.<\/p>\n<h2>Paquet de nouilles Ramen au poulet Valeur nutritive<\/h2>\n<table border=\"1\" cellspacing=\"1\">\n<tbody>\n<tr>\n<td colspan=\"2\" align=\"center\"><strong>Valeur nutritive (62g)<\/strong><\/td>\n<\/tr>\n<tr>\n<td align=\"center\" width=\"284\"><b>L'\u00e9nergie<\/b><\/td>\n<td align=\"center\" width=\"284\">220kcal<\/td>\n<\/tr>\n<tr>\n<td align=\"center\" width=\"284\"><b>Prot\u00e9ines<\/b><\/td>\n<td align=\"center\" width=\"284\">32g<\/td>\n<\/tr>\n<tr>\n<td align=\"center\" width=\"284\"><b>Graisses totales<\/b><\/td>\n<td align=\"center\" width=\"284\">2.5g<\/td>\n<\/tr>\n<tr>\n<td align=\"center\" width=\"284\"><b>Glucides totaux<\/b><\/td>\n<td align=\"center\" width=\"284\">21g<\/td>\n<\/tr>\n<tr>\n<td align=\"center\" width=\"284\"><b>Fibres alimentaires<\/b><\/td>\n<td align=\"center\" width=\"284\">5g<\/td>\n<\/tr>\n<tr>\n<td align=\"center\" width=\"284\"><strong>Calcium<\/strong><\/td>\n<td align=\"center\" width=\"284\">47,8 mg<\/td>\n<\/tr>\n<tr>\n<td align=\"center\" width=\"284\"><b>Le fer<\/b><\/td>\n<td align=\"center\" width=\"284\">4,9 mg<\/td>\n<\/tr>\n<tr>\n<td align=\"center\" width=\"284\"><b>Potassium<\/b><\/td>\n<td align=\"center\" width=\"284\">164 mg<\/td>\n<\/tr>\n<tr>\n<td align=\"center\" width=\"284\"><b>Sodium<\/b><\/td>\n<td align=\"center\" width=\"284\">700 mg<\/td>\n<\/tr>\n<\/tbody>\n<\/table>\n<p><img fetchpriority=\"high\" decoding=\"async\" class=\"alignnone wp-image-5072 size-full\" title=\"Nouilles instantan\u00e9es saveur poulet\" src=\"https:\/\/sentaiyuanbio.com\/wp-content\/uploads\/2024\/09\/Instant-noodles-chicken-flavor_1.webp\" alt=\"Nouilles instantan\u00e9es saveur poulet\" width=\"750\" height=\"577\" srcset=\"https:\/\/sentaiyuanbio.com\/wp-content\/uploads\/2024\/09\/Instant-noodles-chicken-flavor_1.webp 750w, https:\/\/sentaiyuanbio.com\/wp-content\/uploads\/2024\/09\/Instant-noodles-chicken-flavor_1-300x231.webp 300w, https:\/\/sentaiyuanbio.com\/wp-content\/uploads\/2024\/09\/Instant-noodles-chicken-flavor_1-600x462.webp 600w\" sizes=\"(max-width: 750px) 100vw, 750px\" \/> <img decoding=\"async\" class=\"alignnone wp-image-5073 size-full\" title=\"Nouilles instantan\u00e9es saveur poulet\" src=\"https:\/\/sentaiyuanbio.com\/wp-content\/uploads\/2024\/09\/Instant-noodles-chicken-flavor_2.webp\" alt=\"Nouilles instantan\u00e9es saveur poulet\" width=\"750\" height=\"476\" srcset=\"https:\/\/sentaiyuanbio.com\/wp-content\/uploads\/2024\/09\/Instant-noodles-chicken-flavor_2.webp 750w, https:\/\/sentaiyuanbio.com\/wp-content\/uploads\/2024\/09\/Instant-noodles-chicken-flavor_2-300x190.webp 300w, https:\/\/sentaiyuanbio.com\/wp-content\/uploads\/2024\/09\/Instant-noodles-chicken-flavor_2-600x381.webp 600w\" sizes=\"(max-width: 750px) 100vw, 750px\" \/> <img decoding=\"async\" class=\"alignnone wp-image-5074 size-full\" title=\"Nouilles instantan\u00e9es saveur poulet\" src=\"https:\/\/sentaiyuanbio.com\/wp-content\/uploads\/2024\/09\/Instant-noodles-chicken-flavor_3.webp\" alt=\"Nouilles instantan\u00e9es saveur poulet\" width=\"750\" height=\"575\" srcset=\"https:\/\/sentaiyuanbio.com\/wp-content\/uploads\/2024\/09\/Instant-noodles-chicken-flavor_3.webp 750w, https:\/\/sentaiyuanbio.com\/wp-content\/uploads\/2024\/09\/Instant-noodles-chicken-flavor_3-300x230.webp 300w, https:\/\/sentaiyuanbio.com\/wp-content\/uploads\/2024\/09\/Instant-noodles-chicken-flavor_3-600x460.webp 600w\" sizes=\"(max-width: 750px) 100vw, 750px\" \/> <img loading=\"lazy\" decoding=\"async\" class=\"alignnone wp-image-5075 size-full\" title=\"Nouilles instantan\u00e9es saveur poulet\" src=\"https:\/\/sentaiyuanbio.com\/wp-content\/uploads\/2024\/09\/Instant-noodles-chicken-flavor_4.webp\" alt=\"Nouilles instantan\u00e9es saveur poulet\" width=\"750\" height=\"597\" srcset=\"https:\/\/sentaiyuanbio.com\/wp-content\/uploads\/2024\/09\/Instant-noodles-chicken-flavor_4.webp 750w, https:\/\/sentaiyuanbio.com\/wp-content\/uploads\/2024\/09\/Instant-noodles-chicken-flavor_4-300x239.webp 300w, https:\/\/sentaiyuanbio.com\/wp-content\/uploads\/2024\/09\/Instant-noodles-chicken-flavor_4-600x478.webp 600w\" sizes=\"(max-width: 750px) 100vw, 750px\" \/> <img loading=\"lazy\" decoding=\"async\" class=\"alignnone wp-image-5076 size-full\" title=\"Nouilles instantan\u00e9es saveur poulet\" src=\"https:\/\/sentaiyuanbio.com\/wp-content\/uploads\/2024\/09\/Instant-noodles-chicken-flavor_5.webp\" alt=\"Nouilles instantan\u00e9es saveur poulet\" width=\"750\" height=\"600\" srcset=\"https:\/\/sentaiyuanbio.com\/wp-content\/uploads\/2024\/09\/Instant-noodles-chicken-flavor_5.webp 750w, https:\/\/sentaiyuanbio.com\/wp-content\/uploads\/2024\/09\/Instant-noodles-chicken-flavor_5-300x240.webp 300w, https:\/\/sentaiyuanbio.com\/wp-content\/uploads\/2024\/09\/Instant-noodles-chicken-flavor_5-600x480.webp 600w\" sizes=\"(max-width: 750px) 100vw, 750px\" \/> <img loading=\"lazy\" decoding=\"async\" class=\"alignnone wp-image-5077 size-full\" title=\"Nouilles instantan\u00e9es saveur poulet\" src=\"https:\/\/sentaiyuanbio.com\/wp-content\/uploads\/2024\/09\/Instant-noodles-chicken-flavor_6.webp\" alt=\"Nouilles instantan\u00e9es saveur poulet\" width=\"750\" height=\"601\" srcset=\"https:\/\/sentaiyuanbio.com\/wp-content\/uploads\/2024\/09\/Instant-noodles-chicken-flavor_6.webp 750w, https:\/\/sentaiyuanbio.com\/wp-content\/uploads\/2024\/09\/Instant-noodles-chicken-flavor_6-300x240.webp 300w, https:\/\/sentaiyuanbio.com\/wp-content\/uploads\/2024\/09\/Instant-noodles-chicken-flavor_6-600x481.webp 600w\" sizes=\"(max-width: 750px) 100vw, 750px\" \/> <img loading=\"lazy\" decoding=\"async\" class=\"alignnone wp-image-5078 size-full\" title=\"Nouilles instantan\u00e9es saveur poulet\" src=\"https:\/\/sentaiyuanbio.com\/wp-content\/uploads\/2024\/09\/Instant-noodles-chicken-flavor_7.webp\" alt=\"Nouilles instantan\u00e9es saveur poulet\" width=\"750\" height=\"479\" srcset=\"https:\/\/sentaiyuanbio.com\/wp-content\/uploads\/2024\/09\/Instant-noodles-chicken-flavor_7.webp 750w, https:\/\/sentaiyuanbio.com\/wp-content\/uploads\/2024\/09\/Instant-noodles-chicken-flavor_7-300x192.webp 300w, https:\/\/sentaiyuanbio.com\/wp-content\/uploads\/2024\/09\/Instant-noodles-chicken-flavor_7-600x383.webp 600w\" sizes=\"(max-width: 750px) 100vw, 750px\" \/><\/p>\n<h2><a href=\"https:\/\/sentaiyuanbio.com\/wp-content\/uploads\/woocommerce_uploads\/2024\/09\/Instant-high-protein-ramen-chicken-flavor-restsg.pdf\" target=\"_blank\" rel=\"noopener\">Paquets d'ar\u00f4mes de poulet Ramen \u00e0 haute teneur en prot\u00e9ines Rapport SGS<\/a><\/h2>\n<h3>\u00c9chantillon de nouilles Ramen au poulet en sachet Test(s) chimique(s) :<\/h3>\n<table border=\"1\" cellspacing=\"1\">\n<tbody>\n<tr>\n<td width=\"284\"><b>Test ltem(s)<\/b><\/td>\n<td width=\"284\">Unit\u00e9(s)<\/td>\n<td width=\"284\">M\u00e9thode(s) d'essai<\/td>\n<td width=\"284\">R\u00e9sultat(s) du test<br \/>\n2<\/td>\n<td width=\"284\">LOQ<\/td>\n<\/tr>\n<tr>\n<td width=\"284\"><b>Graisses totales<\/b><\/td>\n<td width=\"284\">g\/62 g<\/td>\n<td width=\"284\">AOAC 996.06<\/td>\n<td width=\"284\">2.59<\/td>\n<td width=\"284\">0.01<\/td>\n<\/tr>\n<tr>\n<td width=\"284\"><b>Graisses satur\u00e9es<\/b><\/td>\n<td width=\"284\">g\/62 g<\/td>\n<td width=\"284\">AOAC 996.06<\/td>\n<td width=\"284\">0.626<\/td>\n<td width=\"284\">0.01<\/td>\n<\/tr>\n<tr>\n<td width=\"284\"><b>Graisses trans<\/b><\/td>\n<td width=\"284\">g\/62 g<\/td>\n<td width=\"284\">AOAC 996.06<\/td>\n<td width=\"284\">0.00775<\/td>\n<td width=\"284\">0.01<\/td>\n<\/tr>\n<tr>\n<td width=\"284\"><b>Cholest\u00e9rol<\/b><\/td>\n<td width=\"284\">mg\/62 g<\/td>\n<td width=\"284\">AOAC 994.10<\/td>\n<td width=\"284\">ND<\/td>\n<td width=\"284\">1<\/td>\n<\/tr>\n<tr>\n<td width=\"284\"><b>Fibres alimentaires<\/b><\/td>\n<td width=\"284\">g\/62 g<\/td>\n<td width=\"284\">AOAC 991.43<\/td>\n<td width=\"284\">5.02<\/td>\n<td width=\"284\">-<\/td>\n<\/tr>\n<tr>\n<td width=\"284\"><b>lron(Fe)<\/b><\/td>\n<td width=\"284\">mg\/62 g<\/td>\n<td width=\"284\">AOAC 984.27<\/td>\n<td width=\"284\">ND<\/td>\n<td width=\"284\">0.10<\/td>\n<\/tr>\n<tr>\n<td width=\"284\"><b>*Potassium(K)<\/b><\/td>\n<td width=\"284\">mg\/62 g<\/td>\n<td width=\"284\">AOAC 984.27<\/td>\n<td width=\"284\">163.6<\/td>\n<td width=\"284\">0.10<\/td>\n<\/tr>\n<tr>\n<td width=\"284\"><b>*Calcium (Ca)<\/b><\/td>\n<td width=\"284\">mg\/62 g<\/td>\n<td width=\"284\">AOAC 984.27<\/td>\n<td width=\"284\">47.8<\/td>\n<td width=\"284\">0.10<\/td>\n<\/tr>\n<tr>\n<td width=\"284\"><b>*Sodium (Na)<\/b><\/td>\n<td width=\"284\">mg\/62 g<\/td>\n<td width=\"284\">AOAC 984.27<\/td>\n<td width=\"284\">698.6<\/td>\n<td width=\"284\">0.10<\/td>\n<\/tr>\n<tr>\n<td width=\"284\"><b>*Prot\u00e9ines<\/b><\/td>\n<td width=\"284\">g\/62g<\/td>\n<td width=\"284\">AOAC 979.09<\/td>\n<td width=\"284\">31.8<\/td>\n<td width=\"284\">-<\/td>\n<\/tr>\n<tr>\n<td width=\"284\"><b>Fructose<\/b><\/td>\n<td width=\"284\">g\/62 g<\/td>\n<td width=\"284\">AOAC 982.14:1983<\/td>\n<td width=\"284\">ND<\/td>\n<td width=\"284\">0.4<\/td>\n<\/tr>\n<tr>\n<td width=\"284\"><b>Glucose<\/b><\/td>\n<td width=\"284\">g\/62g<\/td>\n<td width=\"284\">AOAC 982.14:1983<\/td>\n<td width=\"284\">1.3<\/td>\n<td width=\"284\">0.4<\/td>\n<\/tr>\n<tr>\n<td width=\"284\"><b>Saccharose<\/b><\/td>\n<td width=\"284\">g\/62 g<\/td>\n<td width=\"284\">AOAC 982.14:1983<\/td>\n<td width=\"284\">1.4<\/td>\n<td width=\"284\">0.4<\/td>\n<\/tr>\n<tr>\n<td width=\"284\"><b>Maltose<\/b><\/td>\n<td width=\"284\">g\/62 g<\/td>\n<td width=\"284\">AOAC 982.14:1983<\/td>\n<td width=\"284\">0.3<\/td>\n<td width=\"284\">0.4<\/td>\n<\/tr>\n<tr>\n<td width=\"284\"><b>Lactose<\/b><\/td>\n<td width=\"284\">g\/62 g<\/td>\n<td width=\"284\">AOAC 982.14:1983<\/td>\n<td width=\"284\">ND<\/td>\n<td width=\"284\">0.4<\/td>\n<\/tr>\n<tr>\n<td width=\"284\"><b>Total (Fructose+ Glucose+ Saccharose+ Altose+ Lactose)<\/b><\/td>\n<td width=\"284\">g\/62 g<\/td>\n<td width=\"284\">AOAC 982.14:1983<\/td>\n<td width=\"284\">3.0<\/td>\n<td width=\"284\">-<\/td>\n<\/tr>\n<tr>\n<td width=\"284\"><b>*Ash<\/b><\/td>\n<td width=\"284\">g\/62 g<\/td>\n<td width=\"284\">AOAC 930.05<\/td>\n<td width=\"284\">3.8<\/td>\n<td width=\"284\">-<\/td>\n<\/tr>\n<\/tbody>\n<\/table>\n<p>Remarque :<br \/>\n1.ND = Non d\u00e9tect\u00e9<br \/>\n2.LOQ = Limite de Quantification<br \/>\n3.# Les \u00e9l\u00e9ments de test n'ont pas \u00e9t\u00e9 inclus dans le programme d'accr\u00e9ditation de la CNAS pour notre laboratoire.<br \/>\n4. Le facteur de conversion de l'azote en prot\u00e9ines est de 6,25.<\/p>","protected":false},"excerpt":{"rendered":"<p>Paquet de nouilles ramen au poulet, nouilles instantan\u00e9es prot\u00e9in\u00e9es, 32 g de prot\u00e9ines par portion de 62 g, mode de vie sain, 30 % de glucides en moins, 80% de prot\u00e9ines en plus. Ramen prot\u00e9in\u00e9s \u00e0 base de plantes, riches en prot\u00e9ines, s\u00e9ch\u00e9s \u00e0 l'air, faibles en mati\u00e8res grasses, non frits, NON-OGM, faibles en glucides.<\/p>","protected":false},"featured_media":5115,"template":"","meta":{"site-sidebar-layout":"default","site-content-layout":"","ast-site-content-layout":"default","site-content-style":"default","site-sidebar-style":"default","ast-global-header-display":"","ast-banner-title-visibility":"","ast-main-header-display":"","ast-hfb-above-header-display":"","ast-hfb-below-header-display":"","ast-hfb-mobile-header-display":"","site-post-title":"","ast-breadcrumbs-content":"","ast-featured-img":"","footer-sml-layout":"","ast-disable-related-posts":"","theme-transparent-header-meta":"default","adv-header-id-meta":"","stick-header-meta":"default","header-above-stick-meta":"","header-main-stick-meta":"","header-below-stick-meta":"","astra-migrate-meta-layouts":"set","ast-page-background-enabled":"default","ast-page-background-meta":{"desktop":{"background-color":"","background-image":"","background-repeat":"repeat","background-position":"center center","background-size":"auto","background-attachment":"scroll","background-type":"","background-media":"","overlay-type":"","overlay-color":"","overlay-opacity":"","overlay-gradient":""},"tablet":{"background-color":"","background-image":"","background-repeat":"repeat","background-position":"center center","background-size":"auto","background-attachment":"scroll","background-type":"","background-media":"","overlay-type":"","overlay-color":"","overlay-opacity":"","overlay-gradient":""},"mobile":{"background-color":"","background-image":"","background-repeat":"repeat","background-position":"center center","background-size":"auto","background-attachment":"scroll","background-type":"","background-media":"","overlay-type":"","overlay-color":"","overlay-opacity":"","overlay-gradient":""}},"ast-content-background-meta":{"desktop":{"background-color":"var(--ast-global-color-5)","background-image":"","background-repeat":"repeat","background-position":"center center","background-size":"auto","background-attachment":"scroll","background-type":"","background-media":"","overlay-type":"","overlay-color":"","overlay-opacity":"","overlay-gradient":""},"tablet":{"background-color":"var(--ast-global-color-5)","background-image":"","background-repeat":"repeat","background-position":"center center","background-size":"auto","background-attachment":"scroll","background-type":"","background-media":"","overlay-type":"","overlay-color":"","overlay-opacity":"","overlay-gradient":""},"mobile":{"background-color":"var(--ast-global-color-5)","background-image":"","background-repeat":"repeat","background-position":"center center","background-size":"auto","background-attachment":"scroll","background-type":"","background-media":"","overlay-type":"","overlay-color":"","overlay-opacity":"","overlay-gradient":""}}},"product_brand":[],"product_cat":[248],"product_tag":[],"class_list":{"0":"post-2821","1":"product","2":"type-product","3":"status-publish","4":"has-post-thumbnail","6":"product_cat-low-carb-high-protein-noodles","7":"desktop-align-left","8":"tablet-align-left","9":"mobile-align-left","10":"ast-product-gallery-layout-horizontal-slider","11":"ast-product-tabs-layout-horizontal","13":"first","14":"instock","15":"shipping-taxable","16":"product-type-simple"},"_links":{"self":[{"href":"https:\/\/sentaiyuanbio.com\/fr\/wp-json\/wp\/v2\/product\/2821","targetHints":{"allow":["GET"]}}],"collection":[{"href":"https:\/\/sentaiyuanbio.com\/fr\/wp-json\/wp\/v2\/product"}],"about":[{"href":"https:\/\/sentaiyuanbio.com\/fr\/wp-json\/wp\/v2\/types\/product"}],"version-history":[{"count":0,"href":"https:\/\/sentaiyuanbio.com\/fr\/wp-json\/wp\/v2\/product\/2821\/revisions"}],"wp:featuredmedia":[{"embeddable":true,"href":"https:\/\/sentaiyuanbio.com\/fr\/wp-json\/wp\/v2\/media\/5115"}],"wp:attachment":[{"href":"https:\/\/sentaiyuanbio.com\/fr\/wp-json\/wp\/v2\/media?parent=2821"}],"wp:term":[{"taxonomy":"product_brand","embeddable":true,"href":"https:\/\/sentaiyuanbio.com\/fr\/wp-json\/wp\/v2\/product_brand?post=2821"},{"taxonomy":"product_cat","embeddable":true,"href":"https:\/\/sentaiyuanbio.com\/fr\/wp-json\/wp\/v2\/product_cat?post=2821"},{"taxonomy":"product_tag","embeddable":true,"href":"https:\/\/sentaiyuanbio.com\/fr\/wp-json\/wp\/v2\/product_tag?post=2821"}],"curies":[{"name":"wp","href":"https:\/\/api.w.org\/{rel}","templated":true}]}}