{"id":2873,"date":"2024-10-09T03:57:34","date_gmt":"2024-10-09T03:57:34","guid":{"rendered":"https:\/\/sentaiyuanbio.com\/?post_type=product&#038;p=2873"},"modified":"2026-02-13T08:54:49","modified_gmt":"2026-02-13T08:54:49","slug":"ramen-instantanes-saveur-tonkotsu","status":"publish","type":"product","link":"https:\/\/sentaiyuanbio.com\/fr\/produit\/ramen-instantanes-saveur-tonkotsu\/","title":{"rendered":"Bol de Ramen Instantan\u00e9 saveur porc Tonkotsu, nouilles instantan\u00e9es prot\u00e9in\u00e9es"},"content":{"rendered":"<h2>Ramen instantan\u00e9s saveur porc Tonkotsu, ingr\u00e9dient pour nouilles instantan\u00e9es prot\u00e9in\u00e9es<\/h2>\n<p><strong>Ramen Ingr\u00e9dients :<\/strong> Gluten de bl\u00e9 vital, prot\u00e9ines de pois, farine de bl\u00e9, farine de sarrasin, poudre de fibres de pois, farine de riz glutineux, <a href=\"https:\/\/sentaiyuanbio.com\/fr\/produit\/poudre-de-konjac\/\" target=\"_blank\" rel=\"noopener\">Poudre de konjac<\/a>, gomme xanthane, carbonate de sodium.<\/p>\n<p><strong>Assaisonnement pour porc Tonkotsu Ingr\u00e9dients :<\/strong>\u00a0Sucre blanc cristallis\u00e9, sel, maltodextrine, oignon en poudre, essence comestible,\u00a0<a href=\"https:\/\/www.atamanchemicals.com\/disodium-5--ribonucleotide_u26322\/\" target=\"_blank\" rel=\"noopener\">5'-ribonucl\u00e9otide disodique<\/a>, prot\u00e9ines v\u00e9g\u00e9tales hydrolys\u00e9es, poudre d'ail, poudre de gingembre, extrait de levure, poivre moulu, dioxyde de silicium.<\/p>\n<p><strong>L\u00e9gumes<\/strong>: Oignon vert, Carotte<\/p>\n<p><strong>Contient<\/strong>: Soja et <a href=\"https:\/\/sentaiyuanbio.com\/fr\/produit\/pates-de-soja-konjac\/\" target=\"_blank\" rel=\"noopener\">produits \u00e0 base de soja<\/a>.<\/p>\n<h2>Ramen instantan\u00e9s saveur porc Tonkotsu Valeur nutritive<\/h2>\n<table border=\"1\" cellspacing=\"1\">\n<tbody>\n<tr>\n<td colspan=\"2\" align=\"center\">Donn\u00e9es nutritionnelles (62g)<\/td>\n<\/tr>\n<tr>\n<td align=\"center\" width=\"284\"><b>L'\u00e9nergie<\/b><\/td>\n<td align=\"center\" width=\"284\">220kcal<\/td>\n<\/tr>\n<tr>\n<td align=\"center\" width=\"284\"><b>Prot\u00e9ines<\/b><\/td>\n<td align=\"center\" width=\"284\">31g<\/td>\n<\/tr>\n<tr>\n<td align=\"center\" width=\"284\"><b>Graisses totales<\/b><\/td>\n<td align=\"center\" width=\"284\">2.5g<\/td>\n<\/tr>\n<tr>\n<td align=\"center\" width=\"284\"><b>Glucides totaux<\/b><\/td>\n<td align=\"center\" width=\"284\">21g<\/td>\n<\/tr>\n<tr>\n<td align=\"center\" width=\"284\"><b>Fibres alimentaires<\/b><\/td>\n<td align=\"center\" width=\"284\">5g<\/td>\n<\/tr>\n<tr>\n<td align=\"center\" width=\"284\"><strong>Calcium<\/strong><\/td>\n<td align=\"center\" width=\"284\">50,3 mg<\/td>\n<\/tr>\n<tr>\n<td align=\"center\" width=\"284\"><b>Le fer<\/b><\/td>\n<td align=\"center\" width=\"284\">5,1 mg<\/td>\n<\/tr>\n<tr>\n<td align=\"center\" width=\"284\"><b>Potassium<\/b><\/td>\n<td align=\"center\" width=\"284\">172 mg<\/td>\n<\/tr>\n<tr>\n<td align=\"center\" width=\"284\"><b>Sodium<\/b><\/td>\n<td align=\"center\" width=\"284\">620 mg<\/td>\n<\/tr>\n<\/tbody>\n<\/table>\n<p><img fetchpriority=\"high\" decoding=\"async\" class=\"alignnone wp-image-2880 size-full\" src=\"https:\/\/sentaiyuanbio.com\/wp-content\/uploads\/2024\/10\/Tonkotsu-Ramen-Cup-Noodle-1.jpg\" alt=\"nouilles instantan\u00e9es prot\u00e9in\u00e9es\" width=\"750\" height=\"600\" srcset=\"https:\/\/sentaiyuanbio.com\/wp-content\/uploads\/2024\/10\/Tonkotsu-Ramen-Cup-Noodle-1.jpg 750w, https:\/\/sentaiyuanbio.com\/wp-content\/uploads\/2024\/10\/Tonkotsu-Ramen-Cup-Noodle-1-300x240.jpg 300w, https:\/\/sentaiyuanbio.com\/wp-content\/uploads\/2024\/10\/Tonkotsu-Ramen-Cup-Noodle-1-600x480.jpg 600w\" sizes=\"(max-width: 750px) 100vw, 750px\" \/><img decoding=\"async\" class=\"alignnone wp-image-2879 size-full\" src=\"https:\/\/sentaiyuanbio.com\/wp-content\/uploads\/2024\/10\/Tonkotsu-Ramen-Cup-Noodle-2.jpg\" alt=\"nouilles instantan\u00e9es prot\u00e9in\u00e9es\" width=\"750\" height=\"413\" srcset=\"https:\/\/sentaiyuanbio.com\/wp-content\/uploads\/2024\/10\/Tonkotsu-Ramen-Cup-Noodle-2.jpg 750w, https:\/\/sentaiyuanbio.com\/wp-content\/uploads\/2024\/10\/Tonkotsu-Ramen-Cup-Noodle-2-300x165.jpg 300w, https:\/\/sentaiyuanbio.com\/wp-content\/uploads\/2024\/10\/Tonkotsu-Ramen-Cup-Noodle-2-600x330.jpg 600w\" sizes=\"(max-width: 750px) 100vw, 750px\" \/><img decoding=\"async\" class=\"alignnone wp-image-2878 size-full\" src=\"https:\/\/sentaiyuanbio.com\/wp-content\/uploads\/2024\/10\/Tonkotsu-Ramen-Cup-Noodle-3.jpg\" alt=\"Nouilles Tonkotsu Ramen \u00e0 la tasse\" width=\"750\" height=\"630\" srcset=\"https:\/\/sentaiyuanbio.com\/wp-content\/uploads\/2024\/10\/Tonkotsu-Ramen-Cup-Noodle-3.jpg 750w, https:\/\/sentaiyuanbio.com\/wp-content\/uploads\/2024\/10\/Tonkotsu-Ramen-Cup-Noodle-3-300x252.jpg 300w, https:\/\/sentaiyuanbio.com\/wp-content\/uploads\/2024\/10\/Tonkotsu-Ramen-Cup-Noodle-3-600x504.jpg 600w\" sizes=\"(max-width: 750px) 100vw, 750px\" \/><img loading=\"lazy\" decoding=\"async\" class=\"alignnone wp-image-2877 size-full\" src=\"https:\/\/sentaiyuanbio.com\/wp-content\/uploads\/2024\/10\/Tonkotsu-Ramen-Cup-Noodle-4.jpg\" alt=\"nouilles instantan\u00e9es prot\u00e9in\u00e9es\" width=\"750\" height=\"450\" srcset=\"https:\/\/sentaiyuanbio.com\/wp-content\/uploads\/2024\/10\/Tonkotsu-Ramen-Cup-Noodle-4.jpg 750w, https:\/\/sentaiyuanbio.com\/wp-content\/uploads\/2024\/10\/Tonkotsu-Ramen-Cup-Noodle-4-300x180.jpg 300w, https:\/\/sentaiyuanbio.com\/wp-content\/uploads\/2024\/10\/Tonkotsu-Ramen-Cup-Noodle-4-600x360.jpg 600w\" sizes=\"(max-width: 750px) 100vw, 750px\" \/><img loading=\"lazy\" decoding=\"async\" class=\"alignnone wp-image-2876 size-full\" src=\"https:\/\/sentaiyuanbio.com\/wp-content\/uploads\/2024\/10\/Tonkotsu-Ramen-Cup-Noodle-5.jpg\" alt=\"nouilles instantan\u00e9es prot\u00e9in\u00e9es\" width=\"750\" height=\"525\" srcset=\"https:\/\/sentaiyuanbio.com\/wp-content\/uploads\/2024\/10\/Tonkotsu-Ramen-Cup-Noodle-5.jpg 750w, https:\/\/sentaiyuanbio.com\/wp-content\/uploads\/2024\/10\/Tonkotsu-Ramen-Cup-Noodle-5-300x210.jpg 300w, https:\/\/sentaiyuanbio.com\/wp-content\/uploads\/2024\/10\/Tonkotsu-Ramen-Cup-Noodle-5-600x420.jpg 600w\" sizes=\"(max-width: 750px) 100vw, 750px\" \/><img loading=\"lazy\" decoding=\"async\" class=\"alignnone wp-image-2875 size-full\" src=\"https:\/\/sentaiyuanbio.com\/wp-content\/uploads\/2024\/10\/Tonkotsu-Ramen-Cup-Noodle-6.jpg\" alt=\"nouilles instantan\u00e9es prot\u00e9in\u00e9es\" width=\"750\" height=\"528\" srcset=\"https:\/\/sentaiyuanbio.com\/wp-content\/uploads\/2024\/10\/Tonkotsu-Ramen-Cup-Noodle-6.jpg 750w, https:\/\/sentaiyuanbio.com\/wp-content\/uploads\/2024\/10\/Tonkotsu-Ramen-Cup-Noodle-6-300x211.jpg 300w, https:\/\/sentaiyuanbio.com\/wp-content\/uploads\/2024\/10\/Tonkotsu-Ramen-Cup-Noodle-6-600x422.jpg 600w\" sizes=\"(max-width: 750px) 100vw, 750px\" \/><img loading=\"lazy\" decoding=\"async\" class=\"alignnone wp-image-2874 size-full\" src=\"https:\/\/sentaiyuanbio.com\/wp-content\/uploads\/2024\/10\/Tonkotsu-Ramen-Cup-Noodle-7.jpg\" alt=\"nouilles instantan\u00e9es prot\u00e9in\u00e9es\" width=\"750\" height=\"440\" srcset=\"https:\/\/sentaiyuanbio.com\/wp-content\/uploads\/2024\/10\/Tonkotsu-Ramen-Cup-Noodle-7.jpg 750w, https:\/\/sentaiyuanbio.com\/wp-content\/uploads\/2024\/10\/Tonkotsu-Ramen-Cup-Noodle-7-300x176.jpg 300w, https:\/\/sentaiyuanbio.com\/wp-content\/uploads\/2024\/10\/Tonkotsu-Ramen-Cup-Noodle-7-600x352.jpg 600w\" sizes=\"(max-width: 750px) 100vw, 750px\" \/><\/p>","protected":false},"excerpt":{"rendered":"<p>Ramen instantan\u00e9s saveur porc Tonkotsu, nouilles instantan\u00e9es prot\u00e9in\u00e9es 55g de ramen + 5g d'assaisonnement + 2g de l\u00e9gumes, 31g de prot\u00e9ines par poids de 2,19 onces (62 grammes). Caract\u00e9ristiques : S\u00c9CH\u00c9ES \u00c0 L'AIR, \u00c0 FAIBLE TENEUR EN MATI\u00c8RES GRASSES, NON FRITES, NON OGM, \u00c0 FAIBLE TENEUR EN GLUCIDES.<\/p>","protected":false},"featured_media":5196,"template":"","meta":{"site-sidebar-layout":"default","site-content-layout":"","ast-site-content-layout":"default","site-content-style":"default","site-sidebar-style":"default","ast-global-header-display":"","ast-banner-title-visibility":"","ast-main-header-display":"","ast-hfb-above-header-display":"","ast-hfb-below-header-display":"","ast-hfb-mobile-header-display":"","site-post-title":"","ast-breadcrumbs-content":"","ast-featured-img":"","footer-sml-layout":"","ast-disable-related-posts":"","theme-transparent-header-meta":"default","adv-header-id-meta":"","stick-header-meta":"default","header-above-stick-meta":"","header-main-stick-meta":"","header-below-stick-meta":"","astra-migrate-meta-layouts":"set","ast-page-background-enabled":"default","ast-page-background-meta":{"desktop":{"background-color":"","background-image":"","background-repeat":"repeat","background-position":"center center","background-size":"auto","background-attachment":"scroll","background-type":"","background-media":"","overlay-type":"","overlay-color":"","overlay-opacity":"","overlay-gradient":""},"tablet":{"background-color":"","background-image":"","background-repeat":"repeat","background-position":"center center","background-size":"auto","background-attachment":"scroll","background-type":"","background-media":"","overlay-type":"","overlay-color":"","overlay-opacity":"","overlay-gradient":""},"mobile":{"background-color":"","background-image":"","background-repeat":"repeat","background-position":"center center","background-size":"auto","background-attachment":"scroll","background-type":"","background-media":"","overlay-type":"","overlay-color":"","overlay-opacity":"","overlay-gradient":""}},"ast-content-background-meta":{"desktop":{"background-color":"var(--ast-global-color-5)","background-image":"","background-repeat":"repeat","background-position":"center center","background-size":"auto","background-attachment":"scroll","background-type":"","background-media":"","overlay-type":"","overlay-color":"","overlay-opacity":"","overlay-gradient":""},"tablet":{"background-color":"var(--ast-global-color-5)","background-image":"","background-repeat":"repeat","background-position":"center center","background-size":"auto","background-attachment":"scroll","background-type":"","background-media":"","overlay-type":"","overlay-color":"","overlay-opacity":"","overlay-gradient":""},"mobile":{"background-color":"var(--ast-global-color-5)","background-image":"","background-repeat":"repeat","background-position":"center center","background-size":"auto","background-attachment":"scroll","background-type":"","background-media":"","overlay-type":"","overlay-color":"","overlay-opacity":"","overlay-gradient":""}}},"product_brand":[],"product_cat":[248],"product_tag":[],"class_list":{"0":"post-2873","1":"product","2":"type-product","3":"status-publish","4":"has-post-thumbnail","6":"product_cat-low-carb-high-protein-noodles","7":"desktop-align-left","8":"tablet-align-left","9":"mobile-align-left","10":"ast-product-gallery-layout-horizontal-slider","11":"ast-product-tabs-layout-horizontal","13":"first","14":"instock","15":"shipping-taxable","16":"product-type-simple"},"_links":{"self":[{"href":"https:\/\/sentaiyuanbio.com\/fr\/wp-json\/wp\/v2\/product\/2873","targetHints":{"allow":["GET"]}}],"collection":[{"href":"https:\/\/sentaiyuanbio.com\/fr\/wp-json\/wp\/v2\/product"}],"about":[{"href":"https:\/\/sentaiyuanbio.com\/fr\/wp-json\/wp\/v2\/types\/product"}],"version-history":[{"count":0,"href":"https:\/\/sentaiyuanbio.com\/fr\/wp-json\/wp\/v2\/product\/2873\/revisions"}],"wp:featuredmedia":[{"embeddable":true,"href":"https:\/\/sentaiyuanbio.com\/fr\/wp-json\/wp\/v2\/media\/5196"}],"wp:attachment":[{"href":"https:\/\/sentaiyuanbio.com\/fr\/wp-json\/wp\/v2\/media?parent=2873"}],"wp:term":[{"taxonomy":"product_brand","embeddable":true,"href":"https:\/\/sentaiyuanbio.com\/fr\/wp-json\/wp\/v2\/product_brand?post=2873"},{"taxonomy":"product_cat","embeddable":true,"href":"https:\/\/sentaiyuanbio.com\/fr\/wp-json\/wp\/v2\/product_cat?post=2873"},{"taxonomy":"product_tag","embeddable":true,"href":"https:\/\/sentaiyuanbio.com\/fr\/wp-json\/wp\/v2\/product_tag?post=2873"}],"curies":[{"name":"wp","href":"https:\/\/api.w.org\/{rel}","templated":true}]}}