{"id":3000,"date":"2024-10-25T09:36:58","date_gmt":"2024-10-25T09:36:58","guid":{"rendered":"https:\/\/sentaiyuanbio.com\/?post_type=product&#038;p=3000"},"modified":"2025-02-26T04:13:03","modified_gmt":"2025-02-26T04:13:03","slug":"fabricant-de-gomme-konjac","status":"publish","type":"product","link":"https:\/\/sentaiyuanbio.com\/fr\/produit\/fabricant-de-gomme-konjac\/","title":{"rendered":"Fabricant de gomme de konjac, producteur de glucomannane de konjac"},"content":{"rendered":"<h2>Sentaiyuan : Meilleur fabricant de gomme de konjac, producteur de gomme de konjac<\/h2>\n<p><strong>Gomme de konjac<\/strong> est une fibre soluble et volumineuse d\u00e9riv\u00e9e de la racine de konjac (Amorphophallus konjac) qui peut aider \u00e0 maintenir la r\u00e9gularit\u00e9 intestinale et vous donner une sensation de sati\u00e9t\u00e9.<\/p>\n<p>A utiliser pour \u00e9paissir les soupes et les sauces et pour donner un joli croquant aux biscuits keto, ce que l'on n'obtient pas avec la farine d'amande ou de noix de coco. Cette poudre n'a pas d'odeur de poisson.<\/p>\n<p>Notre <strong>Gomme de konjac<\/strong> est d\u00e9riv\u00e9 de la racine de konjac, \u00e9galement connue sous le nom de glucomannane ou langue du diable. Il a un effet de gonflement extr\u00eamement important et peut absorber jusqu'\u00e0 200 fois son volume de liquide, ce qui procure une sensation de sati\u00e9t\u00e9 extr\u00eame.<\/p>\n<h2>Sp\u00e9cification du fabricant de la gomme de konjac<\/h2>\n<table class=\"two_elementor_element\" width=\"100%\" cellspacing=\"0\" cellpadding=\"0\">\n<tbody class=\"two_elementor_element\">\n<tr class=\"firstRow two_elementor_element\">\n<td class=\"two_elementor_element\" width=\"180\" height=\"20\">Nom du produit<\/td>\n<td class=\"two_elementor_element\" width=\"392\">Fabricant de gomme de konjac - Additif alimentaire<\/td>\n<\/tr>\n<tr class=\"two_elementor_element\">\n<td class=\"two_elementor_element\" width=\"180\" height=\"21\">Utilisation<\/td>\n<td class=\"two_elementor_element\" width=\"392\">Bonbons, <a href=\"https:\/\/sentaiyuanbio.com\/fr\/product-category\/gelee-de-poudre-de-konjac\/\" target=\"_blank\" rel=\"noopener\">Gel\u00e9e<\/a>Cr\u00e8me glac\u00e9e, Biscuits Produits \u00e0 base de viande, Aliments pour animaux de compagnie, Boulangerie, Assaisonnement, Capsule<\/td>\n<\/tr>\n<tr class=\"two_elementor_element\">\n<td class=\"two_elementor_element\" width=\"180\" height=\"21\">Fonctions<\/td>\n<td class=\"two_elementor_element\" width=\"392\">Stabilisateurs, <a href=\"https:\/\/hethstia.com\/konjac-gum-as-dietary-fiber-thickener-suspending-agent-additive\/\" target=\"_blank\" rel=\"noopener\">\u00c9paississants<\/a><\/td>\n<\/tr>\n<tr class=\"two_elementor_element\">\n<td class=\"two_elementor_element\" width=\"180\" height=\"21\">Teneur en mati\u00e8res grasses<\/td>\n<td class=\"two_elementor_element\" width=\"392\">0g<\/td>\n<\/tr>\n<tr class=\"two_elementor_element\">\n<td class=\"two_elementor_element\" width=\"180\" height=\"21\">Poids<\/td>\n<td class=\"two_elementor_element\" width=\"392\">0,08 kg<\/td>\n<\/tr>\n<tr class=\"two_elementor_element\">\n<td class=\"two_elementor_element\" width=\"180\" height=\"21\">Dur\u00e9e de conservation<\/td>\n<td class=\"two_elementor_element\" width=\"392\">24 mois<\/td>\n<\/tr>\n<tr class=\"two_elementor_element\">\n<td class=\"two_elementor_element\" width=\"180\" height=\"21\">Certificats<\/td>\n<td class=\"two_elementor_element\" width=\"392\">IFS, BRC, KASHER, HALAL, HACCP<\/td>\n<\/tr>\n<tr class=\"two_elementor_element\">\n<td class=\"two_elementor_element\" width=\"180\" height=\"21\">Paquet<\/td>\n<td class=\"two_elementor_element\" width=\"392\">Sac int\u00e9rieur + pochette permanente\/ bo\u00eete en papier<\/td>\n<\/tr>\n<tr class=\"two_elementor_element\">\n<td class=\"two_elementor_element\" width=\"180\" height=\"21\">Stockage<\/td>\n<td class=\"two_elementor_element\" width=\"392\">Temp\u00e9rature ambiante, endroit frais et sec, \u00e9viter la lumi\u00e8re directe du soleil.<\/td>\n<\/tr>\n<tr class=\"two_elementor_element\">\n<td class=\"two_elementor_element\" width=\"180\" height=\"21\">Service<\/td>\n<td class=\"two_elementor_element\" width=\"392\">OEM, ODM, OBM<\/td>\n<\/tr>\n<tr class=\"two_elementor_element\">\n<td class=\"two_elementor_element\" width=\"180\" height=\"21\">D\u00e9lai de livraison<\/td>\n<td class=\"two_elementor_element\" width=\"392\">15-30 jours ouvrables<\/td>\n<\/tr>\n<\/tbody>\n<\/table>\n<h2>Sentaiyuan : Le meilleur fabricant de gomme de Konjac en Chine<\/h2>\n<p><strong>En voici quelques caract\u00e9ristiques et particularit\u00e9s :<\/strong><\/p>\n<p><strong>Faible teneur en calories<\/strong>: Il contient tr\u00e8s peu de calories, ce qui en fait une excellente alternative pour tous ceux qui souhaitent r\u00e9duire leur consommation de calories.<\/p>\n<p><strong>Faible teneur en glucides<\/strong>: Il contient extr\u00eamement peu de glucides, ce qui en fait un bon substitut au riz ordinaire pour les personnes suivant un r\u00e9gime pauvre en glucides. Il ne contient qu'une petite partie des glucides contenus dans le riz normal.<\/p>\n<p><strong>Riche en fibres<\/strong>: Il contient beaucoup de fibres alimentaires, notamment des fibres solubles appel\u00e9es glucomannane. Ces fibres sont bonnes pour la digestion, favorisent la sensation de sati\u00e9t\u00e9 et peuvent aider \u00e0 contr\u00f4ler le poids.<\/p>\n<p><strong>Sans gluten<\/strong>: Il est naturellement exempt de gluten, ce qui en fait un excellent choix pour les personnes sensibles au gluten ou qui suivent un r\u00e9gime sans gluten.<\/p>\n<p><strong>Favorise la sati\u00e9t\u00e9<\/strong>: Gr\u00e2ce \u00e0 sa teneur \u00e9lev\u00e9e en fibres, il peut aider \u00e0 r\u00e9duire la faim et la taille des portions.<\/p>\n<p><strong>Peut contribuer \u00e0 la gestion du poids<\/strong>: En raison de sa faible teneur en calories et de sa richesse en fibres, il constitue un choix populaire pour les personnes qui souhaitent perdre ou maintenir un poids sain.<\/p>\n<p>Application dans l'industrie chimique : Le poids mol\u00e9culaire moyen du glucomannane de konjac \u00e9tant compris entre 200 000 et 2 000 000, sa viscosit\u00e9 est \u00e9lev\u00e9e et sa fluidit\u00e9 est bonne. Il a donc \u00e9t\u00e9 utilis\u00e9 dans les industries chimiques telles que le p\u00e9trole, le cataplasme d'impression de teintures, les films en terre, les couches, etc.<\/p>\n<p><img fetchpriority=\"high\" decoding=\"async\" class=\"alignnone wp-image-3006 size-full\" src=\"https:\/\/sentaiyuanbio.com\/wp-content\/uploads\/2024\/10\/konjac-gum-manufacturer.jpg\" alt=\"fabricant de gomme konjac (producteur de gomme konjac)\" width=\"750\" height=\"550\" srcset=\"https:\/\/sentaiyuanbio.com\/wp-content\/uploads\/2024\/10\/konjac-gum-manufacturer.jpg 750w, https:\/\/sentaiyuanbio.com\/wp-content\/uploads\/2024\/10\/konjac-gum-manufacturer-300x220.jpg 300w, https:\/\/sentaiyuanbio.com\/wp-content\/uploads\/2024\/10\/konjac-gum-manufacturer-600x440.jpg 600w\" sizes=\"(max-width: 750px) 100vw, 750px\" \/><br \/>\n<img decoding=\"async\" class=\"alignnone wp-image-3007 size-full\" src=\"https:\/\/sentaiyuanbio.com\/wp-content\/uploads\/2024\/10\/konjac-gum-producer.jpg\" alt=\"fabricant de gomme konjac (producteur de gomme konjac)\" width=\"749\" height=\"602\" srcset=\"https:\/\/sentaiyuanbio.com\/wp-content\/uploads\/2024\/10\/konjac-gum-producer.jpg 749w, https:\/\/sentaiyuanbio.com\/wp-content\/uploads\/2024\/10\/konjac-gum-producer-300x241.jpg 300w, https:\/\/sentaiyuanbio.com\/wp-content\/uploads\/2024\/10\/konjac-gum-producer-600x482.jpg 600w\" sizes=\"(max-width: 749px) 100vw, 749px\" \/><\/p>","protected":false},"excerpt":{"rendered":"<p>Fabricant de gomme de Konjac, producteur de gomme de Konjac, application dans l'industrie alimentaire : G\u00e9lifier les aliments, est utilis\u00e9 comme agent \u00e9paississant et agent d'adh\u00e9rence, comme la gel\u00e9e, la cr\u00e8me glac\u00e9e, le gruau, la viande, les aliments \u00e0 base de farine, les boissons solides, la confiture, etc.<\/p>","protected":false},"featured_media":3005,"template":"","meta":{"site-sidebar-layout":"default","site-content-layout":"","ast-site-content-layout":"default","site-content-style":"default","site-sidebar-style":"default","ast-global-header-display":"","ast-banner-title-visibility":"","ast-main-header-display":"","ast-hfb-above-header-display":"","ast-hfb-below-header-display":"","ast-hfb-mobile-header-display":"","site-post-title":"","ast-breadcrumbs-content":"","ast-featured-img":"","footer-sml-layout":"","ast-disable-related-posts":"","theme-transparent-header-meta":"default","adv-header-id-meta":"","stick-header-meta":"default","header-above-stick-meta":"","header-main-stick-meta":"","header-below-stick-meta":"","astra-migrate-meta-layouts":"set","ast-page-background-enabled":"default","ast-page-background-meta":{"desktop":{"background-color":"","background-image":"","background-repeat":"repeat","background-position":"center center","background-size":"auto","background-attachment":"scroll","background-type":"","background-media":"","overlay-type":"","overlay-color":"","overlay-opacity":"","overlay-gradient":""},"tablet":{"background-color":"","background-image":"","background-repeat":"repeat","background-position":"center center","background-size":"auto","background-attachment":"scroll","background-type":"","background-media":"","overlay-type":"","overlay-color":"","overlay-opacity":"","overlay-gradient":""},"mobile":{"background-color":"","background-image":"","background-repeat":"repeat","background-position":"center center","background-size":"auto","background-attachment":"scroll","background-type":"","background-media":"","overlay-type":"","overlay-color":"","overlay-opacity":"","overlay-gradient":""}},"ast-content-background-meta":{"desktop":{"background-color":"var(--ast-global-color-5)","background-image":"","background-repeat":"repeat","background-position":"center center","background-size":"auto","background-attachment":"scroll","background-type":"","background-media":"","overlay-type":"","overlay-color":"","overlay-opacity":"","overlay-gradient":""},"tablet":{"background-color":"var(--ast-global-color-5)","background-image":"","background-repeat":"repeat","background-position":"center center","background-size":"auto","background-attachment":"scroll","background-type":"","background-media":"","overlay-type":"","overlay-color":"","overlay-opacity":"","overlay-gradient":""},"mobile":{"background-color":"var(--ast-global-color-5)","background-image":"","background-repeat":"repeat","background-position":"center center","background-size":"auto","background-attachment":"scroll","background-type":"","background-media":"","overlay-type":"","overlay-color":"","overlay-opacity":"","overlay-gradient":""}}},"product_brand":[],"product_cat":[24],"product_tag":[],"class_list":{"0":"post-3000","1":"product","2":"type-product","3":"status-publish","4":"has-post-thumbnail","6":"product_cat-konjac-dietary-fiber","7":"desktop-align-left","8":"tablet-align-left","9":"mobile-align-left","10":"ast-product-gallery-layout-horizontal-slider","11":"ast-product-tabs-layout-horizontal","13":"first","14":"instock","15":"shipping-taxable","16":"product-type-simple"},"_links":{"self":[{"href":"https:\/\/sentaiyuanbio.com\/fr\/wp-json\/wp\/v2\/product\/3000","targetHints":{"allow":["GET"]}}],"collection":[{"href":"https:\/\/sentaiyuanbio.com\/fr\/wp-json\/wp\/v2\/product"}],"about":[{"href":"https:\/\/sentaiyuanbio.com\/fr\/wp-json\/wp\/v2\/types\/product"}],"version-history":[{"count":0,"href":"https:\/\/sentaiyuanbio.com\/fr\/wp-json\/wp\/v2\/product\/3000\/revisions"}],"wp:featuredmedia":[{"embeddable":true,"href":"https:\/\/sentaiyuanbio.com\/fr\/wp-json\/wp\/v2\/media\/3005"}],"wp:attachment":[{"href":"https:\/\/sentaiyuanbio.com\/fr\/wp-json\/wp\/v2\/media?parent=3000"}],"wp:term":[{"taxonomy":"product_brand","embeddable":true,"href":"https:\/\/sentaiyuanbio.com\/fr\/wp-json\/wp\/v2\/product_brand?post=3000"},{"taxonomy":"product_cat","embeddable":true,"href":"https:\/\/sentaiyuanbio.com\/fr\/wp-json\/wp\/v2\/product_cat?post=3000"},{"taxonomy":"product_tag","embeddable":true,"href":"https:\/\/sentaiyuanbio.com\/fr\/wp-json\/wp\/v2\/product_tag?post=3000"}],"curies":[{"name":"wp","href":"https:\/\/api.w.org\/{rel}","templated":true}]}}