{"id":3011,"date":"2024-10-28T09:35:32","date_gmt":"2024-10-28T09:35:32","guid":{"rendered":"https:\/\/sentaiyuanbio.com\/?post_type=product&#038;p=3011"},"modified":"2025-02-26T04:13:51","modified_gmt":"2025-02-26T04:13:51","slug":"farine-digname-konjac-poudre-digname-konjac","status":"publish","type":"product","link":"https:\/\/sentaiyuanbio.com\/fr\/produit\/farine-digname-konjac-poudre-digname-konjac\/","title":{"rendered":"Farine de konjac, poudre de konjac - Sentaiyuan Konjac"},"content":{"rendered":"<h2>Sp\u00e9cification de la farine d'igname de konjac<\/h2>\n<p>La farine et la poudre de konjac sont utilis\u00e9es dans l'industrie chimique : Son poids mol\u00e9culaire moyen de 200 000 \u00e0 2 000 000 est tr\u00e8s \u00e9lev\u00e9, sa viscosit\u00e9 est \u00e9lev\u00e9e et sa fluidit\u00e9 est bonne. Il a \u00e9t\u00e9 appliqu\u00e9 aux industries chimiques telles que le p\u00e9trole, le cataplasme d'impression de teinture, le film en terre, les couches, etc.<\/p>\n<table class=\"two_elementor_element\" width=\"100%\" cellspacing=\"0\" cellpadding=\"0\">\n<tbody class=\"two_elementor_element\">\n<tr class=\"firstRow two_elementor_element\">\n<td class=\"two_elementor_element\" width=\"180\" height=\"20\">Nom du produit<\/td>\n<td class=\"two_elementor_element\" width=\"392\">Poudre de konjac d'igname - Qualit\u00e9 additif alimentaire<\/td>\n<\/tr>\n<tr class=\"two_elementor_element\">\n<td class=\"two_elementor_element\" width=\"180\" height=\"21\">Utilisation<\/td>\n<td class=\"two_elementor_element\" width=\"392\">Bonbons, <a href=\"https:\/\/sentaiyuanbio.com\/fr\/product-category\/gelee-de-poudre-de-konjac\/\" target=\"_blank\" rel=\"noopener\">Gel\u00e9e<\/a>Cr\u00e8me glac\u00e9e, Biscuits Produits \u00e0 base de viande, Aliments pour animaux de compagnie, Boulangerie, Assaisonnement, Capsule<\/td>\n<\/tr>\n<tr class=\"two_elementor_element\">\n<td class=\"two_elementor_element\" width=\"180\" height=\"21\">Fonctions<\/td>\n<td class=\"two_elementor_element\" width=\"392\">Stabilisateurs, <a href=\"https:\/\/hethstia.com\/konjac-flour-as-a-food-thickener\/\" target=\"_blank\" rel=\"noopener\">\u00c9paississants<\/a><\/td>\n<\/tr>\n<tr class=\"two_elementor_element\">\n<td class=\"two_elementor_element\" width=\"180\" height=\"21\">Teneur en mati\u00e8res grasses<\/td>\n<td class=\"two_elementor_element\" width=\"392\">0g<\/td>\n<\/tr>\n<tr class=\"two_elementor_element\">\n<td class=\"two_elementor_element\" width=\"180\" height=\"21\">Poids<\/td>\n<td class=\"two_elementor_element\" width=\"392\">0,08 kg<\/td>\n<\/tr>\n<tr class=\"two_elementor_element\">\n<td class=\"two_elementor_element\" width=\"180\" height=\"21\">Dur\u00e9e de conservation<\/td>\n<td class=\"two_elementor_element\" width=\"392\">24 mois<\/td>\n<\/tr>\n<tr class=\"two_elementor_element\">\n<td class=\"two_elementor_element\" width=\"180\" height=\"21\">Certificats<\/td>\n<td class=\"two_elementor_element\" width=\"392\">IFS, BRC, KASHER, HALAL, HACCP<\/td>\n<\/tr>\n<tr class=\"two_elementor_element\">\n<td class=\"two_elementor_element\" width=\"180\" height=\"21\">Paquet<\/td>\n<td class=\"two_elementor_element\" width=\"392\">Sac int\u00e9rieur + pochette permanente\/ bo\u00eete en papier<\/td>\n<\/tr>\n<tr class=\"two_elementor_element\">\n<td class=\"two_elementor_element\" width=\"180\" height=\"21\">Stockage<\/td>\n<td class=\"two_elementor_element\" width=\"392\">Temp\u00e9rature ambiante, endroit frais et sec, \u00e9viter la lumi\u00e8re directe du soleil.<\/td>\n<\/tr>\n<tr class=\"two_elementor_element\">\n<td class=\"two_elementor_element\" width=\"180\" height=\"21\">Service<\/td>\n<td class=\"two_elementor_element\" width=\"392\">OEM, ODM, OBM<\/td>\n<\/tr>\n<tr class=\"two_elementor_element\">\n<td class=\"two_elementor_element\" width=\"180\" height=\"21\">D\u00e9lai de livraison<\/td>\n<td class=\"two_elementor_element\" width=\"392\">15-30 jours ouvrables<\/td>\n<\/tr>\n<\/tbody>\n<\/table>\n<p>La poudre d'igname konjac est une fibre soluble et volumineuse. Elle est extraite de la racine de l'igname konjac. Elle peut contribuer \u00e0 la r\u00e9gularit\u00e9 intestinale et \u00e0 la sensation de sati\u00e9t\u00e9.<\/p>\n<p>Elle est utilis\u00e9e pour \u00e9paissir les soupes et les sauces et pour donner du croquant aux biscuits keto, ce qui n'est pas le cas de la farine d'amande ou de noix de coco. Cette farine n'a pas non plus d'odeur de poisson.<\/p>\n<p>La poudre de konjac Sentaiyuan Yam pr\u00e9sente les caract\u00e9ristiques suivantes : Faible teneur en calories, faible teneur en glucides, riche en fibres, sans gluten, texture g\u00e9latineuse, pratiquement insipide, facile et rapide \u00e0 pr\u00e9parer, favorise la sati\u00e9t\u00e9, convient \u00e0 diverses restrictions alimentaires et peut contribuer \u00e0 la gestion du poids.<\/p>\n<h2>Plante d'igname konjac<\/h2>\n<p><img fetchpriority=\"high\" decoding=\"async\" class=\"alignnone wp-image-3016 size-full\" src=\"https:\/\/sentaiyuanbio.com\/wp-content\/uploads\/2024\/10\/konjac-yam-plant.jpg\" alt=\"plante d&#039;igname konjac\" width=\"800\" height=\"624\" srcset=\"https:\/\/sentaiyuanbio.com\/wp-content\/uploads\/2024\/10\/konjac-yam-plant.jpg 800w, https:\/\/sentaiyuanbio.com\/wp-content\/uploads\/2024\/10\/konjac-yam-plant-300x234.jpg 300w, https:\/\/sentaiyuanbio.com\/wp-content\/uploads\/2024\/10\/konjac-yam-plant-768x599.jpg 768w, https:\/\/sentaiyuanbio.com\/wp-content\/uploads\/2024\/10\/konjac-yam-plant-600x468.jpg 600w\" sizes=\"(max-width: 800px) 100vw, 800px\" \/><\/p>\n<p><img decoding=\"async\" class=\"alignnone wp-image-3017 size-full\" src=\"https:\/\/sentaiyuanbio.com\/wp-content\/uploads\/2024\/10\/konjac-yam-plant-2.jpg\" alt=\"plante d&#039;igname konjac\" width=\"800\" height=\"919\" srcset=\"https:\/\/sentaiyuanbio.com\/wp-content\/uploads\/2024\/10\/konjac-yam-plant-2.jpg 800w, https:\/\/sentaiyuanbio.com\/wp-content\/uploads\/2024\/10\/konjac-yam-plant-2-261x300.jpg 261w, https:\/\/sentaiyuanbio.com\/wp-content\/uploads\/2024\/10\/konjac-yam-plant-2-768x882.jpg 768w, https:\/\/sentaiyuanbio.com\/wp-content\/uploads\/2024\/10\/konjac-yam-plant-2-522x600.jpg 522w, https:\/\/sentaiyuanbio.com\/wp-content\/uploads\/2024\/10\/konjac-yam-plant-2-600x689.jpg 600w\" sizes=\"(max-width: 800px) 100vw, 800px\" \/><\/p>\n<p><img decoding=\"async\" class=\"alignleft wp-image-3018 size-full\" src=\"https:\/\/sentaiyuanbio.com\/wp-content\/uploads\/2024\/10\/konjac-yam-plant-3.jpg\" alt=\"plante d&#039;igname konjac\" width=\"800\" height=\"1171\" srcset=\"https:\/\/sentaiyuanbio.com\/wp-content\/uploads\/2024\/10\/konjac-yam-plant-3.jpg 800w, https:\/\/sentaiyuanbio.com\/wp-content\/uploads\/2024\/10\/konjac-yam-plant-3-205x300.jpg 205w, https:\/\/sentaiyuanbio.com\/wp-content\/uploads\/2024\/10\/konjac-yam-plant-3-700x1024.jpg 700w, https:\/\/sentaiyuanbio.com\/wp-content\/uploads\/2024\/10\/konjac-yam-plant-3-768x1124.jpg 768w, https:\/\/sentaiyuanbio.com\/wp-content\/uploads\/2024\/10\/konjac-yam-plant-3-410x600.jpg 410w, https:\/\/sentaiyuanbio.com\/wp-content\/uploads\/2024\/10\/konjac-yam-plant-3-600x878.jpg 600w\" sizes=\"(max-width: 800px) 100vw, 800px\" \/><\/p>","protected":false},"excerpt":{"rendered":"<p>La farine d'igname et la poudre de konjac de Sentaiyuan sont fabriqu\u00e9es \u00e0 partir des racines naturelles de l'igname konjac. Elles sont riches en fibres alimentaires et pauvres en calories, ce qui en fait un excellent choix pour ceux qui cherchent \u00e0 am\u00e9liorer leur sant\u00e9 et leur bien-\u00eatre.<\/p>","protected":false},"featured_media":3012,"template":"","meta":{"site-sidebar-layout":"default","site-content-layout":"","ast-site-content-layout":"default","site-content-style":"default","site-sidebar-style":"default","ast-global-header-display":"","ast-banner-title-visibility":"","ast-main-header-display":"","ast-hfb-above-header-display":"","ast-hfb-below-header-display":"","ast-hfb-mobile-header-display":"","site-post-title":"","ast-breadcrumbs-content":"","ast-featured-img":"","footer-sml-layout":"","ast-disable-related-posts":"","theme-transparent-header-meta":"default","adv-header-id-meta":"","stick-header-meta":"default","header-above-stick-meta":"","header-main-stick-meta":"","header-below-stick-meta":"","astra-migrate-meta-layouts":"set","ast-page-background-enabled":"default","ast-page-background-meta":{"desktop":{"background-color":"","background-image":"","background-repeat":"repeat","background-position":"center center","background-size":"auto","background-attachment":"scroll","background-type":"","background-media":"","overlay-type":"","overlay-color":"","overlay-opacity":"","overlay-gradient":""},"tablet":{"background-color":"","background-image":"","background-repeat":"repeat","background-position":"center center","background-size":"auto","background-attachment":"scroll","background-type":"","background-media":"","overlay-type":"","overlay-color":"","overlay-opacity":"","overlay-gradient":""},"mobile":{"background-color":"","background-image":"","background-repeat":"repeat","background-position":"center center","background-size":"auto","background-attachment":"scroll","background-type":"","background-media":"","overlay-type":"","overlay-color":"","overlay-opacity":"","overlay-gradient":""}},"ast-content-background-meta":{"desktop":{"background-color":"var(--ast-global-color-5)","background-image":"","background-repeat":"repeat","background-position":"center center","background-size":"auto","background-attachment":"scroll","background-type":"","background-media":"","overlay-type":"","overlay-color":"","overlay-opacity":"","overlay-gradient":""},"tablet":{"background-color":"var(--ast-global-color-5)","background-image":"","background-repeat":"repeat","background-position":"center center","background-size":"auto","background-attachment":"scroll","background-type":"","background-media":"","overlay-type":"","overlay-color":"","overlay-opacity":"","overlay-gradient":""},"mobile":{"background-color":"var(--ast-global-color-5)","background-image":"","background-repeat":"repeat","background-position":"center center","background-size":"auto","background-attachment":"scroll","background-type":"","background-media":"","overlay-type":"","overlay-color":"","overlay-opacity":"","overlay-gradient":""}}},"product_brand":[],"product_cat":[24],"product_tag":[],"class_list":{"0":"post-3011","1":"product","2":"type-product","3":"status-publish","4":"has-post-thumbnail","6":"product_cat-konjac-dietary-fiber","7":"desktop-align-left","8":"tablet-align-left","9":"mobile-align-left","10":"ast-product-gallery-layout-horizontal-slider","11":"ast-product-tabs-layout-horizontal","13":"first","14":"instock","15":"shipping-taxable","16":"product-type-simple"},"_links":{"self":[{"href":"https:\/\/sentaiyuanbio.com\/fr\/wp-json\/wp\/v2\/product\/3011","targetHints":{"allow":["GET"]}}],"collection":[{"href":"https:\/\/sentaiyuanbio.com\/fr\/wp-json\/wp\/v2\/product"}],"about":[{"href":"https:\/\/sentaiyuanbio.com\/fr\/wp-json\/wp\/v2\/types\/product"}],"version-history":[{"count":0,"href":"https:\/\/sentaiyuanbio.com\/fr\/wp-json\/wp\/v2\/product\/3011\/revisions"}],"wp:featuredmedia":[{"embeddable":true,"href":"https:\/\/sentaiyuanbio.com\/fr\/wp-json\/wp\/v2\/media\/3012"}],"wp:attachment":[{"href":"https:\/\/sentaiyuanbio.com\/fr\/wp-json\/wp\/v2\/media?parent=3011"}],"wp:term":[{"taxonomy":"product_brand","embeddable":true,"href":"https:\/\/sentaiyuanbio.com\/fr\/wp-json\/wp\/v2\/product_brand?post=3011"},{"taxonomy":"product_cat","embeddable":true,"href":"https:\/\/sentaiyuanbio.com\/fr\/wp-json\/wp\/v2\/product_cat?post=3011"},{"taxonomy":"product_tag","embeddable":true,"href":"https:\/\/sentaiyuanbio.com\/fr\/wp-json\/wp\/v2\/product_tag?post=3011"}],"curies":[{"name":"wp","href":"https:\/\/api.w.org\/{rel}","templated":true}]}}