{"id":3028,"date":"2024-10-29T09:29:20","date_gmt":"2024-10-29T09:29:20","guid":{"rendered":"https:\/\/sentaiyuanbio.com\/?post_type=product&#038;p=3028"},"modified":"2026-01-06T02:14:56","modified_gmt":"2026-01-06T02:14:56","slug":"tagliatelles-de-konjac-tagliatelles-de-shirataki","status":"publish","type":"product","link":"https:\/\/sentaiyuanbio.com\/fr\/produit\/tagliatelles-de-konjac-tagliatelles-de-shirataki\/","title":{"rendered":"Konjac Tagliatelle, Shirataki Tagliatelle P\u00e2tes biologiques"},"content":{"rendered":"<h2>Sp\u00e9cifications des Tagliatelles Konjac, Tagliatelles Shirataki<\/h2>\n<table width=\"100%\" cellspacing=\"0\" cellpadding=\"0\">\n<tbody>\n<tr class=\"firstRow\">\n<td width=\"180\" height=\"20\">Nom du produit<\/td>\n<td width=\"392\">Tagliatelles au konjac Original<\/td>\n<\/tr>\n<tr>\n<td width=\"180\" height=\"21\">Ingr\u00e9dient principal<\/td>\n<td width=\"392\">Poudre de konjac, eau<\/td>\n<\/tr>\n<tr>\n<td width=\"180\" height=\"21\">Saveurs<\/td>\n<td width=\"392\">Original, carotte, tomate, avoine, \u00e9pinard, algue, soja, citrouille et autres.<\/td>\n<\/tr>\n<tr>\n<td width=\"180\" height=\"39\">Fonctionnalit\u00e9<\/td>\n<td width=\"392\">Sans odeur, faible teneur en calories, faible teneur en glucides, sans gluten, sans sucre, sans graisse, sans OGM, riche en fibres.<\/td>\n<\/tr>\n<tr>\n<td width=\"180\" height=\"41\">Fonctions<\/td>\n<td width=\"392\">R\u00e9gime v\u00e9g\u00e9tarien, perte de poids, augmentation de la sati\u00e9t\u00e9<\/td>\n<\/tr>\n<tr>\n<td width=\"180\" height=\"21\">Fibres alimentaires<\/td>\n<td width=\"392\">2,8g\/100g<\/td>\n<\/tr>\n<tr>\n<td width=\"180\" height=\"21\">L'\u00e9nergie<\/td>\n<td width=\"392\">6 KCAL<\/td>\n<\/tr>\n<tr>\n<td width=\"180\" height=\"21\">Temps de cuisson<\/td>\n<td width=\"392\">0-2 minute<\/td>\n<\/tr>\n<tr>\n<td width=\"180\" height=\"21\">Poids<\/td>\n<td width=\"392\">0,2 kg<\/td>\n<\/tr>\n<tr>\n<td width=\"180\" height=\"21\">Dur\u00e9e de conservation<\/td>\n<td width=\"392\">18 mois<\/td>\n<\/tr>\n<\/tbody>\n<\/table>\n<p>Chaque 100 g de tagliatelles de konjac et de tagliatelles shirataki contient 2,8 g de fibres alimentaires, seulement 6 kcal d'\u00e9nergie et aucune graisse. Id\u00e9al pour ceux qui cherchent \u00e0 perdre du poids, \u00e0 devenir v\u00e9g\u00e9taliens ou qui veulent simplement augmenter la sati\u00e9t\u00e9.<\/p>\n<p>Nous avons une capacit\u00e9 d'approvisionnement impressionnante de 3 000 conteneurs de 20 pieds par an. Cela signifie que vous pouvez \u00eatre assur\u00e9 que nous avons toujours du stock pour votre prochain repas sain.<\/p>\n<p>Il s'agit d'une sorte de substitut de p\u00e2tes fabriqu\u00e9 \u00e0 partir de la racine de la plante Konjac, qui est pauvre en calories et en glucides.<\/p>\n<p>Les Tagliatelles Shirataki pr\u00e9sentent les avantages suivants :<\/p>\n<ul>\n<li>Il s'agit d'une alternative moins calorique aux tagliatelles ordinaires \u00e0 base de bl\u00e9. Elles conviennent aux personnes qui souhaitent r\u00e9duire leur consommation de calories.<\/li>\n<li>Sa faible teneur en glucides en fait un aliment id\u00e9al pour les personnes qui suivent un r\u00e9gime pauvre en glucides ou un r\u00e9gime c\u00e9to.<\/li>\n<li class=\"translation-block\">Il contient beaucoup de <a href=\"https:\/\/sentaiyuanbio.com\/fr\/product-category\/fibres-alimentaires-de-konjac\/\" target=\"_blank\" rel=\"noopener\">fibres alimentaires<\/a>, qui facilitent la digestion et vous rassasient plus longtemps.<\/li>\n<li>Elles ont une sensation g\u00e9latineuse distincte des p\u00e2tes typiques \u00e0 base de bl\u00e9. Elles sont douces et moelleuses.<\/li>\n<li>Elles peuvent remplacer les tagliatelles classiques dans de nombreuses recettes. Il peut \u00eatre utilis\u00e9 avec diff\u00e9rentes sauces, l\u00e9gumes et viandes pour pr\u00e9parer une vari\u00e9t\u00e9 de plats.<\/li>\n<li>Il est sans gluten, v\u00e9g\u00e9tarien et v\u00e9g\u00e9talien. Il offre une alternative aux personnes ayant des exigences alimentaires particuli\u00e8res.<\/li>\n<li class=\"translation-block\">Il ne contient pas de gluten, ce qui en fait une option appropri\u00e9e pour les personnes souffrant de sensibilit\u00e9 au gluten ou de <a href=\"https:\/\/www.mayoclinic.org\/diseases-conditions\/celiac-disease\/symptoms-causes\/syc-20352220\" target=\"_blank\" rel=\"noopener\">maladie c\u00e9liaque<\/a>.<\/li>\n<\/ul>\n<p><strong>Saveur de carottes<\/strong><br \/>\n<img fetchpriority=\"high\" decoding=\"async\" class=\"wp-image-3031 size-full\" style=\"font-style: inherit; font-weight: 600;\" src=\"https:\/\/sentaiyuanbio.com\/wp-content\/uploads\/2024\/10\/shirataki-tagliatelle.jpg\" alt=\"carottes Konjac Tagliatelle\" width=\"800\" height=\"800\" srcset=\"https:\/\/sentaiyuanbio.com\/wp-content\/uploads\/2024\/10\/shirataki-tagliatelle.jpg 800w, https:\/\/sentaiyuanbio.com\/wp-content\/uploads\/2024\/10\/shirataki-tagliatelle-600x600.jpg 600w, https:\/\/sentaiyuanbio.com\/wp-content\/uploads\/2024\/10\/shirataki-tagliatelle-100x100.jpg 100w, https:\/\/sentaiyuanbio.com\/wp-content\/uploads\/2024\/10\/shirataki-tagliatelle-300x300.jpg 300w, https:\/\/sentaiyuanbio.com\/wp-content\/uploads\/2024\/10\/shirataki-tagliatelle-150x150.jpg 150w, https:\/\/sentaiyuanbio.com\/wp-content\/uploads\/2024\/10\/shirataki-tagliatelle-768x768.jpg 768w\" sizes=\"(max-width: 800px) 100vw, 800px\" \/><\/p>\n<p><strong>Go\u00fbt d'algues<\/strong><br \/>\n<img decoding=\"async\" class=\"wp-image-3029 size-full\" style=\"font-size: 16px; font-style: inherit; font-weight: 600;\" src=\"https:\/\/sentaiyuanbio.com\/wp-content\/uploads\/2024\/10\/oat-shirataki-tagliatelle.jpg\" alt=\"Tagliatelles Shirataki \u00e0 l&#039;avoine\" width=\"800\" height=\"800\" srcset=\"https:\/\/sentaiyuanbio.com\/wp-content\/uploads\/2024\/10\/oat-shirataki-tagliatelle.jpg 800w, https:\/\/sentaiyuanbio.com\/wp-content\/uploads\/2024\/10\/oat-shirataki-tagliatelle-600x600.jpg 600w, https:\/\/sentaiyuanbio.com\/wp-content\/uploads\/2024\/10\/oat-shirataki-tagliatelle-100x100.jpg 100w, https:\/\/sentaiyuanbio.com\/wp-content\/uploads\/2024\/10\/oat-shirataki-tagliatelle-300x300.jpg 300w, https:\/\/sentaiyuanbio.com\/wp-content\/uploads\/2024\/10\/oat-shirataki-tagliatelle-150x150.jpg 150w, https:\/\/sentaiyuanbio.com\/wp-content\/uploads\/2024\/10\/oat-shirataki-tagliatelle-768x768.jpg 768w\" sizes=\"(max-width: 800px) 100vw, 800px\" \/><\/p>\n<p><strong>Go\u00fbt d'avoine<\/strong><br \/>\n<img decoding=\"async\" class=\"alignnone wp-image-3029 size-full\" src=\"https:\/\/sentaiyuanbio.com\/wp-content\/uploads\/2024\/10\/oat-shirataki-tagliatelle.jpg\" alt=\"Tagliatelles Shirataki \u00e0 l&#039;avoine\" width=\"800\" height=\"800\" srcset=\"https:\/\/sentaiyuanbio.com\/wp-content\/uploads\/2024\/10\/oat-shirataki-tagliatelle.jpg 800w, https:\/\/sentaiyuanbio.com\/wp-content\/uploads\/2024\/10\/oat-shirataki-tagliatelle-600x600.jpg 600w, https:\/\/sentaiyuanbio.com\/wp-content\/uploads\/2024\/10\/oat-shirataki-tagliatelle-100x100.jpg 100w, https:\/\/sentaiyuanbio.com\/wp-content\/uploads\/2024\/10\/oat-shirataki-tagliatelle-300x300.jpg 300w, https:\/\/sentaiyuanbio.com\/wp-content\/uploads\/2024\/10\/oat-shirataki-tagliatelle-150x150.jpg 150w, https:\/\/sentaiyuanbio.com\/wp-content\/uploads\/2024\/10\/oat-shirataki-tagliatelle-768x768.jpg 768w\" sizes=\"(max-width: 800px) 100vw, 800px\" \/><\/p>\n<style>.embed-container { position: relative; padding-bottom: 56.25%; height: 0; overflow: hidden; max-width: 100%; } .embed-container iframe, .embed-container object, .embed-container embed { position: absolute; top: 0; left: 0; width: 100%; height: 100%; }<\/style>\n<div class=\"embed-container\"><iframe src=\"https:\/\/www.youtube.com\/embed\/4D7vlIY8ScQ\" frameborder=\"0\" allowfullscreen=\"allowfullscreen\"><\/iframe><\/div>","protected":false},"excerpt":{"rendered":"<p class=\"translation-block\">Les d\u00e9licieuses et nutritives tagliatelles de konjac de Sentaiyuan sont fabriqu\u00e9es dans le Sichuan, une ville r\u00e9put\u00e9e pour sa cuisine. Nos tagliatelles Shirataki sont disponibles dans les saveurs suivantes : nature, carotte, avoine et algues, pour n'en citer que quelques-unes. Fabriqu\u00e9 \u00e0 partir de <a href=\"https:\/\/sentaiyuanbio.com\/fr\/produit\/poudre-de-konjac\/\" target=\"_blank\" rel=\"noopener\">farine de konjac<\/a> et d'eau de haute qualit\u00e9, ce substitut de p\u00e2tes est insipide, hypocalorique, pauvre en glucides, sans gluten, sans sucre, sans graisse, sans OGM, riche en fibres et adapt\u00e9 \u00e0 divers r\u00e9gimes.<\/p>","protected":false},"featured_media":3884,"template":"","meta":{"site-sidebar-layout":"default","site-content-layout":"","ast-site-content-layout":"default","site-content-style":"default","site-sidebar-style":"default","ast-global-header-display":"","ast-banner-title-visibility":"","ast-main-header-display":"","ast-hfb-above-header-display":"","ast-hfb-below-header-display":"","ast-hfb-mobile-header-display":"","site-post-title":"","ast-breadcrumbs-content":"","ast-featured-img":"","footer-sml-layout":"","ast-disable-related-posts":"","theme-transparent-header-meta":"default","adv-header-id-meta":"","stick-header-meta":"default","header-above-stick-meta":"","header-main-stick-meta":"","header-below-stick-meta":"","astra-migrate-meta-layouts":"set","ast-page-background-enabled":"default","ast-page-background-meta":{"desktop":{"background-color":"","background-image":"","background-repeat":"repeat","background-position":"center center","background-size":"auto","background-attachment":"scroll","background-type":"","background-media":"","overlay-type":"","overlay-color":"","overlay-opacity":"","overlay-gradient":""},"tablet":{"background-color":"","background-image":"","background-repeat":"repeat","background-position":"center center","background-size":"auto","background-attachment":"scroll","background-type":"","background-media":"","overlay-type":"","overlay-color":"","overlay-opacity":"","overlay-gradient":""},"mobile":{"background-color":"","background-image":"","background-repeat":"repeat","background-position":"center center","background-size":"auto","background-attachment":"scroll","background-type":"","background-media":"","overlay-type":"","overlay-color":"","overlay-opacity":"","overlay-gradient":""}},"ast-content-background-meta":{"desktop":{"background-color":"var(--ast-global-color-5)","background-image":"","background-repeat":"repeat","background-position":"center center","background-size":"auto","background-attachment":"scroll","background-type":"","background-media":"","overlay-type":"","overlay-color":"","overlay-opacity":"","overlay-gradient":""},"tablet":{"background-color":"var(--ast-global-color-5)","background-image":"","background-repeat":"repeat","background-position":"center center","background-size":"auto","background-attachment":"scroll","background-type":"","background-media":"","overlay-type":"","overlay-color":"","overlay-opacity":"","overlay-gradient":""},"mobile":{"background-color":"var(--ast-global-color-5)","background-image":"","background-repeat":"repeat","background-position":"center center","background-size":"auto","background-attachment":"scroll","background-type":"","background-media":"","overlay-type":"","overlay-color":"","overlay-opacity":"","overlay-gradient":""}}},"product_brand":[],"product_cat":[22],"product_tag":[32],"class_list":{"0":"post-3028","1":"product","2":"type-product","3":"status-publish","4":"has-post-thumbnail","6":"product_cat-konjac-pasta","7":"product_tag-konjac-pasta","8":"desktop-align-left","9":"tablet-align-left","10":"mobile-align-left","11":"ast-product-gallery-layout-horizontal-slider","12":"ast-product-tabs-layout-horizontal","14":"first","15":"instock","16":"shipping-taxable","17":"product-type-simple"},"_links":{"self":[{"href":"https:\/\/sentaiyuanbio.com\/fr\/wp-json\/wp\/v2\/product\/3028","targetHints":{"allow":["GET"]}}],"collection":[{"href":"https:\/\/sentaiyuanbio.com\/fr\/wp-json\/wp\/v2\/product"}],"about":[{"href":"https:\/\/sentaiyuanbio.com\/fr\/wp-json\/wp\/v2\/types\/product"}],"version-history":[{"count":0,"href":"https:\/\/sentaiyuanbio.com\/fr\/wp-json\/wp\/v2\/product\/3028\/revisions"}],"wp:featuredmedia":[{"embeddable":true,"href":"https:\/\/sentaiyuanbio.com\/fr\/wp-json\/wp\/v2\/media\/3884"}],"wp:attachment":[{"href":"https:\/\/sentaiyuanbio.com\/fr\/wp-json\/wp\/v2\/media?parent=3028"}],"wp:term":[{"taxonomy":"product_brand","embeddable":true,"href":"https:\/\/sentaiyuanbio.com\/fr\/wp-json\/wp\/v2\/product_brand?post=3028"},{"taxonomy":"product_cat","embeddable":true,"href":"https:\/\/sentaiyuanbio.com\/fr\/wp-json\/wp\/v2\/product_cat?post=3028"},{"taxonomy":"product_tag","embeddable":true,"href":"https:\/\/sentaiyuanbio.com\/fr\/wp-json\/wp\/v2\/product_tag?post=3028"}],"curies":[{"name":"wp","href":"https:\/\/api.w.org\/{rel}","templated":true}]}}