{"id":3123,"date":"2024-11-08T06:55:17","date_gmt":"2024-11-08T06:55:17","guid":{"rendered":"https:\/\/sentaiyuanbio.com\/?post_type=product&#038;p=3123"},"modified":"2026-01-06T02:42:41","modified_gmt":"2026-01-06T02:42:41","slug":"sachets-de-gelee-de-konjac-sans-sucre","status":"publish","type":"product","link":"https:\/\/sentaiyuanbio.com\/fr\/produit\/sachets-de-gelee-de-konjac-sans-sucre\/","title":{"rendered":"Gel\u00e9e de konjac aux fruits de la passion, sachets de gel\u00e9e de konjac"},"content":{"rendered":"<h2>Ingr\u00e9dients de l'ar\u00f4me de gel\u00e9e de konjac au fruit de la passion<\/h2>\n<p>Eau, jus concentr\u00e9 de fruit de la passion, \u00e9rythritol, poudre de konjac, carragh\u00e9nane, acide citrique, chlorure de potassium, sorbate de potassium et vitamine C.<\/p>\n<h2>Ingr\u00e9dients des sachets de gel\u00e9e de konjac ar\u00f4me mangue<\/h2>\n<p>Eau, jus de mangue concentr\u00e9, \u00e9rythritol, poudre de konjac, carragh\u00e9nane, acide citrique, chlorure de potassium, sorbate de potassium et vitamine C.<\/p>\n<h2>Ingr\u00e9dients des sachets de gel\u00e9e de konjac au go\u00fbt d'orange<\/h2>\n<p>Eau, jus d'orange concentr\u00e9, \u00e9rythritol, poudre de konjac, carragh\u00e9nane, acide citrique, chlorure de potassium, sorbate de potassium, vitamine C et peptide de collag\u00e8ne.<\/p>\n<h2>Gel\u00e9e de konjac sans sucre ar\u00f4me p\u00eache Ingr\u00e9dients<\/h2>\n<p>Eau, jus de p\u00eache concentr\u00e9, \u00e9rythritol, poudre de konjac, carragh\u00e9nane, acide citrique, chlorure de potassium, sorbate de potassium et vitamine C.<\/p>\n<h2>Gel\u00e9e de konjac sans sucre ar\u00f4me p\u00eache Ingr\u00e9dients<\/h2>\n<p>Eau, jus de raisin vert concentr\u00e9, \u00e9rythritol, <a href=\"https:\/\/www.webmd.com\/vitamins\/ai\/ingredientmono-1606\/collagen-peptides\" target=\"_blank\" rel=\"noopener\">Peptide de collag\u00e8ne<\/a>, Vitamine C, poudre de konjac, carragh\u00e9nane, acide citrique, chlorure de potassium et sorbate de potassium.<\/p>\n<p><img fetchpriority=\"high\" decoding=\"async\" class=\"alignnone wp-image-3563 size-full\" src=\"https:\/\/sentaiyuanbio.com\/wp-content\/uploads\/2024\/11\/Konjac-jelly-pouches-1.webp\" alt=\"Sachets de gel\u00e9e de konjac\" width=\"750\" height=\"487\" srcset=\"https:\/\/sentaiyuanbio.com\/wp-content\/uploads\/2024\/11\/Konjac-jelly-pouches-1.webp 750w, https:\/\/sentaiyuanbio.com\/wp-content\/uploads\/2024\/11\/Konjac-jelly-pouches-1-300x195.webp 300w, https:\/\/sentaiyuanbio.com\/wp-content\/uploads\/2024\/11\/Konjac-jelly-pouches-1-600x390.webp 600w\" sizes=\"(max-width: 750px) 100vw, 750px\" \/><img decoding=\"async\" class=\"alignnone wp-image-3564 size-full\" style=\"font-style: inherit; font-weight: 600;\" src=\"https:\/\/sentaiyuanbio.com\/wp-content\/uploads\/2024\/11\/Konjac-jelly-pouches-2.webp\" alt=\"Sachets de gel\u00e9e de konjac\" width=\"750\" height=\"415\" srcset=\"https:\/\/sentaiyuanbio.com\/wp-content\/uploads\/2024\/11\/Konjac-jelly-pouches-2.webp 750w, https:\/\/sentaiyuanbio.com\/wp-content\/uploads\/2024\/11\/Konjac-jelly-pouches-2-300x166.webp 300w, https:\/\/sentaiyuanbio.com\/wp-content\/uploads\/2024\/11\/Konjac-jelly-pouches-2-600x332.webp 600w\" sizes=\"(max-width: 750px) 100vw, 750px\" \/><img decoding=\"async\" class=\"alignnone wp-image-3565 size-full\" src=\"https:\/\/sentaiyuanbio.com\/wp-content\/uploads\/2024\/11\/Konjac-jelly-pouches-3.webp\" alt=\"Sachets de gel\u00e9e de konjac\" width=\"750\" height=\"439\" srcset=\"https:\/\/sentaiyuanbio.com\/wp-content\/uploads\/2024\/11\/Konjac-jelly-pouches-3.webp 750w, https:\/\/sentaiyuanbio.com\/wp-content\/uploads\/2024\/11\/Konjac-jelly-pouches-3-300x176.webp 300w, https:\/\/sentaiyuanbio.com\/wp-content\/uploads\/2024\/11\/Konjac-jelly-pouches-3-600x351.webp 600w\" sizes=\"(max-width: 750px) 100vw, 750px\" \/><img loading=\"lazy\" decoding=\"async\" class=\"alignnone wp-image-3566 size-full\" src=\"https:\/\/sentaiyuanbio.com\/wp-content\/uploads\/2024\/11\/Konjac-jelly-pouches-4.webp\" alt=\"gel\u00e9e de poudre de konnyaku, gel\u00e9e de poudre de konjac\" width=\"750\" height=\"459\" srcset=\"https:\/\/sentaiyuanbio.com\/wp-content\/uploads\/2024\/11\/Konjac-jelly-pouches-4.webp 750w, https:\/\/sentaiyuanbio.com\/wp-content\/uploads\/2024\/11\/Konjac-jelly-pouches-4-300x184.webp 300w, https:\/\/sentaiyuanbio.com\/wp-content\/uploads\/2024\/11\/Konjac-jelly-pouches-4-600x367.webp 600w\" sizes=\"(max-width: 750px) 100vw, 750px\" \/><img loading=\"lazy\" decoding=\"async\" class=\"alignnone wp-image-3567 size-full\" style=\"font-style: inherit; font-weight: 600;\" src=\"https:\/\/sentaiyuanbio.com\/wp-content\/uploads\/2024\/11\/Konjac-jelly-pouches-5.webp\" alt=\"gel\u00e9e de poudre de konnyaku, gel\u00e9e de poudre de konjac\" width=\"750\" height=\"568\" srcset=\"https:\/\/sentaiyuanbio.com\/wp-content\/uploads\/2024\/11\/Konjac-jelly-pouches-5.webp 750w, https:\/\/sentaiyuanbio.com\/wp-content\/uploads\/2024\/11\/Konjac-jelly-pouches-5-300x227.webp 300w, https:\/\/sentaiyuanbio.com\/wp-content\/uploads\/2024\/11\/Konjac-jelly-pouches-5-600x454.webp 600w\" sizes=\"(max-width: 750px) 100vw, 750px\" \/><\/p>\n<h2>Attention<\/h2>\n<p>Lorsque les enfants et les personnes \u00e2g\u00e9es mangent, veillez \u00e0 ne pas obstruer la gorge des parents pr\u00e9sents. Une fois que vous aurez gel\u00e9, ce sera plus difficile. Ne pas congeler. Des gouttelettes d'eau peuvent se trouver dans le sac, mais la qualit\u00e9 n'est pas un probl\u00e8me. Trop manger peut provoquer des maux d'estomac. Il est rare de voir des petits points noirs. Il s'agit d'une pelure de konjac, la qualit\u00e9 n'est donc pas en cause.<\/p>","protected":false},"excerpt":{"rendered":"<p>Ces sachets de gel\u00e9e de konjac constituent l'en-cas id\u00e9al \u00e0 emporter. Ils sont \u00e9galement consid\u00e9r\u00e9s comme la solution pour freiner les envies de sucreries et se sentir rassasi\u00e9 entre les repas. Fabriqu\u00e9s \u00e0 partir de <a href=\"https:\/\/sentaiyuanbio.com\/fr\/produit\/glucomannane-de-racine-de-konjac\/\" target=\"_blank\" rel=\"noopener\">poudre de racine de konjac<\/a>, En outre, ils ne contiennent que 7 calories par sachet, ce qui en fait une excellente boisson hypocalorique de pr\u00e9-entra\u00eenement. Elles sont \u00e9galement pr\u00e9par\u00e9es avec des p\u00eaches, des mangues, des oranges ou des raisins. Essayez cette boisson si vous voulez commencer \u00e0 vivre un mode de vie plus sain !<\/p>","protected":false},"featured_media":4318,"template":"","meta":{"site-sidebar-layout":"default","site-content-layout":"","ast-site-content-layout":"default","site-content-style":"default","site-sidebar-style":"default","ast-global-header-display":"","ast-banner-title-visibility":"","ast-main-header-display":"","ast-hfb-above-header-display":"","ast-hfb-below-header-display":"","ast-hfb-mobile-header-display":"","site-post-title":"","ast-breadcrumbs-content":"","ast-featured-img":"","footer-sml-layout":"","ast-disable-related-posts":"","theme-transparent-header-meta":"default","adv-header-id-meta":"","stick-header-meta":"default","header-above-stick-meta":"","header-main-stick-meta":"","header-below-stick-meta":"","astra-migrate-meta-layouts":"set","ast-page-background-enabled":"default","ast-page-background-meta":{"desktop":{"background-color":"","background-image":"","background-repeat":"repeat","background-position":"center center","background-size":"auto","background-attachment":"scroll","background-type":"","background-media":"","overlay-type":"","overlay-color":"","overlay-opacity":"","overlay-gradient":""},"tablet":{"background-color":"","background-image":"","background-repeat":"repeat","background-position":"center center","background-size":"auto","background-attachment":"scroll","background-type":"","background-media":"","overlay-type":"","overlay-color":"","overlay-opacity":"","overlay-gradient":""},"mobile":{"background-color":"","background-image":"","background-repeat":"repeat","background-position":"center center","background-size":"auto","background-attachment":"scroll","background-type":"","background-media":"","overlay-type":"","overlay-color":"","overlay-opacity":"","overlay-gradient":""}},"ast-content-background-meta":{"desktop":{"background-color":"var(--ast-global-color-5)","background-image":"","background-repeat":"repeat","background-position":"center center","background-size":"auto","background-attachment":"scroll","background-type":"","background-media":"","overlay-type":"","overlay-color":"","overlay-opacity":"","overlay-gradient":""},"tablet":{"background-color":"var(--ast-global-color-5)","background-image":"","background-repeat":"repeat","background-position":"center center","background-size":"auto","background-attachment":"scroll","background-type":"","background-media":"","overlay-type":"","overlay-color":"","overlay-opacity":"","overlay-gradient":""},"mobile":{"background-color":"var(--ast-global-color-5)","background-image":"","background-repeat":"repeat","background-position":"center center","background-size":"auto","background-attachment":"scroll","background-type":"","background-media":"","overlay-type":"","overlay-color":"","overlay-opacity":"","overlay-gradient":""}}},"product_brand":[],"product_cat":[52],"product_tag":[53],"class_list":{"0":"post-3123","1":"product","2":"type-product","3":"status-publish","4":"has-post-thumbnail","6":"product_cat-konjac-powder-jelly","7":"product_tag-konjac-jelly-snack","8":"desktop-align-left","9":"tablet-align-left","10":"mobile-align-left","11":"ast-product-gallery-layout-horizontal-slider","12":"ast-product-tabs-layout-horizontal","14":"first","15":"instock","16":"shipping-taxable","17":"product-type-simple"},"_links":{"self":[{"href":"https:\/\/sentaiyuanbio.com\/fr\/wp-json\/wp\/v2\/product\/3123","targetHints":{"allow":["GET"]}}],"collection":[{"href":"https:\/\/sentaiyuanbio.com\/fr\/wp-json\/wp\/v2\/product"}],"about":[{"href":"https:\/\/sentaiyuanbio.com\/fr\/wp-json\/wp\/v2\/types\/product"}],"version-history":[{"count":0,"href":"https:\/\/sentaiyuanbio.com\/fr\/wp-json\/wp\/v2\/product\/3123\/revisions"}],"wp:featuredmedia":[{"embeddable":true,"href":"https:\/\/sentaiyuanbio.com\/fr\/wp-json\/wp\/v2\/media\/4318"}],"wp:attachment":[{"href":"https:\/\/sentaiyuanbio.com\/fr\/wp-json\/wp\/v2\/media?parent=3123"}],"wp:term":[{"taxonomy":"product_brand","embeddable":true,"href":"https:\/\/sentaiyuanbio.com\/fr\/wp-json\/wp\/v2\/product_brand?post=3123"},{"taxonomy":"product_cat","embeddable":true,"href":"https:\/\/sentaiyuanbio.com\/fr\/wp-json\/wp\/v2\/product_cat?post=3123"},{"taxonomy":"product_tag","embeddable":true,"href":"https:\/\/sentaiyuanbio.com\/fr\/wp-json\/wp\/v2\/product_tag?post=3123"}],"curies":[{"name":"wp","href":"https:\/\/api.w.org\/{rel}","templated":true}]}}