{"id":3133,"date":"2024-11-12T07:01:07","date_gmt":"2024-11-12T07:01:07","guid":{"rendered":"https:\/\/sentaiyuanbio.com\/?post_type=product&#038;p=3133"},"modified":"2026-01-06T02:42:22","modified_gmt":"2026-01-06T02:42:22","slug":"gelee-de-konjac-saveur-pomme-sans-sucre","status":"publish","type":"product","link":"https:\/\/sentaiyuanbio.com\/fr\/produit\/gelee-de-konjac-saveur-pomme-sans-sucre\/","title":{"rendered":"Gel\u00e9e de konjac pomme, gel\u00e9e de konjac fruits, gel\u00e9e de konjac vrac"},"content":{"rendered":"<h2>Gel\u00e9e de konjac ar\u00f4me pomme Description<\/h2>\n<p>La gel\u00e9e de konjac est une gel\u00e9e l\u00e9g\u00e8re, c'est donc plus un en-cas qu'une boisson. Cependant, elle est pr\u00e9sent\u00e9e dans un sachet souple qui vous permet de la boire sur le pouce sans avoir \u00e0 la manger avec une cuill\u00e8re, comme c'est le cas pour d'autres g\u00e9latines.<\/p>\n<p>Avant de manger, veuillez presser doucement le sac de gel\u00e9e pour \u00e9craser compl\u00e8tement la gel\u00e9e afin qu'elle soit facile \u00e0 aspirer. De plus, nos sachets de gel\u00e9e sont recyclables !<\/p>\n<p>Pour rehausser le go\u00fbt, nous avons ajout\u00e9 de la vitamine C et du concentr\u00e9 de jus de pomme, <a href=\"https:\/\/www.webmd.com\/diet\/what-is-erythritol\" target=\"_blank\" rel=\"noopener\">\u00e9rythritol<\/a>, La formule est enrichie de peptides de collag\u00e8ne et d'acide citrique pour faire ressortir nos saveurs.<\/p>\n<p><img fetchpriority=\"high\" decoding=\"async\" class=\"alignnone wp-image-3572 size-full\" src=\"https:\/\/sentaiyuanbio.com\/wp-content\/uploads\/2024\/11\/Konjac-jelly-bulk-1.webp\" alt=\"Gel\u00e9e de konjac, gel\u00e9e de konjac en vrac\" width=\"750\" height=\"572\" srcset=\"https:\/\/sentaiyuanbio.com\/wp-content\/uploads\/2024\/11\/Konjac-jelly-bulk-1.webp 750w, https:\/\/sentaiyuanbio.com\/wp-content\/uploads\/2024\/11\/Konjac-jelly-bulk-1-300x229.webp 300w, https:\/\/sentaiyuanbio.com\/wp-content\/uploads\/2024\/11\/Konjac-jelly-bulk-1-600x458.webp 600w\" sizes=\"(max-width: 750px) 100vw, 750px\" \/><img decoding=\"async\" class=\"alignnone wp-image-3573 size-full\" src=\"https:\/\/sentaiyuanbio.com\/wp-content\/uploads\/2024\/11\/Konjac-jelly-bulk-2.webp\" alt=\"Gel\u00e9e de konjac, gel\u00e9e de konjac en vrac\" width=\"750\" height=\"495\" srcset=\"https:\/\/sentaiyuanbio.com\/wp-content\/uploads\/2024\/11\/Konjac-jelly-bulk-2.webp 750w, https:\/\/sentaiyuanbio.com\/wp-content\/uploads\/2024\/11\/Konjac-jelly-bulk-2-300x198.webp 300w, https:\/\/sentaiyuanbio.com\/wp-content\/uploads\/2024\/11\/Konjac-jelly-bulk-2-600x396.webp 600w\" sizes=\"(max-width: 750px) 100vw, 750px\" \/><img decoding=\"async\" class=\"alignnone wp-image-3574 size-full\" src=\"https:\/\/sentaiyuanbio.com\/wp-content\/uploads\/2024\/11\/Konjac-jelly-bulk-3.webp\" alt=\"Gel\u00e9e de konjac, gel\u00e9e de konjac en vrac\" width=\"750\" height=\"452\" srcset=\"https:\/\/sentaiyuanbio.com\/wp-content\/uploads\/2024\/11\/Konjac-jelly-bulk-3.webp 750w, https:\/\/sentaiyuanbio.com\/wp-content\/uploads\/2024\/11\/Konjac-jelly-bulk-3-300x181.webp 300w, https:\/\/sentaiyuanbio.com\/wp-content\/uploads\/2024\/11\/Konjac-jelly-bulk-3-600x362.webp 600w\" sizes=\"(max-width: 750px) 100vw, 750px\" \/><img loading=\"lazy\" decoding=\"async\" class=\"alignnone wp-image-3575 size-full\" src=\"https:\/\/sentaiyuanbio.com\/wp-content\/uploads\/2024\/11\/Konjac-jelly-bulk-4.webp\" alt=\"Gel\u00e9e de konjac, gel\u00e9e de konjac en vrac\" width=\"750\" height=\"478\" srcset=\"https:\/\/sentaiyuanbio.com\/wp-content\/uploads\/2024\/11\/Konjac-jelly-bulk-4.webp 750w, https:\/\/sentaiyuanbio.com\/wp-content\/uploads\/2024\/11\/Konjac-jelly-bulk-4-300x191.webp 300w, https:\/\/sentaiyuanbio.com\/wp-content\/uploads\/2024\/11\/Konjac-jelly-bulk-4-600x382.webp 600w\" sizes=\"(max-width: 750px) 100vw, 750px\" \/><img loading=\"lazy\" decoding=\"async\" class=\"alignnone wp-image-3576 size-full\" src=\"https:\/\/sentaiyuanbio.com\/wp-content\/uploads\/2024\/11\/Konjac-jelly-bulk-5.webp\" alt=\"Gel\u00e9e de konjac, gel\u00e9e de konjac en vrac\" width=\"750\" height=\"421\" srcset=\"https:\/\/sentaiyuanbio.com\/wp-content\/uploads\/2024\/11\/Konjac-jelly-bulk-5.webp 750w, https:\/\/sentaiyuanbio.com\/wp-content\/uploads\/2024\/11\/Konjac-jelly-bulk-5-300x168.webp 300w, https:\/\/sentaiyuanbio.com\/wp-content\/uploads\/2024\/11\/Konjac-jelly-bulk-5-600x337.webp 600w\" sizes=\"(max-width: 750px) 100vw, 750px\" \/><\/p>","protected":false},"excerpt":{"rendered":"<p>Un sachet de pommes en gel\u00e9e de konjac par jour \u00e9loigne le m\u00e9decin.  La mati\u00e8re premi\u00e8re de la pomme \u00e0 gel\u00e9e de konjac est la suivante <a href=\"https:\/\/sentaiyuanbio.com\/fr\/produit\/poudre-de-konjac\/\" target=\"_blank\" rel=\"noopener\">poudre de racine de konjac<\/a>, qui contient du glucomannane, un ingr\u00e9dient qui a une forte capacit\u00e9 \u00e0 absorber l'eau et \u00e0 se dilater progressivement. Cela permet de rester rassasi\u00e9 plus longtemps tout en \u00e9tant extr\u00eamement pauvre en calories.<\/p>","protected":false},"featured_media":4300,"template":"","meta":{"site-sidebar-layout":"default","site-content-layout":"","ast-site-content-layout":"default","site-content-style":"default","site-sidebar-style":"default","ast-global-header-display":"","ast-banner-title-visibility":"","ast-main-header-display":"","ast-hfb-above-header-display":"","ast-hfb-below-header-display":"","ast-hfb-mobile-header-display":"","site-post-title":"","ast-breadcrumbs-content":"","ast-featured-img":"","footer-sml-layout":"","ast-disable-related-posts":"","theme-transparent-header-meta":"default","adv-header-id-meta":"","stick-header-meta":"default","header-above-stick-meta":"","header-main-stick-meta":"","header-below-stick-meta":"","astra-migrate-meta-layouts":"set","ast-page-background-enabled":"default","ast-page-background-meta":{"desktop":{"background-color":"","background-image":"","background-repeat":"repeat","background-position":"center center","background-size":"auto","background-attachment":"scroll","background-type":"","background-media":"","overlay-type":"","overlay-color":"","overlay-opacity":"","overlay-gradient":""},"tablet":{"background-color":"","background-image":"","background-repeat":"repeat","background-position":"center center","background-size":"auto","background-attachment":"scroll","background-type":"","background-media":"","overlay-type":"","overlay-color":"","overlay-opacity":"","overlay-gradient":""},"mobile":{"background-color":"","background-image":"","background-repeat":"repeat","background-position":"center center","background-size":"auto","background-attachment":"scroll","background-type":"","background-media":"","overlay-type":"","overlay-color":"","overlay-opacity":"","overlay-gradient":""}},"ast-content-background-meta":{"desktop":{"background-color":"var(--ast-global-color-5)","background-image":"","background-repeat":"repeat","background-position":"center center","background-size":"auto","background-attachment":"scroll","background-type":"","background-media":"","overlay-type":"","overlay-color":"","overlay-opacity":"","overlay-gradient":""},"tablet":{"background-color":"var(--ast-global-color-5)","background-image":"","background-repeat":"repeat","background-position":"center center","background-size":"auto","background-attachment":"scroll","background-type":"","background-media":"","overlay-type":"","overlay-color":"","overlay-opacity":"","overlay-gradient":""},"mobile":{"background-color":"var(--ast-global-color-5)","background-image":"","background-repeat":"repeat","background-position":"center center","background-size":"auto","background-attachment":"scroll","background-type":"","background-media":"","overlay-type":"","overlay-color":"","overlay-opacity":"","overlay-gradient":""}}},"product_brand":[],"product_cat":[52],"product_tag":[53],"class_list":{"0":"post-3133","1":"product","2":"type-product","3":"status-publish","4":"has-post-thumbnail","6":"product_cat-konjac-powder-jelly","7":"product_tag-konjac-jelly-snack","8":"desktop-align-left","9":"tablet-align-left","10":"mobile-align-left","11":"ast-product-gallery-layout-horizontal-slider","12":"ast-product-tabs-layout-horizontal","14":"first","15":"instock","16":"shipping-taxable","17":"product-type-simple"},"_links":{"self":[{"href":"https:\/\/sentaiyuanbio.com\/fr\/wp-json\/wp\/v2\/product\/3133","targetHints":{"allow":["GET"]}}],"collection":[{"href":"https:\/\/sentaiyuanbio.com\/fr\/wp-json\/wp\/v2\/product"}],"about":[{"href":"https:\/\/sentaiyuanbio.com\/fr\/wp-json\/wp\/v2\/types\/product"}],"version-history":[{"count":0,"href":"https:\/\/sentaiyuanbio.com\/fr\/wp-json\/wp\/v2\/product\/3133\/revisions"}],"wp:featuredmedia":[{"embeddable":true,"href":"https:\/\/sentaiyuanbio.com\/fr\/wp-json\/wp\/v2\/media\/4300"}],"wp:attachment":[{"href":"https:\/\/sentaiyuanbio.com\/fr\/wp-json\/wp\/v2\/media?parent=3133"}],"wp:term":[{"taxonomy":"product_brand","embeddable":true,"href":"https:\/\/sentaiyuanbio.com\/fr\/wp-json\/wp\/v2\/product_brand?post=3133"},{"taxonomy":"product_cat","embeddable":true,"href":"https:\/\/sentaiyuanbio.com\/fr\/wp-json\/wp\/v2\/product_cat?post=3133"},{"taxonomy":"product_tag","embeddable":true,"href":"https:\/\/sentaiyuanbio.com\/fr\/wp-json\/wp\/v2\/product_tag?post=3133"}],"curies":[{"name":"wp","href":"https:\/\/api.w.org\/{rel}","templated":true}]}}