{"id":3799,"date":"2025-02-18T09:50:48","date_gmt":"2025-02-18T09:50:48","guid":{"rendered":"https:\/\/sentaiyuanbio.com\/?post_type=product&#038;p=3799"},"modified":"2026-04-20T08:29:26","modified_gmt":"2026-04-20T08:29:26","slug":"riz-shirataki-1kg","status":"publish","type":"product","link":"https:\/\/sentaiyuanbio.com\/fr\/produit\/riz-shirataki-1kg\/","title":{"rendered":"Shirataki Rice 1kg, Dry Konjac Rice Wholesale"},"content":{"rendered":"<h2>Sp\u00e9cification du riz Shirataki 1 kg<\/h2>\n<table width=\"100%\" cellspacing=\"0\" cellpadding=\"0\">\n<colgroup>\n<col style=\"width: 180px;\" width=\"215\" \/>\n<col style=\"width: 383px;\" width=\"383\" \/> <\/colgroup>\n<tbody>\n<tr style=\"height: 20px;\">\n<td width=\"180\" height=\"20\">Nom du produit<\/td>\n<td width=\"392\">Riz Shirataki sec 1kg<\/td>\n<\/tr>\n<tr style=\"height: 20px;\">\n<td width=\"180\" height=\"21\">Ingr\u00e9dient principal<\/td>\n<td width=\"392\">Farine de konjac, eau<\/td>\n<\/tr>\n<tr style=\"height: 39px;\">\n<td width=\"180\" height=\"39\">Fonctionnalit\u00e9<\/td>\n<td width=\"392\">Sans odeur, faible teneur en calories, faible teneur en glucides, sans gluten, sans sucre, sans graisse, sans OGM, riche en fibres.<\/td>\n<\/tr>\n<tr style=\"height: 41px;\">\n<td width=\"180\" height=\"41\">Fonctions<\/td>\n<td width=\"392\">R\u00e9gime v\u00e9g\u00e9tarien, perte de poids, augmentation de la sati\u00e9t\u00e9<\/td>\n<\/tr>\n<tr style=\"height: 20px;\">\n<td width=\"180\" height=\"21\">Fibres alimentaires<\/td>\n<td width=\"392\">2,8g\/100g<\/td>\n<\/tr>\n<tr style=\"height: 20px;\">\n<td width=\"180\" height=\"21\">Temps de cuisson<\/td>\n<td width=\"392\">8 minutes<\/td>\n<\/tr>\n<tr style=\"height: 20px;\">\n<td width=\"180\" height=\"21\">Teneur en mati\u00e8res grasses<\/td>\n<td width=\"392\">&lt;0,1g\/100g<\/td>\n<\/tr>\n<tr style=\"height: 20px;\">\n<td width=\"180\" height=\"21\">Poids<\/td>\n<td width=\"392\">1kg<\/td>\n<\/tr>\n<tr style=\"height: 20px;\">\n<td width=\"180\" height=\"21\">Dur\u00e9e de conservation<\/td>\n<td width=\"392\">24 mois<\/td>\n<\/tr>\n<tr style=\"height: 20px;\">\n<td width=\"180\" height=\"21\">Certificats<\/td>\n<td width=\"392\">IFS, BRC, KASHER, HALAL, HACCP<\/td>\n<\/tr>\n<tr style=\"height: 20px;\">\n<td width=\"180\" height=\"21\">Paquet<\/td>\n<td width=\"392\">Sac int\u00e9rieur + pochette permanente\/ bo\u00eete en papier<\/td>\n<\/tr>\n<tr style=\"height: 20px;\">\n<td width=\"180\" height=\"21\">Stockage<\/td>\n<td width=\"392\">Temp\u00e9rature ambiante, endroit frais et sec, \u00e9viter la lumi\u00e8re directe du soleil.<\/td>\n<\/tr>\n<tr style=\"height: 20px;\">\n<td width=\"180\" height=\"21\">Service<\/td>\n<td width=\"392\">OEM, ODM, OBM<\/td>\n<\/tr>\n<tr style=\"height: 20px;\">\n<td width=\"180\" height=\"21\">D\u00e9lai de livraison<\/td>\n<td width=\"392\">15-30 jours ouvrables<\/td>\n<\/tr>\n<\/tbody>\n<\/table>\n<h2>les avantages pour la sant\u00e9 du riz sec shirataki 1kg<\/h2>\n<ul>\n<li>Faible teneur en calories et en glucides<\/li>\n<li>Riche en fibres solubles (glucomannane)<\/li>\n<li>Aide \u00e0 contr\u00f4ler le taux de sucre dans le sang<\/li>\n<li>Aide \u00e0 la perte de poids<\/li>\n<li>Am\u00e9liore la sant\u00e9 intestinale<\/li>\n<li>Sans gluten et sans c\u00e9r\u00e9ales<\/li>\n<li>Faible indice glyc\u00e9mique<\/li>\n<li>Avantages potentiels pour la sant\u00e9 cardiaque<\/li>\n<\/ul>\n<h2>Indice glyc\u00e9mique du riz Shirataki et guide d'achat<\/h2>\n<h3>Indice glyc\u00e9mique (IG) du riz Shirataki<\/h3>\n<p>Le <a href=\"https:\/\/www.healthline.com\/nutrition\/glycemic-index\" target=\"_blank\" rel=\"noopener\">indice glyc\u00e9mique<\/a> L'indice glyc\u00e9mique du riz shirataki est tr\u00e8s bas : selon les recherches, il est de 17 et la charge glyc\u00e9mique est de 0. Cela s'explique par le fait que le riz shirataki est principalement compos\u00e9 de fibres alimentaires solubles dans l'eau et qu'il ne contient pratiquement pas de glucides digestibles. Il s'agit d'un aliment \u00e0 faible indice glyc\u00e9mique et \u00e0 faible charge glyc\u00e9mique, qui ne provoque donc pas d'augmentation significative de la glyc\u00e9mie.<\/p>\n<h3>Guide d'achat du riz Shirataki<\/h3>\n<p><strong>1. Contr\u00f4le de l'apparence<\/strong><br \/>\nCouleur : le riz shirataki de haute qualit\u00e9 pr\u00e9sente g\u00e9n\u00e9ralement une couleur naturelle blanc cass\u00e9 ou blanc laiteux. Si la couleur est trop blanche ou pr\u00e9sente des changements de couleur anormaux, il est possible que de l'eau de Javel ou d'autres produits chimiques aient \u00e9t\u00e9 ajout\u00e9s.<br \/>\nForme : Les grains doivent \u00eatre uniformes et complets, sans dommages ni d\u00e9formations \u00e9vidents.<\/p>\n<p><strong>2. Test de texture<\/strong><br \/>\n\u00c9lasticit\u00e9 : En pressant doucement le riz konjac, vous devriez sentir une certaine \u00e9lasticit\u00e9 et une certaine solidit\u00e9, et il ne se cassera pas et ne collera pas facilement.<br \/>\nLisset\u00e9 de la surface : La surface d'un bon riz konjac doit \u00eatre lisse, sans rugosit\u00e9 ni sensation de corps \u00e9tranger.<\/p>\n<p><strong>3. L'odeur<\/strong><br \/>\nParfum naturel : Le riz shirataki frais doit avoir un l\u00e9ger parfum naturel et ne doit pas pr\u00e9senter d'odeur particuli\u00e8re, comme une odeur de moisi, d'aigre ou d'autres odeurs anormales.<\/p>\n<p><strong>4. Liste des ingr\u00e9dients<\/strong><br \/>\nLa puret\u00e9 : Essayez de choisir des produits contenant des ingr\u00e9dients simples, de pr\u00e9f\u00e9rence uniquement <a href=\"https:\/\/sentaiyuanbio.com\/fr\/produit\/farine-digname-konjac-poudre-digname-konjac\/\" target=\"_blank\" rel=\"noopener\">poudre de konjac<\/a> et d'autres additifs n\u00e9cessaires (comme une petite quantit\u00e9 d'acide citrique pour am\u00e9liorer le go\u00fbt).<br \/>\nPas d'additifs : \u00c9vitez d'acheter des produits contenant trop de colorants et d'ar\u00f4mes artificiels ou d'autres additifs inutiles.<\/p>\n<p><strong>5. Int\u00e9grit\u00e9 de l'emballage<\/strong><br \/>\nScellement : V\u00e9rifiez que l'emballage n'est pas endommag\u00e9 ou qu'il ne pr\u00e9sente pas de fuites. Une bonne \u00e9tanch\u00e9it\u00e9 peut emp\u00eacher efficacement l'humidit\u00e9 et la d\u00e9t\u00e9rioration du produit.<br \/>\nTransparence : Certains riz shirataki de qualit\u00e9 sup\u00e9rieure sont emball\u00e9s de mani\u00e8re transparente afin que l'\u00e9tat du produit puisse \u00eatre observ\u00e9 directement.<\/p>","protected":false},"excerpt":{"rendered":"<p>Le riz Shirataki 1kg, c'est 97% d'eau, 3% de fibres, et des traces de prot\u00e9ines, de lipides et de calcium. Il s'agit donc d'un substitut de riz sans culpabilit\u00e9, avec z\u00e9ro calorie et presque z\u00e9ro hydrate de carbone.<br \/>\nN'h\u00e9sitez pas \u00e0 savourer le d\u00e9licieux riz Shirataki sans culpabilit\u00e9. Qu'il s'agisse de la gestion du poids, du contr\u00f4le de la glyc\u00e9mie, de la r\u00e9duction du cholest\u00e9rol ou de l'am\u00e9lioration de la digestion, ce substitut du riz est un moyen durable d'\u00eatre en bonne sant\u00e9.<\/p>","protected":false},"featured_media":4215,"template":"","meta":{"site-sidebar-layout":"default","site-content-layout":"","ast-site-content-layout":"default","site-content-style":"default","site-sidebar-style":"default","ast-global-header-display":"","ast-banner-title-visibility":"","ast-main-header-display":"","ast-hfb-above-header-display":"","ast-hfb-below-header-display":"","ast-hfb-mobile-header-display":"","site-post-title":"","ast-breadcrumbs-content":"","ast-featured-img":"","footer-sml-layout":"","ast-disable-related-posts":"","theme-transparent-header-meta":"default","adv-header-id-meta":"","stick-header-meta":"default","header-above-stick-meta":"","header-main-stick-meta":"","header-below-stick-meta":"","astra-migrate-meta-layouts":"set","ast-page-background-enabled":"default","ast-page-background-meta":{"desktop":{"background-color":"","background-image":"","background-repeat":"repeat","background-position":"center center","background-size":"auto","background-attachment":"scroll","background-type":"","background-media":"","overlay-type":"","overlay-color":"","overlay-opacity":"","overlay-gradient":""},"tablet":{"background-color":"","background-image":"","background-repeat":"repeat","background-position":"center center","background-size":"auto","background-attachment":"scroll","background-type":"","background-media":"","overlay-type":"","overlay-color":"","overlay-opacity":"","overlay-gradient":""},"mobile":{"background-color":"","background-image":"","background-repeat":"repeat","background-position":"center center","background-size":"auto","background-attachment":"scroll","background-type":"","background-media":"","overlay-type":"","overlay-color":"","overlay-opacity":"","overlay-gradient":""}},"ast-content-background-meta":{"desktop":{"background-color":"var(--ast-global-color-5)","background-image":"","background-repeat":"repeat","background-position":"center center","background-size":"auto","background-attachment":"scroll","background-type":"","background-media":"","overlay-type":"","overlay-color":"","overlay-opacity":"","overlay-gradient":""},"tablet":{"background-color":"var(--ast-global-color-5)","background-image":"","background-repeat":"repeat","background-position":"center center","background-size":"auto","background-attachment":"scroll","background-type":"","background-media":"","overlay-type":"","overlay-color":"","overlay-opacity":"","overlay-gradient":""},"mobile":{"background-color":"var(--ast-global-color-5)","background-image":"","background-repeat":"repeat","background-position":"center center","background-size":"auto","background-attachment":"scroll","background-type":"","background-media":"","overlay-type":"","overlay-color":"","overlay-opacity":"","overlay-gradient":""}}},"product_brand":[],"product_cat":[50],"product_tag":[37],"class_list":{"0":"post-3799","1":"product","2":"type-product","3":"status-publish","4":"has-post-thumbnail","6":"product_cat-shirataki-dried-rice","7":"product_tag-konjac-rice","8":"desktop-align-left","9":"tablet-align-left","10":"mobile-align-left","11":"ast-product-gallery-layout-horizontal-slider","12":"ast-product-tabs-layout-horizontal","14":"first","15":"instock","16":"shipping-taxable","17":"product-type-simple"},"_links":{"self":[{"href":"https:\/\/sentaiyuanbio.com\/fr\/wp-json\/wp\/v2\/product\/3799","targetHints":{"allow":["GET"]}}],"collection":[{"href":"https:\/\/sentaiyuanbio.com\/fr\/wp-json\/wp\/v2\/product"}],"about":[{"href":"https:\/\/sentaiyuanbio.com\/fr\/wp-json\/wp\/v2\/types\/product"}],"version-history":[{"count":1,"href":"https:\/\/sentaiyuanbio.com\/fr\/wp-json\/wp\/v2\/product\/3799\/revisions"}],"predecessor-version":[{"id":6160,"href":"https:\/\/sentaiyuanbio.com\/fr\/wp-json\/wp\/v2\/product\/3799\/revisions\/6160"}],"wp:featuredmedia":[{"embeddable":true,"href":"https:\/\/sentaiyuanbio.com\/fr\/wp-json\/wp\/v2\/media\/4215"}],"wp:attachment":[{"href":"https:\/\/sentaiyuanbio.com\/fr\/wp-json\/wp\/v2\/media?parent=3799"}],"wp:term":[{"taxonomy":"product_brand","embeddable":true,"href":"https:\/\/sentaiyuanbio.com\/fr\/wp-json\/wp\/v2\/product_brand?post=3799"},{"taxonomy":"product_cat","embeddable":true,"href":"https:\/\/sentaiyuanbio.com\/fr\/wp-json\/wp\/v2\/product_cat?post=3799"},{"taxonomy":"product_tag","embeddable":true,"href":"https:\/\/sentaiyuanbio.com\/fr\/wp-json\/wp\/v2\/product_tag?post=3799"}],"curies":[{"name":"wp","href":"https:\/\/api.w.org\/{rel}","templated":true}]}}