{"id":4332,"date":"2025-02-27T07:28:49","date_gmt":"2025-02-27T07:28:49","guid":{"rendered":"https:\/\/sentaiyuanbio.com\/?post_type=product&#038;p=4332"},"modified":"2026-01-06T02:15:56","modified_gmt":"2026-01-06T02:15:56","slug":"nouilles-fettuccine-shirataki-originales","status":"publish","type":"product","link":"https:\/\/sentaiyuanbio.com\/fr\/produit\/nouilles-fettuccine-shirataki-originales\/","title":{"rendered":"Nouilles fettuccine Shirataki originales, Nouilles s\u00e8ches de Konjac"},"content":{"rendered":"<h2>Shirataki Fettuccine Noodles Original Flavor Description<\/h2>\n<p>Fabriqu\u00e9es \u00e0 partir de la plante konjac originaire du Sichuan, en Chine, ces nouilles fettuccine shirataki apportent une riche contribution nutritionnelle \u00e0 votre table. Leur teneur \u00e9lev\u00e9e en fibres vous permet de rester rassasi\u00e9 et satisfait, afin que vous puissiez profiter de la v\u00e9ritable essence des p\u00e2tes sans culpabilit\u00e9 calorique.<\/p>\n<p>Que vous soyez sur un <a href=\"https:\/\/www.webmd.com\/diet\/ss\/slideshow-ketogenic-diet\" target=\"_blank\" rel=\"noopener\">r\u00e9gime c\u00e9to<\/a> ou simplement \u00e0 la recherche d'une alternative plus saine, c'est votre voyage vers un plaisir exquis et sans culpabilit\u00e9.<\/p>\n<p>Un d\u00e9licieux \u00e9lixir pour les personnes qui ne mangent pas de gluten, nos nouilles shirataki ont le go\u00fbt et la saveur authentiques des p\u00e2tes traditionnelles, sans gluten.<\/p>\n<table>\n<tbody>\n<tr>\n<td>Nom du produit<\/td>\n<td>Nouilles Fettuccine Shirataki Saveur Originale<\/td>\n<\/tr>\n<tr>\n<td>Ingr\u00e9dient principal<\/td>\n<td><a href=\"https:\/\/sentaiyuanbio.com\/fr\/produit\/poudre-de-konjac\/\" target=\"_blank\" rel=\"noopener\">Poudre de konjac<\/a>, poudre de tapioca, eau<\/td>\n<\/tr>\n<tr>\n<td>Saveurs<\/td>\n<td>Original, \u00e9pinards, algues, carottes, flocons d'avoine<\/td>\n<\/tr>\n<tr>\n<td>Fonctionnalit\u00e9<\/td>\n<td>Sans odeur, faible teneur en calories, faible teneur en glucides, sans gluten, sans sucre, sans graisse, sans OGM, riche en fibres.<\/td>\n<\/tr>\n<tr>\n<td>Fonctions<\/td>\n<td>R\u00e9gime v\u00e9g\u00e9tarien, perte de poids, augmentation de la sati\u00e9t\u00e9<\/td>\n<\/tr>\n<tr>\n<td>Fibres alimentaires<\/td>\n<td>2,8g\/100g<\/td>\n<\/tr>\n<tr>\n<td>Poids<\/td>\n<td>0,08 kg<\/td>\n<\/tr>\n<tr>\n<td>Temps de cuisson<\/td>\n<td>10 minutes<\/td>\n<\/tr>\n<tr>\n<td>Dur\u00e9e de conservation<\/td>\n<td>24 mois<\/td>\n<\/tr>\n<\/tbody>\n<\/table>\n<p><img fetchpriority=\"high\" decoding=\"async\" class=\"alignleft wp-image-4342 size-full\" src=\"https:\/\/sentaiyuanbio.com\/wp-content\/uploads\/2025\/02\/Konjac-Dry-Noodles-Nutrition-Facts.webp\" alt=\"Les nouilles s\u00e8ches de konjac - Valeurs nutritives\" width=\"600\" height=\"600\" srcset=\"https:\/\/sentaiyuanbio.com\/wp-content\/uploads\/2025\/02\/Konjac-Dry-Noodles-Nutrition-Facts.webp 600w, https:\/\/sentaiyuanbio.com\/wp-content\/uploads\/2025\/02\/Konjac-Dry-Noodles-Nutrition-Facts-100x100.webp 100w, https:\/\/sentaiyuanbio.com\/wp-content\/uploads\/2025\/02\/Konjac-Dry-Noodles-Nutrition-Facts-300x300.webp 300w, https:\/\/sentaiyuanbio.com\/wp-content\/uploads\/2025\/02\/Konjac-Dry-Noodles-Nutrition-Facts-150x150.webp 150w\" sizes=\"(max-width: 600px) 100vw, 600px\" \/><img decoding=\"async\" class=\"alignleft wp-image-4341 size-full\" src=\"https:\/\/sentaiyuanbio.com\/wp-content\/uploads\/2025\/02\/Konjac-Dry-Noodles.webp\" alt=\"Nouilles s\u00e8ches de konjac\" width=\"600\" height=\"600\" srcset=\"https:\/\/sentaiyuanbio.com\/wp-content\/uploads\/2025\/02\/Konjac-Dry-Noodles.webp 600w, https:\/\/sentaiyuanbio.com\/wp-content\/uploads\/2025\/02\/Konjac-Dry-Noodles-100x100.webp 100w, https:\/\/sentaiyuanbio.com\/wp-content\/uploads\/2025\/02\/Konjac-Dry-Noodles-300x300.webp 300w, https:\/\/sentaiyuanbio.com\/wp-content\/uploads\/2025\/02\/Konjac-Dry-Noodles-150x150.webp 150w\" sizes=\"(max-width: 600px) 100vw, 600px\" \/><\/p>\n<p>&nbsp;<\/p>","protected":false},"excerpt":{"rendered":"<p>Nos nouilles fettuccine shirataki saveur originale sont faibles en calories, riches en fibres, pour une meilleure digestion, une longue dur\u00e9e de conservation, et ont une texture et une saveur uniques pour satisfaire vos papilles gustatives. Essayez les nouilles de konjac saines, hypocaloriques et sans gluten de Sentaiyuan !<\/p>","protected":false},"featured_media":4336,"template":"","meta":{"site-sidebar-layout":"default","site-content-layout":"","ast-site-content-layout":"default","site-content-style":"default","site-sidebar-style":"default","ast-global-header-display":"","ast-banner-title-visibility":"","ast-main-header-display":"","ast-hfb-above-header-display":"","ast-hfb-below-header-display":"","ast-hfb-mobile-header-display":"","site-post-title":"","ast-breadcrumbs-content":"","ast-featured-img":"","footer-sml-layout":"","ast-disable-related-posts":"","theme-transparent-header-meta":"default","adv-header-id-meta":"","stick-header-meta":"default","header-above-stick-meta":"","header-main-stick-meta":"","header-below-stick-meta":"","astra-migrate-meta-layouts":"set","ast-page-background-enabled":"default","ast-page-background-meta":{"desktop":{"background-color":"","background-image":"","background-repeat":"repeat","background-position":"center center","background-size":"auto","background-attachment":"scroll","background-type":"","background-media":"","overlay-type":"","overlay-color":"","overlay-opacity":"","overlay-gradient":""},"tablet":{"background-color":"","background-image":"","background-repeat":"repeat","background-position":"center center","background-size":"auto","background-attachment":"scroll","background-type":"","background-media":"","overlay-type":"","overlay-color":"","overlay-opacity":"","overlay-gradient":""},"mobile":{"background-color":"","background-image":"","background-repeat":"repeat","background-position":"center center","background-size":"auto","background-attachment":"scroll","background-type":"","background-media":"","overlay-type":"","overlay-color":"","overlay-opacity":"","overlay-gradient":""}},"ast-content-background-meta":{"desktop":{"background-color":"var(--ast-global-color-5)","background-image":"","background-repeat":"repeat","background-position":"center center","background-size":"auto","background-attachment":"scroll","background-type":"","background-media":"","overlay-type":"","overlay-color":"","overlay-opacity":"","overlay-gradient":""},"tablet":{"background-color":"var(--ast-global-color-5)","background-image":"","background-repeat":"repeat","background-position":"center center","background-size":"auto","background-attachment":"scroll","background-type":"","background-media":"","overlay-type":"","overlay-color":"","overlay-opacity":"","overlay-gradient":""},"mobile":{"background-color":"var(--ast-global-color-5)","background-image":"","background-repeat":"repeat","background-position":"center center","background-size":"auto","background-attachment":"scroll","background-type":"","background-media":"","overlay-type":"","overlay-color":"","overlay-opacity":"","overlay-gradient":""}}},"product_brand":[],"product_cat":[249],"product_tag":[32],"class_list":{"0":"post-4332","1":"product","2":"type-product","3":"status-publish","4":"has-post-thumbnail","6":"product_cat-dry-shirataki-noodles","7":"product_tag-konjac-pasta","8":"desktop-align-left","9":"tablet-align-left","10":"mobile-align-left","11":"ast-product-gallery-layout-horizontal-slider","12":"ast-product-tabs-layout-horizontal","14":"first","15":"instock","16":"shipping-taxable","17":"product-type-simple"},"_links":{"self":[{"href":"https:\/\/sentaiyuanbio.com\/fr\/wp-json\/wp\/v2\/product\/4332","targetHints":{"allow":["GET"]}}],"collection":[{"href":"https:\/\/sentaiyuanbio.com\/fr\/wp-json\/wp\/v2\/product"}],"about":[{"href":"https:\/\/sentaiyuanbio.com\/fr\/wp-json\/wp\/v2\/types\/product"}],"version-history":[{"count":0,"href":"https:\/\/sentaiyuanbio.com\/fr\/wp-json\/wp\/v2\/product\/4332\/revisions"}],"wp:featuredmedia":[{"embeddable":true,"href":"https:\/\/sentaiyuanbio.com\/fr\/wp-json\/wp\/v2\/media\/4336"}],"wp:attachment":[{"href":"https:\/\/sentaiyuanbio.com\/fr\/wp-json\/wp\/v2\/media?parent=4332"}],"wp:term":[{"taxonomy":"product_brand","embeddable":true,"href":"https:\/\/sentaiyuanbio.com\/fr\/wp-json\/wp\/v2\/product_brand?post=4332"},{"taxonomy":"product_cat","embeddable":true,"href":"https:\/\/sentaiyuanbio.com\/fr\/wp-json\/wp\/v2\/product_cat?post=4332"},{"taxonomy":"product_tag","embeddable":true,"href":"https:\/\/sentaiyuanbio.com\/fr\/wp-json\/wp\/v2\/product_tag?post=4332"}],"curies":[{"name":"wp","href":"https:\/\/api.w.org\/{rel}","templated":true}]}}