{"id":4353,"date":"2025-02-27T09:24:51","date_gmt":"2025-02-27T09:24:51","guid":{"rendered":"https:\/\/sentaiyuanbio.com\/?post_type=product&#038;p=4353"},"modified":"2026-01-06T02:28:38","modified_gmt":"2026-01-06T02:28:38","slug":"nouilles-dalgues-konjac-seches","status":"publish","type":"product","link":"https:\/\/sentaiyuanbio.com\/fr\/produit\/nouilles-dalgues-konjac-seches\/","title":{"rendered":"Nouilles d'algues Konjac, Nouilles d'algues Shirataki s\u00e8ches"},"content":{"rendered":"<h2>Nouilles s\u00e8ches aux algues Konjac Description<\/h2>\n<p>Les nouilles aux algues Konjac sont tr\u00e8s pauvres en calories, ce qui en fait un choix populaire pour les personnes qui limitent leur apport calorique. Une portion de nouilles aux algues s\u00e9ch\u00e9es shirataki est tr\u00e8s peu calorique par rapport aux p\u00e2tes de bl\u00e9 traditionnelles, qui sont beaucoup plus caloriques.<\/p>\n<p>Comme il contient tr\u00e8s peu de glucides, il peut \u00eatre consomm\u00e9 par les personnes suivant un r\u00e9gime pauvre en glucides ou c\u00e9tog\u00e8ne.<\/p>\n<p>Riches en fibres nutritives, elles peuvent favoriser une meilleure digestion et la sati\u00e9t\u00e9. La r\u00e9gularit\u00e9 intestinale et l'am\u00e9lioration de la sant\u00e9 des intestins peuvent \u00e9galement \u00eatre attribu\u00e9es \u00e0 la teneur \u00e9lev\u00e9e en fibres des p\u00e2tes de konjac.<\/p>\n<p>Comme il ne contient pas de gluten, il peut \u00e9galement \u00eatre appr\u00e9ci\u00e9 par les personnes sensibles au gluten ou qui suivent un r\u00e9gime sans gluten. Il s'agit d'une alternative aux p\u00e2tes pour les personnes qui ne peuvent \u00e9viter le gluten mais qui souhaitent d\u00e9guster des plats de nouilles.<\/p>\n<p>En raison de sa faible <a href=\"https:\/\/www.diabetes.ca\/DiabetesCanadaWebsite\/media\/Managing-My-Diabetes\/Tools%20and%20Resources\/glycemic-index-food-guide.pdf?ext=.pdf\" target=\"_blank\" rel=\"noopener\">indice glyc\u00e9mique<\/a>, En cons\u00e9quence, sa consommation ne provoque pas d'augmentation brutale du taux de sucre dans le sang. Cela peut s'av\u00e9rer utile pour les personnes souffrant de diab\u00e8te ou essayant d'\u00e9quilibrer leur taux de glyc\u00e9mie.<\/p>\n<p>En raison de sa faible teneur en calories et de sa richesse en fibres, il constitue un choix judicieux pour le contr\u00f4le du poids. Il peut constituer un repas rassasiant et copieux qui contribue \u00e0 r\u00e9duire l'apport calorique global, favorisant ainsi la perte de poids et le contr\u00f4le des portions.<\/p>\n<table style=\"font-size: 16px; font-style: normal;\">\n<tbody>\n<tr>\n<td>Nom du produit<\/td>\n<td>Nouilles s\u00e8ches aux algues Konjac, Nouilles s\u00e8ches aux algues Shirataki<\/td>\n<\/tr>\n<tr>\n<td>Ingr\u00e9dient principal<\/td>\n<td><a href=\"https:\/\/sentaiyuanbio.com\/fr\/produit\/poudre-de-konjac\/\" target=\"_blank\" rel=\"noopener\">Poudre de konjac<\/a>, poudre de tapioca, eau<\/td>\n<\/tr>\n<tr>\n<td>Saveurs<\/td>\n<td>Original, \u00e9pinards, algues, carottes, flocons d'avoine<\/td>\n<\/tr>\n<tr>\n<td>Fonctionnalit\u00e9<\/td>\n<td>Sans odeur, faible teneur en calories, faible teneur en glucides, sans gluten, sans sucre, sans graisse, sans OGM, riche en fibres.<\/td>\n<\/tr>\n<tr>\n<td>Fonctions<\/td>\n<td>R\u00e9gime v\u00e9g\u00e9tarien, perte de poids, augmentation de la sati\u00e9t\u00e9<\/td>\n<\/tr>\n<tr>\n<td>Fibres alimentaires<\/td>\n<td>2,8g\/100g<\/td>\n<\/tr>\n<tr>\n<td>Calories<\/td>\n<td>25Kcal\/100g<\/td>\n<\/tr>\n<tr>\n<td>Teneur en mati\u00e8res grasses<\/td>\n<td>0<\/td>\n<\/tr>\n<tr>\n<td>Poids<\/td>\n<td>80g<\/td>\n<\/tr>\n<tr>\n<td>Temps de cuisson<\/td>\n<td>10 minutes<\/td>\n<\/tr>\n<tr>\n<td>Dur\u00e9e de conservation<\/td>\n<td>24 mois<\/td>\n<\/tr>\n<\/tbody>\n<\/table>\n<h2>Facile \u00e0 cuisiner<\/h2>\n<p>La cuisson des nouilles de konjac aux algues s\u00e9ch\u00e9es est rapide et facile, ce qui vous permet de pr\u00e9parer un repas sain et d\u00e9licieux en un rien de temps.<br \/>\nPlacer les spaghettis rinc\u00e9s dans une casserole d'eau bouillante et les faire cuire pendant 10 minutes, puis les \u00e9goutter.<br \/>\nM\u00e9langer les nouilles avec votre sauce pr\u00e9f\u00e9r\u00e9e, les l\u00e9gumes, les prot\u00e9ines et les assaisonnements, en remuant bien pour assurer une r\u00e9partition uniforme.<\/p>\n<style>.embed-container { position: relative; padding-bottom: 56.25%; height: 0; overflow: hidden; max-width: 100%; } .embed-container iframe, .embed-container object, .embed-container embed { position: absolute; top: 0; left: 0; width: 100%; height: 100%; }<\/style>\n<div class=\"embed-container\"><iframe src=\"https:\/\/www.youtube.com\/embed\/zuGhC6Jdsv4\" frameborder=\"0\" allowfullscreen=\"allowfullscreen\"><\/iframe><\/div>","protected":false},"excerpt":{"rendered":"<p>Les nouilles s\u00e8ches aux algues Konjac sont non seulement sans gluten et conformes \u00e0 la r\u00e9glementation halal, mais elles sont \u00e9galement nutritives et constituent un excellent choix pour toute personne souhaitant maintenir un r\u00e9gime alimentaire sain.<br \/>\nVous pouvez acheter nos nouilles en gros et les proposer \u00e0 vos clients \u00e0 des prix abordables.<\/p>","protected":false},"featured_media":4361,"template":"","meta":{"site-sidebar-layout":"default","site-content-layout":"","ast-site-content-layout":"default","site-content-style":"default","site-sidebar-style":"default","ast-global-header-display":"","ast-banner-title-visibility":"","ast-main-header-display":"","ast-hfb-above-header-display":"","ast-hfb-below-header-display":"","ast-hfb-mobile-header-display":"","site-post-title":"","ast-breadcrumbs-content":"","ast-featured-img":"","footer-sml-layout":"","ast-disable-related-posts":"","theme-transparent-header-meta":"default","adv-header-id-meta":"","stick-header-meta":"default","header-above-stick-meta":"","header-main-stick-meta":"","header-below-stick-meta":"","astra-migrate-meta-layouts":"set","ast-page-background-enabled":"default","ast-page-background-meta":{"desktop":{"background-color":"","background-image":"","background-repeat":"repeat","background-position":"center center","background-size":"auto","background-attachment":"scroll","background-type":"","background-media":"","overlay-type":"","overlay-color":"","overlay-opacity":"","overlay-gradient":""},"tablet":{"background-color":"","background-image":"","background-repeat":"repeat","background-position":"center center","background-size":"auto","background-attachment":"scroll","background-type":"","background-media":"","overlay-type":"","overlay-color":"","overlay-opacity":"","overlay-gradient":""},"mobile":{"background-color":"","background-image":"","background-repeat":"repeat","background-position":"center center","background-size":"auto","background-attachment":"scroll","background-type":"","background-media":"","overlay-type":"","overlay-color":"","overlay-opacity":"","overlay-gradient":""}},"ast-content-background-meta":{"desktop":{"background-color":"var(--ast-global-color-5)","background-image":"","background-repeat":"repeat","background-position":"center center","background-size":"auto","background-attachment":"scroll","background-type":"","background-media":"","overlay-type":"","overlay-color":"","overlay-opacity":"","overlay-gradient":""},"tablet":{"background-color":"var(--ast-global-color-5)","background-image":"","background-repeat":"repeat","background-position":"center center","background-size":"auto","background-attachment":"scroll","background-type":"","background-media":"","overlay-type":"","overlay-color":"","overlay-opacity":"","overlay-gradient":""},"mobile":{"background-color":"var(--ast-global-color-5)","background-image":"","background-repeat":"repeat","background-position":"center center","background-size":"auto","background-attachment":"scroll","background-type":"","background-media":"","overlay-type":"","overlay-color":"","overlay-opacity":"","overlay-gradient":""}}},"product_brand":[],"product_cat":[249],"product_tag":[29],"class_list":{"0":"post-4353","1":"product","2":"type-product","3":"status-publish","4":"has-post-thumbnail","6":"product_cat-dry-shirataki-noodles","7":"product_tag-konjac-spaghetti","8":"desktop-align-left","9":"tablet-align-left","10":"mobile-align-left","11":"ast-product-gallery-layout-horizontal-slider","12":"ast-product-tabs-layout-horizontal","14":"first","15":"instock","16":"shipping-taxable","17":"product-type-simple"},"_links":{"self":[{"href":"https:\/\/sentaiyuanbio.com\/fr\/wp-json\/wp\/v2\/product\/4353","targetHints":{"allow":["GET"]}}],"collection":[{"href":"https:\/\/sentaiyuanbio.com\/fr\/wp-json\/wp\/v2\/product"}],"about":[{"href":"https:\/\/sentaiyuanbio.com\/fr\/wp-json\/wp\/v2\/types\/product"}],"version-history":[{"count":0,"href":"https:\/\/sentaiyuanbio.com\/fr\/wp-json\/wp\/v2\/product\/4353\/revisions"}],"wp:featuredmedia":[{"embeddable":true,"href":"https:\/\/sentaiyuanbio.com\/fr\/wp-json\/wp\/v2\/media\/4361"}],"wp:attachment":[{"href":"https:\/\/sentaiyuanbio.com\/fr\/wp-json\/wp\/v2\/media?parent=4353"}],"wp:term":[{"taxonomy":"product_brand","embeddable":true,"href":"https:\/\/sentaiyuanbio.com\/fr\/wp-json\/wp\/v2\/product_brand?post=4353"},{"taxonomy":"product_cat","embeddable":true,"href":"https:\/\/sentaiyuanbio.com\/fr\/wp-json\/wp\/v2\/product_cat?post=4353"},{"taxonomy":"product_tag","embeddable":true,"href":"https:\/\/sentaiyuanbio.com\/fr\/wp-json\/wp\/v2\/product_tag?post=4353"}],"curies":[{"name":"wp","href":"https:\/\/api.w.org\/{rel}","templated":true}]}}