{"id":4364,"date":"2025-02-28T02:39:09","date_gmt":"2025-02-28T02:39:09","guid":{"rendered":"https:\/\/sentaiyuanbio.com\/?post_type=product&#038;p=4364"},"modified":"2026-01-06T02:15:35","modified_gmt":"2026-01-06T02:15:35","slug":"fettuccine-aux-nouilles-davoine-et-de-konjac","status":"publish","type":"product","link":"https:\/\/sentaiyuanbio.com\/fr\/produit\/fettuccine-aux-nouilles-davoine-et-de-konjac\/","title":{"rendered":"Fettuccine de nouilles Konjac \u00e0 l'avoine, nouilles Konjac avec fibres d'avoine"},"content":{"rendered":"<h2>Nouilles d'avoine et de konjac Fettuccine Description<\/h2>\n<p>Les nouilles de konjac sont \u00e9galement connues sous le nom de nouilles Shirataki. Les nouilles de konjac sont translucides et ressemblent \u00e0 de la gel\u00e9e. Elles n'ont pas de go\u00fbt perceptible, mais absorbent la saveur principale de la soupe ou du plat auquel elles sont ajout\u00e9es.<br \/>\nLes fettuccine de nouilles Konjac \u00e0 l'avoine sont fabriqu\u00e9es \u00e0 partir de fibres solubles naturelles. <a href=\"https:\/\/sentaiyuanbio.com\/fr\/produit\/fabricant-de-gomme-konjac\/\" target=\"_blank\" rel=\"noopener\">glucomannane<\/a> et de l'eau, et constituent un aliment naturel \u00e0 tr\u00e8s faible teneur en glucides et en glyc\u00e9mie.<br \/>\nLe glucomannane est le plus visqueux. <a href=\"https:\/\/www.mayoclinic.org\/healthy-lifestyle\/nutrition-and-healthy-eating\/in-depth\/fiber\/art-20043983\" target=\"_blank\" rel=\"noopener\">fibres solubles<\/a> dans la nature.<br \/>\nOutre les formes de nouilles, les nouilles de konjac ont \u00e9galement des formes vari\u00e9es, telles que les vermicelles et les nouilles tubulaires.<br \/>\nLes fettuccine de nouilles de konjac \u00e0 l'avoine s\u00e9ch\u00e9e peuvent \u00eatre conserv\u00e9es \u00e0 temp\u00e9rature ambiante pendant deux ans, ne pas les r\u00e9frig\u00e9rer.<\/p>\n<table>\n<tbody>\n<tr>\n<td>Nom du produit<\/td>\n<td>Fettuccine de nouilles Konjac \u00e0 l'avoine, nouilles Konjac avec fibres d'avoine<\/td>\n<\/tr>\n<tr>\n<td>Ingr\u00e9dient principal<\/td>\n<td>Poudre de konjac, poudre de tapioca, eau<\/td>\n<\/tr>\n<tr>\n<td>Saveurs<\/td>\n<td>Original, \u00e9pinards, algues, carottes, flocons d'avoine<\/td>\n<\/tr>\n<tr>\n<td>Fonctionnalit\u00e9<\/td>\n<td>Sans odeur, faible teneur en calories, faible teneur en glucides, sans gluten, sans sucre, sans graisse, sans OGM, riche en fibres.<\/td>\n<\/tr>\n<tr>\n<td>Fonctions<\/td>\n<td>R\u00e9gime v\u00e9g\u00e9tarien, perte de poids, augmentation de la sati\u00e9t\u00e9<\/td>\n<\/tr>\n<tr>\n<td>Fibres alimentaires<\/td>\n<td>2,8g\/100g<\/td>\n<\/tr>\n<tr>\n<td>Calories<\/td>\n<td>25Kcal\/100g<\/td>\n<\/tr>\n<tr>\n<td>Teneur en mati\u00e8res grasses<\/td>\n<td>0<\/td>\n<\/tr>\n<tr>\n<td>Poids<\/td>\n<td>80g<\/td>\n<\/tr>\n<tr>\n<td>Temps de cuisson<\/td>\n<td>10 minutes<\/td>\n<\/tr>\n<tr>\n<td>Dur\u00e9e de conservation<\/td>\n<td>24 mois<\/td>\n<\/tr>\n<\/tbody>\n<\/table>\n<h2>Caract\u00e9ristiques des nouilles s\u00e8ches de konjac \u00e0 l'avoine<\/h2>\n<p>En voici quelques avantages :<\/p>\n<ul>\n<li>Faible teneur en calories<\/li>\n<li>Faible teneur en glucides<\/li>\n<li>Riche en fibres<\/li>\n<li>Sans gluten<\/li>\n<li>Gestion de la glyc\u00e9mie<\/li>\n<li>Polyvalent et adaptable<\/li>\n<li>Contr\u00f4le du poids<\/li>\n<li>Facile \u00e0 cuisiner<\/li>\n<\/ul>\n<h2>Comment cuisiner<\/h2>\n<style>.embed-container { position: relative; padding-bottom: 56.25%; height: 0; overflow: hidden; max-width: 100%; } .embed-container iframe, .embed-container object, .embed-container embed { position: absolute; top: 0; left: 0; width: 100%; height: 100%; }<\/style>\n<div class=\"embed-container\"><iframe src=\"https:\/\/www.youtube.com\/embed\/KCbiRjui6ac\" frameborder=\"0\" allowfullscreen=\"allowfullscreen\"><\/iframe><\/div>","protected":false},"excerpt":{"rendered":"<p>Les fettuccine de nouilles s\u00e8ches d'avoine konjac Sentaiyuan sans sucre sont parfaites pour ceux qui recherchent une alternative aux p\u00e2tes traditionnelles, faible en calories, en glucides et sans gluten. Fabriqu\u00e9es \u00e0 partir de la racine de la plante konjac, ces nouilles sont non seulement d\u00e9licieuses mais aussi incroyablement saines.<\/p>","protected":false},"featured_media":4368,"template":"","meta":{"site-sidebar-layout":"default","site-content-layout":"","ast-site-content-layout":"default","site-content-style":"default","site-sidebar-style":"default","ast-global-header-display":"","ast-banner-title-visibility":"","ast-main-header-display":"","ast-hfb-above-header-display":"","ast-hfb-below-header-display":"","ast-hfb-mobile-header-display":"","site-post-title":"","ast-breadcrumbs-content":"","ast-featured-img":"","footer-sml-layout":"","ast-disable-related-posts":"","theme-transparent-header-meta":"default","adv-header-id-meta":"","stick-header-meta":"default","header-above-stick-meta":"","header-main-stick-meta":"","header-below-stick-meta":"","astra-migrate-meta-layouts":"set","ast-page-background-enabled":"default","ast-page-background-meta":{"desktop":{"background-color":"","background-image":"","background-repeat":"repeat","background-position":"center center","background-size":"auto","background-attachment":"scroll","background-type":"","background-media":"","overlay-type":"","overlay-color":"","overlay-opacity":"","overlay-gradient":""},"tablet":{"background-color":"","background-image":"","background-repeat":"repeat","background-position":"center center","background-size":"auto","background-attachment":"scroll","background-type":"","background-media":"","overlay-type":"","overlay-color":"","overlay-opacity":"","overlay-gradient":""},"mobile":{"background-color":"","background-image":"","background-repeat":"repeat","background-position":"center center","background-size":"auto","background-attachment":"scroll","background-type":"","background-media":"","overlay-type":"","overlay-color":"","overlay-opacity":"","overlay-gradient":""}},"ast-content-background-meta":{"desktop":{"background-color":"var(--ast-global-color-5)","background-image":"","background-repeat":"repeat","background-position":"center center","background-size":"auto","background-attachment":"scroll","background-type":"","background-media":"","overlay-type":"","overlay-color":"","overlay-opacity":"","overlay-gradient":""},"tablet":{"background-color":"var(--ast-global-color-5)","background-image":"","background-repeat":"repeat","background-position":"center center","background-size":"auto","background-attachment":"scroll","background-type":"","background-media":"","overlay-type":"","overlay-color":"","overlay-opacity":"","overlay-gradient":""},"mobile":{"background-color":"var(--ast-global-color-5)","background-image":"","background-repeat":"repeat","background-position":"center center","background-size":"auto","background-attachment":"scroll","background-type":"","background-media":"","overlay-type":"","overlay-color":"","overlay-opacity":"","overlay-gradient":""}}},"product_brand":[],"product_cat":[249],"product_tag":[32],"class_list":{"0":"post-4364","1":"product","2":"type-product","3":"status-publish","4":"has-post-thumbnail","6":"product_cat-dry-shirataki-noodles","7":"product_tag-konjac-pasta","8":"desktop-align-left","9":"tablet-align-left","10":"mobile-align-left","11":"ast-product-gallery-layout-horizontal-slider","12":"ast-product-tabs-layout-horizontal","14":"first","15":"instock","16":"shipping-taxable","17":"product-type-simple"},"_links":{"self":[{"href":"https:\/\/sentaiyuanbio.com\/fr\/wp-json\/wp\/v2\/product\/4364","targetHints":{"allow":["GET"]}}],"collection":[{"href":"https:\/\/sentaiyuanbio.com\/fr\/wp-json\/wp\/v2\/product"}],"about":[{"href":"https:\/\/sentaiyuanbio.com\/fr\/wp-json\/wp\/v2\/types\/product"}],"version-history":[{"count":0,"href":"https:\/\/sentaiyuanbio.com\/fr\/wp-json\/wp\/v2\/product\/4364\/revisions"}],"wp:featuredmedia":[{"embeddable":true,"href":"https:\/\/sentaiyuanbio.com\/fr\/wp-json\/wp\/v2\/media\/4368"}],"wp:attachment":[{"href":"https:\/\/sentaiyuanbio.com\/fr\/wp-json\/wp\/v2\/media?parent=4364"}],"wp:term":[{"taxonomy":"product_brand","embeddable":true,"href":"https:\/\/sentaiyuanbio.com\/fr\/wp-json\/wp\/v2\/product_brand?post=4364"},{"taxonomy":"product_cat","embeddable":true,"href":"https:\/\/sentaiyuanbio.com\/fr\/wp-json\/wp\/v2\/product_cat?post=4364"},{"taxonomy":"product_tag","embeddable":true,"href":"https:\/\/sentaiyuanbio.com\/fr\/wp-json\/wp\/v2\/product_tag?post=4364"}],"curies":[{"name":"wp","href":"https:\/\/api.w.org\/{rel}","templated":true}]}}