{"id":4383,"date":"2025-02-28T05:56:16","date_gmt":"2025-02-28T05:56:16","guid":{"rendered":"https:\/\/sentaiyuanbio.com\/?post_type=product&#038;p=4383"},"modified":"2025-02-28T08:28:31","modified_gmt":"2025-02-28T08:28:31","slug":"nouilles-seches-de-konjac-spaghetti","status":"publish","type":"product","link":"https:\/\/sentaiyuanbio.com\/fr\/produit\/nouilles-seches-de-konjac-spaghetti\/","title":{"rendered":"Nouilles de Konjac s\u00e9ch\u00e9es en vrac, Nouilles Shirataki s\u00e8ches ar\u00f4me carotte"},"content":{"rendered":"<h2>Nouilles s\u00e8ches de Konjac Spaghetti Saveur Carotte Description<\/h2>\n<p>Les nouilles s\u00e8ches de konjac sont fabriqu\u00e9es \u00e0 partir d'eau et de la racine en poudre de la plante konjac. Cette mati\u00e8re premi\u00e8re se caract\u00e9rise par une faible teneur en hydrates de carbone, en graisses et en prot\u00e9ines, et par une teneur \u00e9lev\u00e9e en fibres v\u00e9g\u00e9tales pr\u00e9cieuses, appel\u00e9es \"fibres de konjac\". <a href=\"https:\/\/sentaiyuanbio.com\/fr\/produit\/fabricant-de-gomme-konjac\/\" target=\"_blank\" rel=\"noopener\">glucomannane<\/a>. Ces nouilles ne contiennent pas d'allerg\u00e8nes ni de conservateurs.<br \/>\nGr\u00e2ce \u00e0 l'ajout de poudre de carotte, les nouilles ont un go\u00fbt sucr\u00e9 d\u00e9licat et une couleur jaune attrayante. Nos nouilles de konjac absorbent parfaitement la saveur des assaisonnements, ce qui leur permet de s'adapter \u00e0 une grande vari\u00e9t\u00e9 d'ingr\u00e9dients.<\/p>\n<table>\n<tbody>\n<tr>\n<td>Nom du produit<\/td>\n<td>Nouilles s\u00e8ches de Konjac Spaghetti Saveur Carotte, Shirataki Spaghetti<\/td>\n<\/tr>\n<tr>\n<td>Ingr\u00e9dient principal<\/td>\n<td>Poudre de konjac, poudre de tapioca, eau<\/td>\n<\/tr>\n<tr>\n<td>Saveurs<\/td>\n<td>Original, \u00e9pinards, algues, carottes, flocons d'avoine<\/td>\n<\/tr>\n<tr>\n<td>Fonctionnalit\u00e9<\/td>\n<td>Sans odeur, faible teneur en calories, faible teneur en glucides, sans gluten, sans sucre, sans graisse, sans OGM, riche en fibres.<\/td>\n<\/tr>\n<tr>\n<td>Fonctions<\/td>\n<td>R\u00e9gime v\u00e9g\u00e9tarien, perte de poids, augmentation de la sati\u00e9t\u00e9<\/td>\n<\/tr>\n<tr>\n<td>Fibres alimentaires<\/td>\n<td>2,8g\/100g<\/td>\n<\/tr>\n<tr>\n<td>Calories<\/td>\n<td>25Kcal\/100g<\/td>\n<\/tr>\n<tr>\n<td>Teneur en mati\u00e8res grasses<\/td>\n<td>0<\/td>\n<\/tr>\n<tr>\n<td>Poids<\/td>\n<td>80g<\/td>\n<\/tr>\n<tr>\n<td>Temps de cuisson<\/td>\n<td>10 minutes<\/td>\n<\/tr>\n<tr>\n<td>Dur\u00e9e de conservation<\/td>\n<td>24 mois<\/td>\n<\/tr>\n<\/tbody>\n<\/table>\n<h2>Les caract\u00e9ristiques les plus importantes de nos nouilles :<\/h2>\n<ul>\n<li>Id\u00e9ales pour les personnes au r\u00e9gime - 100 g de nos nouilles de carottes au konjac ne contiennent que 20 kcal. C'est environ 6 fois moins que 100 g de nouilles de bl\u00e9 cuites.<\/li>\n<li>Faible indice glyc\u00e9mique - Les nouilles de konjac ne contiennent pas de sucre.<br \/>\nla teneur en hydrates de carbone par 100 g de produit n'exc\u00e8de pas 2,8 g, et la teneur en hydrates de carbone par 100 g de produit n'exc\u00e8de pas 2,8 g. <a href=\"https:\/\/www.verywellhealth.com\/glycemic-index-chart-for-common-foods-1087476\" target=\"_blank\" rel=\"noopener\">indice glyc\u00e9mique<\/a> est faible. Les personnes qui suivent un r\u00e9gime \u00e0 faible indice glyc\u00e9mique peuvent manger ces nouilles.<\/li>\n<li>Recettes v\u00e9g\u00e9tariennes - Nos nouilles ne contiennent pas de substances d'origine animale et conviennent donc parfaitement aux soupes v\u00e9g\u00e9tariennes et aux repas v\u00e9g\u00e9taliens.<\/li>\n<li>Convient \u00e0 une vari\u00e9t\u00e9 de repas - La saveur universelle des nouilles de konjac convient aussi bien aux soupes qu'aux plats de p\u00e2tes classiques.<\/li>\n<\/ul>\n<h2>Comment cuisiner<\/h2>\n<p>La pr\u00e9paration des nouilles s\u00e8ches de Konjac est tr\u00e8s simple et n'importe quelle m\u00e9nag\u00e8re peut s'en charger. Il suffit de tremper les nouilles s\u00e9ch\u00e9es dans de l'eau chaude pendant 5 minutes, puis de les rincer \u00e0 l'eau courante pendant 2 \u00e0 3 minutes, de les ajouter aux soupes ou de les m\u00e9langer \u00e0 votre sauce pr\u00e9f\u00e9r\u00e9e dans une po\u00eale et de les faire sauter pendant deux minutes.<\/p>\n<style>.embed-container { position: relative; padding-bottom: 56.25%; height: 0; overflow: hidden; max-width: 100%; } .embed-container iframe, .embed-container object, .embed-container embed { position: absolute; top: 0; left: 0; width: 100%; height: 100%; }<\/style>\n<div class=\"embed-container\"><iframe src=\"https:\/\/www.youtube.com\/embed\/WgphpfRnFp8\" frameborder=\"0\" allowfullscreen=\"allowfullscreen\"><\/iframe><\/div>","protected":false},"excerpt":{"rendered":"<p>Les nouilles s\u00e8ches Konjac spaghetti saveur carotte sont une alternative hypocalorique aux nouilles italiennes traditionnelles. Elles sont \u00e0 base de farine de konjac et de farine de carotte. Elles sont connues pour leur faible indice glyc\u00e9mique et leur faible teneur en mati\u00e8res grasses.<\/p>","protected":false},"featured_media":4384,"template":"","meta":{"site-sidebar-layout":"default","site-content-layout":"","ast-site-content-layout":"default","site-content-style":"default","site-sidebar-style":"default","ast-global-header-display":"","ast-banner-title-visibility":"","ast-main-header-display":"","ast-hfb-above-header-display":"","ast-hfb-below-header-display":"","ast-hfb-mobile-header-display":"","site-post-title":"","ast-breadcrumbs-content":"","ast-featured-img":"","footer-sml-layout":"","ast-disable-related-posts":"","theme-transparent-header-meta":"default","adv-header-id-meta":"","stick-header-meta":"default","header-above-stick-meta":"","header-main-stick-meta":"","header-below-stick-meta":"","astra-migrate-meta-layouts":"set","ast-page-background-enabled":"default","ast-page-background-meta":{"desktop":{"background-color":"","background-image":"","background-repeat":"repeat","background-position":"center center","background-size":"auto","background-attachment":"scroll","background-type":"","background-media":"","overlay-type":"","overlay-color":"","overlay-opacity":"","overlay-gradient":""},"tablet":{"background-color":"","background-image":"","background-repeat":"repeat","background-position":"center center","background-size":"auto","background-attachment":"scroll","background-type":"","background-media":"","overlay-type":"","overlay-color":"","overlay-opacity":"","overlay-gradient":""},"mobile":{"background-color":"","background-image":"","background-repeat":"repeat","background-position":"center center","background-size":"auto","background-attachment":"scroll","background-type":"","background-media":"","overlay-type":"","overlay-color":"","overlay-opacity":"","overlay-gradient":""}},"ast-content-background-meta":{"desktop":{"background-color":"var(--ast-global-color-5)","background-image":"","background-repeat":"repeat","background-position":"center center","background-size":"auto","background-attachment":"scroll","background-type":"","background-media":"","overlay-type":"","overlay-color":"","overlay-opacity":"","overlay-gradient":""},"tablet":{"background-color":"var(--ast-global-color-5)","background-image":"","background-repeat":"repeat","background-position":"center center","background-size":"auto","background-attachment":"scroll","background-type":"","background-media":"","overlay-type":"","overlay-color":"","overlay-opacity":"","overlay-gradient":""},"mobile":{"background-color":"var(--ast-global-color-5)","background-image":"","background-repeat":"repeat","background-position":"center center","background-size":"auto","background-attachment":"scroll","background-type":"","background-media":"","overlay-type":"","overlay-color":"","overlay-opacity":"","overlay-gradient":""}}},"product_brand":[],"product_cat":[249],"product_tag":[],"class_list":{"0":"post-4383","1":"product","2":"type-product","3":"status-publish","4":"has-post-thumbnail","6":"product_cat-dry-shirataki-noodles","7":"desktop-align-left","8":"tablet-align-left","9":"mobile-align-left","10":"ast-product-gallery-layout-horizontal-slider","11":"ast-product-tabs-layout-horizontal","13":"first","14":"instock","15":"shipping-taxable","16":"product-type-simple"},"_links":{"self":[{"href":"https:\/\/sentaiyuanbio.com\/fr\/wp-json\/wp\/v2\/product\/4383","targetHints":{"allow":["GET"]}}],"collection":[{"href":"https:\/\/sentaiyuanbio.com\/fr\/wp-json\/wp\/v2\/product"}],"about":[{"href":"https:\/\/sentaiyuanbio.com\/fr\/wp-json\/wp\/v2\/types\/product"}],"version-history":[{"count":0,"href":"https:\/\/sentaiyuanbio.com\/fr\/wp-json\/wp\/v2\/product\/4383\/revisions"}],"wp:featuredmedia":[{"embeddable":true,"href":"https:\/\/sentaiyuanbio.com\/fr\/wp-json\/wp\/v2\/media\/4384"}],"wp:attachment":[{"href":"https:\/\/sentaiyuanbio.com\/fr\/wp-json\/wp\/v2\/media?parent=4383"}],"wp:term":[{"taxonomy":"product_brand","embeddable":true,"href":"https:\/\/sentaiyuanbio.com\/fr\/wp-json\/wp\/v2\/product_brand?post=4383"},{"taxonomy":"product_cat","embeddable":true,"href":"https:\/\/sentaiyuanbio.com\/fr\/wp-json\/wp\/v2\/product_cat?post=4383"},{"taxonomy":"product_tag","embeddable":true,"href":"https:\/\/sentaiyuanbio.com\/fr\/wp-json\/wp\/v2\/product_tag?post=4383"}],"curies":[{"name":"wp","href":"https:\/\/api.w.org\/{rel}","templated":true}]}}