{"id":4392,"date":"2025-02-28T06:34:50","date_gmt":"2025-02-28T06:34:50","guid":{"rendered":"https:\/\/sentaiyuanbio.com\/?post_type=product&#038;p=4392"},"modified":"2026-01-06T02:25:59","modified_gmt":"2026-01-06T02:25:59","slug":"nouilles-davoine-konjac-spaghetti","status":"publish","type":"product","link":"https:\/\/sentaiyuanbio.com\/fr\/produit\/nouilles-davoine-konjac-spaghetti\/","title":{"rendered":"Nouilles d'avoine s\u00e9ch\u00e9es Konjac en vrac, Nouilles d'avoine \u00e0 fibres Shirataki"},"content":{"rendered":"<h2>Nouilles d'avoine Konjac Spaghetti Description<\/h2>\n<p>Compl\u00e9tez votre r\u00e9gime alimentaire avec les nouilles spaghetti \u00e0 l'avoine et au konjac, aussi saines que toutes les nouilles, mais avec de l'avoine ajout\u00e9e pour une teneur plus \u00e9lev\u00e9e en fibres alimentaires.<\/p>\n<p>Les nouilles d'avoine Konjac sont fabriqu\u00e9es \u00e0 partir de fibres d'avoine et de fibres de konjac (glucomannane), contenant \u00e0 la fois <a href=\"https:\/\/www.healthline.com\/health\/soluble-vs-insoluble-fiber\" target=\"_blank\" rel=\"noopener\">fibres solubles<\/a> le glucomannane de konjac et la fibre insoluble d'avoine.<\/p>\n<p>Sentaiyuan a travaill\u00e9 dur pour am\u00e9liorer la texture des nouilles tout en les gardant faibles en calories. Nous avons constat\u00e9 qu'en ajoutant des fibres d'avoine, la texture des nouilles de konjac est plus douce et les nouilles sont plus susceptibles d'absorber davantage de saveurs.<\/p>\n<p>Comme toutes nos nouilles, les nouilles d'avoine konjac sont soigneusement pr\u00e9par\u00e9es pour que vous puissiez les m\u00e9langer \u00e0 votre sauce pr\u00e9f\u00e9r\u00e9e, les ajouter \u00e0 une soupe ou les faire sauter avec vos l\u00e9gumes, votre viande ou votre poisson pr\u00e9f\u00e9r\u00e9s.<br \/>\nLes nouilles d'avoine Konjac n'ont pas d'odeur. Lorsque vous ouvrez l'emballage pour la premi\u00e8re fois, vous pouvez remarquer une l\u00e9g\u00e8re odeur de poisson, mais celle-ci dispara\u00eet facilement. Il suffit de tremper les nouilles dans de l'eau chaude pendant 5 minutes, puis de les rincer dans de l'eau pendant 2 \u00e0 3 minutes, et l'odeur dispara\u00eetra compl\u00e8tement.<\/p>\n<table>\n<tbody>\n<tr>\n<td>Nom du produit<\/td>\n<td>Nouilles d'avoine Konjac Spaghetti, Shirataki Nouilles aux fibres d'avoine<\/td>\n<\/tr>\n<tr>\n<td>Ingr\u00e9dient principal<\/td>\n<td><a href=\"https:\/\/sentaiyuanbio.com\/fr\/produit\/poudre-de-konjac\/\" target=\"_blank\" rel=\"noopener\">Poudre de konjac<\/a>, poudre de tapioca, eau<\/td>\n<\/tr>\n<tr>\n<td>Saveurs<\/td>\n<td>Original, \u00e9pinards, algues, carottes, flocons d'avoine<\/td>\n<\/tr>\n<tr>\n<td>Fonctionnalit\u00e9<\/td>\n<td>Sans odeur, faible teneur en calories, faible teneur en glucides, sans gluten, sans sucre, sans graisse, sans OGM, riche en fibres.<\/td>\n<\/tr>\n<tr>\n<td>Fonctions<\/td>\n<td>R\u00e9gime v\u00e9g\u00e9tarien, perte de poids, augmentation de la sati\u00e9t\u00e9<\/td>\n<\/tr>\n<tr>\n<td>Fibres alimentaires<\/td>\n<td>2,8g\/100g<\/td>\n<\/tr>\n<tr>\n<td>Calories<\/td>\n<td>25Kcal\/100g<\/td>\n<\/tr>\n<tr>\n<td>Teneur en mati\u00e8res grasses<\/td>\n<td>0<\/td>\n<\/tr>\n<tr>\n<td>Poids<\/td>\n<td>80g<\/td>\n<\/tr>\n<tr>\n<td>Temps de cuisson<\/td>\n<td>10 minutes<\/td>\n<\/tr>\n<tr>\n<td>Dur\u00e9e de conservation<\/td>\n<td>24 mois<\/td>\n<\/tr>\n<\/tbody>\n<\/table>\n<p><img fetchpriority=\"high\" decoding=\"async\" class=\"alignnone wp-image-4402 size-full\" src=\"https:\/\/sentaiyuanbio.com\/wp-content\/uploads\/2025\/02\/Shirataki-Oat-Fiber-Noodles-2.webp\" alt=\"Nouilles Shirataki aux fibres d&#039;avoine\" width=\"1000\" height=\"1000\" srcset=\"https:\/\/sentaiyuanbio.com\/wp-content\/uploads\/2025\/02\/Shirataki-Oat-Fiber-Noodles-2.webp 1000w, https:\/\/sentaiyuanbio.com\/wp-content\/uploads\/2025\/02\/Shirataki-Oat-Fiber-Noodles-2-600x600.webp 600w, https:\/\/sentaiyuanbio.com\/wp-content\/uploads\/2025\/02\/Shirataki-Oat-Fiber-Noodles-2-100x100.webp 100w, https:\/\/sentaiyuanbio.com\/wp-content\/uploads\/2025\/02\/Shirataki-Oat-Fiber-Noodles-2-300x300.webp 300w, https:\/\/sentaiyuanbio.com\/wp-content\/uploads\/2025\/02\/Shirataki-Oat-Fiber-Noodles-2-150x150.webp 150w, https:\/\/sentaiyuanbio.com\/wp-content\/uploads\/2025\/02\/Shirataki-Oat-Fiber-Noodles-2-768x768.webp 768w\" sizes=\"(max-width: 1000px) 100vw, 1000px\" \/><img decoding=\"async\" class=\"alignnone wp-image-4401 size-full\" src=\"https:\/\/sentaiyuanbio.com\/wp-content\/uploads\/2025\/02\/Shirataki-Oat-Fiber-Noodles.webp\" alt=\"Nouilles Shirataki aux fibres d&#039;avoine\" width=\"1000\" height=\"1000\" srcset=\"https:\/\/sentaiyuanbio.com\/wp-content\/uploads\/2025\/02\/Shirataki-Oat-Fiber-Noodles.webp 1000w, https:\/\/sentaiyuanbio.com\/wp-content\/uploads\/2025\/02\/Shirataki-Oat-Fiber-Noodles-600x600.webp 600w, https:\/\/sentaiyuanbio.com\/wp-content\/uploads\/2025\/02\/Shirataki-Oat-Fiber-Noodles-100x100.webp 100w, https:\/\/sentaiyuanbio.com\/wp-content\/uploads\/2025\/02\/Shirataki-Oat-Fiber-Noodles-300x300.webp 300w, https:\/\/sentaiyuanbio.com\/wp-content\/uploads\/2025\/02\/Shirataki-Oat-Fiber-Noodles-150x150.webp 150w, https:\/\/sentaiyuanbio.com\/wp-content\/uploads\/2025\/02\/Shirataki-Oat-Fiber-Noodles-768x768.webp 768w\" sizes=\"(max-width: 1000px) 100vw, 1000px\" \/><\/p>","protected":false},"excerpt":{"rendered":"<p>Les nouilles spaghetti \u00e0 l'avoine et au konjac sont fabriqu\u00e9es \u00e0 partir de la plante de konjac, 100% plante pure, sans aucun allerg\u00e8ne et contenant seulement 25 kcal pour 100 g. Les nouilles au konjac sont des p\u00e2tes sans gluten et des aliments \u00e0 faible teneur en calories. Les nouilles de konjac sont diff\u00e9rentes des p\u00e2tes traditionnelles, elles permettent de r\u00e9aliser des recettes saines et de suivre un r\u00e9gime amaigrissant. Elles sont parfaites pour tout r\u00e9gime ou simplement pour un mode de vie sain.<\/p>","protected":false},"featured_media":4393,"template":"","meta":{"site-sidebar-layout":"default","site-content-layout":"","ast-site-content-layout":"default","site-content-style":"default","site-sidebar-style":"default","ast-global-header-display":"","ast-banner-title-visibility":"","ast-main-header-display":"","ast-hfb-above-header-display":"","ast-hfb-below-header-display":"","ast-hfb-mobile-header-display":"","site-post-title":"","ast-breadcrumbs-content":"","ast-featured-img":"","footer-sml-layout":"","ast-disable-related-posts":"","theme-transparent-header-meta":"default","adv-header-id-meta":"","stick-header-meta":"default","header-above-stick-meta":"","header-main-stick-meta":"","header-below-stick-meta":"","astra-migrate-meta-layouts":"set","ast-page-background-enabled":"default","ast-page-background-meta":{"desktop":{"background-color":"","background-image":"","background-repeat":"repeat","background-position":"center center","background-size":"auto","background-attachment":"scroll","background-type":"","background-media":"","overlay-type":"","overlay-color":"","overlay-opacity":"","overlay-gradient":""},"tablet":{"background-color":"","background-image":"","background-repeat":"repeat","background-position":"center center","background-size":"auto","background-attachment":"scroll","background-type":"","background-media":"","overlay-type":"","overlay-color":"","overlay-opacity":"","overlay-gradient":""},"mobile":{"background-color":"","background-image":"","background-repeat":"repeat","background-position":"center center","background-size":"auto","background-attachment":"scroll","background-type":"","background-media":"","overlay-type":"","overlay-color":"","overlay-opacity":"","overlay-gradient":""}},"ast-content-background-meta":{"desktop":{"background-color":"var(--ast-global-color-5)","background-image":"","background-repeat":"repeat","background-position":"center center","background-size":"auto","background-attachment":"scroll","background-type":"","background-media":"","overlay-type":"","overlay-color":"","overlay-opacity":"","overlay-gradient":""},"tablet":{"background-color":"var(--ast-global-color-5)","background-image":"","background-repeat":"repeat","background-position":"center center","background-size":"auto","background-attachment":"scroll","background-type":"","background-media":"","overlay-type":"","overlay-color":"","overlay-opacity":"","overlay-gradient":""},"mobile":{"background-color":"var(--ast-global-color-5)","background-image":"","background-repeat":"repeat","background-position":"center center","background-size":"auto","background-attachment":"scroll","background-type":"","background-media":"","overlay-type":"","overlay-color":"","overlay-opacity":"","overlay-gradient":""}}},"product_brand":[],"product_cat":[249],"product_tag":[29],"class_list":{"0":"post-4392","1":"product","2":"type-product","3":"status-publish","4":"has-post-thumbnail","6":"product_cat-dry-shirataki-noodles","7":"product_tag-konjac-spaghetti","8":"desktop-align-left","9":"tablet-align-left","10":"mobile-align-left","11":"ast-product-gallery-layout-horizontal-slider","12":"ast-product-tabs-layout-horizontal","14":"first","15":"instock","16":"shipping-taxable","17":"product-type-simple"},"_links":{"self":[{"href":"https:\/\/sentaiyuanbio.com\/fr\/wp-json\/wp\/v2\/product\/4392","targetHints":{"allow":["GET"]}}],"collection":[{"href":"https:\/\/sentaiyuanbio.com\/fr\/wp-json\/wp\/v2\/product"}],"about":[{"href":"https:\/\/sentaiyuanbio.com\/fr\/wp-json\/wp\/v2\/types\/product"}],"version-history":[{"count":0,"href":"https:\/\/sentaiyuanbio.com\/fr\/wp-json\/wp\/v2\/product\/4392\/revisions"}],"wp:featuredmedia":[{"embeddable":true,"href":"https:\/\/sentaiyuanbio.com\/fr\/wp-json\/wp\/v2\/media\/4393"}],"wp:attachment":[{"href":"https:\/\/sentaiyuanbio.com\/fr\/wp-json\/wp\/v2\/media?parent=4392"}],"wp:term":[{"taxonomy":"product_brand","embeddable":true,"href":"https:\/\/sentaiyuanbio.com\/fr\/wp-json\/wp\/v2\/product_brand?post=4392"},{"taxonomy":"product_cat","embeddable":true,"href":"https:\/\/sentaiyuanbio.com\/fr\/wp-json\/wp\/v2\/product_cat?post=4392"},{"taxonomy":"product_tag","embeddable":true,"href":"https:\/\/sentaiyuanbio.com\/fr\/wp-json\/wp\/v2\/product_tag?post=4392"}],"curies":[{"name":"wp","href":"https:\/\/api.w.org\/{rel}","templated":true}]}}