{"id":4403,"date":"2025-02-28T07:39:19","date_gmt":"2025-02-28T07:39:19","guid":{"rendered":"https:\/\/sentaiyuanbio.com\/?post_type=product&#038;p=4403"},"modified":"2026-01-06T02:25:41","modified_gmt":"2026-01-06T02:25:41","slug":"epinards-nouilles-shirataki-spaghetti","status":"publish","type":"product","link":"https:\/\/sentaiyuanbio.com\/fr\/produit\/epinards-nouilles-shirataki-spaghetti\/","title":{"rendered":"Spaghettis Shirataki aux \u00e9pinards, nouilles de konjac en vrac"},"content":{"rendered":"<h2>Spaghetti de nouilles Shirataki aux \u00e9pinards Description<\/h2>\n<p>Les nouilles shirataki aux \u00e9pinards, hypocaloriques et sans gluten, contiennent des \u00e9pinards qui leur conf\u00e8rent une saveur et une fermet\u00e9 accrues, ainsi qu'une couleur unique. Une portion de nouilles Shirataki ne contient que 25 kcal.<\/p>\n<p>Contrairement aux p\u00e2tes traditionnelles, les nouilles shirataki vous permettent de pr\u00e9parer des repas sains et de suivre un r\u00e9gime pauvre en glucides. Elles sont parfaites pour tout r\u00e9gime ou simplement pour maintenir une habitude saine.<\/p>\n<p>Les nouilles Shirataki aux \u00e9pinards sont riches en fibres glucomannanes solubles. Remplacer un repas par jour par des nouilles shirataki peut augmenter de mani\u00e8re significative l'apport quotidien en fibres et jouer un r\u00f4le important dans la r\u00e9duction de l'apport calorique quotidien.<\/p>\n<p>Les nouilles Shirataki aux \u00e9pinards sont \u00e0 base de glucomannane provenant de la plante konjac, qui est un \u00e9l\u00e9ment important d'un r\u00e9gime restrictif visant \u00e0 une perte de poids rapide - consommer 3 grammes de <a href=\"https:\/\/en.wikipedia.org\/wiki\/Glucomannan\" target=\"_blank\" rel=\"noopener\">glucomannane<\/a> par jour, r\u00e9partie en 3 portions de 1 gramme chacune, est tr\u00e8s efficace.<\/p>\n<p>Chaque portion de glucomannane doit \u00eatre consomm\u00e9e avec 1 \u00e0 2 tasses d'eau avant ou pendant un repas.<\/p>\n<table>\n<tbody>\n<tr>\n<td>Nom du produit<\/td>\n<td>Spaghetti de nouilles Shirataki aux \u00e9pinards, nouilles Konjac aux \u00e9pinards<\/td>\n<\/tr>\n<tr>\n<td>Ingr\u00e9dient principal<\/td>\n<td><a href=\"https:\/\/sentaiyuanbio.com\/fr\/produit\/poudre-de-konjac\/\" target=\"_blank\" rel=\"noopener\">Poudre de konjac<\/a>, poudre de tapioca, eau<\/td>\n<\/tr>\n<tr>\n<td>Saveurs<\/td>\n<td>Original, \u00e9pinards, algues, carottes, flocons d'avoine<\/td>\n<\/tr>\n<tr>\n<td>Fonctionnalit\u00e9<\/td>\n<td>Sans odeur, faible teneur en calories, faible teneur en glucides, sans gluten, sans sucre, sans graisse, sans OGM, riche en fibres.<\/td>\n<\/tr>\n<tr>\n<td>Fonctions<\/td>\n<td>R\u00e9gime v\u00e9g\u00e9tarien, perte de poids, augmentation de la sati\u00e9t\u00e9<\/td>\n<\/tr>\n<tr>\n<td>Fibres alimentaires<\/td>\n<td>2,8g\/100g<\/td>\n<\/tr>\n<tr>\n<td>Calories<\/td>\n<td>25Kcal\/100g<\/td>\n<\/tr>\n<tr>\n<td>Teneur en mati\u00e8res grasses<\/td>\n<td>0<\/td>\n<\/tr>\n<tr>\n<td>Poids<\/td>\n<td>80g<\/td>\n<\/tr>\n<tr>\n<td>Temps de cuisson<\/td>\n<td>10 minutes<\/td>\n<\/tr>\n<tr>\n<td>Dur\u00e9e de conservation<\/td>\n<td>24 mois<\/td>\n<\/tr>\n<\/tbody>\n<\/table>\n<p><img fetchpriority=\"high\" decoding=\"async\" class=\"alignnone wp-image-4412 size-full\" src=\"https:\/\/sentaiyuanbio.com\/wp-content\/uploads\/2025\/02\/Spinach-Konjac-Noodles-2.webp\" alt=\"Nouilles de Konjac aux \u00e9pinards\" width=\"1000\" height=\"1000\" srcset=\"https:\/\/sentaiyuanbio.com\/wp-content\/uploads\/2025\/02\/Spinach-Konjac-Noodles-2.webp 1000w, https:\/\/sentaiyuanbio.com\/wp-content\/uploads\/2025\/02\/Spinach-Konjac-Noodles-2-600x600.webp 600w, https:\/\/sentaiyuanbio.com\/wp-content\/uploads\/2025\/02\/Spinach-Konjac-Noodles-2-100x100.webp 100w, https:\/\/sentaiyuanbio.com\/wp-content\/uploads\/2025\/02\/Spinach-Konjac-Noodles-2-300x300.webp 300w, https:\/\/sentaiyuanbio.com\/wp-content\/uploads\/2025\/02\/Spinach-Konjac-Noodles-2-150x150.webp 150w, https:\/\/sentaiyuanbio.com\/wp-content\/uploads\/2025\/02\/Spinach-Konjac-Noodles-2-768x768.webp 768w\" sizes=\"(max-width: 1000px) 100vw, 1000px\" \/> <img decoding=\"async\" class=\"alignnone wp-image-4413 size-full\" src=\"https:\/\/sentaiyuanbio.com\/wp-content\/uploads\/2025\/02\/Spinach-Konjac-Noodles-1.webp\" alt=\"Nouilles de Konjac aux \u00e9pinards\" width=\"1000\" height=\"1000\" srcset=\"https:\/\/sentaiyuanbio.com\/wp-content\/uploads\/2025\/02\/Spinach-Konjac-Noodles-1.webp 1000w, https:\/\/sentaiyuanbio.com\/wp-content\/uploads\/2025\/02\/Spinach-Konjac-Noodles-1-600x600.webp 600w, https:\/\/sentaiyuanbio.com\/wp-content\/uploads\/2025\/02\/Spinach-Konjac-Noodles-1-100x100.webp 100w, https:\/\/sentaiyuanbio.com\/wp-content\/uploads\/2025\/02\/Spinach-Konjac-Noodles-1-300x300.webp 300w, https:\/\/sentaiyuanbio.com\/wp-content\/uploads\/2025\/02\/Spinach-Konjac-Noodles-1-150x150.webp 150w, https:\/\/sentaiyuanbio.com\/wp-content\/uploads\/2025\/02\/Spinach-Konjac-Noodles-1-768x768.webp 768w\" sizes=\"(max-width: 1000px) 100vw, 1000px\" \/><\/p>","protected":false},"excerpt":{"rendered":"<p>Compos\u00e9e d'ingr\u00e9dients de premi\u00e8re qualit\u00e9 et regorgeant de nutriments essentiels, notre s\u00e9lection de nouilles s\u00e8ches shirataki aux \u00e9pinards sans gluten et halal est parfaite pour tous ceux qui s'efforcent de maintenir un mode de vie sain. Que vous cuisiniez pour vous-m\u00eame ou pour votre famille, vous ne manquerez pas d'impressionner.<\/p>","protected":false},"featured_media":4404,"template":"","meta":{"site-sidebar-layout":"default","site-content-layout":"","ast-site-content-layout":"default","site-content-style":"default","site-sidebar-style":"default","ast-global-header-display":"","ast-banner-title-visibility":"","ast-main-header-display":"","ast-hfb-above-header-display":"","ast-hfb-below-header-display":"","ast-hfb-mobile-header-display":"","site-post-title":"","ast-breadcrumbs-content":"","ast-featured-img":"","footer-sml-layout":"","ast-disable-related-posts":"","theme-transparent-header-meta":"default","adv-header-id-meta":"","stick-header-meta":"default","header-above-stick-meta":"","header-main-stick-meta":"","header-below-stick-meta":"","astra-migrate-meta-layouts":"set","ast-page-background-enabled":"default","ast-page-background-meta":{"desktop":{"background-color":"","background-image":"","background-repeat":"repeat","background-position":"center center","background-size":"auto","background-attachment":"scroll","background-type":"","background-media":"","overlay-type":"","overlay-color":"","overlay-opacity":"","overlay-gradient":""},"tablet":{"background-color":"","background-image":"","background-repeat":"repeat","background-position":"center center","background-size":"auto","background-attachment":"scroll","background-type":"","background-media":"","overlay-type":"","overlay-color":"","overlay-opacity":"","overlay-gradient":""},"mobile":{"background-color":"","background-image":"","background-repeat":"repeat","background-position":"center center","background-size":"auto","background-attachment":"scroll","background-type":"","background-media":"","overlay-type":"","overlay-color":"","overlay-opacity":"","overlay-gradient":""}},"ast-content-background-meta":{"desktop":{"background-color":"var(--ast-global-color-5)","background-image":"","background-repeat":"repeat","background-position":"center center","background-size":"auto","background-attachment":"scroll","background-type":"","background-media":"","overlay-type":"","overlay-color":"","overlay-opacity":"","overlay-gradient":""},"tablet":{"background-color":"var(--ast-global-color-5)","background-image":"","background-repeat":"repeat","background-position":"center center","background-size":"auto","background-attachment":"scroll","background-type":"","background-media":"","overlay-type":"","overlay-color":"","overlay-opacity":"","overlay-gradient":""},"mobile":{"background-color":"var(--ast-global-color-5)","background-image":"","background-repeat":"repeat","background-position":"center center","background-size":"auto","background-attachment":"scroll","background-type":"","background-media":"","overlay-type":"","overlay-color":"","overlay-opacity":"","overlay-gradient":""}}},"product_brand":[],"product_cat":[249],"product_tag":[29],"class_list":{"0":"post-4403","1":"product","2":"type-product","3":"status-publish","4":"has-post-thumbnail","6":"product_cat-dry-shirataki-noodles","7":"product_tag-konjac-spaghetti","8":"desktop-align-left","9":"tablet-align-left","10":"mobile-align-left","11":"ast-product-gallery-layout-horizontal-slider","12":"ast-product-tabs-layout-horizontal","14":"first","15":"instock","16":"shipping-taxable","17":"product-type-simple"},"_links":{"self":[{"href":"https:\/\/sentaiyuanbio.com\/fr\/wp-json\/wp\/v2\/product\/4403","targetHints":{"allow":["GET"]}}],"collection":[{"href":"https:\/\/sentaiyuanbio.com\/fr\/wp-json\/wp\/v2\/product"}],"about":[{"href":"https:\/\/sentaiyuanbio.com\/fr\/wp-json\/wp\/v2\/types\/product"}],"version-history":[{"count":0,"href":"https:\/\/sentaiyuanbio.com\/fr\/wp-json\/wp\/v2\/product\/4403\/revisions"}],"wp:featuredmedia":[{"embeddable":true,"href":"https:\/\/sentaiyuanbio.com\/fr\/wp-json\/wp\/v2\/media\/4404"}],"wp:attachment":[{"href":"https:\/\/sentaiyuanbio.com\/fr\/wp-json\/wp\/v2\/media?parent=4403"}],"wp:term":[{"taxonomy":"product_brand","embeddable":true,"href":"https:\/\/sentaiyuanbio.com\/fr\/wp-json\/wp\/v2\/product_brand?post=4403"},{"taxonomy":"product_cat","embeddable":true,"href":"https:\/\/sentaiyuanbio.com\/fr\/wp-json\/wp\/v2\/product_cat?post=4403"},{"taxonomy":"product_tag","embeddable":true,"href":"https:\/\/sentaiyuanbio.com\/fr\/wp-json\/wp\/v2\/product_tag?post=4403"}],"curies":[{"name":"wp","href":"https:\/\/api.w.org\/{rel}","templated":true}]}}