{"id":4524,"date":"2025-03-03T09:23:44","date_gmt":"2025-03-03T09:23:44","guid":{"rendered":"https:\/\/sentaiyuanbio.com\/?post_type=product&#038;p=4524"},"modified":"2025-03-05T09:55:22","modified_gmt":"2025-03-05T09:55:22","slug":"riz-miracle-riz-shirataki","status":"publish","type":"product","link":"https:\/\/sentaiyuanbio.com\/fr\/produit\/riz-miracle-riz-shirataki\/","title":{"rendered":"Riz Miracle, Riz Nouilles miracles Shirataki"},"content":{"rendered":"<p>Le riz miracle, \u00e9galement connu sous le nom de riz Shirataki ou riz Konjac, est une alternative au riz traditionnel, pauvre en calories et en glucides. Il est fabriqu\u00e9 \u00e0 partir de la plante Konjac, un type de l\u00e9gume-racine consomm\u00e9 en Asie depuis plus de 1 000 ans.<\/p>\n<table>\n<tbody>\n<tr>\n<td>Nom du produit<\/td>\n<td>Riz Shirataki aux nouilles miracles<\/td>\n<\/tr>\n<tr>\n<td>Ingr\u00e9dient principal<\/td>\n<td><a href=\"https:\/\/sentaiyuanbio.com\/fr\/produit\/poudre-de-konjac\/\" target=\"_blank\" rel=\"noopener\">Poudre de konjac<\/a>, de l'eau<\/td>\n<\/tr>\n<tr>\n<td>Saveurs<\/td>\n<td>Saveurs originale, carotte, flocons d'avoine, algues, sarrasin, haricot mungo et haricot rouge<\/td>\n<\/tr>\n<tr>\n<td>Fonctionnalit\u00e9<\/td>\n<td>Sans odeur, faible teneur en calories, faible teneur en glucides, sans gluten, sans sucre, sans graisse, sans OGM, riche en fibres.<\/td>\n<\/tr>\n<tr>\n<td>Fonctions<\/td>\n<td>R\u00e9gime v\u00e9g\u00e9tarien, perte de poids, augmentation de la sati\u00e9t\u00e9<\/td>\n<\/tr>\n<tr>\n<td>Fibres alimentaires<\/td>\n<td>3g\/100g<\/td>\n<\/tr>\n<tr>\n<td>Calories<\/td>\n<td>6Kcal\/100g<\/td>\n<\/tr>\n<tr>\n<td>Teneur en mati\u00e8res grasses<\/td>\n<td>0<\/td>\n<\/tr>\n<tr>\n<td>Poids<\/td>\n<td>Sur mesure<\/td>\n<\/tr>\n<tr>\n<td>Temps de cuisson<\/td>\n<td>3 minutes<\/td>\n<\/tr>\n<tr>\n<td>Dur\u00e9e de conservation<\/td>\n<td>12 mois<\/td>\n<\/tr>\n<\/tbody>\n<\/table>\n<p>Voici les principales caract\u00e9ristiques du riz miracle :<\/p>\n<h2>Caract\u00e9ristiques principales du riz miracle<\/h2>\n<ol>\n<li>Composition : Le riz Miracle est compos\u00e9 de 97% d'eau et de 3% de fibres, ce qui le rend extr\u00eamement pauvre en calories et en hydrates de carbone.<\/li>\n<li>Contenu nutritionnel : Il ne contient qu'environ 1 gramme de glucides par portion, ce qui le rend adapt\u00e9 aux r\u00e9gimes pauvres en glucides. Une portion de 100 g contient environ 6 calories.<\/li>\n<li>Texture et go\u00fbt : Lorsqu'il est pr\u00e9par\u00e9 correctement, il a une texture rebondissante et est insipide, ce qui lui permet de bien absorber les saveurs.<\/li>\n<li>Avantages di\u00e9t\u00e9tiques : Il est sans gluten, sans soja et fabriqu\u00e9 \u00e0 partir d'ingr\u00e9dients sans OGM, ce qui en fait une bonne option pour les personnes ayant des restrictions alimentaires.<\/li>\n<li>Propri\u00e9t\u00e9s pr\u00e9biotiques : Les <a href=\"https:\/\/www.metamucil.com\/en-us\/articles\/fiber-101\/what-is-soluble-fiber\/?msclkid=2ac0ed7e93171fdbb20f8abbe7f432cb\" target=\"_blank\" rel=\"noopener\">fibres solubles<\/a> dans le riz Miracle agit comme un pr\u00e9biotique, favorisant la sant\u00e9 intestinale en nourrissant les bact\u00e9ries b\u00e9n\u00e9fiques.<\/li>\n<\/ol>\n<h2>Utilisations et cuisson<\/h2>\n<p>Le riz miracle peut remplacer le riz traditionnel dans divers plats, tels que les saut\u00e9s, les riz pilafs et m\u00eame les desserts comme le riz au lait. Pour le cuisiner, il suffit de rincer le riz \u00e0 l'eau courante, puis de le faire sauter dans une po\u00eale pour \u00e9liminer l'exc\u00e8s d'humidit\u00e9 avant d'ajouter les assaisonnements.<\/p>\n<style>.embed-container { position: relative; padding-bottom: 56.25%; height: 0; overflow: hidden; max-width: 100%; } .embed-container iframe, .embed-container object, .embed-container embed { position: absolute; top: 0; left: 0; width: 100%; height: 100%; }<\/style>\n<div class=\"embed-container\"><iframe src=\"https:\/\/www.youtube.com\/embed\/Y9r1fgiu6-A\" frameborder=\"0\" allowfullscreen=\"allowfullscreen\"><\/iframe><\/div>\n<style>.embed-container { position: relative; padding-bottom: 56.25%; height: 0; overflow: hidden; max-width: 100%; } .embed-container iframe, .embed-container object, .embed-container embed { position: absolute; top: 0; left: 0; width: 100%; height: 100%; }<\/style>\n<div class=\"embed-container\"><iframe src=\"https:\/\/www.youtube.com\/embed\/BaWQKlIDx-U\" frameborder=\"0\" allowfullscreen=\"allowfullscreen\"><\/iframe><\/div>","protected":false},"excerpt":{"rendered":"<p>Le riz miracle Sentaiyuan est fabriqu\u00e9 \u00e0 partir de farine de konjac de la plus haute qualit\u00e9. Il est peu calorique, pauvre en eau carbonique et riche en fibres. Il se d\u00e9cline en plusieurs saveurs : original, carotte, avoine, algue, sarrasin, haricot mungo et haricot rouge.<\/p>","protected":false},"featured_media":4530,"template":"","meta":{"site-sidebar-layout":"default","site-content-layout":"","ast-site-content-layout":"default","site-content-style":"default","site-sidebar-style":"default","ast-global-header-display":"","ast-banner-title-visibility":"","ast-main-header-display":"","ast-hfb-above-header-display":"","ast-hfb-below-header-display":"","ast-hfb-mobile-header-display":"","site-post-title":"","ast-breadcrumbs-content":"","ast-featured-img":"","footer-sml-layout":"","ast-disable-related-posts":"","theme-transparent-header-meta":"default","adv-header-id-meta":"","stick-header-meta":"default","header-above-stick-meta":"","header-main-stick-meta":"","header-below-stick-meta":"","astra-migrate-meta-layouts":"set","ast-page-background-enabled":"default","ast-page-background-meta":{"desktop":{"background-color":"","background-image":"","background-repeat":"repeat","background-position":"center center","background-size":"auto","background-attachment":"scroll","background-type":"","background-media":"","overlay-type":"","overlay-color":"","overlay-opacity":"","overlay-gradient":""},"tablet":{"background-color":"","background-image":"","background-repeat":"repeat","background-position":"center center","background-size":"auto","background-attachment":"scroll","background-type":"","background-media":"","overlay-type":"","overlay-color":"","overlay-opacity":"","overlay-gradient":""},"mobile":{"background-color":"","background-image":"","background-repeat":"repeat","background-position":"center center","background-size":"auto","background-attachment":"scroll","background-type":"","background-media":"","overlay-type":"","overlay-color":"","overlay-opacity":"","overlay-gradient":""}},"ast-content-background-meta":{"desktop":{"background-color":"var(--ast-global-color-5)","background-image":"","background-repeat":"repeat","background-position":"center center","background-size":"auto","background-attachment":"scroll","background-type":"","background-media":"","overlay-type":"","overlay-color":"","overlay-opacity":"","overlay-gradient":""},"tablet":{"background-color":"var(--ast-global-color-5)","background-image":"","background-repeat":"repeat","background-position":"center center","background-size":"auto","background-attachment":"scroll","background-type":"","background-media":"","overlay-type":"","overlay-color":"","overlay-opacity":"","overlay-gradient":""},"mobile":{"background-color":"var(--ast-global-color-5)","background-image":"","background-repeat":"repeat","background-position":"center center","background-size":"auto","background-attachment":"scroll","background-type":"","background-media":"","overlay-type":"","overlay-color":"","overlay-opacity":"","overlay-gradient":""}}},"product_brand":[],"product_cat":[250],"product_tag":[],"class_list":{"0":"post-4524","1":"product","2":"type-product","3":"status-publish","4":"has-post-thumbnail","6":"product_cat-wet-shirataki-rice","7":"desktop-align-left","8":"tablet-align-left","9":"mobile-align-left","10":"ast-product-gallery-layout-horizontal-slider","11":"ast-product-tabs-layout-horizontal","13":"first","14":"instock","15":"shipping-taxable","16":"product-type-simple"},"_links":{"self":[{"href":"https:\/\/sentaiyuanbio.com\/fr\/wp-json\/wp\/v2\/product\/4524","targetHints":{"allow":["GET"]}}],"collection":[{"href":"https:\/\/sentaiyuanbio.com\/fr\/wp-json\/wp\/v2\/product"}],"about":[{"href":"https:\/\/sentaiyuanbio.com\/fr\/wp-json\/wp\/v2\/types\/product"}],"version-history":[{"count":0,"href":"https:\/\/sentaiyuanbio.com\/fr\/wp-json\/wp\/v2\/product\/4524\/revisions"}],"wp:featuredmedia":[{"embeddable":true,"href":"https:\/\/sentaiyuanbio.com\/fr\/wp-json\/wp\/v2\/media\/4530"}],"wp:attachment":[{"href":"https:\/\/sentaiyuanbio.com\/fr\/wp-json\/wp\/v2\/media?parent=4524"}],"wp:term":[{"taxonomy":"product_brand","embeddable":true,"href":"https:\/\/sentaiyuanbio.com\/fr\/wp-json\/wp\/v2\/product_brand?post=4524"},{"taxonomy":"product_cat","embeddable":true,"href":"https:\/\/sentaiyuanbio.com\/fr\/wp-json\/wp\/v2\/product_cat?post=4524"},{"taxonomy":"product_tag","embeddable":true,"href":"https:\/\/sentaiyuanbio.com\/fr\/wp-json\/wp\/v2\/product_tag?post=4524"}],"curies":[{"name":"wp","href":"https:\/\/api.w.org\/{rel}","templated":true}]}}