{"id":4534,"date":"2025-03-04T03:26:53","date_gmt":"2025-03-04T03:26:53","guid":{"rendered":"https:\/\/sentaiyuanbio.com\/?post_type=product&#038;p=4534"},"modified":"2025-03-05T09:56:20","modified_gmt":"2025-03-05T09:56:20","slug":"avoine-konjac-riz-en-vrac","status":"publish","type":"product","link":"https:\/\/sentaiyuanbio.com\/fr\/produit\/avoine-konjac-riz-en-vrac\/","title":{"rendered":"Riz Konjac \u00e0 l'avoine en vrac, Riz Konjac Shirataki"},"content":{"rendered":"<h2>Riz d'avoine et de konjac en vrac Caract\u00e9ristiques principales<\/h2>\n<p>Ingr\u00e9dients : G\u00e9n\u00e9ralement fabriqu\u00e9 \u00e0 partir d'une combinaison d'avoine, de konjac et d'eau. Le composant konjac est d\u00e9riv\u00e9 de la plante konjac, connue pour son corme amylac\u00e9, qui est utilis\u00e9 dans divers compl\u00e9ments alimentaires pour la gestion du poids et le contr\u00f4le de la glyc\u00e9mie <a href=\"https:\/\/www.betterhealth.vic.gov.au\/health\/conditionsandtreatments\/cholesterol-healthy-eating-tips\" target=\"_blank\" rel=\"noopener\">contr\u00f4le du cholest\u00e9rol<\/a>.<\/p>\n<p>Avantages nutritionnels : Il est pauvre en calories, riche en fibres alimentaires et souvent sans gluten, sans sucre et sans graisse. Il s'agit donc d'un excellent choix pour les personnes qui suivent un r\u00e9gime hypocalorique ou qui cherchent \u00e0 contr\u00f4ler leur taux de sucre dans le sang.<\/p>\n<p>Texture et go\u00fbt : Le riz konjac \u00e0 l'avoine offre une texture l\u00e9g\u00e8rement moelleuse semblable \u00e0 celle du riz traditionnel, mais avec une saveur neutre. Il est souvent d\u00e9crit comme inodore, ce qui renforce son attrait en tant que substitut du riz.<\/p>\n<p>Facile \u00e0 pr\u00e9parer : Il peut \u00eatre pr\u00e9par\u00e9 rapidement \u00e0 l'aide de m\u00e9thodes telles que le micro-ondes, la cuisson \u00e0 la po\u00eale ou l'\u00e9bullition, ce qui le rend pratique pour les personnes tr\u00e8s occup\u00e9es.<\/p>\n<table>\n<tbody>\n<tr>\n<td>Nom du produit<\/td>\n<td>Riz Konjac \u00e0 l'avoine en vrac, Riz Konjac Shirataki<\/td>\n<\/tr>\n<tr>\n<td>Ingr\u00e9dient principal<\/td>\n<td><a href=\"https:\/\/sentaiyuanbio.com\/fr\/produit\/farine-digname-konjac-poudre-digname-konjac\/\" target=\"_blank\" rel=\"noopener\">Poudre de konjac<\/a>, de l'eau<\/td>\n<\/tr>\n<tr>\n<td>Saveurs<\/td>\n<td>Saveurs originale, carotte, flocons d'avoine, algues, sarrasin, haricot mungo et haricot rouge<\/td>\n<\/tr>\n<tr>\n<td>Fonctionnalit\u00e9<\/td>\n<td>Sans odeur, faible teneur en calories, faible teneur en glucides, sans gluten, sans sucre, sans graisse, sans OGM, riche en fibres.<\/td>\n<\/tr>\n<tr>\n<td>Fonctions<\/td>\n<td>R\u00e9gime v\u00e9g\u00e9tarien, perte de poids, augmentation de la sati\u00e9t\u00e9<\/td>\n<\/tr>\n<tr>\n<td>Fibres alimentaires<\/td>\n<td>3g\/100g<\/td>\n<\/tr>\n<tr>\n<td>Calories<\/td>\n<td>6Kcal\/100g<\/td>\n<\/tr>\n<tr>\n<td>Teneur en mati\u00e8res grasses<\/td>\n<td>0<\/td>\n<\/tr>\n<tr>\n<td>Poids<\/td>\n<td>Sur mesure<\/td>\n<\/tr>\n<tr>\n<td>Temps de cuisson<\/td>\n<td>3 minutes<\/td>\n<\/tr>\n<tr>\n<td>Dur\u00e9e de conservation<\/td>\n<td>12 mois<\/td>\n<\/tr>\n<\/tbody>\n<\/table>\n<p>Chaque 100g contient 3g de fibres alimentaires, seulement 6kcal d'\u00e9nergie et aucune graisse. Ce produit convient parfaitement aux personnes qui souhaitent perdre du poids, aux v\u00e9g\u00e9tariens ou qui veulent simplement augmenter la sati\u00e9t\u00e9.<\/p>\n<h2>Comment cuire le riz Konjac \u00e0 l'avoine<\/h2>\n<p>La cuisson du riz \u00e0 l'avoine et au konjac est rapide et facile, ce qui vous permet de d\u00e9guster un repas sain et d\u00e9licieux en un rien de temps. Suivez les \u00e9tapes suivantes pour le pr\u00e9parer :<\/p>\n<p>\u00c9goutter et rincer : ouvrir l'emballage et \u00e9goutter le liquide. Rincez soigneusement le riz konjac shirataki sous l'eau froide pendant 1 \u00e0 2 minutes. Cette op\u00e9ration permet d'\u00e9liminer la saveur alcaline et poissonneuse du konjac.<\/p>\n<p>Faire bouillir ou sauter : bien que le riz konjac shirataki soit d\u00e9j\u00e0 pr\u00e9cuit et puisse \u00eatre consomm\u00e9 sans autre cuisson, le faire bouillir ou sauter peut en am\u00e9liorer le go\u00fbt. Pour le faire bouillir, placez le riz rinc\u00e9 dans une casserole d'eau bouillante pendant 1 \u00e0 2 minutes et \u00e9gouttez-le. Pour le faire sauter, placez le riz rinc\u00e9 dans une po\u00eale antiadh\u00e9sive \u00e0 feu moyen, en remuant de temps en temps, jusqu'\u00e0 ce que le riz soit cuit et que l'humidit\u00e9 restante se soit \u00e9vapor\u00e9e.<\/p>\n<p>Ajoutez des sauces et des garnitures : Le riz konjac a une saveur neutre et constitue la base parfaite pour vos sauces pour p\u00e2tes et garnitures pr\u00e9f\u00e9r\u00e9es. M\u00e9langez le riz konjac shirataki avec vos sauces, l\u00e9gumes, prot\u00e9ines et assaisonnements pr\u00e9f\u00e9r\u00e9s, en remuant bien pour assurer une r\u00e9partition uniforme.<\/p>\n<p>Faites chauffer et servez : Si les sauces et les garnitures sont d\u00e9j\u00e0 chaudes, vous pouvez les servir. Sinon, faites chauffer le riz, la sauce et les garnitures dans une po\u00eale \u00e0 feu doux jusqu'\u00e0 ce qu'ils soient bien chauds. Vous pouvez \u00e9galement passer le m\u00e9lange au micro-ondes pendant 1 \u00e0 2 minutes, ou jusqu'\u00e0 la temp\u00e9rature souhait\u00e9e.<\/p>\n<p>Garnir et servir : Dresser les assiettes et garnir d'herbes fra\u00eeches, de fromage ou d'autres garnitures au choix. Servir imm\u00e9diatement pour un repas d\u00e9licieux et sans culpabilit\u00e9 !<\/p>\n<p>N'oubliez pas que le riz konjac \u00e0 l'avoine est polyvalent et qu'il peut \u00eatre utilis\u00e9 dans une grande vari\u00e9t\u00e9 de plats, des classiques italiens aux saut\u00e9s d'inspiration asiatique. N'h\u00e9sitez pas \u00e0 faire preuve de cr\u00e9ativit\u00e9 et \u00e0 essayer diff\u00e9rentes combinaisons de saveurs pour trouver le plat id\u00e9al.<\/p>\n<style>.embed-container { position: relative; padding-bottom: 56.25%; height: 0; overflow: hidden; max-width: 100%; } .embed-container iframe, .embed-container object, .embed-container embed { position: absolute; top: 0; left: 0; width: 100%; height: 100%; }<\/style>\n<div class=\"embed-container\"><iframe src=\"https:\/\/www.youtube.com\/embed\/BaWQKlIDx-U\" frameborder=\"0\" allowfullscreen=\"allowfullscreen\"><\/iframe><\/div>","protected":false},"excerpt":{"rendered":"<p>Le riz d'avoine et de konjac (riz humide) est une alternative au riz traditionnel, pauvre en calories et riche en fibres, qui combine les bienfaits de l'avoine et du konjac. La teneur \u00e9lev\u00e9e en fibres contribue \u00e0 augmenter la sati\u00e9t\u00e9, ce qui facilite le contr\u00f4le du poids. Riche en fibres alimentaires, il facilite la digestion et favorise la sant\u00e9 intestinale.<\/p>","protected":false},"featured_media":4542,"template":"","meta":{"site-sidebar-layout":"default","site-content-layout":"","ast-site-content-layout":"default","site-content-style":"default","site-sidebar-style":"default","ast-global-header-display":"","ast-banner-title-visibility":"","ast-main-header-display":"","ast-hfb-above-header-display":"","ast-hfb-below-header-display":"","ast-hfb-mobile-header-display":"","site-post-title":"","ast-breadcrumbs-content":"","ast-featured-img":"","footer-sml-layout":"","ast-disable-related-posts":"","theme-transparent-header-meta":"default","adv-header-id-meta":"","stick-header-meta":"default","header-above-stick-meta":"","header-main-stick-meta":"","header-below-stick-meta":"","astra-migrate-meta-layouts":"set","ast-page-background-enabled":"default","ast-page-background-meta":{"desktop":{"background-color":"","background-image":"","background-repeat":"repeat","background-position":"center center","background-size":"auto","background-attachment":"scroll","background-type":"","background-media":"","overlay-type":"","overlay-color":"","overlay-opacity":"","overlay-gradient":""},"tablet":{"background-color":"","background-image":"","background-repeat":"repeat","background-position":"center center","background-size":"auto","background-attachment":"scroll","background-type":"","background-media":"","overlay-type":"","overlay-color":"","overlay-opacity":"","overlay-gradient":""},"mobile":{"background-color":"","background-image":"","background-repeat":"repeat","background-position":"center center","background-size":"auto","background-attachment":"scroll","background-type":"","background-media":"","overlay-type":"","overlay-color":"","overlay-opacity":"","overlay-gradient":""}},"ast-content-background-meta":{"desktop":{"background-color":"var(--ast-global-color-5)","background-image":"","background-repeat":"repeat","background-position":"center center","background-size":"auto","background-attachment":"scroll","background-type":"","background-media":"","overlay-type":"","overlay-color":"","overlay-opacity":"","overlay-gradient":""},"tablet":{"background-color":"var(--ast-global-color-5)","background-image":"","background-repeat":"repeat","background-position":"center center","background-size":"auto","background-attachment":"scroll","background-type":"","background-media":"","overlay-type":"","overlay-color":"","overlay-opacity":"","overlay-gradient":""},"mobile":{"background-color":"var(--ast-global-color-5)","background-image":"","background-repeat":"repeat","background-position":"center center","background-size":"auto","background-attachment":"scroll","background-type":"","background-media":"","overlay-type":"","overlay-color":"","overlay-opacity":"","overlay-gradient":""}}},"product_brand":[],"product_cat":[250],"product_tag":[],"class_list":{"0":"post-4534","1":"product","2":"type-product","3":"status-publish","4":"has-post-thumbnail","6":"product_cat-wet-shirataki-rice","7":"desktop-align-left","8":"tablet-align-left","9":"mobile-align-left","10":"ast-product-gallery-layout-horizontal-slider","11":"ast-product-tabs-layout-horizontal","13":"first","14":"instock","15":"shipping-taxable","16":"product-type-simple"},"_links":{"self":[{"href":"https:\/\/sentaiyuanbio.com\/fr\/wp-json\/wp\/v2\/product\/4534","targetHints":{"allow":["GET"]}}],"collection":[{"href":"https:\/\/sentaiyuanbio.com\/fr\/wp-json\/wp\/v2\/product"}],"about":[{"href":"https:\/\/sentaiyuanbio.com\/fr\/wp-json\/wp\/v2\/types\/product"}],"version-history":[{"count":0,"href":"https:\/\/sentaiyuanbio.com\/fr\/wp-json\/wp\/v2\/product\/4534\/revisions"}],"wp:featuredmedia":[{"embeddable":true,"href":"https:\/\/sentaiyuanbio.com\/fr\/wp-json\/wp\/v2\/media\/4542"}],"wp:attachment":[{"href":"https:\/\/sentaiyuanbio.com\/fr\/wp-json\/wp\/v2\/media?parent=4534"}],"wp:term":[{"taxonomy":"product_brand","embeddable":true,"href":"https:\/\/sentaiyuanbio.com\/fr\/wp-json\/wp\/v2\/product_brand?post=4534"},{"taxonomy":"product_cat","embeddable":true,"href":"https:\/\/sentaiyuanbio.com\/fr\/wp-json\/wp\/v2\/product_cat?post=4534"},{"taxonomy":"product_tag","embeddable":true,"href":"https:\/\/sentaiyuanbio.com\/fr\/wp-json\/wp\/v2\/product_tag?post=4534"}],"curies":[{"name":"wp","href":"https:\/\/api.w.org\/{rel}","templated":true}]}}