{"id":4543,"date":"2025-03-04T07:04:09","date_gmt":"2025-03-04T07:04:09","guid":{"rendered":"https:\/\/sentaiyuanbio.com\/?post_type=product&#038;p=4543"},"modified":"2025-03-05T09:15:43","modified_gmt":"2025-03-05T09:15:43","slug":"algues-shirataki-riz-konjac","status":"publish","type":"product","link":"https:\/\/sentaiyuanbio.com\/fr\/produit\/algues-shirataki-riz-konjac\/","title":{"rendered":"Riz Shirataki aux algues, riz Shirataki humide"},"content":{"rendered":"<h2>Algues Shirataki Riz Konjac Caract\u00e9ristiques principales<\/h2>\n<p>Le riz aux algues Shirataki Konjac est le meilleur compagnon pour la perte de graisse et un substitut parfait du riz. Il est pauvre en graisses et en calories, avec seulement 6 kcal pour 100 grammes, ce qui vous permet d'en manger autant que vous le souhaitez, m\u00eame si vous contr\u00f4lez votre consommation. Le konjac procure une sensation de sati\u00e9t\u00e9, et la d\u00e9licieuse saveur marine de l'algue est d\u00e9licieuse sans craindre de prendre du poids. Il peut \u00eatre utilis\u00e9 pour pr\u00e9parer du bibimbap, du riz frit, de la bouillie, etc. Il suffit de la rincer \u00e0 l'eau courante pendant 2 \u00e0 3 minutes pour \u00e9liminer l'odeur de poisson, puis de la cuire et de l'ajouter \u00e0 la recette de votre choix.<\/p>\n<table>\n<tbody>\n<tr>\n<td>Nom du produit<\/td>\n<td>Algues Shirataki Riz Konjac<\/td>\n<\/tr>\n<tr>\n<td>Ingr\u00e9dient principal<\/td>\n<td><a href=\"https:\/\/sentaiyuanbio.com\/fr\/produit\/farine-digname-konjac-poudre-digname-konjac\/\" target=\"_blank\" rel=\"noopener\">Poudre de konjac<\/a>, <a href=\"https:\/\/regencyspices.hk\/products\/seaweed-ground-powder?srsltid=AfmBOopyFMW9OQcCqSg2UtTrrVRpxMW1hLqBxhhNTu-xTvyPbUEoVgHT\" target=\"_blank\" rel=\"noopener\">Poudre d'algues<\/a>, de l'eau<\/td>\n<\/tr>\n<tr>\n<td>Saveurs<\/td>\n<td>Saveurs originale, carotte, flocons d'avoine, algues, sarrasin, haricot mungo et haricot rouge<\/td>\n<\/tr>\n<tr>\n<td>Fonctionnalit\u00e9<\/td>\n<td>Sans odeur, faible teneur en calories, faible teneur en glucides, sans gluten, sans sucre, sans graisse, sans OGM, riche en fibres.<\/td>\n<\/tr>\n<tr>\n<td>Fonctions<\/td>\n<td>R\u00e9gime v\u00e9g\u00e9tarien, perte de poids, augmentation de la sati\u00e9t\u00e9<\/td>\n<\/tr>\n<tr>\n<td>Fibres alimentaires<\/td>\n<td>3g\/100g<\/td>\n<\/tr>\n<tr>\n<td>Calories<\/td>\n<td>6Kcal\/100g<\/td>\n<\/tr>\n<tr>\n<td>Teneur en mati\u00e8res grasses<\/td>\n<td>0<\/td>\n<\/tr>\n<tr>\n<td>Poids<\/td>\n<td>Sur mesure<\/td>\n<\/tr>\n<tr>\n<td>Temps de cuisson<\/td>\n<td>3 minutes<\/td>\n<\/tr>\n<tr>\n<td>Dur\u00e9e de conservation<\/td>\n<td>12 mois<\/td>\n<\/tr>\n<\/tbody>\n<\/table>\n<p><img fetchpriority=\"high\" decoding=\"async\" class=\"alignnone wp-image-4555 size-full\" src=\"https:\/\/sentaiyuanbio.com\/wp-content\/uploads\/2025\/03\/Help-to-balance-diet-2.jpg\" alt=\"Riz Konjac Shirataki aux algues, meilleur riz Konjac\" width=\"750\" height=\"400\" srcset=\"https:\/\/sentaiyuanbio.com\/wp-content\/uploads\/2025\/03\/Help-to-balance-diet-2.jpg 750w, https:\/\/sentaiyuanbio.com\/wp-content\/uploads\/2025\/03\/Help-to-balance-diet-2-300x160.jpg 300w, https:\/\/sentaiyuanbio.com\/wp-content\/uploads\/2025\/03\/Help-to-balance-diet-2-600x320.jpg 600w\" sizes=\"(max-width: 750px) 100vw, 750px\" \/><img decoding=\"async\" class=\"alignnone wp-image-4557 size-full\" src=\"https:\/\/sentaiyuanbio.com\/wp-content\/uploads\/2025\/03\/Start-the-instant-food-era2.jpg\" alt=\"Riz Konjac Shirataki aux algues, meilleur riz Konjac\" width=\"750\" height=\"750\" srcset=\"https:\/\/sentaiyuanbio.com\/wp-content\/uploads\/2025\/03\/Start-the-instant-food-era2.jpg 750w, https:\/\/sentaiyuanbio.com\/wp-content\/uploads\/2025\/03\/Start-the-instant-food-era2-600x600.jpg 600w, https:\/\/sentaiyuanbio.com\/wp-content\/uploads\/2025\/03\/Start-the-instant-food-era2-100x100.jpg 100w, https:\/\/sentaiyuanbio.com\/wp-content\/uploads\/2025\/03\/Start-the-instant-food-era2-300x300.jpg 300w, https:\/\/sentaiyuanbio.com\/wp-content\/uploads\/2025\/03\/Start-the-instant-food-era2-150x150.jpg 150w\" sizes=\"(max-width: 750px) 100vw, 750px\" \/><img decoding=\"async\" class=\"alignnone wp-image-4556 size-full\" src=\"https:\/\/sentaiyuanbio.com\/wp-content\/uploads\/2025\/03\/Seaweed-Konjac-Meal-Replacement-Rice.jpg\" alt=\"Riz Konjac Shirataki aux algues, meilleur riz Konjac\" width=\"750\" height=\"1100\" srcset=\"https:\/\/sentaiyuanbio.com\/wp-content\/uploads\/2025\/03\/Seaweed-Konjac-Meal-Replacement-Rice.jpg 750w, https:\/\/sentaiyuanbio.com\/wp-content\/uploads\/2025\/03\/Seaweed-Konjac-Meal-Replacement-Rice-205x300.jpg 205w, https:\/\/sentaiyuanbio.com\/wp-content\/uploads\/2025\/03\/Seaweed-Konjac-Meal-Replacement-Rice-698x1024.jpg 698w, https:\/\/sentaiyuanbio.com\/wp-content\/uploads\/2025\/03\/Seaweed-Konjac-Meal-Replacement-Rice-409x600.jpg 409w, https:\/\/sentaiyuanbio.com\/wp-content\/uploads\/2025\/03\/Seaweed-Konjac-Meal-Replacement-Rice-600x880.jpg 600w\" sizes=\"(max-width: 750px) 100vw, 750px\" \/><\/p>","protected":false},"excerpt":{"rendered":"<p>Ce riz aux algues shirataki konjac apporte non seulement un go\u00fbt unique, mais il est \u00e9galement pauvre en calories. La faible teneur en calories et en glucides du konjac convient parfaitement aux personnes qui souhaitent perdre du poids et contr\u00f4ler leur poids. L'ajout d'algues n'ajoute pas seulement une d\u00e9licieuse saveur marine, mais fournit \u00e9galement de riches vitamines et min\u00e9raux tels que le calcium et le fer.<\/p>","protected":false},"featured_media":4544,"template":"","meta":{"site-sidebar-layout":"default","site-content-layout":"","ast-site-content-layout":"default","site-content-style":"default","site-sidebar-style":"default","ast-global-header-display":"","ast-banner-title-visibility":"","ast-main-header-display":"","ast-hfb-above-header-display":"","ast-hfb-below-header-display":"","ast-hfb-mobile-header-display":"","site-post-title":"","ast-breadcrumbs-content":"","ast-featured-img":"","footer-sml-layout":"","ast-disable-related-posts":"","theme-transparent-header-meta":"default","adv-header-id-meta":"","stick-header-meta":"default","header-above-stick-meta":"","header-main-stick-meta":"","header-below-stick-meta":"","astra-migrate-meta-layouts":"set","ast-page-background-enabled":"default","ast-page-background-meta":{"desktop":{"background-color":"","background-image":"","background-repeat":"repeat","background-position":"center center","background-size":"auto","background-attachment":"scroll","background-type":"","background-media":"","overlay-type":"","overlay-color":"","overlay-opacity":"","overlay-gradient":""},"tablet":{"background-color":"","background-image":"","background-repeat":"repeat","background-position":"center center","background-size":"auto","background-attachment":"scroll","background-type":"","background-media":"","overlay-type":"","overlay-color":"","overlay-opacity":"","overlay-gradient":""},"mobile":{"background-color":"","background-image":"","background-repeat":"repeat","background-position":"center center","background-size":"auto","background-attachment":"scroll","background-type":"","background-media":"","overlay-type":"","overlay-color":"","overlay-opacity":"","overlay-gradient":""}},"ast-content-background-meta":{"desktop":{"background-color":"var(--ast-global-color-5)","background-image":"","background-repeat":"repeat","background-position":"center center","background-size":"auto","background-attachment":"scroll","background-type":"","background-media":"","overlay-type":"","overlay-color":"","overlay-opacity":"","overlay-gradient":""},"tablet":{"background-color":"var(--ast-global-color-5)","background-image":"","background-repeat":"repeat","background-position":"center center","background-size":"auto","background-attachment":"scroll","background-type":"","background-media":"","overlay-type":"","overlay-color":"","overlay-opacity":"","overlay-gradient":""},"mobile":{"background-color":"var(--ast-global-color-5)","background-image":"","background-repeat":"repeat","background-position":"center center","background-size":"auto","background-attachment":"scroll","background-type":"","background-media":"","overlay-type":"","overlay-color":"","overlay-opacity":"","overlay-gradient":""}}},"product_brand":[],"product_cat":[250],"product_tag":[],"class_list":{"0":"post-4543","1":"product","2":"type-product","3":"status-publish","4":"has-post-thumbnail","6":"product_cat-wet-shirataki-rice","7":"desktop-align-left","8":"tablet-align-left","9":"mobile-align-left","10":"ast-product-gallery-layout-horizontal-slider","11":"ast-product-tabs-layout-horizontal","13":"first","14":"instock","15":"shipping-taxable","16":"product-type-simple"},"_links":{"self":[{"href":"https:\/\/sentaiyuanbio.com\/fr\/wp-json\/wp\/v2\/product\/4543","targetHints":{"allow":["GET"]}}],"collection":[{"href":"https:\/\/sentaiyuanbio.com\/fr\/wp-json\/wp\/v2\/product"}],"about":[{"href":"https:\/\/sentaiyuanbio.com\/fr\/wp-json\/wp\/v2\/types\/product"}],"version-history":[{"count":0,"href":"https:\/\/sentaiyuanbio.com\/fr\/wp-json\/wp\/v2\/product\/4543\/revisions"}],"wp:featuredmedia":[{"embeddable":true,"href":"https:\/\/sentaiyuanbio.com\/fr\/wp-json\/wp\/v2\/media\/4544"}],"wp:attachment":[{"href":"https:\/\/sentaiyuanbio.com\/fr\/wp-json\/wp\/v2\/media?parent=4543"}],"wp:term":[{"taxonomy":"product_brand","embeddable":true,"href":"https:\/\/sentaiyuanbio.com\/fr\/wp-json\/wp\/v2\/product_brand?post=4543"},{"taxonomy":"product_cat","embeddable":true,"href":"https:\/\/sentaiyuanbio.com\/fr\/wp-json\/wp\/v2\/product_cat?post=4543"},{"taxonomy":"product_tag","embeddable":true,"href":"https:\/\/sentaiyuanbio.com\/fr\/wp-json\/wp\/v2\/product_tag?post=4543"}],"curies":[{"name":"wp","href":"https:\/\/api.w.org\/{rel}","templated":true}]}}