{"id":4549,"date":"2025-03-04T07:40:15","date_gmt":"2025-03-04T07:40:15","guid":{"rendered":"https:\/\/sentaiyuanbio.com\/?post_type=product&#038;p=4549"},"modified":"2025-03-05T09:06:28","modified_gmt":"2025-03-05T09:06:28","slug":"riz-shirataki-au-sarrasin","status":"publish","type":"product","link":"https:\/\/sentaiyuanbio.com\/fr\/produit\/riz-shirataki-au-sarrasin\/","title":{"rendered":"Fournisseur de riz sarrasin Shirataki, riz sarrasin konjac en gros"},"content":{"rendered":"<h2>Caract\u00e9ristiques principales du riz Shirataki au sarrasin<\/h2>\n<p>Le konjac est faible en calories et en glucides, ce qui le rend id\u00e9al pour les personnes souhaitant perdre du poids et contr\u00f4ler leur poids. Croquez-le et l'ar\u00f4me du sarrasin se marie parfaitement \u00e0 la douceur du konjac, pour une exp\u00e9rience gustative saine et d\u00e9licieuse. De plus, ces nouilles de konjac sont abordables et adapt\u00e9es \u00e0 un r\u00e9gime quotidien, pour un plaisir gustatif et un bien-\u00eatre optimal.<\/p>\n<p class=\"two_elementor_element\">En voici quelques caract\u00e9ristiques et particularit\u00e9s :<\/p>\n<ol>\n<li>Convient aux r\u00e9gimes<\/li>\n<li>Riz sain<\/li>\n<li>Favorise la sant\u00e9<\/li>\n<li>Facile et copieux<\/li>\n<li>Un produit de haute qualit\u00e9 garantit la s\u00e9curit\u00e9 alimentaire<\/li>\n<li>Faible en calories<\/li>\n<li>Faible en glucides<\/li>\n<li>Haute teneur en fibres<\/li>\n<li>Pr\u00e9paration rapide et facile<\/li>\n<li>Favorise la sati\u00e9t\u00e9<\/li>\n<li>Convient \u00e0 diverses restrictions alimentaires<\/li>\n<\/ol>\n<table>\n<tbody>\n<tr>\n<td>Nom du produit<\/td>\n<td>Riz Shirataki au sarrasin<\/td>\n<\/tr>\n<tr>\n<td>Ingr\u00e9dient principal<\/td>\n<td><a href=\"https:\/\/sentaiyuanbio.com\/fr\/produit\/farine-digname-konjac-poudre-digname-konjac\/\" target=\"_blank\" rel=\"noopener\">Poudre de konjac<\/a>, <a href=\"https:\/\/www.pns.hk\/en\/organic-buckwheat-flour\/p\/BP_149351\" target=\"_blank\" rel=\"noopener\">Poudre de sarrasin<\/a>, de l'eau<\/td>\n<\/tr>\n<tr>\n<td>Saveurs<\/td>\n<td>Saveurs originale, carotte, flocons d'avoine, algues, sarrasin, haricot mungo et haricot rouge<\/td>\n<\/tr>\n<tr>\n<td>Fonctionnalit\u00e9<\/td>\n<td>Sans odeur, faible teneur en calories, faible teneur en glucides, sans gluten, sans sucre, sans graisse, sans OGM, riche en fibres.<\/td>\n<\/tr>\n<tr>\n<td>Fonctions<\/td>\n<td>R\u00e9gime v\u00e9g\u00e9tarien, perte de poids, augmentation de la sati\u00e9t\u00e9<\/td>\n<\/tr>\n<tr>\n<td>Fibres alimentaires<\/td>\n<td>3g\/100g<\/td>\n<\/tr>\n<tr>\n<td>Calories<\/td>\n<td>6Kcal\/100g<\/td>\n<\/tr>\n<tr>\n<td>Teneur en mati\u00e8res grasses<\/td>\n<td>0<\/td>\n<\/tr>\n<tr>\n<td>Poids<\/td>\n<td>Sur mesure<\/td>\n<\/tr>\n<tr>\n<td>Temps de cuisson<\/td>\n<td>3 minutes<\/td>\n<\/tr>\n<tr>\n<td>Dur\u00e9e de conservation<\/td>\n<td>12 mois<\/td>\n<\/tr>\n<\/tbody>\n<\/table>","protected":false},"excerpt":{"rendered":"<p>Ce riz shirataki au sarrasin offre non seulement un go\u00fbt unique, mais aussi une grande valeur nutritionnelle. L'ajout de sarrasin lui conf\u00e8re un ar\u00f4me de noisette et une saveur intense, tout en \u00e9tant riche en prot\u00e9ines, en fibres et en min\u00e9raux.<\/p>","protected":false},"featured_media":4558,"template":"","meta":{"site-sidebar-layout":"default","site-content-layout":"","ast-site-content-layout":"default","site-content-style":"default","site-sidebar-style":"default","ast-global-header-display":"","ast-banner-title-visibility":"","ast-main-header-display":"","ast-hfb-above-header-display":"","ast-hfb-below-header-display":"","ast-hfb-mobile-header-display":"","site-post-title":"","ast-breadcrumbs-content":"","ast-featured-img":"","footer-sml-layout":"","ast-disable-related-posts":"","theme-transparent-header-meta":"default","adv-header-id-meta":"","stick-header-meta":"default","header-above-stick-meta":"","header-main-stick-meta":"","header-below-stick-meta":"","astra-migrate-meta-layouts":"set","ast-page-background-enabled":"default","ast-page-background-meta":{"desktop":{"background-color":"","background-image":"","background-repeat":"repeat","background-position":"center center","background-size":"auto","background-attachment":"scroll","background-type":"","background-media":"","overlay-type":"","overlay-color":"","overlay-opacity":"","overlay-gradient":""},"tablet":{"background-color":"","background-image":"","background-repeat":"repeat","background-position":"center center","background-size":"auto","background-attachment":"scroll","background-type":"","background-media":"","overlay-type":"","overlay-color":"","overlay-opacity":"","overlay-gradient":""},"mobile":{"background-color":"","background-image":"","background-repeat":"repeat","background-position":"center center","background-size":"auto","background-attachment":"scroll","background-type":"","background-media":"","overlay-type":"","overlay-color":"","overlay-opacity":"","overlay-gradient":""}},"ast-content-background-meta":{"desktop":{"background-color":"var(--ast-global-color-5)","background-image":"","background-repeat":"repeat","background-position":"center center","background-size":"auto","background-attachment":"scroll","background-type":"","background-media":"","overlay-type":"","overlay-color":"","overlay-opacity":"","overlay-gradient":""},"tablet":{"background-color":"var(--ast-global-color-5)","background-image":"","background-repeat":"repeat","background-position":"center center","background-size":"auto","background-attachment":"scroll","background-type":"","background-media":"","overlay-type":"","overlay-color":"","overlay-opacity":"","overlay-gradient":""},"mobile":{"background-color":"var(--ast-global-color-5)","background-image":"","background-repeat":"repeat","background-position":"center center","background-size":"auto","background-attachment":"scroll","background-type":"","background-media":"","overlay-type":"","overlay-color":"","overlay-opacity":"","overlay-gradient":""}}},"product_brand":[],"product_cat":[250],"product_tag":[],"class_list":{"0":"post-4549","1":"product","2":"type-product","3":"status-publish","4":"has-post-thumbnail","6":"product_cat-wet-shirataki-rice","7":"desktop-align-left","8":"tablet-align-left","9":"mobile-align-left","10":"ast-product-gallery-layout-horizontal-slider","11":"ast-product-tabs-layout-horizontal","13":"first","14":"instock","15":"shipping-taxable","16":"product-type-simple"},"_links":{"self":[{"href":"https:\/\/sentaiyuanbio.com\/fr\/wp-json\/wp\/v2\/product\/4549","targetHints":{"allow":["GET"]}}],"collection":[{"href":"https:\/\/sentaiyuanbio.com\/fr\/wp-json\/wp\/v2\/product"}],"about":[{"href":"https:\/\/sentaiyuanbio.com\/fr\/wp-json\/wp\/v2\/types\/product"}],"version-history":[{"count":0,"href":"https:\/\/sentaiyuanbio.com\/fr\/wp-json\/wp\/v2\/product\/4549\/revisions"}],"wp:featuredmedia":[{"embeddable":true,"href":"https:\/\/sentaiyuanbio.com\/fr\/wp-json\/wp\/v2\/media\/4558"}],"wp:attachment":[{"href":"https:\/\/sentaiyuanbio.com\/fr\/wp-json\/wp\/v2\/media?parent=4549"}],"wp:term":[{"taxonomy":"product_brand","embeddable":true,"href":"https:\/\/sentaiyuanbio.com\/fr\/wp-json\/wp\/v2\/product_brand?post=4549"},{"taxonomy":"product_cat","embeddable":true,"href":"https:\/\/sentaiyuanbio.com\/fr\/wp-json\/wp\/v2\/product_cat?post=4549"},{"taxonomy":"product_tag","embeddable":true,"href":"https:\/\/sentaiyuanbio.com\/fr\/wp-json\/wp\/v2\/product_tag?post=4549"}],"curies":[{"name":"wp","href":"https:\/\/api.w.org\/{rel}","templated":true}]}}