{"id":4565,"date":"2025-03-04T08:38:06","date_gmt":"2025-03-04T08:38:06","guid":{"rendered":"https:\/\/sentaiyuanbio.com\/?post_type=product&#038;p=4565"},"modified":"2025-03-05T09:08:01","modified_gmt":"2025-03-05T09:08:01","slug":"haricot-mungo-konjac-riz-en-gros","status":"publish","type":"product","link":"https:\/\/sentaiyuanbio.com\/fr\/produit\/haricot-mungo-konjac-riz-en-gros\/","title":{"rendered":"Riz de konjac \u00e0 base de haricots mungo, riz de konjac Shirataki en gros"},"content":{"rendered":"<h2>Caract\u00e9ristiques principales du riz de konjac \u00e0 base de haricots mungo<\/h2>\n<p>Le riz au haricot mungo et au konjac est pauvre en calories et en hydrates de carbone et convient parfaitement aux personnes qui souhaitent perdre de la graisse et contr\u00f4ler leur poids.<\/p>\n<p>Le konjac est associ\u00e9 aux haricots mungo. Les polysaccharides des haricots mungo peuvent renforcer l'activit\u00e9 de la lipoprot\u00e9inase s\u00e9rique, hydrolyser les triglyc\u00e9rides dans les lipoprot\u00e9ines afin d'abaisser le taux de lipides dans le sang, ce qui permet de pr\u00e9venir et de traiter les maladies coronariennes et l'angine de poitrine.<\/p>\n<p>Les haricots mungo contiennent un type de globuline et de polysaccharide qui peut favoriser la d\u00e9composition du cholest\u00e9rol dans le corps humain en acide biliaire dans le foie, acc\u00e9l\u00e9rer la s\u00e9cr\u00e9tion des sels biliaires dans la bile et r\u00e9duire l'absorption du cholest\u00e9rol dans l'intestin gr\u00eale.<\/p>\n<p>En prenant une bouch\u00e9e, le parfum des haricots mungo et le go\u00fbt onctueux du riz konjac shirataki s'int\u00e8grent parfaitement, offrant une exp\u00e9rience gustative saine et d\u00e9licieuse.<\/p>\n<p>Vous pouvez l'utiliser pour pr\u00e9parer une vari\u00e9t\u00e9 de d\u00e9lices, tels que les boulettes de riz konjac, le porridge de riz konjac et m\u00eame la salade de riz konjac, qui peuvent satisfaire les papilles gustatives et prendre soin de la sant\u00e9.<\/p>\n<p>Que ce soit pour le petit-d\u00e9jeuner, le d\u00e9jeuner ou le d\u00eener, ce riz aux haricots mungo et au konjac est votre meilleur choix.<\/p>\n<table>\n<tbody>\n<tr>\n<td>Nom du produit<\/td>\n<td>Riz de konjac \u00e0 base de haricots mungo, riz de konjac Shirataki en gros<\/td>\n<\/tr>\n<tr>\n<td>Ingr\u00e9dient principal<\/td>\n<td><a href=\"https:\/\/sentaiyuanbio.com\/fr\/produit\/glucomannane-de-racine-de-konjac\/\" target=\"_blank\" rel=\"noopener\">Poudre de konjac<\/a>, <a href=\"https:\/\/naturapunkt.com\/blogs\/news\/mung-bean-powder\" target=\"_blank\" rel=\"noopener\">Poudre de haricot mungo<\/a>, de l'eau<\/td>\n<\/tr>\n<tr>\n<td>Saveurs<\/td>\n<td>Saveurs originale, carotte, flocons d'avoine, algues, sarrasin, haricot mungo et haricot rouge<\/td>\n<\/tr>\n<tr>\n<td>Fonctionnalit\u00e9<\/td>\n<td>Sans odeur, faible teneur en calories, faible teneur en glucides, sans gluten, sans sucre, sans graisse, sans OGM, riche en fibres.<\/td>\n<\/tr>\n<tr>\n<td>Fonctions<\/td>\n<td>R\u00e9gime v\u00e9g\u00e9tarien, perte de poids, augmentation de la sati\u00e9t\u00e9<\/td>\n<\/tr>\n<tr>\n<td>Fibres alimentaires<\/td>\n<td>3g\/100g<\/td>\n<\/tr>\n<tr>\n<td>Calories<\/td>\n<td>6Kcal\/100g<\/td>\n<\/tr>\n<tr>\n<td>Teneur en mati\u00e8res grasses<\/td>\n<td>0<\/td>\n<\/tr>\n<tr>\n<td>Poids<\/td>\n<td>Sur mesure<\/td>\n<\/tr>\n<tr>\n<td>Temps de cuisson<\/td>\n<td>3 minutes<\/td>\n<\/tr>\n<tr>\n<td>Dur\u00e9e de conservation<\/td>\n<td>12 mois<\/td>\n<\/tr>\n<\/tbody>\n<\/table>\n<p><img fetchpriority=\"high\" decoding=\"async\" class=\"alignnone wp-image-4567 size-full\" src=\"https:\/\/sentaiyuanbio.com\/wp-content\/uploads\/2025\/03\/Mung-Bean-Konjac-Rice-2.webp\" alt=\"Riz de konjac \u00e0 base de haricots mungo, riz de konjac Shirataki en gros\" width=\"750\" height=\"400\" srcset=\"https:\/\/sentaiyuanbio.com\/wp-content\/uploads\/2025\/03\/Mung-Bean-Konjac-Rice-2.webp 750w, https:\/\/sentaiyuanbio.com\/wp-content\/uploads\/2025\/03\/Mung-Bean-Konjac-Rice-2-300x160.webp 300w, https:\/\/sentaiyuanbio.com\/wp-content\/uploads\/2025\/03\/Mung-Bean-Konjac-Rice-2-600x320.webp 600w\" sizes=\"(max-width: 750px) 100vw, 750px\" \/><img decoding=\"async\" class=\"alignnone wp-image-4573 size-full\" src=\"https:\/\/sentaiyuanbio.com\/wp-content\/uploads\/2025\/03\/Mung-Bean-Konjac-Rice-8.webp\" alt=\"Riz de konjac \u00e0 base de haricots mungo, riz de konjac Shirataki en gros\" width=\"750\" height=\"750\" srcset=\"https:\/\/sentaiyuanbio.com\/wp-content\/uploads\/2025\/03\/Mung-Bean-Konjac-Rice-8.webp 750w, https:\/\/sentaiyuanbio.com\/wp-content\/uploads\/2025\/03\/Mung-Bean-Konjac-Rice-8-600x600.webp 600w, https:\/\/sentaiyuanbio.com\/wp-content\/uploads\/2025\/03\/Mung-Bean-Konjac-Rice-8-100x100.webp 100w, https:\/\/sentaiyuanbio.com\/wp-content\/uploads\/2025\/03\/Mung-Bean-Konjac-Rice-8-300x300.webp 300w, https:\/\/sentaiyuanbio.com\/wp-content\/uploads\/2025\/03\/Mung-Bean-Konjac-Rice-8-150x150.webp 150w\" sizes=\"(max-width: 750px) 100vw, 750px\" \/><img decoding=\"async\" class=\"alignnone wp-image-4566 size-full\" src=\"https:\/\/sentaiyuanbio.com\/wp-content\/uploads\/2025\/03\/Mung-Bean-Konjac-Rice-1.webp\" alt=\"Riz de konjac \u00e0 base de haricots mungo, riz de konjac Shirataki en gros\" width=\"750\" height=\"1100\" srcset=\"https:\/\/sentaiyuanbio.com\/wp-content\/uploads\/2025\/03\/Mung-Bean-Konjac-Rice-1.webp 750w, https:\/\/sentaiyuanbio.com\/wp-content\/uploads\/2025\/03\/Mung-Bean-Konjac-Rice-1-205x300.webp 205w, https:\/\/sentaiyuanbio.com\/wp-content\/uploads\/2025\/03\/Mung-Bean-Konjac-Rice-1-698x1024.webp 698w, https:\/\/sentaiyuanbio.com\/wp-content\/uploads\/2025\/03\/Mung-Bean-Konjac-Rice-1-409x600.webp 409w, https:\/\/sentaiyuanbio.com\/wp-content\/uploads\/2025\/03\/Mung-Bean-Konjac-Rice-1-600x880.webp 600w\" sizes=\"(max-width: 750px) 100vw, 750px\" \/><\/p>","protected":false},"excerpt":{"rendered":"<p>Ce riz aux haricots mungo et au konjac pr\u00e9sente non seulement des avantages nutritionnels significatifs, mais offre \u00e9galement une exp\u00e9rience gustative unique. Les haricots mungo sont riches en prot\u00e9ines, en fibres, en phospholipides et en vitamines multiples, qui peuvent aider \u00e0 r\u00e9guler le m\u00e9tabolisme et \u00e0 am\u00e9liorer la sant\u00e9 intestinale.<\/p>","protected":false},"featured_media":4570,"template":"","meta":{"site-sidebar-layout":"default","site-content-layout":"","ast-site-content-layout":"default","site-content-style":"default","site-sidebar-style":"default","ast-global-header-display":"","ast-banner-title-visibility":"","ast-main-header-display":"","ast-hfb-above-header-display":"","ast-hfb-below-header-display":"","ast-hfb-mobile-header-display":"","site-post-title":"","ast-breadcrumbs-content":"","ast-featured-img":"","footer-sml-layout":"","ast-disable-related-posts":"","theme-transparent-header-meta":"default","adv-header-id-meta":"","stick-header-meta":"default","header-above-stick-meta":"","header-main-stick-meta":"","header-below-stick-meta":"","astra-migrate-meta-layouts":"set","ast-page-background-enabled":"default","ast-page-background-meta":{"desktop":{"background-color":"","background-image":"","background-repeat":"repeat","background-position":"center center","background-size":"auto","background-attachment":"scroll","background-type":"","background-media":"","overlay-type":"","overlay-color":"","overlay-opacity":"","overlay-gradient":""},"tablet":{"background-color":"","background-image":"","background-repeat":"repeat","background-position":"center center","background-size":"auto","background-attachment":"scroll","background-type":"","background-media":"","overlay-type":"","overlay-color":"","overlay-opacity":"","overlay-gradient":""},"mobile":{"background-color":"","background-image":"","background-repeat":"repeat","background-position":"center center","background-size":"auto","background-attachment":"scroll","background-type":"","background-media":"","overlay-type":"","overlay-color":"","overlay-opacity":"","overlay-gradient":""}},"ast-content-background-meta":{"desktop":{"background-color":"var(--ast-global-color-5)","background-image":"","background-repeat":"repeat","background-position":"center center","background-size":"auto","background-attachment":"scroll","background-type":"","background-media":"","overlay-type":"","overlay-color":"","overlay-opacity":"","overlay-gradient":""},"tablet":{"background-color":"var(--ast-global-color-5)","background-image":"","background-repeat":"repeat","background-position":"center center","background-size":"auto","background-attachment":"scroll","background-type":"","background-media":"","overlay-type":"","overlay-color":"","overlay-opacity":"","overlay-gradient":""},"mobile":{"background-color":"var(--ast-global-color-5)","background-image":"","background-repeat":"repeat","background-position":"center center","background-size":"auto","background-attachment":"scroll","background-type":"","background-media":"","overlay-type":"","overlay-color":"","overlay-opacity":"","overlay-gradient":""}}},"product_brand":[],"product_cat":[250],"product_tag":[],"class_list":{"0":"post-4565","1":"product","2":"type-product","3":"status-publish","4":"has-post-thumbnail","6":"product_cat-wet-shirataki-rice","7":"desktop-align-left","8":"tablet-align-left","9":"mobile-align-left","10":"ast-product-gallery-layout-horizontal-slider","11":"ast-product-tabs-layout-horizontal","13":"first","14":"instock","15":"shipping-taxable","16":"product-type-simple"},"_links":{"self":[{"href":"https:\/\/sentaiyuanbio.com\/fr\/wp-json\/wp\/v2\/product\/4565","targetHints":{"allow":["GET"]}}],"collection":[{"href":"https:\/\/sentaiyuanbio.com\/fr\/wp-json\/wp\/v2\/product"}],"about":[{"href":"https:\/\/sentaiyuanbio.com\/fr\/wp-json\/wp\/v2\/types\/product"}],"version-history":[{"count":0,"href":"https:\/\/sentaiyuanbio.com\/fr\/wp-json\/wp\/v2\/product\/4565\/revisions"}],"wp:featuredmedia":[{"embeddable":true,"href":"https:\/\/sentaiyuanbio.com\/fr\/wp-json\/wp\/v2\/media\/4570"}],"wp:attachment":[{"href":"https:\/\/sentaiyuanbio.com\/fr\/wp-json\/wp\/v2\/media?parent=4565"}],"wp:term":[{"taxonomy":"product_brand","embeddable":true,"href":"https:\/\/sentaiyuanbio.com\/fr\/wp-json\/wp\/v2\/product_brand?post=4565"},{"taxonomy":"product_cat","embeddable":true,"href":"https:\/\/sentaiyuanbio.com\/fr\/wp-json\/wp\/v2\/product_cat?post=4565"},{"taxonomy":"product_tag","embeddable":true,"href":"https:\/\/sentaiyuanbio.com\/fr\/wp-json\/wp\/v2\/product_tag?post=4565"}],"curies":[{"name":"wp","href":"https:\/\/api.w.org\/{rel}","templated":true}]}}