{"id":4574,"date":"2025-03-05T03:42:02","date_gmt":"2025-03-05T03:42:02","guid":{"rendered":"https:\/\/sentaiyuanbio.com\/?post_type=product&#038;p=4574"},"modified":"2025-03-05T09:57:01","modified_gmt":"2025-03-05T09:57:01","slug":"carotte-konjac-riz-en-vrac-grossiste","status":"publish","type":"product","link":"https:\/\/sentaiyuanbio.com\/fr\/produit\/carotte-konjac-riz-en-vrac-grossiste\/","title":{"rendered":"Riz konjac aux carottes en vrac, riz shirataki instantan\u00e9 en gros"},"content":{"rendered":"<h2>Riz \u00e0 la carotte et au konjac Description<\/h2>\n<p>Le riz konjac est \u00e9galement connu sous le nom de riz Shirataki. D'o\u00f9 vient le riz Shirataki ? Comme son nom l'indique, le riz Shirataki est originaire du Japon. Il est fabriqu\u00e9 \u00e0 partir de la racine de konjac, \u00e9galement connue sous le nom d'igname de konjac ou de riz Shirataki. <a href=\"https:\/\/herbsocietyblog.wordpress.com\/2022\/11\/14\/devils-tongue-amorphophallus-konjac\/\" target=\"_blank\" rel=\"noopener\">langue du diable<\/a>. Ils ont une texture g\u00e9latineuse et constituent une bonne source de glucomannane, une fibre alimentaire. Pour fabriquer le riz, la fibre de glucomannane est extraite de la racine de konjac et m\u00e9lang\u00e9e \u00e0 de l'eau et \u00e0 de l'eau de chaux.<\/p>\n<p>Il en r\u00e9sulte une substance g\u00e9latineuse appel\u00e9e konjac, qui est transform\u00e9e en une substance semblable \u00e0 du riz. Le riz fini est compos\u00e9 de 97% d'eau et de 3% de fibres indigestes, ce qui en fait un riz z\u00e9ro calorie. Ces riz ont gagn\u00e9 le surnom de \"riz miracle\" et sont totalement pal\u00e9o et sans calories. Ils n'ont pratiquement pas de go\u00fbt en soi, mais ont une l\u00e9g\u00e8re odeur de poisson lorsqu'ils sont emball\u00e9s dans de l'eau. Cela est d\u00fb au fait qu'ils sont emball\u00e9s avec de l'eau, qui peut \u00eatre facilement \u00e9limin\u00e9e par rin\u00e7age.<\/p>\n<table>\n<tbody>\n<tr>\n<td>Nom du produit<\/td>\n<td>Riz konjac aux carottes en vrac, riz shirataki instantan\u00e9 en gros<\/td>\n<\/tr>\n<tr>\n<td>Ingr\u00e9dient principal<\/td>\n<td><a href=\"https:\/\/sentaiyuanbio.com\/fr\/produit\/farine-digname-konjac-poudre-digname-konjac\/\" target=\"_blank\" rel=\"noopener\">Poudre de konjac<\/a>, Poudre de carotte, eau<\/td>\n<\/tr>\n<tr>\n<td>Saveurs<\/td>\n<td>Saveurs originale, carotte, flocons d'avoine, algues, sarrasin, haricot mungo et haricot rouge<\/td>\n<\/tr>\n<tr>\n<td>Fonctionnalit\u00e9<\/td>\n<td>Sans odeur, faible teneur en calories, faible teneur en glucides, sans gluten, sans sucre, sans graisse, sans OGM, riche en fibres.<\/td>\n<\/tr>\n<tr>\n<td>Fonctions<\/td>\n<td>R\u00e9gime v\u00e9g\u00e9tarien, perte de poids, augmentation de la sati\u00e9t\u00e9<\/td>\n<\/tr>\n<tr>\n<td>Fibres alimentaires<\/td>\n<td>3g\/100g<\/td>\n<\/tr>\n<tr>\n<td>Calories<\/td>\n<td>6Kcal\/100g<\/td>\n<\/tr>\n<tr>\n<td>Teneur en mati\u00e8res grasses<\/td>\n<td>0<\/td>\n<\/tr>\n<tr>\n<td>Poids<\/td>\n<td>Sur mesure<\/td>\n<\/tr>\n<tr>\n<td>Temps de cuisson<\/td>\n<td>3 minutes<\/td>\n<\/tr>\n<tr>\n<td>Dur\u00e9e de conservation<\/td>\n<td>12 mois<\/td>\n<\/tr>\n<\/tbody>\n<\/table>\n<p>Vous pouvez l'utiliser pour pr\u00e9parer une vari\u00e9t\u00e9 de d\u00e9lices, tels que des boulettes de riz konjac \u00e0 la carotte, du porridge de riz konjac et m\u00eame une salade de riz konjac, avec des l\u00e9gumes frais et des sauces saines, qui peuvent satisfaire vos papilles gustatives et prendre soin de votre sant\u00e9. Que ce soit au petit-d\u00e9jeuner, au d\u00e9jeuner ou au d\u00eener, ce riz konjac aromatis\u00e9 \u00e0 la carotte est votre meilleur choix.<\/p>\n<p><img fetchpriority=\"high\" decoding=\"async\" class=\"alignnone wp-image-4580 size-full\" src=\"https:\/\/sentaiyuanbio.com\/wp-content\/uploads\/2025\/03\/Carrot-Konjac-Rice-6.webp\" alt=\"Riz aux carottes et au konjac\" width=\"750\" height=\"400\" srcset=\"https:\/\/sentaiyuanbio.com\/wp-content\/uploads\/2025\/03\/Carrot-Konjac-Rice-6.webp 750w, https:\/\/sentaiyuanbio.com\/wp-content\/uploads\/2025\/03\/Carrot-Konjac-Rice-6-300x160.webp 300w, https:\/\/sentaiyuanbio.com\/wp-content\/uploads\/2025\/03\/Carrot-Konjac-Rice-6-600x320.webp 600w\" sizes=\"(max-width: 750px) 100vw, 750px\" \/><img decoding=\"async\" class=\"alignnone wp-image-4581 size-full\" src=\"https:\/\/sentaiyuanbio.com\/wp-content\/uploads\/2025\/03\/Carrot-Konjac-Rice-9.webp\" alt=\"Riz aux carottes et au konjac\" width=\"750\" height=\"750\" srcset=\"https:\/\/sentaiyuanbio.com\/wp-content\/uploads\/2025\/03\/Carrot-Konjac-Rice-9.webp 750w, https:\/\/sentaiyuanbio.com\/wp-content\/uploads\/2025\/03\/Carrot-Konjac-Rice-9-600x600.webp 600w, https:\/\/sentaiyuanbio.com\/wp-content\/uploads\/2025\/03\/Carrot-Konjac-Rice-9-100x100.webp 100w, https:\/\/sentaiyuanbio.com\/wp-content\/uploads\/2025\/03\/Carrot-Konjac-Rice-9-300x300.webp 300w, https:\/\/sentaiyuanbio.com\/wp-content\/uploads\/2025\/03\/Carrot-Konjac-Rice-9-150x150.webp 150w\" sizes=\"(max-width: 750px) 100vw, 750px\" \/><img decoding=\"async\" class=\"alignnone wp-image-4583 size-full\" src=\"https:\/\/sentaiyuanbio.com\/wp-content\/uploads\/2025\/03\/Carrot-Konjac-Rice-8.webp\" alt=\"Riz aux carottes et au konjac\" width=\"750\" height=\"770\" srcset=\"https:\/\/sentaiyuanbio.com\/wp-content\/uploads\/2025\/03\/Carrot-Konjac-Rice-8.webp 750w, https:\/\/sentaiyuanbio.com\/wp-content\/uploads\/2025\/03\/Carrot-Konjac-Rice-8-292x300.webp 292w, https:\/\/sentaiyuanbio.com\/wp-content\/uploads\/2025\/03\/Carrot-Konjac-Rice-8-584x600.webp 584w, https:\/\/sentaiyuanbio.com\/wp-content\/uploads\/2025\/03\/Carrot-Konjac-Rice-8-600x616.webp 600w\" sizes=\"(max-width: 750px) 100vw, 750px\" \/><\/p>\n<style>.embed-container { position: relative; padding-bottom: 56.25%; height: 0; overflow: hidden; max-width: 100%; } .embed-container iframe, .embed-container object, .embed-container embed { position: absolute; top: 0; left: 0; width: 100%; height: 100%; }<\/style>\n<div class=\"embed-container\"><iframe src=\"https:\/\/www.youtube.com\/embed\/IHFal7LWjK0\" frameborder=\"0\" allowfullscreen=\"allowfullscreen\"><\/iframe><\/div>","protected":false},"excerpt":{"rendered":"<p>Ce riz aux carottes et au konjac pr\u00e9sente non seulement des avantages nutritionnels significatifs, mais apporte \u00e9galement une exp\u00e9rience gustative unique. Les carottes sont riches en vitamine A et en fibres, ce qui peut contribuer \u00e0 am\u00e9liorer la vision et \u00e0 renforcer l'immunit\u00e9. Le riz konjac est pauvre en calories et en glucides, ce qui convient parfaitement aux personnes qui souhaitent perdre de la graisse et contr\u00f4ler leur poids.<\/p>","protected":false},"featured_media":4575,"template":"","meta":{"site-sidebar-layout":"default","site-content-layout":"","ast-site-content-layout":"default","site-content-style":"default","site-sidebar-style":"default","ast-global-header-display":"","ast-banner-title-visibility":"","ast-main-header-display":"","ast-hfb-above-header-display":"","ast-hfb-below-header-display":"","ast-hfb-mobile-header-display":"","site-post-title":"","ast-breadcrumbs-content":"","ast-featured-img":"","footer-sml-layout":"","ast-disable-related-posts":"","theme-transparent-header-meta":"default","adv-header-id-meta":"","stick-header-meta":"default","header-above-stick-meta":"","header-main-stick-meta":"","header-below-stick-meta":"","astra-migrate-meta-layouts":"set","ast-page-background-enabled":"default","ast-page-background-meta":{"desktop":{"background-color":"","background-image":"","background-repeat":"repeat","background-position":"center center","background-size":"auto","background-attachment":"scroll","background-type":"","background-media":"","overlay-type":"","overlay-color":"","overlay-opacity":"","overlay-gradient":""},"tablet":{"background-color":"","background-image":"","background-repeat":"repeat","background-position":"center center","background-size":"auto","background-attachment":"scroll","background-type":"","background-media":"","overlay-type":"","overlay-color":"","overlay-opacity":"","overlay-gradient":""},"mobile":{"background-color":"","background-image":"","background-repeat":"repeat","background-position":"center center","background-size":"auto","background-attachment":"scroll","background-type":"","background-media":"","overlay-type":"","overlay-color":"","overlay-opacity":"","overlay-gradient":""}},"ast-content-background-meta":{"desktop":{"background-color":"var(--ast-global-color-5)","background-image":"","background-repeat":"repeat","background-position":"center center","background-size":"auto","background-attachment":"scroll","background-type":"","background-media":"","overlay-type":"","overlay-color":"","overlay-opacity":"","overlay-gradient":""},"tablet":{"background-color":"var(--ast-global-color-5)","background-image":"","background-repeat":"repeat","background-position":"center center","background-size":"auto","background-attachment":"scroll","background-type":"","background-media":"","overlay-type":"","overlay-color":"","overlay-opacity":"","overlay-gradient":""},"mobile":{"background-color":"var(--ast-global-color-5)","background-image":"","background-repeat":"repeat","background-position":"center center","background-size":"auto","background-attachment":"scroll","background-type":"","background-media":"","overlay-type":"","overlay-color":"","overlay-opacity":"","overlay-gradient":""}}},"product_brand":[],"product_cat":[250],"product_tag":[],"class_list":{"0":"post-4574","1":"product","2":"type-product","3":"status-publish","4":"has-post-thumbnail","6":"product_cat-wet-shirataki-rice","7":"desktop-align-left","8":"tablet-align-left","9":"mobile-align-left","10":"ast-product-gallery-layout-horizontal-slider","11":"ast-product-tabs-layout-horizontal","13":"first","14":"instock","15":"shipping-taxable","16":"product-type-simple"},"_links":{"self":[{"href":"https:\/\/sentaiyuanbio.com\/fr\/wp-json\/wp\/v2\/product\/4574","targetHints":{"allow":["GET"]}}],"collection":[{"href":"https:\/\/sentaiyuanbio.com\/fr\/wp-json\/wp\/v2\/product"}],"about":[{"href":"https:\/\/sentaiyuanbio.com\/fr\/wp-json\/wp\/v2\/types\/product"}],"version-history":[{"count":0,"href":"https:\/\/sentaiyuanbio.com\/fr\/wp-json\/wp\/v2\/product\/4574\/revisions"}],"wp:featuredmedia":[{"embeddable":true,"href":"https:\/\/sentaiyuanbio.com\/fr\/wp-json\/wp\/v2\/media\/4575"}],"wp:attachment":[{"href":"https:\/\/sentaiyuanbio.com\/fr\/wp-json\/wp\/v2\/media?parent=4574"}],"wp:term":[{"taxonomy":"product_brand","embeddable":true,"href":"https:\/\/sentaiyuanbio.com\/fr\/wp-json\/wp\/v2\/product_brand?post=4574"},{"taxonomy":"product_cat","embeddable":true,"href":"https:\/\/sentaiyuanbio.com\/fr\/wp-json\/wp\/v2\/product_cat?post=4574"},{"taxonomy":"product_tag","embeddable":true,"href":"https:\/\/sentaiyuanbio.com\/fr\/wp-json\/wp\/v2\/product_tag?post=4574"}],"curies":[{"name":"wp","href":"https:\/\/api.w.org\/{rel}","templated":true}]}}