{"id":4604,"date":"2025-03-05T07:21:43","date_gmt":"2025-03-05T07:21:43","guid":{"rendered":"https:\/\/sentaiyuanbio.com\/?post_type=product&#038;p=4604"},"modified":"2025-03-05T09:07:34","modified_gmt":"2025-03-05T09:07:34","slug":"haricots-rouges-konjac-substitut-de-repas-riz","status":"publish","type":"product","link":"https:\/\/sentaiyuanbio.com\/fr\/produit\/haricots-rouges-konjac-substitut-de-repas-riz\/","title":{"rendered":"Riz de remplacement de repas aux haricots rouges de konjac"},"content":{"rendered":"<h2>Konjac Red Bean Meal Replacement Rice Caract\u00e9ristiques principales<\/h2>\n<ol>\n<li>Faible teneur en calories<\/li>\n<li>Faible teneur en glucides<\/li>\n<li>Riche en fibres<\/li>\n<li>Sans gluten<\/li>\n<li>Texture g\u00e9latineuse<\/li>\n<li>Pratiquement sans go\u00fbt<\/li>\n<li>Rapide et facile \u00e0 pr\u00e9parer<\/li>\n<li>Favorise la sati\u00e9t\u00e9<\/li>\n<li>Convient \u00e0 diverses restrictions alimentaires<\/li>\n<li>Peut contribuer \u00e0 la gestion du poids<\/li>\n<\/ol>\n<table>\n<tbody>\n<tr>\n<td>Nom du produit<\/td>\n<td>Riz de remplacement de repas aux haricots rouges de konjac<\/td>\n<\/tr>\n<tr>\n<td>Ingr\u00e9dient principal<\/td>\n<td>L'eau, <a href=\"https:\/\/sentaiyuanbio.com\/fr\/produit\/riz-konjac\/\" target=\"_blank\" rel=\"noopener\">Riz de konjac<\/a>, Riz aux flocons d'avoine, <a href=\"https:\/\/www.yuzubakes.com\/recipes\/barley-rice\" target=\"_blank\" rel=\"noopener\">Riz d'orge<\/a>, Haricots rouges<\/td>\n<\/tr>\n<tr>\n<td>Saveurs<\/td>\n<td>Original, carotte, avoine, algues<\/td>\n<\/tr>\n<tr>\n<td>Fonctionnalit\u00e9<\/td>\n<td>Sans odeur, faible teneur en calories, faible teneur en glucides, sans gluten, sans sucre, sans graisse, sans OGM, riche en fibres.<\/td>\n<\/tr>\n<tr>\n<td>Fonctions<\/td>\n<td>R\u00e9gime v\u00e9g\u00e9tarien, perte de poids, augmentation de la sati\u00e9t\u00e9<\/td>\n<\/tr>\n<tr>\n<td>Fibres alimentaires<\/td>\n<td>3,4g\/100g<\/td>\n<\/tr>\n<tr>\n<td>Calories<\/td>\n<td>6Kcal\/100g<\/td>\n<\/tr>\n<tr>\n<td>Teneur en mati\u00e8res grasses<\/td>\n<td>0<\/td>\n<\/tr>\n<tr>\n<td>Poids<\/td>\n<td>Sur mesure<\/td>\n<\/tr>\n<tr>\n<td>Temps de cuisson<\/td>\n<td>3 minutes<\/td>\n<\/tr>\n<tr>\n<td>Dur\u00e9e de conservation<\/td>\n<td>12 mois<\/td>\n<\/tr>\n<tr>\n<td>Paquet<\/td>\n<td>Sac int\u00e9rieur + pochette permanente\/ bo\u00eete en papier<\/td>\n<\/tr>\n<tr>\n<td>Certificats<\/td>\n<td>IFS, BRC, KASHER, HALAL, HACCP<\/td>\n<\/tr>\n<\/tbody>\n<\/table>\n<p>Il est important de noter que la texture et le go\u00fbt du substitut de repas \u00e0 base de haricots rouges de konjac sont diff\u00e9rents de ceux du riz traditionnel. Certaines personnes peuvent avoir besoin d'un certain temps pour s'habituer \u00e0 cette texture et \u00e0 ce go\u00fbt uniques. Il est recommand\u00e9 d'essayer diff\u00e9rentes recettes et m\u00e9thodes de cuisson pour trouver la meilleure fa\u00e7on de les incorporer dans les repas.<\/p>\n<p>Vous pouvez l'utiliser pour pr\u00e9parer une vari\u00e9t\u00e9 de d\u00e9lices, tels que des boulettes de riz konjac, du porridge de riz konjac et m\u00eame une salade de riz konjac, avec des l\u00e9gumes frais et des sauces saines, qui peuvent satisfaire vos papilles gustatives et prendre soin de votre sant\u00e9. Que ce soit au petit-d\u00e9jeuner, au d\u00e9jeuner ou au d\u00eener, ce substitut de repas \u00e0 base de haricots rouges konjac est votre meilleur choix.<\/p>\n<p><img fetchpriority=\"high\" decoding=\"async\" class=\"alignnone wp-image-4605 size-full\" src=\"https:\/\/sentaiyuanbio.com\/wp-content\/uploads\/2025\/03\/Konjac-Red-Bean-Meal-Replacement-Rice-1.webp\" alt=\"Konjac Red Bean Meal Replacement Rice (riz de remplacement de repas)\" width=\"750\" height=\"400\" srcset=\"https:\/\/sentaiyuanbio.com\/wp-content\/uploads\/2025\/03\/Konjac-Red-Bean-Meal-Replacement-Rice-1.webp 750w, https:\/\/sentaiyuanbio.com\/wp-content\/uploads\/2025\/03\/Konjac-Red-Bean-Meal-Replacement-Rice-1-300x160.webp 300w, https:\/\/sentaiyuanbio.com\/wp-content\/uploads\/2025\/03\/Konjac-Red-Bean-Meal-Replacement-Rice-1-600x320.webp 600w\" sizes=\"(max-width: 750px) 100vw, 750px\" \/><img decoding=\"async\" class=\"alignnone wp-image-4612 size-full\" src=\"https:\/\/sentaiyuanbio.com\/wp-content\/uploads\/2025\/03\/Konjac-Red-Bean-Meal-Replacement-Rice-8.webp\" alt=\"Konjac Red Bean Meal Replacement Rice (riz de remplacement de repas)\" width=\"750\" height=\"750\" srcset=\"https:\/\/sentaiyuanbio.com\/wp-content\/uploads\/2025\/03\/Konjac-Red-Bean-Meal-Replacement-Rice-8.webp 750w, https:\/\/sentaiyuanbio.com\/wp-content\/uploads\/2025\/03\/Konjac-Red-Bean-Meal-Replacement-Rice-8-600x600.webp 600w, https:\/\/sentaiyuanbio.com\/wp-content\/uploads\/2025\/03\/Konjac-Red-Bean-Meal-Replacement-Rice-8-100x100.webp 100w, https:\/\/sentaiyuanbio.com\/wp-content\/uploads\/2025\/03\/Konjac-Red-Bean-Meal-Replacement-Rice-8-300x300.webp 300w, https:\/\/sentaiyuanbio.com\/wp-content\/uploads\/2025\/03\/Konjac-Red-Bean-Meal-Replacement-Rice-8-150x150.webp 150w\" sizes=\"(max-width: 750px) 100vw, 750px\" \/><img decoding=\"async\" class=\"alignnone wp-image-4606 size-full\" src=\"https:\/\/sentaiyuanbio.com\/wp-content\/uploads\/2025\/03\/Konjac-Red-Bean-Meal-Replacement-Rice-2.webp\" alt=\"Konjac Red Bean Meal Replacement Rice (riz de remplacement de repas)\" width=\"750\" height=\"1100\" srcset=\"https:\/\/sentaiyuanbio.com\/wp-content\/uploads\/2025\/03\/Konjac-Red-Bean-Meal-Replacement-Rice-2.webp 750w, https:\/\/sentaiyuanbio.com\/wp-content\/uploads\/2025\/03\/Konjac-Red-Bean-Meal-Replacement-Rice-2-205x300.webp 205w, https:\/\/sentaiyuanbio.com\/wp-content\/uploads\/2025\/03\/Konjac-Red-Bean-Meal-Replacement-Rice-2-698x1024.webp 698w, https:\/\/sentaiyuanbio.com\/wp-content\/uploads\/2025\/03\/Konjac-Red-Bean-Meal-Replacement-Rice-2-409x600.webp 409w, https:\/\/sentaiyuanbio.com\/wp-content\/uploads\/2025\/03\/Konjac-Red-Bean-Meal-Replacement-Rice-2-600x880.webp 600w\" sizes=\"(max-width: 750px) 100vw, 750px\" \/><\/p>\n<h2>Comment cuisiner<\/h2>\n<style>.embed-container { position: relative; padding-bottom: 56.25%; height: 0; overflow: hidden; max-width: 100%; } .embed-container iframe, .embed-container object, .embed-container embed { position: absolute; top: 0; left: 0; width: 100%; height: 100%; }<\/style>\n<div class=\"embed-container\"><iframe src=\"https:\/\/www.youtube.com\/embed\/aAjZbURZGV8\" frameborder=\"0\" allowfullscreen=\"allowfullscreen\"><\/iframe><\/div>","protected":false},"excerpt":{"rendered":"<p>Ce substitut de repas \u00e0 base de haricots rouges konjac pr\u00e9sente non seulement des avantages nutritionnels significatifs, mais apporte \u00e9galement une exp\u00e9rience gustative unique. Le riz konjac est pauvre en calories et en glucides et convient parfaitement aux personnes qui souhaitent perdre de la graisse et contr\u00f4ler leur poids. Les haricots rouges sont riches en prot\u00e9ines, en fibres et en vitamines multiples, ce qui peut aider \u00e0 r\u00e9guler le m\u00e9tabolisme dans le corps et \u00e0 am\u00e9liorer la sant\u00e9 intestinale.<\/p>","protected":false},"featured_media":4611,"template":"","meta":{"site-sidebar-layout":"default","site-content-layout":"","ast-site-content-layout":"default","site-content-style":"default","site-sidebar-style":"default","ast-global-header-display":"","ast-banner-title-visibility":"","ast-main-header-display":"","ast-hfb-above-header-display":"","ast-hfb-below-header-display":"","ast-hfb-mobile-header-display":"","site-post-title":"","ast-breadcrumbs-content":"","ast-featured-img":"","footer-sml-layout":"","ast-disable-related-posts":"","theme-transparent-header-meta":"default","adv-header-id-meta":"","stick-header-meta":"default","header-above-stick-meta":"","header-main-stick-meta":"","header-below-stick-meta":"","astra-migrate-meta-layouts":"set","ast-page-background-enabled":"default","ast-page-background-meta":{"desktop":{"background-color":"","background-image":"","background-repeat":"repeat","background-position":"center center","background-size":"auto","background-attachment":"scroll","background-type":"","background-media":"","overlay-type":"","overlay-color":"","overlay-opacity":"","overlay-gradient":""},"tablet":{"background-color":"","background-image":"","background-repeat":"repeat","background-position":"center center","background-size":"auto","background-attachment":"scroll","background-type":"","background-media":"","overlay-type":"","overlay-color":"","overlay-opacity":"","overlay-gradient":""},"mobile":{"background-color":"","background-image":"","background-repeat":"repeat","background-position":"center center","background-size":"auto","background-attachment":"scroll","background-type":"","background-media":"","overlay-type":"","overlay-color":"","overlay-opacity":"","overlay-gradient":""}},"ast-content-background-meta":{"desktop":{"background-color":"var(--ast-global-color-5)","background-image":"","background-repeat":"repeat","background-position":"center center","background-size":"auto","background-attachment":"scroll","background-type":"","background-media":"","overlay-type":"","overlay-color":"","overlay-opacity":"","overlay-gradient":""},"tablet":{"background-color":"var(--ast-global-color-5)","background-image":"","background-repeat":"repeat","background-position":"center center","background-size":"auto","background-attachment":"scroll","background-type":"","background-media":"","overlay-type":"","overlay-color":"","overlay-opacity":"","overlay-gradient":""},"mobile":{"background-color":"var(--ast-global-color-5)","background-image":"","background-repeat":"repeat","background-position":"center center","background-size":"auto","background-attachment":"scroll","background-type":"","background-media":"","overlay-type":"","overlay-color":"","overlay-opacity":"","overlay-gradient":""}}},"product_brand":[],"product_cat":[250],"product_tag":[],"class_list":{"0":"post-4604","1":"product","2":"type-product","3":"status-publish","4":"has-post-thumbnail","6":"product_cat-wet-shirataki-rice","7":"desktop-align-left","8":"tablet-align-left","9":"mobile-align-left","10":"ast-product-gallery-layout-horizontal-slider","11":"ast-product-tabs-layout-horizontal","13":"first","14":"instock","15":"shipping-taxable","16":"product-type-simple"},"_links":{"self":[{"href":"https:\/\/sentaiyuanbio.com\/fr\/wp-json\/wp\/v2\/product\/4604","targetHints":{"allow":["GET"]}}],"collection":[{"href":"https:\/\/sentaiyuanbio.com\/fr\/wp-json\/wp\/v2\/product"}],"about":[{"href":"https:\/\/sentaiyuanbio.com\/fr\/wp-json\/wp\/v2\/types\/product"}],"version-history":[{"count":0,"href":"https:\/\/sentaiyuanbio.com\/fr\/wp-json\/wp\/v2\/product\/4604\/revisions"}],"wp:featuredmedia":[{"embeddable":true,"href":"https:\/\/sentaiyuanbio.com\/fr\/wp-json\/wp\/v2\/media\/4611"}],"wp:attachment":[{"href":"https:\/\/sentaiyuanbio.com\/fr\/wp-json\/wp\/v2\/media?parent=4604"}],"wp:term":[{"taxonomy":"product_brand","embeddable":true,"href":"https:\/\/sentaiyuanbio.com\/fr\/wp-json\/wp\/v2\/product_brand?post=4604"},{"taxonomy":"product_cat","embeddable":true,"href":"https:\/\/sentaiyuanbio.com\/fr\/wp-json\/wp\/v2\/product_cat?post=4604"},{"taxonomy":"product_tag","embeddable":true,"href":"https:\/\/sentaiyuanbio.com\/fr\/wp-json\/wp\/v2\/product_tag?post=4604"}],"curies":[{"name":"wp","href":"https:\/\/api.w.org\/{rel}","templated":true}]}}