{"id":4687,"date":"2025-03-06T09:08:15","date_gmt":"2025-03-06T09:08:15","guid":{"rendered":"https:\/\/sentaiyuanbio.com\/?post_type=product&#038;p=4687"},"modified":"2025-03-06T09:08:15","modified_gmt":"2025-03-06T09:08:15","slug":"konjac-penne-nouilles-shirataki-penne","status":"publish","type":"product","link":"https:\/\/sentaiyuanbio.com\/fr\/produit\/konjac-penne-nouilles-shirataki-penne\/","title":{"rendered":"Fournisseur de penne au konjac et de nouilles Shirataki"},"content":{"rendered":"<h2>Konjac Penne, nouilles Shirataki Penne Caract\u00e9ristiques principales<\/h2>\n<p>Faible teneur en calories et en glucides : Les pennes au konjac sont tr\u00e8s pauvres en calories et en glucides, ce qui les rend adapt\u00e9es aux personnes suivant un r\u00e9gime hypocalorique ou pauvre en glucides. Elles sont souvent utilis\u00e9es pour remplacer les p\u00e2tes ordinaires dans les r\u00e9gimes amaigrissants et les plans d'alimentation soucieux de l'apport calorique.<\/p>\n<p>L\u00e9ger mais rassasiant : Excellente source de fibres, ce petit sachet vous aide \u00e0 vous sentir rassasi\u00e9 plus longtemps et r\u00e9duit les envies de grignotages malsains.<\/p>\n<p>Sans gluten : Naturellement sans gluten, il convient aux personnes souffrant d'intol\u00e9rance au gluten ou de maladie c\u0153liaque. Il constitue une alternative pour les personnes qui doivent \u00e9viter les c\u00e9r\u00e9ales contenant du gluten.<\/p>\n<p>Texture g\u00e9lifi\u00e9e : La fibre de glucomannane contenue dans les p\u00e2tes absorbe l'eau et gonfle, ce qui leur donne une texture g\u00e9latineuse lorsqu'elles sont cuites, cr\u00e9ant ainsi une texture \u00e0 m\u00e2cher unique.<\/p>\n<p>Go\u00fbt neutre : Contrairement \u00e0 d'autres produits conserv\u00e9s, il n'a pas d'odeur piquante et a un go\u00fbt neutre qui absorbe la saveur des sauces, des assaisonnements et d'autres ingr\u00e9dients utilis\u00e9s dans les plats. Cette polyvalence la rend id\u00e9ale pour une vari\u00e9t\u00e9 de recettes de p\u00e2tes.<\/p>\n<p class=\"translation-block\">Faible indice glyc\u00e9mique : Il a un faible <a href=\"https:\/\/www.verywellhealth.com\/glycemic-index-chart-for-common-foods-1087476\" target=\"_blank\" rel=\"noopener\">index glyc\u00e9mique<\/a>, ce qui signifie qu'il provoque une augmentation lente et progressive du taux de sucre dans le sang par rapport aux aliments \u00e0 forte teneur en glucides. Cette propri\u00e9t\u00e9 est b\u00e9n\u00e9fique pour les personnes qui cherchent \u00e0 contr\u00f4ler leur taux de sucre dans le sang.<\/p>\n<table>\n<tbody>\n<tr>\n<td>Nom du produit<\/td>\n<td>Fournisseur de penne au konjac et de nouilles Shirataki<\/td>\n<\/tr>\n<tr>\n<td>Ingr\u00e9dient principal<\/td>\n<td>Poudre de konjac, eau<\/td>\n<\/tr>\n<tr>\n<td>Saveurs<\/td>\n<td>Original, carotte, tomate, avoine, \u00e9pinard, algue, soja, citrouille et autres.<\/td>\n<\/tr>\n<tr>\n<td>Fonctionnalit\u00e9<\/td>\n<td>Sans odeur, faible teneur en calories, faible teneur en glucides, sans gluten, sans sucre, sans graisse, sans OGM, riche en fibres.<\/td>\n<\/tr>\n<tr>\n<td>Fonctions<\/td>\n<td>R\u00e9gime v\u00e9g\u00e9tarien, perte de poids, augmentation de la sati\u00e9t\u00e9<\/td>\n<\/tr>\n<tr>\n<td>Fibres alimentaires<\/td>\n<td>3,4g\/100g<\/td>\n<\/tr>\n<tr>\n<td>Calories<\/td>\n<td>6Kcal\/100g<\/td>\n<\/tr>\n<tr>\n<td>Teneur en mati\u00e8res grasses<\/td>\n<td>0<\/td>\n<\/tr>\n<tr>\n<td>Poids<\/td>\n<td>Sur mesure<\/td>\n<\/tr>\n<tr>\n<td>Temps de cuisson<\/td>\n<td>3 minutes<\/td>\n<\/tr>\n<tr>\n<td>Dur\u00e9e de conservation<\/td>\n<td>12 mois<\/td>\n<\/tr>\n<tr>\n<td>Paquet<\/td>\n<td>Sac int\u00e9rieur + pochette permanente\/ bo\u00eete en papier<\/td>\n<\/tr>\n<tr>\n<td>Certificats<\/td>\n<td>IFS, BRC, KASHER, HALAL, HACCP<\/td>\n<\/tr>\n<\/tbody>\n<\/table>\n<p><img fetchpriority=\"high\" decoding=\"async\" class=\"alignnone wp-image-4696 size-full\" src=\"https:\/\/sentaiyuanbio.com\/wp-content\/uploads\/2025\/03\/Konjac-Penne-1-1.webp\" alt=\"Nouilles Shirataki Penne\" width=\"600\" height=\"600\" srcset=\"https:\/\/sentaiyuanbio.com\/wp-content\/uploads\/2025\/03\/Konjac-Penne-1-1.webp 600w, https:\/\/sentaiyuanbio.com\/wp-content\/uploads\/2025\/03\/Konjac-Penne-1-1-100x100.webp 100w, https:\/\/sentaiyuanbio.com\/wp-content\/uploads\/2025\/03\/Konjac-Penne-1-1-300x300.webp 300w, https:\/\/sentaiyuanbio.com\/wp-content\/uploads\/2025\/03\/Konjac-Penne-1-1-150x150.webp 150w\" sizes=\"(max-width: 600px) 100vw, 600px\" \/><\/p>\n<h2>Recette classique de penne au konjac<\/h2>\n<h3>1. Nouilles Shirataki penne avec sauce tomate \u00e0 l'italienne<\/h3>\n<p>Ingr\u00e9dients : P\u00e2tes de konjac, sauce tomate, ail, huile d'olive, basilic frais, parmesan r\u00e2p\u00e9.<\/p>\n<p>Etapes : Rincer les pennes et les \u00e9goutter. Faire chauffer l'huile d'olive dans une po\u00eale et y faire revenir l'ail. Verser la sauce tomate et faire cuire jusqu'\u00e0 ce qu'elle soit \u00e9paisse. Ajouter les penne \u00e0 la po\u00eale et les faire sauter uniform\u00e9ment. Saupoudrer de parmesan r\u00e2p\u00e9 et de basilic frais et servir.<\/p>\n<h3>2. Shirataki penne et salade de l\u00e9gumes<\/h3>\n<p>Ingr\u00e9dients : Nouilles de fettuccine de konjac, carottes, concombres, poivrons rouges, p\u00e2te de s\u00e9same, sauce de soja et vinaigre.<\/p>\n<p>Etapes : Rincer les pennes et les \u00e9goutter. Couper les carottes, les concombres et les poivrons rouges en lamelles. M\u00e9langer les pennes et les l\u00e9gumes hach\u00e9s dans un bol. M\u00e9langer la p\u00e2te de s\u00e9same, la sauce soja et le vinaigre pour obtenir un assaisonnement et verser dans un bol pour bien m\u00e9langer. R\u00e9frig\u00e9rer et servir.<\/p>\n<h3>3. Shirataki penne poulet curry<\/h3>\n<p>Ingr\u00e9dients : Penne de konjac, poitrine de poulet, poudre de curry, lait de coco, oignon et ail.<\/p>\n<p>Etapes : Rincer les pennes et les \u00e9goutter. Faire chauffer l'huile dans une po\u00eale et y faire revenir l'oignon et l'ail. Ajouter le blanc de poulet et cuire jusqu'\u00e0 ce qu'il change de couleur. Verser la poudre de curry et le lait de coco et faire cuire jusqu'\u00e0 ce que la sauce \u00e9paississe. Ajouter les penne dans la po\u00eale et les faire sauter uniform\u00e9ment. Servir chaud.<\/p>\n<h2>4. Penne de konjac et gratin de fromage<\/h2>\n<p>Ingr\u00e9dients : Nouilles Shirataki penne, fromage r\u00e2p\u00e9, \u0153ufs, beurre, sel et poivre.<\/p>\n<p>Etapes : Rincer les pennes et les \u00e9goutter. Faire chauffer le beurre dans une po\u00eale, ajouter le fromage r\u00e2p\u00e9 et remuer jusqu'\u00e0 ce qu'il soit fondu. Ajouter les penne dans la po\u00eale et bien m\u00e9langer. Casser les \u0153ufs dans un bol et bien m\u00e9langer. Ajouter le m\u00e9lange de penne \u00e0 une plaque de cuisson et verser le m\u00e9lange d'\u0153ufs. Cuire au four jusqu'\u00e0 ce que la p\u00e2te soit dor\u00e9e.<\/p>\n<style>.embed-container { position: relative; padding-bottom: 56.25%; height: 0; overflow: hidden; max-width: 100%; } .embed-container iframe, .embed-container object, .embed-container embed { position: absolute; top: 0; left: 0; width: 100%; height: 100%; }<\/style>\n<div class=\"embed-container\"><iframe src=\"https:\/\/www.youtube.com\/embed\/mkNGaZF29no\" frameborder=\"0\" allowfullscreen=\"allowfullscreen\"><\/iframe><\/div>","protected":false},"excerpt":{"rendered":"<p class=\"translation-block\">Les pennes au konjac, ou pennes Shirataki, sont des nouilles saines \u00e0 faible teneur en calories et en glucides, fabriqu\u00e9es \u00e0 partir de <a href=\"https:\/\/sentaiyuanbio.com\/fr\/konjac\/\" target=\"_blank\" rel=\"noopener\">konjac<\/a>. Sa texture unique, moelleuse et lisse, permet d'absorber parfaitement les sauces et d'ajouter de la saveur \u00e0 diff\u00e9rents ingr\u00e9dients. Qu'il soit servi froid, saut\u00e9 ou accompagn\u00e9 d'une soupe claire ou d'une sauce tomate italienne, vous pouvez facilement cr\u00e9er un repas sain, d\u00e9licieux et peu contraignant.<\/p>","protected":false},"featured_media":4688,"template":"","meta":{"site-sidebar-layout":"default","site-content-layout":"","ast-site-content-layout":"default","site-content-style":"default","site-sidebar-style":"default","ast-global-header-display":"","ast-banner-title-visibility":"","ast-main-header-display":"","ast-hfb-above-header-display":"","ast-hfb-below-header-display":"","ast-hfb-mobile-header-display":"","site-post-title":"","ast-breadcrumbs-content":"","ast-featured-img":"","footer-sml-layout":"","ast-disable-related-posts":"","theme-transparent-header-meta":"default","adv-header-id-meta":"","stick-header-meta":"default","header-above-stick-meta":"","header-main-stick-meta":"","header-below-stick-meta":"","astra-migrate-meta-layouts":"set","ast-page-background-enabled":"default","ast-page-background-meta":{"desktop":{"background-color":"","background-image":"","background-repeat":"repeat","background-position":"center center","background-size":"auto","background-attachment":"scroll","background-type":"","background-media":"","overlay-type":"","overlay-color":"","overlay-opacity":"","overlay-gradient":""},"tablet":{"background-color":"","background-image":"","background-repeat":"repeat","background-position":"center center","background-size":"auto","background-attachment":"scroll","background-type":"","background-media":"","overlay-type":"","overlay-color":"","overlay-opacity":"","overlay-gradient":""},"mobile":{"background-color":"","background-image":"","background-repeat":"repeat","background-position":"center center","background-size":"auto","background-attachment":"scroll","background-type":"","background-media":"","overlay-type":"","overlay-color":"","overlay-opacity":"","overlay-gradient":""}},"ast-content-background-meta":{"desktop":{"background-color":"var(--ast-global-color-5)","background-image":"","background-repeat":"repeat","background-position":"center center","background-size":"auto","background-attachment":"scroll","background-type":"","background-media":"","overlay-type":"","overlay-color":"","overlay-opacity":"","overlay-gradient":""},"tablet":{"background-color":"var(--ast-global-color-5)","background-image":"","background-repeat":"repeat","background-position":"center center","background-size":"auto","background-attachment":"scroll","background-type":"","background-media":"","overlay-type":"","overlay-color":"","overlay-opacity":"","overlay-gradient":""},"mobile":{"background-color":"var(--ast-global-color-5)","background-image":"","background-repeat":"repeat","background-position":"center center","background-size":"auto","background-attachment":"scroll","background-type":"","background-media":"","overlay-type":"","overlay-color":"","overlay-opacity":"","overlay-gradient":""}}},"product_brand":[],"product_cat":[22],"product_tag":[],"class_list":{"0":"post-4687","1":"product","2":"type-product","3":"status-publish","4":"has-post-thumbnail","6":"product_cat-konjac-pasta","7":"desktop-align-left","8":"tablet-align-left","9":"mobile-align-left","10":"ast-product-gallery-layout-horizontal-slider","11":"ast-product-tabs-layout-horizontal","13":"first","14":"instock","15":"shipping-taxable","16":"product-type-simple"},"_links":{"self":[{"href":"https:\/\/sentaiyuanbio.com\/fr\/wp-json\/wp\/v2\/product\/4687","targetHints":{"allow":["GET"]}}],"collection":[{"href":"https:\/\/sentaiyuanbio.com\/fr\/wp-json\/wp\/v2\/product"}],"about":[{"href":"https:\/\/sentaiyuanbio.com\/fr\/wp-json\/wp\/v2\/types\/product"}],"version-history":[{"count":0,"href":"https:\/\/sentaiyuanbio.com\/fr\/wp-json\/wp\/v2\/product\/4687\/revisions"}],"wp:featuredmedia":[{"embeddable":true,"href":"https:\/\/sentaiyuanbio.com\/fr\/wp-json\/wp\/v2\/media\/4688"}],"wp:attachment":[{"href":"https:\/\/sentaiyuanbio.com\/fr\/wp-json\/wp\/v2\/media?parent=4687"}],"wp:term":[{"taxonomy":"product_brand","embeddable":true,"href":"https:\/\/sentaiyuanbio.com\/fr\/wp-json\/wp\/v2\/product_brand?post=4687"},{"taxonomy":"product_cat","embeddable":true,"href":"https:\/\/sentaiyuanbio.com\/fr\/wp-json\/wp\/v2\/product_cat?post=4687"},{"taxonomy":"product_tag","embeddable":true,"href":"https:\/\/sentaiyuanbio.com\/fr\/wp-json\/wp\/v2\/product_tag?post=4687"}],"curies":[{"name":"wp","href":"https:\/\/api.w.org\/{rel}","templated":true}]}}