{"id":4826,"date":"2025-05-09T07:46:53","date_gmt":"2025-05-09T07:46:53","guid":{"rendered":"https:\/\/sentaiyuanbio.com\/?post_type=product&#038;p=4826"},"modified":"2025-06-13T05:50:43","modified_gmt":"2025-06-13T05:50:43","slug":"paquet-de-nouilles-pho-au-gout-de-poulet","status":"publish","type":"product","link":"https:\/\/sentaiyuanbio.com\/fr\/produit\/paquet-de-nouilles-pho-au-gout-de-poulet\/","title":{"rendered":"Paquet de nouilles Pho, nouilles Pho instantan\u00e9es au poulet"},"content":{"rendered":"<h2>Paquet de nouilles Pho saveur poulet ingr\u00e9dients<\/h2>\n<p>Ingr\u00e9dients : Nouilles de konjac : Eau, <a href=\"https:\/\/sentaiyuanbio.com\/fr\/produit\/farine-digname-konjac-poudre-digname-konjac\/\" target=\"_blank\" rel=\"noopener\">Poudre de konjac<\/a>, Acide citrique ; Assaisonnement pour poulet : Sel, Glutamate monosodique (<a href=\"https:\/\/www.mayoclinic.org\/healthy-lifestyle\/nutrition-and-healthy-eating\/expert-answers\/monosodium-glutamate\/faq-20058196\" target=\"_blank\" rel=\"noopener\">GMS<\/a>), sucre granul\u00e9 blanc, poudre d'oignon, maltodextrine, ar\u00f4me alimentaire <a href=\"https:\/\/www.atamanchemicals.com\/disodium-5--ribonucleotide_u26322\/\" target=\"_blank\" rel=\"noopener\">5\u2032-Ribonucl\u00e9otide disodique<\/a>, Poudre d'ail, poudre de c\u00e9leri, extrait de levure, dioxyde de silicium, poudre de curcuma, poudre de poivre blanc, oignon vert d\u00e9shydrat\u00e9, \u00e9pices (poudre de poivre noir, poudre de gingembre), acide citrique.<\/p>\n<p>L\u00e9gumes : Oignon vert, carotte.<\/p>\n<p>Contient : Produits \u00e0 base de soja.<\/p>\n<p>Attention : La tasse et la soupe seront CHAUDES. Hors de port\u00e9e des enfants.<\/p>\n<p>Stockage : Conserver \u00e0 temp\u00e9rature ambiante dans un endroit frais et sec. Conserver \u00e0 l'abri de la lumi\u00e8re et de la chaleur.<\/p>\n<h2>Donn\u00e9es nutritionnelles<\/h2>\n<table border=\"1\" cellspacing=\"1\">\n<tbody>\n<tr>\n<td colspan=\"2\" align=\"center\">Donn\u00e9es nutritionnelles 3.77 OZ (107g)<\/td>\n<\/tr>\n<tr>\n<td align=\"center\" width=\"284\"><b>L'\u00e9nergie<\/b><\/td>\n<td align=\"center\" width=\"284\">10kcal<\/td>\n<\/tr>\n<tr>\n<td align=\"center\" width=\"284\"><b>Prot\u00e9ines<\/b><\/td>\n<td align=\"center\" width=\"284\">0g<\/td>\n<\/tr>\n<tr>\n<td align=\"center\" width=\"284\"><b>Graisses totales<\/b><\/td>\n<td align=\"center\" width=\"284\">0g<\/td>\n<\/tr>\n<tr>\n<td align=\"center\" width=\"284\"><b>Glucides totaux<\/b><\/td>\n<td align=\"center\" width=\"284\">2g<\/td>\n<\/tr>\n<tr>\n<td align=\"center\" width=\"284\"><b>Fibres alimentaires<\/b><\/td>\n<td align=\"center\" width=\"284\">2g<\/td>\n<\/tr>\n<tr>\n<td align=\"center\" width=\"284\"><b>Sodium<\/b><\/td>\n<td align=\"center\" width=\"284\">460 mg<\/td>\n<\/tr>\n<tr>\n<td align=\"center\" width=\"284\"><b>Vitamine D<\/b><\/td>\n<td align=\"center\" width=\"284\">0<\/td>\n<\/tr>\n<tr>\n<td align=\"center\" width=\"284\"><b>Calcium<\/b><\/td>\n<td align=\"center\" width=\"284\">7,4 mg<\/td>\n<\/tr>\n<tr>\n<td align=\"center\" width=\"284\"><b>lron<\/b><\/td>\n<td align=\"center\" width=\"284\">0,12 mg<\/td>\n<\/tr>\n<tr>\n<td align=\"center\" width=\"284\"><b>Potassium<\/b><\/td>\n<td align=\"center\" width=\"284\">15,4 mg<\/td>\n<\/tr>\n<\/tbody>\n<\/table>\n<p><img fetchpriority=\"high\" decoding=\"async\" class=\"alignnone wp-image-4911 size-full\" src=\"https:\/\/sentaiyuanbio.com\/wp-content\/uploads\/2025\/05\/Instant-Chicken-Pho-Noodles-1.webp\" alt=\"Nouilles instantan\u00e9es au poulet Pho\" width=\"750\" height=\"535\" srcset=\"https:\/\/sentaiyuanbio.com\/wp-content\/uploads\/2025\/05\/Instant-Chicken-Pho-Noodles-1.webp 750w, https:\/\/sentaiyuanbio.com\/wp-content\/uploads\/2025\/05\/Instant-Chicken-Pho-Noodles-1-300x214.webp 300w, https:\/\/sentaiyuanbio.com\/wp-content\/uploads\/2025\/05\/Instant-Chicken-Pho-Noodles-1-600x428.webp 600w\" sizes=\"(max-width: 750px) 100vw, 750px\" \/> <img decoding=\"async\" class=\"alignnone wp-image-4912 size-full\" src=\"https:\/\/sentaiyuanbio.com\/wp-content\/uploads\/2025\/05\/Instant-Chicken-Pho-Noodles-2-1.webp\" alt=\"Nouilles instantan\u00e9es au poulet Pho\" width=\"750\" height=\"451\" srcset=\"https:\/\/sentaiyuanbio.com\/wp-content\/uploads\/2025\/05\/Instant-Chicken-Pho-Noodles-2-1.webp 750w, https:\/\/sentaiyuanbio.com\/wp-content\/uploads\/2025\/05\/Instant-Chicken-Pho-Noodles-2-1-300x180.webp 300w, https:\/\/sentaiyuanbio.com\/wp-content\/uploads\/2025\/05\/Instant-Chicken-Pho-Noodles-2-1-600x361.webp 600w\" sizes=\"(max-width: 750px) 100vw, 750px\" \/> <img decoding=\"async\" class=\"alignnone wp-image-4913 size-full\" src=\"https:\/\/sentaiyuanbio.com\/wp-content\/uploads\/2025\/05\/Instant-Chicken-Pho-Noodles-3.webp\" alt=\"Nouilles instantan\u00e9es au poulet Pho\" width=\"750\" height=\"442\" srcset=\"https:\/\/sentaiyuanbio.com\/wp-content\/uploads\/2025\/05\/Instant-Chicken-Pho-Noodles-3.webp 750w, https:\/\/sentaiyuanbio.com\/wp-content\/uploads\/2025\/05\/Instant-Chicken-Pho-Noodles-3-300x177.webp 300w, https:\/\/sentaiyuanbio.com\/wp-content\/uploads\/2025\/05\/Instant-Chicken-Pho-Noodles-3-600x354.webp 600w\" sizes=\"(max-width: 750px) 100vw, 750px\" \/> <img loading=\"lazy\" decoding=\"async\" class=\"alignnone wp-image-4914 size-full\" src=\"https:\/\/sentaiyuanbio.com\/wp-content\/uploads\/2025\/05\/Instant-Chicken-Pho-Noodles-4.webp\" alt=\"Nouilles instantan\u00e9es au poulet Pho\" width=\"750\" height=\"542\" srcset=\"https:\/\/sentaiyuanbio.com\/wp-content\/uploads\/2025\/05\/Instant-Chicken-Pho-Noodles-4.webp 750w, https:\/\/sentaiyuanbio.com\/wp-content\/uploads\/2025\/05\/Instant-Chicken-Pho-Noodles-4-300x217.webp 300w, https:\/\/sentaiyuanbio.com\/wp-content\/uploads\/2025\/05\/Instant-Chicken-Pho-Noodles-4-600x434.webp 600w\" sizes=\"(max-width: 750px) 100vw, 750px\" \/> <img loading=\"lazy\" decoding=\"async\" class=\"alignnone wp-image-4915 size-full\" src=\"https:\/\/sentaiyuanbio.com\/wp-content\/uploads\/2025\/05\/Instant-Chicken-Pho-Noodles-5.webp\" alt=\"Nouilles instantan\u00e9es au poulet Pho\" width=\"750\" height=\"561\" srcset=\"https:\/\/sentaiyuanbio.com\/wp-content\/uploads\/2025\/05\/Instant-Chicken-Pho-Noodles-5.webp 750w, https:\/\/sentaiyuanbio.com\/wp-content\/uploads\/2025\/05\/Instant-Chicken-Pho-Noodles-5-300x224.webp 300w, https:\/\/sentaiyuanbio.com\/wp-content\/uploads\/2025\/05\/Instant-Chicken-Pho-Noodles-5-600x449.webp 600w\" sizes=\"(max-width: 750px) 100vw, 750px\" \/> <img loading=\"lazy\" decoding=\"async\" class=\"alignnone wp-image-4916 size-full\" src=\"https:\/\/sentaiyuanbio.com\/wp-content\/uploads\/2025\/05\/Instant-Chicken-Pho-Noodles-6.webp\" alt=\"Paquet de nouilles Pho, nouilles Pho instantan\u00e9es au poulet\" width=\"750\" height=\"631\" srcset=\"https:\/\/sentaiyuanbio.com\/wp-content\/uploads\/2025\/05\/Instant-Chicken-Pho-Noodles-6.webp 750w, https:\/\/sentaiyuanbio.com\/wp-content\/uploads\/2025\/05\/Instant-Chicken-Pho-Noodles-6-300x252.webp 300w, https:\/\/sentaiyuanbio.com\/wp-content\/uploads\/2025\/05\/Instant-Chicken-Pho-Noodles-6-600x505.webp 600w\" sizes=\"(max-width: 750px) 100vw, 750px\" \/> <img loading=\"lazy\" decoding=\"async\" class=\"alignnone wp-image-4917 size-full\" src=\"https:\/\/sentaiyuanbio.com\/wp-content\/uploads\/2025\/05\/Instant-Chicken-Pho-Noodles-7.webp\" alt=\"Paquet de nouilles Pho, nouilles Pho instantan\u00e9es au poulet\" width=\"750\" height=\"634\" srcset=\"https:\/\/sentaiyuanbio.com\/wp-content\/uploads\/2025\/05\/Instant-Chicken-Pho-Noodles-7.webp 750w, https:\/\/sentaiyuanbio.com\/wp-content\/uploads\/2025\/05\/Instant-Chicken-Pho-Noodles-7-300x254.webp 300w, https:\/\/sentaiyuanbio.com\/wp-content\/uploads\/2025\/05\/Instant-Chicken-Pho-Noodles-7-600x507.webp 600w\" sizes=\"(max-width: 750px) 100vw, 750px\" \/><\/p>","protected":false},"excerpt":{"rendered":"<p>Pr\u00e9parez vos mini-repas avec vos l\u00e9gumes et viandes pr\u00e9f\u00e9r\u00e9s ! Pr\u00eat en quelques minutes : un bol de pho au poulet instantan\u00e9, fumant et soyeux, pr\u00eat \u00e0 satisfaire votre faim \u00e0 toute heure du jour ou de la nuit. PAS D'ACIDES GRAS TRANS : Notre paquet de nouilles pho ne contient pas d'acides gras trans, vous pouvez donc le d\u00e9guster sans crainte.<\/p>","protected":false},"featured_media":4827,"template":"","meta":{"site-sidebar-layout":"default","site-content-layout":"","ast-site-content-layout":"default","site-content-style":"default","site-sidebar-style":"default","ast-global-header-display":"","ast-banner-title-visibility":"","ast-main-header-display":"","ast-hfb-above-header-display":"","ast-hfb-below-header-display":"","ast-hfb-mobile-header-display":"","site-post-title":"","ast-breadcrumbs-content":"","ast-featured-img":"","footer-sml-layout":"","ast-disable-related-posts":"","theme-transparent-header-meta":"default","adv-header-id-meta":"","stick-header-meta":"default","header-above-stick-meta":"","header-main-stick-meta":"","header-below-stick-meta":"","astra-migrate-meta-layouts":"set","ast-page-background-enabled":"default","ast-page-background-meta":{"desktop":{"background-color":"","background-image":"","background-repeat":"repeat","background-position":"center center","background-size":"auto","background-attachment":"scroll","background-type":"","background-media":"","overlay-type":"","overlay-color":"","overlay-opacity":"","overlay-gradient":""},"tablet":{"background-color":"","background-image":"","background-repeat":"repeat","background-position":"center center","background-size":"auto","background-attachment":"scroll","background-type":"","background-media":"","overlay-type":"","overlay-color":"","overlay-opacity":"","overlay-gradient":""},"mobile":{"background-color":"","background-image":"","background-repeat":"repeat","background-position":"center center","background-size":"auto","background-attachment":"scroll","background-type":"","background-media":"","overlay-type":"","overlay-color":"","overlay-opacity":"","overlay-gradient":""}},"ast-content-background-meta":{"desktop":{"background-color":"var(--ast-global-color-5)","background-image":"","background-repeat":"repeat","background-position":"center center","background-size":"auto","background-attachment":"scroll","background-type":"","background-media":"","overlay-type":"","overlay-color":"","overlay-opacity":"","overlay-gradient":""},"tablet":{"background-color":"var(--ast-global-color-5)","background-image":"","background-repeat":"repeat","background-position":"center center","background-size":"auto","background-attachment":"scroll","background-type":"","background-media":"","overlay-type":"","overlay-color":"","overlay-opacity":"","overlay-gradient":""},"mobile":{"background-color":"var(--ast-global-color-5)","background-image":"","background-repeat":"repeat","background-position":"center center","background-size":"auto","background-attachment":"scroll","background-type":"","background-media":"","overlay-type":"","overlay-color":"","overlay-opacity":"","overlay-gradient":""}}},"product_brand":[],"product_cat":[23,251],"product_tag":[],"class_list":{"0":"post-4826","1":"product","2":"type-product","3":"status-publish","4":"has-post-thumbnail","6":"product_cat-instant-konjac-noodles","7":"product_cat-instant-pho-noodles-wholesale","8":"desktop-align-left","9":"tablet-align-left","10":"mobile-align-left","11":"ast-product-gallery-layout-horizontal-slider","12":"ast-product-tabs-layout-horizontal","14":"first","15":"instock","16":"shipping-taxable","17":"product-type-simple"},"_links":{"self":[{"href":"https:\/\/sentaiyuanbio.com\/fr\/wp-json\/wp\/v2\/product\/4826","targetHints":{"allow":["GET"]}}],"collection":[{"href":"https:\/\/sentaiyuanbio.com\/fr\/wp-json\/wp\/v2\/product"}],"about":[{"href":"https:\/\/sentaiyuanbio.com\/fr\/wp-json\/wp\/v2\/types\/product"}],"version-history":[{"count":0,"href":"https:\/\/sentaiyuanbio.com\/fr\/wp-json\/wp\/v2\/product\/4826\/revisions"}],"wp:featuredmedia":[{"embeddable":true,"href":"https:\/\/sentaiyuanbio.com\/fr\/wp-json\/wp\/v2\/media\/4827"}],"wp:attachment":[{"href":"https:\/\/sentaiyuanbio.com\/fr\/wp-json\/wp\/v2\/media?parent=4826"}],"wp:term":[{"taxonomy":"product_brand","embeddable":true,"href":"https:\/\/sentaiyuanbio.com\/fr\/wp-json\/wp\/v2\/product_brand?post=4826"},{"taxonomy":"product_cat","embeddable":true,"href":"https:\/\/sentaiyuanbio.com\/fr\/wp-json\/wp\/v2\/product_cat?post=4826"},{"taxonomy":"product_tag","embeddable":true,"href":"https:\/\/sentaiyuanbio.com\/fr\/wp-json\/wp\/v2\/product_tag?post=4826"}],"curies":[{"name":"wp","href":"https:\/\/api.w.org\/{rel}","templated":true}]}}