{"id":4860,"date":"2025-05-13T06:46:28","date_gmt":"2025-05-13T06:46:28","guid":{"rendered":"https:\/\/sentaiyuanbio.com\/?post_type=product&#038;p=4860"},"modified":"2025-06-13T02:37:09","modified_gmt":"2025-06-13T02:37:09","slug":"pho-bowl-instantane-saveur-boeuf","status":"publish","type":"product","link":"https:\/\/sentaiyuanbio.com\/fr\/produit\/pho-bowl-instantane-saveur-boeuf\/","title":{"rendered":"Bol de Pho instantan\u00e9, sachets de Pho instantan\u00e9 saveur b\u0153uf 107g"},"content":{"rendered":"<h2>Description de l'ar\u00f4me de b\u0153uf de l'Instant Pho Bowl<\/h2>\n<p>Notre Pho Bowl instantan\u00e9 saveur b\u0153uf, \u00e9labor\u00e9 par des experts, associe parfaitement un riche bouillon de b\u0153uf \u00e0 des ingr\u00e9dients jamais frits et scell\u00e9s sous vide <a href=\"https:\/\/sentaiyuanbio.com\/fr\/product-category\/pates-au-konjac\/\" target=\"_blank\" rel=\"noopener\">nouilles de konjac<\/a>. La texture r\u00e9confortante des \u00e9chalotes, des carottes et des tendres nouilles de konjac rehausse votre exp\u00e9rience culinaire.<\/p>\n<p>Que vous soyez un voyageur press\u00e9 ou que vous cherchiez \u00e0 vous \u00e9vader rapidement du quotidien, savourez ce plat m\u00e9ticuleusement \u00e9labor\u00e9. Laissez-vous tenter par ce plat authentique qui capture l'essence de la culture culinaire asiatique et profitez d'une exp\u00e9rience culinaire pratique.<\/p>\n<p>D\u00e9couvrez les autres grands classiques asiatiques de Hethstia, comme le Pho Bowl instantan\u00e9 au poulet, le Pho Bowl instantan\u00e9 au curry \u00e9pic\u00e9, le Pho Bowl instantan\u00e9 au miso et le Pho Bowl instantan\u00e9 au laksa.<\/p>\n<ul>\n<li>Nouilles de konjac de qualit\u00e9 sup\u00e9rieure - Nos nouilles sont parfaitement formul\u00e9es pour absorber la saveur umami du bouillon, ce qui les rend douces et moelleuses, et non d\u00e9tremp\u00e9es !<\/li>\n<li>Rapide et facile - Nos nouilles cuisent en seulement 3 minutes ! Il suffit d'ajouter de l'eau chaude !<\/li>\n<li>Plus sain - Sans gluten, sans OGM, sans cholest\u00e9rol et sans gras trans.<\/li>\n<li>Simple, pas compliqu\u00e9 - Ajoutez vos herbes pr\u00e9f\u00e9r\u00e9es \u00e0 ce bol de nouilles instantan\u00e9, ou d\u00e9gustez-le nature !<\/li>\n<\/ul>\n<h2>Paquets de Pho instantan\u00e9 Ar\u00f4me de b\u0153uf Ingr\u00e9dients<\/h2>\n<p><strong>Ingr\u00e9dients :<\/strong> Nouilles de konjac : Eau, <a href=\"https:\/\/sentaiyuanbio.com\/fr\/product-category\/fibres-alimentaires-de-konjac\/\" target=\"_blank\" rel=\"noopener\">Poudre de konjac<\/a>, Acide citrique ;<br \/>\n<strong>Assaisonnement pour le b\u0153uf :<\/strong> Sel, ar\u00f4me alimentaire, glutamate monosodique (MSG), sucre blanc cristallis\u00e9, extrait de levure, poudre d'oignon, poudre de cinq \u00e9pices, 5\u2032-Ribonucl\u00e9otide disodique, prot\u00e9ines v\u00e9g\u00e9tales hydrolys\u00e9es, poudre d'ail, couleur caramel, oignon vert d\u00e9shydrat\u00e9, poudre de gingembre, poudre de poivre noir, poudre de poivre blanc, <a href=\"https:\/\/www.healthline.com\/health\/food-nutrition\/is-silicon-dioxide-in-supplements-safe\" target=\"_blank\" rel=\"noopener\">Dioxyde de silicium<\/a>, <a href=\"https:\/\/pmc.ncbi.nlm.nih.gov\/articles\/PMC6409436\/\" target=\"_blank\" rel=\"noopener\">Maltodextrine<\/a><br \/>\n<strong>L\u00e9gumes :<\/strong> Oignon vert, carotte.<br \/>\n<strong>Contient :<\/strong> Produits \u00e0 base de soja.<br \/>\n<strong>Attention :<\/strong> La tasse et la soupe seront CHAUDES. Hors de port\u00e9e des enfants.<br \/>\n<strong>Stockage :<\/strong> Conserver \u00e0 temp\u00e9rature ambiante dans un endroit frais et sec. Conserver \u00e0 l'abri de la lumi\u00e8re et de la chaleur.<\/p>\n<h2>Ce qu'en disent les utilisateurs<\/h2>\n<p>Ce bol de pho instantan\u00e9 est une excellente fa\u00e7on de d\u00e9guster du pho \u00e0 la maison. Je peux ajouter des oignons verts hach\u00e9s, de la coriandre ou du basilic pour compl\u00e9ter la saveur. J'aime garnir mon bol de l\u00e9gumes frais comme des germes de soja et de la laitue. C'est un moyen rapide et facile de satisfaire mes envies de pho.<\/p>\n<h2>Donn\u00e9es nutritionnelles<\/h2>\n<table border=\"1\" cellspacing=\"1\">\n<tbody>\n<tr>\n<td colspan=\"2\" align=\"center\">Donn\u00e9es nutritionnelles 3.77 OZ (107g)<\/td>\n<\/tr>\n<tr>\n<td align=\"center\" width=\"284\"><b>L'\u00e9nergie<\/b><\/td>\n<td align=\"center\" width=\"284\">10kcal<\/td>\n<\/tr>\n<tr>\n<td align=\"center\" width=\"284\"><b>Prot\u00e9ines<\/b><\/td>\n<td align=\"center\" width=\"284\">&lt; 1g<\/td>\n<\/tr>\n<tr>\n<td align=\"center\" width=\"284\"><b>Graisses totales<\/b><\/td>\n<td align=\"center\" width=\"284\">0g<\/td>\n<\/tr>\n<tr>\n<td align=\"center\" width=\"284\"><b>Glucides totaux<\/b><\/td>\n<td align=\"center\" width=\"284\">2g<\/td>\n<\/tr>\n<tr>\n<td align=\"center\" width=\"284\"><b>Fibres alimentaires<\/b><\/td>\n<td align=\"center\" width=\"284\">2g<\/td>\n<\/tr>\n<tr>\n<td align=\"center\" width=\"284\"><b>Sodium<\/b><\/td>\n<td align=\"center\" width=\"284\">460 mg<\/td>\n<\/tr>\n<tr>\n<td align=\"center\" width=\"284\"><b>Vitamine D<\/b><\/td>\n<td align=\"center\" width=\"284\">0<\/td>\n<\/tr>\n<tr>\n<td align=\"center\" width=\"284\"><b>Calcium<\/b><\/td>\n<td align=\"center\" width=\"284\">5,8 mg<\/td>\n<\/tr>\n<tr>\n<td align=\"center\" width=\"284\"><b>lron<\/b><\/td>\n<td align=\"center\" width=\"284\">0,1 mg<\/td>\n<\/tr>\n<tr>\n<td align=\"center\" width=\"284\"><b>Potassium<\/b><\/td>\n<td align=\"center\" width=\"284\">16,55 mg<\/td>\n<\/tr>\n<\/tbody>\n<\/table>\n<h2>Instructions de cuisson<\/h2>\n<p>\u00c9goutter l'eau du sachet et vider le contenu du sachet de nouilles dans la tasse.<br \/>\nAjouter l'assaisonnement.<br \/>\nVerser directement l'eau bouillante.<br \/>\nOu ajouter de l'eau froide jusqu'\u00e0 la ligne de flottaison et passer au micro-ondes pendant 2 minutes.<\/p>\n<p><img fetchpriority=\"high\" decoding=\"async\" class=\"alignnone wp-image-4929 size-full\" src=\"https:\/\/sentaiyuanbio.com\/wp-content\/uploads\/2025\/05\/Instant-Pho-Packets1.webp\" alt=\"Sachets de Pho Instantan\u00e9 Go\u00fbt B\u0153uf\" width=\"750\" height=\"578\" srcset=\"https:\/\/sentaiyuanbio.com\/wp-content\/uploads\/2025\/05\/Instant-Pho-Packets1.webp 750w, https:\/\/sentaiyuanbio.com\/wp-content\/uploads\/2025\/05\/Instant-Pho-Packets1-300x231.webp 300w, https:\/\/sentaiyuanbio.com\/wp-content\/uploads\/2025\/05\/Instant-Pho-Packets1-600x462.webp 600w\" sizes=\"(max-width: 750px) 100vw, 750px\" \/> <img decoding=\"async\" class=\"alignnone wp-image-4930 size-full\" src=\"https:\/\/sentaiyuanbio.com\/wp-content\/uploads\/2025\/05\/Instant-Pho-Packets2.webp\" alt=\"Sachets de Pho Instantan\u00e9 Go\u00fbt B\u0153uf\" width=\"750\" height=\"451\" srcset=\"https:\/\/sentaiyuanbio.com\/wp-content\/uploads\/2025\/05\/Instant-Pho-Packets2.webp 750w, https:\/\/sentaiyuanbio.com\/wp-content\/uploads\/2025\/05\/Instant-Pho-Packets2-300x180.webp 300w, https:\/\/sentaiyuanbio.com\/wp-content\/uploads\/2025\/05\/Instant-Pho-Packets2-600x361.webp 600w\" sizes=\"(max-width: 750px) 100vw, 750px\" \/> <img decoding=\"async\" class=\"alignnone wp-image-4931 size-full\" src=\"https:\/\/sentaiyuanbio.com\/wp-content\/uploads\/2025\/05\/Instant-Pho-Packets3.webp\" alt=\"Sachets de Pho Instantan\u00e9 Go\u00fbt B\u0153uf\" width=\"750\" height=\"442\" srcset=\"https:\/\/sentaiyuanbio.com\/wp-content\/uploads\/2025\/05\/Instant-Pho-Packets3.webp 750w, https:\/\/sentaiyuanbio.com\/wp-content\/uploads\/2025\/05\/Instant-Pho-Packets3-300x177.webp 300w, https:\/\/sentaiyuanbio.com\/wp-content\/uploads\/2025\/05\/Instant-Pho-Packets3-600x354.webp 600w\" sizes=\"(max-width: 750px) 100vw, 750px\" \/> <img loading=\"lazy\" decoding=\"async\" class=\"alignnone wp-image-4932 size-full\" src=\"https:\/\/sentaiyuanbio.com\/wp-content\/uploads\/2025\/05\/Instant-Pho-Packets4.webp\" alt=\"Sachets de Pho Instantan\u00e9 Go\u00fbt B\u0153uf\" width=\"750\" height=\"542\" srcset=\"https:\/\/sentaiyuanbio.com\/wp-content\/uploads\/2025\/05\/Instant-Pho-Packets4.webp 750w, https:\/\/sentaiyuanbio.com\/wp-content\/uploads\/2025\/05\/Instant-Pho-Packets4-300x217.webp 300w, https:\/\/sentaiyuanbio.com\/wp-content\/uploads\/2025\/05\/Instant-Pho-Packets4-600x434.webp 600w\" sizes=\"(max-width: 750px) 100vw, 750px\" \/> <img loading=\"lazy\" decoding=\"async\" class=\"alignnone wp-image-4933 size-full\" src=\"https:\/\/sentaiyuanbio.com\/wp-content\/uploads\/2025\/05\/Instant-Pho-Packets5.webp\" alt=\"Sachets de Pho Instantan\u00e9 Go\u00fbt B\u0153uf\" width=\"750\" height=\"561\" srcset=\"https:\/\/sentaiyuanbio.com\/wp-content\/uploads\/2025\/05\/Instant-Pho-Packets5.webp 750w, https:\/\/sentaiyuanbio.com\/wp-content\/uploads\/2025\/05\/Instant-Pho-Packets5-300x224.webp 300w, https:\/\/sentaiyuanbio.com\/wp-content\/uploads\/2025\/05\/Instant-Pho-Packets5-600x449.webp 600w\" sizes=\"(max-width: 750px) 100vw, 750px\" \/> <img loading=\"lazy\" decoding=\"async\" class=\"alignnone wp-image-4934 size-full\" src=\"https:\/\/sentaiyuanbio.com\/wp-content\/uploads\/2025\/05\/Instant-Pho-Packets6.webp\" alt=\"Sachets de Pho Instantan\u00e9 Go\u00fbt B\u0153uf\" width=\"750\" height=\"631\" srcset=\"https:\/\/sentaiyuanbio.com\/wp-content\/uploads\/2025\/05\/Instant-Pho-Packets6.webp 750w, https:\/\/sentaiyuanbio.com\/wp-content\/uploads\/2025\/05\/Instant-Pho-Packets6-300x252.webp 300w, https:\/\/sentaiyuanbio.com\/wp-content\/uploads\/2025\/05\/Instant-Pho-Packets6-600x505.webp 600w\" sizes=\"(max-width: 750px) 100vw, 750px\" \/> <img loading=\"lazy\" decoding=\"async\" class=\"alignnone wp-image-4935 size-full\" src=\"https:\/\/sentaiyuanbio.com\/wp-content\/uploads\/2025\/05\/Instant-Pho-Packets7.webp\" alt=\"Sachets de Pho Instantan\u00e9 Go\u00fbt B\u0153uf\" width=\"750\" height=\"634\" srcset=\"https:\/\/sentaiyuanbio.com\/wp-content\/uploads\/2025\/05\/Instant-Pho-Packets7.webp 750w, https:\/\/sentaiyuanbio.com\/wp-content\/uploads\/2025\/05\/Instant-Pho-Packets7-300x254.webp 300w, https:\/\/sentaiyuanbio.com\/wp-content\/uploads\/2025\/05\/Instant-Pho-Packets7-600x507.webp 600w\" sizes=\"(max-width: 750px) 100vw, 750px\" \/><\/p>","protected":false},"excerpt":{"rendered":"<p>La saveur du b\u0153uf de notre pho bowl instantan\u00e9 est assaisonn\u00e9e d'une vari\u00e9t\u00e9 d'\u00e9pices, dont du chili, du poivre, de la poudre d'oignon et de la poudre de cinq \u00e9pices, pour un go\u00fbt riche et d\u00e9licieux.<br \/>\nAssoci\u00e9es aux nouilles de konjac, elles s'impr\u00e8gnent de la saveur umami et laissent vos papilles gustatives sur leur faim. Chaque paquet de pho instantan\u00e9 contient \u00e0 la fois des nouilles de konjac et des sachets d'assaisonnement pour le b\u0153uf.<\/p>","protected":false},"featured_media":4861,"template":"","meta":{"site-sidebar-layout":"default","site-content-layout":"","ast-site-content-layout":"default","site-content-style":"default","site-sidebar-style":"default","ast-global-header-display":"","ast-banner-title-visibility":"","ast-main-header-display":"","ast-hfb-above-header-display":"","ast-hfb-below-header-display":"","ast-hfb-mobile-header-display":"","site-post-title":"","ast-breadcrumbs-content":"","ast-featured-img":"","footer-sml-layout":"","ast-disable-related-posts":"","theme-transparent-header-meta":"default","adv-header-id-meta":"","stick-header-meta":"default","header-above-stick-meta":"","header-main-stick-meta":"","header-below-stick-meta":"","astra-migrate-meta-layouts":"set","ast-page-background-enabled":"default","ast-page-background-meta":{"desktop":{"background-color":"","background-image":"","background-repeat":"repeat","background-position":"center center","background-size":"auto","background-attachment":"scroll","background-type":"","background-media":"","overlay-type":"","overlay-color":"","overlay-opacity":"","overlay-gradient":""},"tablet":{"background-color":"","background-image":"","background-repeat":"repeat","background-position":"center center","background-size":"auto","background-attachment":"scroll","background-type":"","background-media":"","overlay-type":"","overlay-color":"","overlay-opacity":"","overlay-gradient":""},"mobile":{"background-color":"","background-image":"","background-repeat":"repeat","background-position":"center center","background-size":"auto","background-attachment":"scroll","background-type":"","background-media":"","overlay-type":"","overlay-color":"","overlay-opacity":"","overlay-gradient":""}},"ast-content-background-meta":{"desktop":{"background-color":"var(--ast-global-color-5)","background-image":"","background-repeat":"repeat","background-position":"center center","background-size":"auto","background-attachment":"scroll","background-type":"","background-media":"","overlay-type":"","overlay-color":"","overlay-opacity":"","overlay-gradient":""},"tablet":{"background-color":"var(--ast-global-color-5)","background-image":"","background-repeat":"repeat","background-position":"center center","background-size":"auto","background-attachment":"scroll","background-type":"","background-media":"","overlay-type":"","overlay-color":"","overlay-opacity":"","overlay-gradient":""},"mobile":{"background-color":"var(--ast-global-color-5)","background-image":"","background-repeat":"repeat","background-position":"center center","background-size":"auto","background-attachment":"scroll","background-type":"","background-media":"","overlay-type":"","overlay-color":"","overlay-opacity":"","overlay-gradient":""}}},"product_brand":[],"product_cat":[23,251],"product_tag":[],"class_list":{"0":"post-4860","1":"product","2":"type-product","3":"status-publish","4":"has-post-thumbnail","6":"product_cat-instant-konjac-noodles","7":"product_cat-instant-pho-noodles-wholesale","8":"desktop-align-left","9":"tablet-align-left","10":"mobile-align-left","11":"ast-product-gallery-layout-horizontal-slider","12":"ast-product-tabs-layout-horizontal","14":"first","15":"instock","16":"shipping-taxable","17":"product-type-simple"},"_links":{"self":[{"href":"https:\/\/sentaiyuanbio.com\/fr\/wp-json\/wp\/v2\/product\/4860","targetHints":{"allow":["GET"]}}],"collection":[{"href":"https:\/\/sentaiyuanbio.com\/fr\/wp-json\/wp\/v2\/product"}],"about":[{"href":"https:\/\/sentaiyuanbio.com\/fr\/wp-json\/wp\/v2\/types\/product"}],"version-history":[{"count":0,"href":"https:\/\/sentaiyuanbio.com\/fr\/wp-json\/wp\/v2\/product\/4860\/revisions"}],"wp:featuredmedia":[{"embeddable":true,"href":"https:\/\/sentaiyuanbio.com\/fr\/wp-json\/wp\/v2\/media\/4861"}],"wp:attachment":[{"href":"https:\/\/sentaiyuanbio.com\/fr\/wp-json\/wp\/v2\/media?parent=4860"}],"wp:term":[{"taxonomy":"product_brand","embeddable":true,"href":"https:\/\/sentaiyuanbio.com\/fr\/wp-json\/wp\/v2\/product_brand?post=4860"},{"taxonomy":"product_cat","embeddable":true,"href":"https:\/\/sentaiyuanbio.com\/fr\/wp-json\/wp\/v2\/product_cat?post=4860"},{"taxonomy":"product_tag","embeddable":true,"href":"https:\/\/sentaiyuanbio.com\/fr\/wp-json\/wp\/v2\/product_tag?post=4860"}],"curies":[{"name":"wp","href":"https:\/\/api.w.org\/{rel}","templated":true}]}}