{"id":4870,"date":"2025-05-13T09:24:20","date_gmt":"2025-05-13T09:24:20","guid":{"rendered":"https:\/\/sentaiyuanbio.com\/?post_type=product&#038;p=4870"},"modified":"2025-06-13T08:42:58","modified_gmt":"2025-06-13T08:42:58","slug":"nouilles-instantanees-pho-gout-miso","status":"publish","type":"product","link":"https:\/\/sentaiyuanbio.com\/fr\/produit\/nouilles-instantanees-pho-gout-miso\/","title":{"rendered":"Nouilles instantan\u00e9es Pho Go\u00fbt Miso, nouilles Pho emball\u00e9es 122g"},"content":{"rendered":"<h2>Description de l'ar\u00f4me Miso des nouilles instantan\u00e9es Pho<\/h2>\n<p>Hethstia est un ma\u00eetre des nouilles authentiques ; elle m\u00e9lange parfaitement les saveurs sal\u00e9es des oignons, des carottes, de l'ail et de la sauce soja, ainsi que la poudre de cinq \u00e9pices, avec les nouilles pho lisses, et ajoute simplement de l'eau bouillante pour recr\u00e9er la saveur miso app\u00e9tissante des nouilles pho instantan\u00e9es. Servi avec des l\u00e9gumes croquants, nous recommandons un filet de citron vert et votre choix de tranches de b\u0153uf ou de champignons pour compl\u00e9ter ce plat de nouilles juteux et facile \u00e0 pr\u00e9parer.<br \/>\nLes nouilles instantan\u00e9es sont faciles \u00e0 mettre dans un gobelet, ce qui les rend parfaites pour les voyages.<\/p>\n<p>Sans OGM et sans gluten. Savourez de d\u00e9licieuses nouilles de riz au miso en 180 secondes !<\/p>\n<h2>Ingr\u00e9dients des nouilles Pho emball\u00e9es<\/h2>\n<p><strong>Ingr\u00e9dients :<\/strong> Nouilles de konjac : Eau, <a href=\"https:\/\/sentaiyuanbio.com\/fr\/product-category\/fibres-alimentaires-de-konjac\/\" target=\"_blank\" rel=\"noopener\">Poudre de konjac<\/a>, Acide citrique.<br \/>\n<strong>Sauce :<\/strong> Sauce miso (eau, soja sans OGM, riz, sel comestible, alcool comestible), eau, sucre blanc cristallis\u00e9, <a href=\"https:\/\/en.wikipedia.org\/wiki\/Kombu\" target=\"_blank\" rel=\"noopener\">Kunbu<\/a> sauce (eau, varech s\u00e9ch\u00e9, sel comestible), prot\u00e9ines v\u00e9g\u00e9tales hydrolys\u00e9es \u00e0 l'acide, sel comestible, exhausteur de go\u00fbt (<a href=\"https:\/\/foodadditives.net\/flavor-enhancer\/disodium-5-ribonucleotides\/\" target=\"_blank\" rel=\"noopener\">5\u2032- ribonucl\u00e9otide disodique<\/a>).<br \/>\n<strong>L\u00e9gumes :<\/strong> Oignon vert, carotte.<br \/>\n<strong>Contient :<\/strong> Produits \u00e0 base de soja.<br \/>\n<strong>Attention :<\/strong> La tasse et la soupe seront CHAUDES. Hors de port\u00e9e des enfants.<br \/>\n<strong>Stockage :<\/strong> Conserver \u00e0 temp\u00e9rature ambiante dans un endroit frais et sec. Conserver \u00e0 l'abri de la lumi\u00e8re et de la chaleur.<\/p>\n<h2>Valeurs nutritionnelles<\/h2>\n<table border=\"1\" cellspacing=\"1\">\n<tbody>\n<tr>\n<td colspan=\"2\" align=\"center\">Donn\u00e9es nutritionnelles 4.31 OZ (122g)<\/td>\n<\/tr>\n<tr>\n<td align=\"center\" width=\"284\"><b>L'\u00e9nergie<\/b><\/td>\n<td align=\"center\" width=\"284\">20 kcal<\/td>\n<\/tr>\n<tr>\n<td align=\"center\" width=\"284\"><b>Prot\u00e9ines<\/b><\/td>\n<td align=\"center\" width=\"284\">0g<\/td>\n<\/tr>\n<tr>\n<td align=\"center\" width=\"284\"><b>Graisses totales<\/b><\/td>\n<td align=\"center\" width=\"284\">0g<\/td>\n<\/tr>\n<tr>\n<td align=\"center\" width=\"284\"><b>Glucides totaux<\/b><\/td>\n<td align=\"center\" width=\"284\">3g<\/td>\n<\/tr>\n<tr>\n<td align=\"center\" width=\"284\"><b>Fibres alimentaires<\/b><\/td>\n<td align=\"center\" width=\"284\">1g<\/td>\n<\/tr>\n<tr>\n<td align=\"center\" width=\"284\"><b>Sodium<\/b><\/td>\n<td align=\"center\" width=\"284\">660 mg<\/td>\n<\/tr>\n<tr>\n<td align=\"center\" width=\"284\"><b>Vitamine D<\/b><\/td>\n<td align=\"center\" width=\"284\">0<\/td>\n<\/tr>\n<tr>\n<td align=\"center\" width=\"284\"><b>Calcium<\/b><\/td>\n<td align=\"center\" width=\"284\">10 mg<\/td>\n<\/tr>\n<tr>\n<td align=\"center\" width=\"284\"><b>lron<\/b><\/td>\n<td align=\"center\" width=\"284\">0mg<\/td>\n<\/tr>\n<tr>\n<td align=\"center\" width=\"284\"><b>Potassium<\/b><\/td>\n<td align=\"center\" width=\"284\">91,4 mg<\/td>\n<\/tr>\n<\/tbody>\n<\/table>\n<p><img fetchpriority=\"high\" decoding=\"async\" class=\"alignnone wp-image-4879 size-full\" src=\"https:\/\/sentaiyuanbio.com\/wp-content\/uploads\/2025\/05\/packaged-pho-noodles-2.webp\" alt=\"nouilles pho emball\u00e9es\" width=\"600\" height=\"450\" srcset=\"https:\/\/sentaiyuanbio.com\/wp-content\/uploads\/2025\/05\/packaged-pho-noodles-2.webp 600w, https:\/\/sentaiyuanbio.com\/wp-content\/uploads\/2025\/05\/packaged-pho-noodles-2-300x225.webp 300w\" sizes=\"(max-width: 600px) 100vw, 600px\" \/>\u00a0<img decoding=\"async\" class=\"alignnone wp-image-4882 size-full\" style=\"font-weight: inherit;\" src=\"https:\/\/sentaiyuanbio.com\/wp-content\/uploads\/2025\/05\/pho-instant-noodles-miso-flavor-2.webp\" alt=\"nouilles instantan\u00e9es pho go\u00fbt miso\" width=\"600\" height=\"450\" srcset=\"https:\/\/sentaiyuanbio.com\/wp-content\/uploads\/2025\/05\/pho-instant-noodles-miso-flavor-2.webp 600w, https:\/\/sentaiyuanbio.com\/wp-content\/uploads\/2025\/05\/pho-instant-noodles-miso-flavor-2-300x225.webp 300w\" sizes=\"(max-width: 600px) 100vw, 600px\" \/><img decoding=\"async\" class=\"alignnone wp-image-4880 size-full\" style=\"font-style: inherit; font-weight: inherit;\" src=\"https:\/\/sentaiyuanbio.com\/wp-content\/uploads\/2025\/05\/packaged-pho-noodles-3.webp\" alt=\"nouilles pho emball\u00e9es\" width=\"600\" height=\"450\" srcset=\"https:\/\/sentaiyuanbio.com\/wp-content\/uploads\/2025\/05\/packaged-pho-noodles-3.webp 600w, https:\/\/sentaiyuanbio.com\/wp-content\/uploads\/2025\/05\/packaged-pho-noodles-3-300x225.webp 300w\" sizes=\"(max-width: 600px) 100vw, 600px\" \/> <img loading=\"lazy\" decoding=\"async\" class=\"alignnone wp-image-4881 size-full\" style=\"font-style: inherit; font-weight: inherit;\" src=\"https:\/\/sentaiyuanbio.com\/wp-content\/uploads\/2025\/05\/pho-instant-noodles-miso-flavor-1.webp\" alt=\"nouilles instantan\u00e9es pho go\u00fbt miso\" width=\"600\" height=\"450\" srcset=\"https:\/\/sentaiyuanbio.com\/wp-content\/uploads\/2025\/05\/pho-instant-noodles-miso-flavor-1.webp 600w, https:\/\/sentaiyuanbio.com\/wp-content\/uploads\/2025\/05\/pho-instant-noodles-miso-flavor-1-300x225.webp 300w\" sizes=\"(max-width: 600px) 100vw, 600px\" \/> <img loading=\"lazy\" decoding=\"async\" class=\"alignnone wp-image-4878 size-full\" style=\"font-style: inherit; font-weight: inherit;\" src=\"https:\/\/sentaiyuanbio.com\/wp-content\/uploads\/2025\/05\/packaged-pho-noodles-1.webp\" alt=\"nouilles pho emball\u00e9es\" width=\"600\" height=\"450\" srcset=\"https:\/\/sentaiyuanbio.com\/wp-content\/uploads\/2025\/05\/packaged-pho-noodles-1.webp 600w, https:\/\/sentaiyuanbio.com\/wp-content\/uploads\/2025\/05\/packaged-pho-noodles-1-300x225.webp 300w\" sizes=\"(max-width: 600px) 100vw, 600px\" \/><\/p>","protected":false},"excerpt":{"rendered":"<p>Hethstia est une marque chinoise de nouilles instantan\u00e9es aux saveurs vari\u00e9es. Les nouilles instantan\u00e9es sont un aliment de base quotidien, en particulier dans les pays asiatiques, et sont appr\u00e9ci\u00e9es pour leur go\u00fbt d\u00e9licieux et leur pr\u00e9paration rapide et facile.  Les nouilles instantan\u00e9es Hethstia comprennent un sachet d'assaisonnement au miso pour les nouilles instantan\u00e9es Pho vietnamiennes avec du citron vert. Il suffit de verser de l'eau chaude sur les nouilles Pho, d'ajouter le sachet d'assaisonnement et de d\u00e9guster le d\u00e9licieux bouillon en 3-4 minutes.<\/p>","protected":false},"featured_media":4871,"template":"","meta":{"site-sidebar-layout":"default","site-content-layout":"","ast-site-content-layout":"default","site-content-style":"default","site-sidebar-style":"default","ast-global-header-display":"","ast-banner-title-visibility":"","ast-main-header-display":"","ast-hfb-above-header-display":"","ast-hfb-below-header-display":"","ast-hfb-mobile-header-display":"","site-post-title":"","ast-breadcrumbs-content":"","ast-featured-img":"","footer-sml-layout":"","ast-disable-related-posts":"","theme-transparent-header-meta":"default","adv-header-id-meta":"","stick-header-meta":"default","header-above-stick-meta":"","header-main-stick-meta":"","header-below-stick-meta":"","astra-migrate-meta-layouts":"set","ast-page-background-enabled":"default","ast-page-background-meta":{"desktop":{"background-color":"","background-image":"","background-repeat":"repeat","background-position":"center center","background-size":"auto","background-attachment":"scroll","background-type":"","background-media":"","overlay-type":"","overlay-color":"","overlay-opacity":"","overlay-gradient":""},"tablet":{"background-color":"","background-image":"","background-repeat":"repeat","background-position":"center center","background-size":"auto","background-attachment":"scroll","background-type":"","background-media":"","overlay-type":"","overlay-color":"","overlay-opacity":"","overlay-gradient":""},"mobile":{"background-color":"","background-image":"","background-repeat":"repeat","background-position":"center center","background-size":"auto","background-attachment":"scroll","background-type":"","background-media":"","overlay-type":"","overlay-color":"","overlay-opacity":"","overlay-gradient":""}},"ast-content-background-meta":{"desktop":{"background-color":"var(--ast-global-color-5)","background-image":"","background-repeat":"repeat","background-position":"center center","background-size":"auto","background-attachment":"scroll","background-type":"","background-media":"","overlay-type":"","overlay-color":"","overlay-opacity":"","overlay-gradient":""},"tablet":{"background-color":"var(--ast-global-color-5)","background-image":"","background-repeat":"repeat","background-position":"center center","background-size":"auto","background-attachment":"scroll","background-type":"","background-media":"","overlay-type":"","overlay-color":"","overlay-opacity":"","overlay-gradient":""},"mobile":{"background-color":"var(--ast-global-color-5)","background-image":"","background-repeat":"repeat","background-position":"center center","background-size":"auto","background-attachment":"scroll","background-type":"","background-media":"","overlay-type":"","overlay-color":"","overlay-opacity":"","overlay-gradient":""}}},"product_brand":[],"product_cat":[23,251],"product_tag":[],"class_list":{"0":"post-4870","1":"product","2":"type-product","3":"status-publish","4":"has-post-thumbnail","6":"product_cat-instant-konjac-noodles","7":"product_cat-instant-pho-noodles-wholesale","8":"desktop-align-left","9":"tablet-align-left","10":"mobile-align-left","11":"ast-product-gallery-layout-horizontal-slider","12":"ast-product-tabs-layout-horizontal","14":"first","15":"instock","16":"shipping-taxable","17":"product-type-simple"},"_links":{"self":[{"href":"https:\/\/sentaiyuanbio.com\/fr\/wp-json\/wp\/v2\/product\/4870","targetHints":{"allow":["GET"]}}],"collection":[{"href":"https:\/\/sentaiyuanbio.com\/fr\/wp-json\/wp\/v2\/product"}],"about":[{"href":"https:\/\/sentaiyuanbio.com\/fr\/wp-json\/wp\/v2\/types\/product"}],"version-history":[{"count":0,"href":"https:\/\/sentaiyuanbio.com\/fr\/wp-json\/wp\/v2\/product\/4870\/revisions"}],"wp:featuredmedia":[{"embeddable":true,"href":"https:\/\/sentaiyuanbio.com\/fr\/wp-json\/wp\/v2\/media\/4871"}],"wp:attachment":[{"href":"https:\/\/sentaiyuanbio.com\/fr\/wp-json\/wp\/v2\/media?parent=4870"}],"wp:term":[{"taxonomy":"product_brand","embeddable":true,"href":"https:\/\/sentaiyuanbio.com\/fr\/wp-json\/wp\/v2\/product_brand?post=4870"},{"taxonomy":"product_cat","embeddable":true,"href":"https:\/\/sentaiyuanbio.com\/fr\/wp-json\/wp\/v2\/product_cat?post=4870"},{"taxonomy":"product_tag","embeddable":true,"href":"https:\/\/sentaiyuanbio.com\/fr\/wp-json\/wp\/v2\/product_tag?post=4870"}],"curies":[{"name":"wp","href":"https:\/\/api.w.org\/{rel}","templated":true}]}}