{"id":4892,"date":"2025-05-15T07:10:03","date_gmt":"2025-05-15T07:10:03","guid":{"rendered":"https:\/\/sentaiyuanbio.com\/?post_type=product&#038;p=4892"},"modified":"2025-06-13T08:38:43","modified_gmt":"2025-06-13T08:38:43","slug":"pho-laksa-vietnamien-instantane","status":"publish","type":"product","link":"https:\/\/sentaiyuanbio.com\/fr\/produit\/pho-laksa-vietnamien-instantane\/","title":{"rendered":"Pho Laksa vietnamien instantan\u00e9, Pho Bowl Noodles instantan\u00e9"},"content":{"rendered":"<h2>Description du Pho Laksa vietnamien instantan\u00e9<\/h2>\n<p>Traditionnellement, le pho n\u00e9cessite des heures de cuisson lente avec des os de b\u0153uf ou de poulet et des \u00e9pices comme l'anis \u00e9toil\u00e9, la cannelle et les clous de girofle pour obtenir un bouillon riche et onctueux.<\/p>\n<p>Instant Vietnamese Pho Laksa simplifie le processus, en condensant l'essence de ce plat embl\u00e9matique dans un ensemble pr\u00e9emball\u00e9 qui peut \u00eatre pr\u00e9par\u00e9 en quelques minutes.<\/p>\n<p>Nos nouilles pho instantan\u00e9es constituent un repas rapide, d\u00e9licieux et satisfaisant pour les personnes occup\u00e9es, les \u00e9tudiants et les voyageurs.<\/p>\n<p>Qu'elles soient d\u00e9gust\u00e9es nature ou agr\u00e9ment\u00e9es d'herbes fra\u00eeches et de garnitures, les nouilles pho instantan\u00e9es sont un pont gourmand entre tradition et commodit\u00e9.<\/p>\n<p>Nouilles pho v\u00e9g\u00e9taliennes et sans gluten, nouilles premium non frites, sans ar\u00f4mes artificiels, sans conservateurs ajout\u00e9s, produites dans le Sichuan, en Chine. Savourez de d\u00e9licieuses nouilles en quelques minutes ou ajoutez les fruits de mer\/l\u00e9gumes\/porc\/b\u0153uf\/plumplings de votre choix.<\/p>\n<h2>Valeurs nutritionnelles<\/h2>\n<table border=\"1\" cellspacing=\"1\">\n<tbody>\n<tr>\n<td colspan=\"2\" align=\"center\">Donn\u00e9es nutritionnelles 4.31 OZ (122g)<\/td>\n<\/tr>\n<tr>\n<td align=\"center\" width=\"284\"><b>L'\u00e9nergie<\/b><\/td>\n<td align=\"center\" width=\"284\">50kcal<\/td>\n<\/tr>\n<tr>\n<td align=\"center\" width=\"284\"><b>Prot\u00e9ines<\/b><\/td>\n<td align=\"center\" width=\"284\">0g<\/td>\n<\/tr>\n<tr>\n<td align=\"center\" width=\"284\"><b>Graisses totales<\/b><\/td>\n<td align=\"center\" width=\"284\">1.5g<\/td>\n<\/tr>\n<tr>\n<td align=\"center\" width=\"284\"><b>Glucides totaux<\/b><\/td>\n<td align=\"center\" width=\"284\">3g<\/td>\n<\/tr>\n<tr>\n<td align=\"center\" width=\"284\"><b>Fibres alimentaires<\/b><\/td>\n<td align=\"center\" width=\"284\">1g<\/td>\n<\/tr>\n<tr>\n<td align=\"center\" width=\"284\"><b>Sodium<\/b><\/td>\n<td align=\"center\" width=\"284\">500 mg<\/td>\n<\/tr>\n<tr>\n<td align=\"center\" width=\"284\"><b>Vitamine D<\/b><\/td>\n<td align=\"center\" width=\"284\">0<\/td>\n<\/tr>\n<tr>\n<td align=\"center\" width=\"284\"><b>Calcium<\/b><\/td>\n<td align=\"center\" width=\"284\">10 mg<\/td>\n<\/tr>\n<tr>\n<td align=\"center\" width=\"284\"><b>lron<\/b><\/td>\n<td align=\"center\" width=\"284\">0,7 mg<\/td>\n<\/tr>\n<tr>\n<td align=\"center\" width=\"284\"><b>Potassium<\/b><\/td>\n<td align=\"center\" width=\"284\">30 mg<\/td>\n<\/tr>\n<\/tbody>\n<\/table>\n<p>&nbsp;<\/p>\n<p><img fetchpriority=\"high\" decoding=\"async\" class=\"alignnone wp-image-4987 size-full\" src=\"https:\/\/sentaiyuanbio.com\/wp-content\/uploads\/2025\/05\/Instant-Pho-Bowl-Noodles-01.webp\" alt=\"Nouilles instantan\u00e9es Pho Bowl\" width=\"750\" height=\"584\" srcset=\"https:\/\/sentaiyuanbio.com\/wp-content\/uploads\/2025\/05\/Instant-Pho-Bowl-Noodles-01.webp 750w, https:\/\/sentaiyuanbio.com\/wp-content\/uploads\/2025\/05\/Instant-Pho-Bowl-Noodles-01-300x234.webp 300w, https:\/\/sentaiyuanbio.com\/wp-content\/uploads\/2025\/05\/Instant-Pho-Bowl-Noodles-01-600x467.webp 600w\" sizes=\"(max-width: 750px) 100vw, 750px\" \/> <img decoding=\"async\" class=\"alignnone wp-image-4988 size-full\" src=\"https:\/\/sentaiyuanbio.com\/wp-content\/uploads\/2025\/05\/Instant-Pho-Bowl-Noodles_02.webp\" alt=\"Nouilles instantan\u00e9es Pho Bowl\" width=\"750\" height=\"594\" srcset=\"https:\/\/sentaiyuanbio.com\/wp-content\/uploads\/2025\/05\/Instant-Pho-Bowl-Noodles_02.webp 750w, https:\/\/sentaiyuanbio.com\/wp-content\/uploads\/2025\/05\/Instant-Pho-Bowl-Noodles_02-300x238.webp 300w, https:\/\/sentaiyuanbio.com\/wp-content\/uploads\/2025\/05\/Instant-Pho-Bowl-Noodles_02-600x475.webp 600w\" sizes=\"(max-width: 750px) 100vw, 750px\" \/> <img decoding=\"async\" class=\"alignnone wp-image-4989 size-full\" src=\"https:\/\/sentaiyuanbio.com\/wp-content\/uploads\/2025\/05\/Instant-Pho-Bowl-Noodles_03.webp\" alt=\"Nouilles instantan\u00e9es Pho Bowl\" width=\"750\" height=\"453\" srcset=\"https:\/\/sentaiyuanbio.com\/wp-content\/uploads\/2025\/05\/Instant-Pho-Bowl-Noodles_03.webp 750w, https:\/\/sentaiyuanbio.com\/wp-content\/uploads\/2025\/05\/Instant-Pho-Bowl-Noodles_03-300x181.webp 300w, https:\/\/sentaiyuanbio.com\/wp-content\/uploads\/2025\/05\/Instant-Pho-Bowl-Noodles_03-600x362.webp 600w\" sizes=\"(max-width: 750px) 100vw, 750px\" \/> <img loading=\"lazy\" decoding=\"async\" class=\"alignnone wp-image-4990 size-full\" src=\"https:\/\/sentaiyuanbio.com\/wp-content\/uploads\/2025\/05\/Instant-Pho-Bowl-Noodles_04.webp\" alt=\"Nouilles instantan\u00e9es Pho Bowl\" width=\"750\" height=\"445\" srcset=\"https:\/\/sentaiyuanbio.com\/wp-content\/uploads\/2025\/05\/Instant-Pho-Bowl-Noodles_04.webp 750w, https:\/\/sentaiyuanbio.com\/wp-content\/uploads\/2025\/05\/Instant-Pho-Bowl-Noodles_04-300x178.webp 300w, https:\/\/sentaiyuanbio.com\/wp-content\/uploads\/2025\/05\/Instant-Pho-Bowl-Noodles_04-600x356.webp 600w\" sizes=\"(max-width: 750px) 100vw, 750px\" \/> <img loading=\"lazy\" decoding=\"async\" class=\"alignnone wp-image-4991 size-full\" src=\"https:\/\/sentaiyuanbio.com\/wp-content\/uploads\/2025\/05\/Instant-Pho-Bowl-Noodles_05.webp\" alt=\"Nouilles instantan\u00e9es Pho Bowl\" width=\"750\" height=\"581\" srcset=\"https:\/\/sentaiyuanbio.com\/wp-content\/uploads\/2025\/05\/Instant-Pho-Bowl-Noodles_05.webp 750w, https:\/\/sentaiyuanbio.com\/wp-content\/uploads\/2025\/05\/Instant-Pho-Bowl-Noodles_05-300x232.webp 300w, https:\/\/sentaiyuanbio.com\/wp-content\/uploads\/2025\/05\/Instant-Pho-Bowl-Noodles_05-600x465.webp 600w\" sizes=\"(max-width: 750px) 100vw, 750px\" \/> <img loading=\"lazy\" decoding=\"async\" class=\"alignnone wp-image-4992 size-full\" src=\"https:\/\/sentaiyuanbio.com\/wp-content\/uploads\/2025\/05\/Instant-Pho-Bowl-Noodles_06.webp\" alt=\"Nouilles instantan\u00e9es Pho Bowl\" width=\"750\" height=\"526\" srcset=\"https:\/\/sentaiyuanbio.com\/wp-content\/uploads\/2025\/05\/Instant-Pho-Bowl-Noodles_06.webp 750w, https:\/\/sentaiyuanbio.com\/wp-content\/uploads\/2025\/05\/Instant-Pho-Bowl-Noodles_06-300x210.webp 300w, https:\/\/sentaiyuanbio.com\/wp-content\/uploads\/2025\/05\/Instant-Pho-Bowl-Noodles_06-600x421.webp 600w\" sizes=\"(max-width: 750px) 100vw, 750px\" \/><\/p>","protected":false},"excerpt":{"rendered":"<p>Ingr\u00e9dients : Nouilles de konjac : Eau, <a href=\"https:\/\/sentaiyuanbio.com\/fr\/produit\/glucomannane-de-racine-de-konjac\/\" target=\"_blank\" rel=\"noopener\">Poudre de konjac<\/a>, Acide citrique ;<br \/>\nSauce : Eau, sucre blanc cristallis\u00e9, oignon, sel comestible, p\u00e2te de curry (ail, citronnelle, sel comestible, \u00e9chalote, galanga, chili rouge s\u00e9ch\u00e9, graines de coriandre, \u00e9corce de citron vert, poudre de curry, cumin, cannelle, curcuma, cardamome, noix de muscade), lait de coco, huile de soja, ail, gingembre, glutamate monosodique.<a href=\"https:\/\/www.mayoclinic.org\/healthy-lifestyle\/nutrition-and-healthy-eating\/expert-answers\/monosodium-glutamate\/faq-20058196\" target=\"_blank\" rel=\"noopener\">GMS<\/a>), poudre de noix de coco, poudre de curry (curcuma, chili, graines de coriandre, poivre noir, cumin, ail, graines de c\u00e9leri, \u00e9corce d'orange, clou de girofle, cannelle, r\u00e9glisse, muscade, liv\u00e8che), \u00e9pices (chili, graines de coriandre), adipate de diamidon ac\u00e9tyl\u00e9, extrait de levure, acide citrique, ar\u00f4me alimentaire (huile de colza, triglyc\u00e9rides \u00e0 cha\u00eene moyenne, ol\u00e9or\u00e9sine d'aneth, vitamine E).<br \/>\nL\u00e9gumes : Oignon vert, carotte.<br \/>\nContient : Produits \u00e0 base de soja.<\/p>","protected":false},"featured_media":4893,"template":"","meta":{"site-sidebar-layout":"default","site-content-layout":"","ast-site-content-layout":"default","site-content-style":"default","site-sidebar-style":"default","ast-global-header-display":"","ast-banner-title-visibility":"","ast-main-header-display":"","ast-hfb-above-header-display":"","ast-hfb-below-header-display":"","ast-hfb-mobile-header-display":"","site-post-title":"","ast-breadcrumbs-content":"","ast-featured-img":"","footer-sml-layout":"","ast-disable-related-posts":"","theme-transparent-header-meta":"default","adv-header-id-meta":"","stick-header-meta":"default","header-above-stick-meta":"","header-main-stick-meta":"","header-below-stick-meta":"","astra-migrate-meta-layouts":"set","ast-page-background-enabled":"default","ast-page-background-meta":{"desktop":{"background-color":"","background-image":"","background-repeat":"repeat","background-position":"center center","background-size":"auto","background-attachment":"scroll","background-type":"","background-media":"","overlay-type":"","overlay-color":"","overlay-opacity":"","overlay-gradient":""},"tablet":{"background-color":"","background-image":"","background-repeat":"repeat","background-position":"center center","background-size":"auto","background-attachment":"scroll","background-type":"","background-media":"","overlay-type":"","overlay-color":"","overlay-opacity":"","overlay-gradient":""},"mobile":{"background-color":"","background-image":"","background-repeat":"repeat","background-position":"center center","background-size":"auto","background-attachment":"scroll","background-type":"","background-media":"","overlay-type":"","overlay-color":"","overlay-opacity":"","overlay-gradient":""}},"ast-content-background-meta":{"desktop":{"background-color":"var(--ast-global-color-5)","background-image":"","background-repeat":"repeat","background-position":"center center","background-size":"auto","background-attachment":"scroll","background-type":"","background-media":"","overlay-type":"","overlay-color":"","overlay-opacity":"","overlay-gradient":""},"tablet":{"background-color":"var(--ast-global-color-5)","background-image":"","background-repeat":"repeat","background-position":"center center","background-size":"auto","background-attachment":"scroll","background-type":"","background-media":"","overlay-type":"","overlay-color":"","overlay-opacity":"","overlay-gradient":""},"mobile":{"background-color":"var(--ast-global-color-5)","background-image":"","background-repeat":"repeat","background-position":"center center","background-size":"auto","background-attachment":"scroll","background-type":"","background-media":"","overlay-type":"","overlay-color":"","overlay-opacity":"","overlay-gradient":""}}},"product_brand":[],"product_cat":[23,251],"product_tag":[],"class_list":{"0":"post-4892","1":"product","2":"type-product","3":"status-publish","4":"has-post-thumbnail","6":"product_cat-instant-konjac-noodles","7":"product_cat-instant-pho-noodles-wholesale","8":"desktop-align-left","9":"tablet-align-left","10":"mobile-align-left","11":"ast-product-gallery-layout-horizontal-slider","12":"ast-product-tabs-layout-horizontal","14":"first","15":"instock","16":"shipping-taxable","17":"product-type-simple"},"_links":{"self":[{"href":"https:\/\/sentaiyuanbio.com\/fr\/wp-json\/wp\/v2\/product\/4892","targetHints":{"allow":["GET"]}}],"collection":[{"href":"https:\/\/sentaiyuanbio.com\/fr\/wp-json\/wp\/v2\/product"}],"about":[{"href":"https:\/\/sentaiyuanbio.com\/fr\/wp-json\/wp\/v2\/types\/product"}],"version-history":[{"count":0,"href":"https:\/\/sentaiyuanbio.com\/fr\/wp-json\/wp\/v2\/product\/4892\/revisions"}],"wp:featuredmedia":[{"embeddable":true,"href":"https:\/\/sentaiyuanbio.com\/fr\/wp-json\/wp\/v2\/media\/4893"}],"wp:attachment":[{"href":"https:\/\/sentaiyuanbio.com\/fr\/wp-json\/wp\/v2\/media?parent=4892"}],"wp:term":[{"taxonomy":"product_brand","embeddable":true,"href":"https:\/\/sentaiyuanbio.com\/fr\/wp-json\/wp\/v2\/product_brand?post=4892"},{"taxonomy":"product_cat","embeddable":true,"href":"https:\/\/sentaiyuanbio.com\/fr\/wp-json\/wp\/v2\/product_cat?post=4892"},{"taxonomy":"product_tag","embeddable":true,"href":"https:\/\/sentaiyuanbio.com\/fr\/wp-json\/wp\/v2\/product_tag?post=4892"}],"curies":[{"name":"wp","href":"https:\/\/api.w.org\/{rel}","templated":true}]}}