{"id":4921,"date":"2025-05-19T08:21:57","date_gmt":"2025-05-19T08:21:57","guid":{"rendered":"https:\/\/sentaiyuanbio.com\/?post_type=product&#038;p=4921"},"modified":"2026-01-06T02:17:24","modified_gmt":"2026-01-06T02:17:24","slug":"bol-de-soupe-de-nouilles-pho","status":"publish","type":"product","link":"https:\/\/sentaiyuanbio.com\/fr\/produit\/bol-de-soupe-de-nouilles-pho\/","title":{"rendered":"Fournisseur de bols de soupe aux nouilles Pho, emballage de nouilles Pho"},"content":{"rendered":"<h2>Description du bol de soupe de nouilles Pho<\/h2>\n<p>Les bols de pho de Sentaiyuan sont sans gluten, sans glutamate monosodique, sans produits laitiers et \u00e0 faible teneur en glucides, ce qui les rend adapt\u00e9s \u00e0 une vari\u00e9t\u00e9 de pr\u00e9f\u00e9rences et de restrictions alimentaires.<\/p>\n<p>Cinq saveurs de soupe Pho (laksa, miso, curry \u00e9pic\u00e9, poulet et b\u0153uf)\u00a0: Ces bols de pho sont bien plus qu'un simple repas\u00a0; ils sont les meilleurs alli\u00e9s de votre garde-manger. Gardez-en quelques-uns sous la main pour parer \u00e0 l'inconnu. Ils sont parfaits pour un repas rapide et nutritif qui vous permettra de tenir le coup, quoi qu'il arrive.<\/p>\n<p>Accompagnez-le de nos sachets d'assaisonnement pour \u00eatre pr\u00eat \u00e0 affronter l'inconnu. Faites-en un indispensable de votre cuisine pour avoir l'\u00e9nergie n\u00e9cessaire pour affronter chaque journ\u00e9e avec confiance. Ne laissez rien au hasard\u00a0! Commandez le v\u00f4tre d\u00e8s aujourd'hui et pr\u00e9parez-vous \u00e0 la vie\u00a0!<\/p>\n<h2>Ingr\u00e9dients du paquet de nouilles Pho<\/h2>\n<p>Ingr\u00e9dients : Nouilles de konjac : Eau, <a href=\"https:\/\/sentaiyuanbio.com\/fr\/produit\/poudre-de-konjac\/\" target=\"_blank\" rel=\"noopener\">Poudre de konjac<\/a>, Acide citrique.<br \/>\nSauce : eau, sucre blanc granul\u00e9, sel, sauce soja infus\u00e9e (eau, graines de soja d\u00e9graiss\u00e9es, sel), oignon, ail, gingembre, poudre de prot\u00e9ines v\u00e9g\u00e9tales hydrolys\u00e9es \u00e0 l'acide, extrait de levure, huile de soja, citron, \u00e9pices (anis \u00e9toil\u00e9, cannelle, poivre noir, piment concass\u00e9, poudre de chili), ar\u00f4me alimentaire (huile de soja, huile d'anis, <a href=\"https:\/\/www.webmd.com\/vitamins\/ai\/ingredientmono-915\/medium-chain-triglycerides-mcts\" target=\"_blank\" rel=\"noopener\">Triglyc\u00e9rides \u00e0 cha\u00eene moyenne<\/a>Vitamine E).<br \/>\nL\u00e9gumes : Oignon vert, carotte.<br \/>\nContient : Produits \u00e0 base de soja.<\/p>\n<h2>Valeurs nutritionnelles<\/h2>\n<table border=\"1\" cellspacing=\"1\">\n<tbody>\n<tr>\n<td colspan=\"2\" align=\"center\">Donn\u00e9es nutritionnelles 4.31 OZ (122g)<\/td>\n<\/tr>\n<tr>\n<td align=\"center\" width=\"284\"><b>L'\u00e9nergie<\/b><\/td>\n<td align=\"center\" width=\"284\">15 kcal<\/td>\n<\/tr>\n<tr>\n<td align=\"center\" width=\"284\"><b>Prot\u00e9ines<\/b><\/td>\n<td align=\"center\" width=\"284\">0g<\/td>\n<\/tr>\n<tr>\n<td align=\"center\" width=\"284\"><b>Graisses totales<\/b><\/td>\n<td align=\"center\" width=\"284\">0g<\/td>\n<\/tr>\n<tr>\n<td align=\"center\" width=\"284\"><b>Glucides totaux<\/b><\/td>\n<td align=\"center\" width=\"284\">2g<\/td>\n<\/tr>\n<tr>\n<td align=\"center\" width=\"284\"><b>Fibres alimentaires<\/b><\/td>\n<td align=\"center\" width=\"284\">2g<\/td>\n<\/tr>\n<tr>\n<td align=\"center\" width=\"284\"><b>Sodium<\/b><\/td>\n<td align=\"center\" width=\"284\">570 mg<\/td>\n<\/tr>\n<tr>\n<td align=\"center\" width=\"284\"><b>Vitamine D<\/b><\/td>\n<td align=\"center\" width=\"284\">0<\/td>\n<\/tr>\n<tr>\n<td align=\"center\" width=\"284\"><b>Calcium<\/b><\/td>\n<td align=\"center\" width=\"284\">30 mg<\/td>\n<\/tr>\n<tr>\n<td align=\"center\" width=\"284\"><b>lron<\/b><\/td>\n<td align=\"center\" width=\"284\">0,8 mg<\/td>\n<\/tr>\n<tr>\n<td align=\"center\" width=\"284\"><b>Potassium<\/b><\/td>\n<td align=\"center\" width=\"284\">150 mg<\/td>\n<\/tr>\n<\/tbody>\n<\/table>\n<p><img fetchpriority=\"high\" decoding=\"async\" class=\"alignnone wp-image-4978 size-full\" src=\"https:\/\/sentaiyuanbio.com\/wp-content\/uploads\/2025\/05\/Pho-Noodles-Package_1.webp\" alt=\"Paquet de nouilles Pho\" width=\"750\" height=\"583\" srcset=\"https:\/\/sentaiyuanbio.com\/wp-content\/uploads\/2025\/05\/Pho-Noodles-Package_1.webp 750w, https:\/\/sentaiyuanbio.com\/wp-content\/uploads\/2025\/05\/Pho-Noodles-Package_1-300x233.webp 300w, https:\/\/sentaiyuanbio.com\/wp-content\/uploads\/2025\/05\/Pho-Noodles-Package_1-600x466.webp 600w\" sizes=\"(max-width: 750px) 100vw, 750px\" \/> <img decoding=\"async\" class=\"alignnone wp-image-4979 size-full\" src=\"https:\/\/sentaiyuanbio.com\/wp-content\/uploads\/2025\/05\/Pho-Noodles-Package_2.webp\" alt=\"Paquet de nouilles Pho\" width=\"750\" height=\"593\" srcset=\"https:\/\/sentaiyuanbio.com\/wp-content\/uploads\/2025\/05\/Pho-Noodles-Package_2.webp 750w, https:\/\/sentaiyuanbio.com\/wp-content\/uploads\/2025\/05\/Pho-Noodles-Package_2-300x237.webp 300w, https:\/\/sentaiyuanbio.com\/wp-content\/uploads\/2025\/05\/Pho-Noodles-Package_2-600x474.webp 600w\" sizes=\"(max-width: 750px) 100vw, 750px\" \/> <img decoding=\"async\" class=\"alignnone wp-image-4980 size-full\" src=\"https:\/\/sentaiyuanbio.com\/wp-content\/uploads\/2025\/05\/Pho-Noodles-Package_3.webp\" alt=\"Paquet de nouilles Pho\" width=\"750\" height=\"456\" srcset=\"https:\/\/sentaiyuanbio.com\/wp-content\/uploads\/2025\/05\/Pho-Noodles-Package_3.webp 750w, https:\/\/sentaiyuanbio.com\/wp-content\/uploads\/2025\/05\/Pho-Noodles-Package_3-300x182.webp 300w, https:\/\/sentaiyuanbio.com\/wp-content\/uploads\/2025\/05\/Pho-Noodles-Package_3-600x365.webp 600w\" sizes=\"(max-width: 750px) 100vw, 750px\" \/> <img loading=\"lazy\" decoding=\"async\" class=\"alignnone wp-image-4981 size-full\" src=\"https:\/\/sentaiyuanbio.com\/wp-content\/uploads\/2025\/05\/Pho-Noodles-Package_4.webp\" alt=\"Paquet de nouilles Pho\" width=\"750\" height=\"442\" srcset=\"https:\/\/sentaiyuanbio.com\/wp-content\/uploads\/2025\/05\/Pho-Noodles-Package_4.webp 750w, https:\/\/sentaiyuanbio.com\/wp-content\/uploads\/2025\/05\/Pho-Noodles-Package_4-300x177.webp 300w, https:\/\/sentaiyuanbio.com\/wp-content\/uploads\/2025\/05\/Pho-Noodles-Package_4-600x354.webp 600w\" sizes=\"(max-width: 750px) 100vw, 750px\" \/> <img loading=\"lazy\" decoding=\"async\" class=\"alignnone wp-image-4983 size-full\" src=\"https:\/\/sentaiyuanbio.com\/wp-content\/uploads\/2025\/05\/Pho-Noodles-Package5_5.webp\" alt=\"Paquet de nouilles Pho\" width=\"750\" height=\"585\" srcset=\"https:\/\/sentaiyuanbio.com\/wp-content\/uploads\/2025\/05\/Pho-Noodles-Package5_5.webp 750w, https:\/\/sentaiyuanbio.com\/wp-content\/uploads\/2025\/05\/Pho-Noodles-Package5_5-300x234.webp 300w, https:\/\/sentaiyuanbio.com\/wp-content\/uploads\/2025\/05\/Pho-Noodles-Package5_5-600x468.webp 600w\" sizes=\"(max-width: 750px) 100vw, 750px\" \/><br \/>\n<img loading=\"lazy\" decoding=\"async\" class=\"alignnone wp-image-4982 size-full\" src=\"https:\/\/sentaiyuanbio.com\/wp-content\/uploads\/2025\/05\/Pho-Noodles-Package_6.webp\" alt=\"Paquet de nouilles Pho\" width=\"750\" height=\"524\" srcset=\"https:\/\/sentaiyuanbio.com\/wp-content\/uploads\/2025\/05\/Pho-Noodles-Package_6.webp 750w, https:\/\/sentaiyuanbio.com\/wp-content\/uploads\/2025\/05\/Pho-Noodles-Package_6-300x210.webp 300w, https:\/\/sentaiyuanbio.com\/wp-content\/uploads\/2025\/05\/Pho-Noodles-Package_6-600x419.webp 600w\" sizes=\"(max-width: 750px) 100vw, 750px\" \/><\/p>","protected":false},"excerpt":{"rendered":"<p>D\u00e9couvrez le bol de soupe de nouilles Pho Sentaiyuan, une merveille culinaire qui vous permet de d\u00e9guster une tradition familiale pr\u00e9cieuse en quelques minutes. Passionn\u00e9s d'excellence, nous avons \u00e9lev\u00e9 le pho vietnamien authentique \u00e0 un niveau sup\u00e9rieur de d\u00e9lices tout en pr\u00e9servant sa saveur originale. Deux options d\u00e9licieuses pour sublimer votre exp\u00e9rience pho\u00a0: savourez les saveurs classiques ou ajoutez un sachet d'huile d'assaisonnement. Le bol de soupe de nouilles Pho vous offre deux saveurs dans un seul bol\u00a0: les saveurs authentiques que vous aimez, plus une option suppl\u00e9mentaire pour sublimer votre exp\u00e9rience pho. D\u00e9couvrez une nouvelle \u00e8re du pho avec Sentaiyuan.<\/p>","protected":false},"featured_media":4923,"template":"","meta":{"site-sidebar-layout":"default","site-content-layout":"","ast-site-content-layout":"default","site-content-style":"default","site-sidebar-style":"default","ast-global-header-display":"","ast-banner-title-visibility":"","ast-main-header-display":"","ast-hfb-above-header-display":"","ast-hfb-below-header-display":"","ast-hfb-mobile-header-display":"","site-post-title":"","ast-breadcrumbs-content":"","ast-featured-img":"","footer-sml-layout":"","ast-disable-related-posts":"","theme-transparent-header-meta":"default","adv-header-id-meta":"","stick-header-meta":"default","header-above-stick-meta":"","header-main-stick-meta":"","header-below-stick-meta":"","astra-migrate-meta-layouts":"set","ast-page-background-enabled":"default","ast-page-background-meta":{"desktop":{"background-color":"","background-image":"","background-repeat":"repeat","background-position":"center center","background-size":"auto","background-attachment":"scroll","background-type":"","background-media":"","overlay-type":"","overlay-color":"","overlay-opacity":"","overlay-gradient":""},"tablet":{"background-color":"","background-image":"","background-repeat":"repeat","background-position":"center center","background-size":"auto","background-attachment":"scroll","background-type":"","background-media":"","overlay-type":"","overlay-color":"","overlay-opacity":"","overlay-gradient":""},"mobile":{"background-color":"","background-image":"","background-repeat":"repeat","background-position":"center center","background-size":"auto","background-attachment":"scroll","background-type":"","background-media":"","overlay-type":"","overlay-color":"","overlay-opacity":"","overlay-gradient":""}},"ast-content-background-meta":{"desktop":{"background-color":"var(--ast-global-color-5)","background-image":"","background-repeat":"repeat","background-position":"center center","background-size":"auto","background-attachment":"scroll","background-type":"","background-media":"","overlay-type":"","overlay-color":"","overlay-opacity":"","overlay-gradient":""},"tablet":{"background-color":"var(--ast-global-color-5)","background-image":"","background-repeat":"repeat","background-position":"center center","background-size":"auto","background-attachment":"scroll","background-type":"","background-media":"","overlay-type":"","overlay-color":"","overlay-opacity":"","overlay-gradient":""},"mobile":{"background-color":"var(--ast-global-color-5)","background-image":"","background-repeat":"repeat","background-position":"center center","background-size":"auto","background-attachment":"scroll","background-type":"","background-media":"","overlay-type":"","overlay-color":"","overlay-opacity":"","overlay-gradient":""}}},"product_brand":[],"product_cat":[23,251],"product_tag":[32],"class_list":{"0":"post-4921","1":"product","2":"type-product","3":"status-publish","4":"has-post-thumbnail","6":"product_cat-instant-konjac-noodles","7":"product_cat-instant-pho-noodles-wholesale","8":"product_tag-konjac-pasta","9":"desktop-align-left","10":"tablet-align-left","11":"mobile-align-left","12":"ast-product-gallery-layout-horizontal-slider","13":"ast-product-tabs-layout-horizontal","15":"first","16":"instock","17":"shipping-taxable","18":"product-type-simple"},"_links":{"self":[{"href":"https:\/\/sentaiyuanbio.com\/fr\/wp-json\/wp\/v2\/product\/4921","targetHints":{"allow":["GET"]}}],"collection":[{"href":"https:\/\/sentaiyuanbio.com\/fr\/wp-json\/wp\/v2\/product"}],"about":[{"href":"https:\/\/sentaiyuanbio.com\/fr\/wp-json\/wp\/v2\/types\/product"}],"version-history":[{"count":0,"href":"https:\/\/sentaiyuanbio.com\/fr\/wp-json\/wp\/v2\/product\/4921\/revisions"}],"wp:featuredmedia":[{"embeddable":true,"href":"https:\/\/sentaiyuanbio.com\/fr\/wp-json\/wp\/v2\/media\/4923"}],"wp:attachment":[{"href":"https:\/\/sentaiyuanbio.com\/fr\/wp-json\/wp\/v2\/media?parent=4921"}],"wp:term":[{"taxonomy":"product_brand","embeddable":true,"href":"https:\/\/sentaiyuanbio.com\/fr\/wp-json\/wp\/v2\/product_brand?post=4921"},{"taxonomy":"product_cat","embeddable":true,"href":"https:\/\/sentaiyuanbio.com\/fr\/wp-json\/wp\/v2\/product_cat?post=4921"},{"taxonomy":"product_tag","embeddable":true,"href":"https:\/\/sentaiyuanbio.com\/fr\/wp-json\/wp\/v2\/product_tag?post=4921"}],"curies":[{"name":"wp","href":"https:\/\/api.w.org\/{rel}","templated":true}]}}